{"id":83397,"date":"2025-07-17T12:25:20","date_gmt":"2025-07-17T11:25:20","guid":{"rendered":"https:\/\/truusk.store\/product\/avslappningsstol-med-liggfunktion-roterbar-upp-till-150-kg-konstladeroverdrag-stalram-brun\/"},"modified":"2026-03-12T09:40:27","modified_gmt":"2026-03-12T08:40:27","slug":"truusk-avslappningsstol-med-liggfunktion-roterbar-upp-till-150-kg-konstladeroverdrag-stalram-brun","status":"publish","type":"product","link":"https:\/\/truusk.store\/sv\/produkt\/truusk-avslappningsstol-med-liggfunktion-roterbar-upp-till-150-kg-konstladeroverdrag-stalram-brun\/","title":{"rendered":"TRUUSK Avslappningsstol med Liggfunktion &#8211; Roterbar &#8211; Upp till 150 kg &#8211; Konstl\u00e4der\u00f6verdrag &#8211; St\u00e5lram &#8211; Brun"},"content":{"rendered":"<p>Njut av lyxen med TRUUSK TV-stolen med liggfunktion &#8211; den perfekta l\u00f6sningen f\u00f6r sm\u00e5 utrymmen eller som en stilfull h\u00f6jdpunkt i ditt husbil. Med en elegant lutning p\u00e5 135\u00b0 och en fullt roterande 360\u00b0 bas, njuter du av h\u00f6gsta komfort och flexibilitet. Den fina konstl\u00e4derkl\u00e4dseln p\u00e5 biostolen ger ditt rum en modern touch och ger samtidigt en trevlig k\u00e4nsla. Unna dig avkopplande stunder och f\u00f6rvandla varje h\u00f6rn till en avkopplingsplats.<\/p>\n<p>Beskrivning:<\/p>\n<ul>\n<li> Ryggst\u00f6det p\u00e5 TV-stolen kan lutas upp till 135\u00b0, inklusive integrerat fotst\u00f6d f\u00f6r optimal avkoppling<\/li>\n<li> Utrustad med en 360\u00b0 roterande fot f\u00f6r st\u00f6rre r\u00f6relsefrihet<\/li>\n<li> H\u00f6gt ryggst\u00f6d och utst\u00e5ende armst\u00f6d p\u00e5 TV-stolen med tjock stoppning garanterar h\u00f6g komfort<\/li>\n<li> Konstl\u00e4der\u00f6verdraget erbjuder en lyxig, l\u00e4tt att reng\u00f6ra yta<\/li>\n<li> Robust konstruktion av TV-stolen av pulverlackerat st\u00e5l och flerskiktstr\u00e4<\/li>\n<li> Halkfria f\u00f6tter p\u00e5 relaxstolen med liggfunktion f\u00f6rhindrar r\u00f6relser och skyddar golvet<\/li>\n<li> Montering kr\u00e4vs<\/li>\n<\/ul>\n<p> Tekniska data:<\/p>\n<ul>\n<li> F\u00e4rg: Brun<\/li>\n<li> Material: Konstl\u00e4der, skum, flerskiktsskiva, st\u00e5l<\/li>\n<li> M\u00e5tt uppr\u00e4tt: 78B x 88D x 103H cm<\/li>\n<li> M\u00e5tt helt lutad: 76B x 151D x 93H cm<\/li>\n<li> Sitsstorlek: 56B x 56D x 45H cm<\/li>\n<li> Sits tjocklek: 13 cm<\/li>\n<li> Ryggst\u00f6dets storlek: 58B x 15D x 70H cm<\/li>\n<li> Armst\u00f6dens storlek: 54B x 15D x 13H cm<\/li>\n<li> Fotst\u00f6dets storlek: 63B x 63D x 5H cm<\/li>\n<li> Minsta avst\u00e5nd till v\u00e4ggen: 50 cm<\/li>\n<li> B\u00e4rkapacitet: 150 kg<\/li>\n<\/ul>\n<p>Leveransinneh\u00e5ll:<\/p>\n<ul>\n<li> 1 x Relaxstol<\/li>\n<li> 1 x Handbok<\/li>\n<\/ul>\n","protected":false},"excerpt":{"rendered":"<p>Njut av lyxen med TRUUSK TV-stolen med liggfunktion &#8211; den perfekta l\u00f6sningen f\u00f6r sm\u00e5 utrymmen eller som en stilfull h\u00f6jdpunkt&#8230;<\/p>\n","protected":false},"featured_media":83385,"template":"","meta":[],"product_brand":[],"product_cat":[521,946,871,910],"product_tag":[],"class_list":{"0":"post-83397","1":"product","2":"type-product","3":"status-publish","4":"has-post-thumbnail","6":"product_cat-fatolj","7":"product_cat-fernsehsessel","8":"product_cat-hus-hem","9":"product_cat-vardagsrum","11":"first","12":"instock","13":"sale","14":"taxable","15":"shipping-taxable","16":"purchasable","17":"product-type-simple"},"yoast_head":"<!-- This site is optimized with the Yoast SEO plugin v25.4 - https:\/\/yoast.com\/wordpress\/plugins\/seo\/ -->\n<title>TRUUSK Avslappningsstol med Liggfunktion - Roterbar - Upp till 150 kg - Konstl\u00e4der\u00f6verdrag - St\u00e5lram - Brun - TRUUSK - Hem, Tr\u00e4dg\u00e5rd &amp; Fritid<\/title>\n<meta name=\"robots\" content=\"index, follow, max-snippet:-1, max-image-preview:large, max-video-preview:-1\" \/>\n<link rel=\"canonical\" href=\"https:\/\/truusk.store\/sv\/produkt\/truusk-avslappningsstol-med-liggfunktion-roterbar-upp-till-150-kg-konstladeroverdrag-stalram-brun\/\" \/>\n<meta property=\"og:locale\" content=\"sv_SE\" \/>\n<meta property=\"og:type\" content=\"article\" \/>\n<meta property=\"og:title\" content=\"TRUUSK Avslappningsstol med Liggfunktion - Roterbar - Upp till 150 kg - Konstl\u00e4der\u00f6verdrag - St\u00e5lram - Brun - TRUUSK - Hem, Tr\u00e4dg\u00e5rd &amp; Fritid\" \/>\n<meta property=\"og:description\" content=\"Njut av lyxen med TRUUSK TV-stolen med liggfunktion &#8211; den perfekta l\u00f6sningen f\u00f6r sm\u00e5 utrymmen eller som en stilfull h\u00f6jdpunkt...\" \/>\n<meta property=\"og:url\" content=\"https:\/\/truusk.store\/sv\/produkt\/truusk-avslappningsstol-med-liggfunktion-roterbar-upp-till-150-kg-konstladeroverdrag-stalram-brun\/\" \/>\n<meta property=\"og:site_name\" content=\"TRUUSK - Hem, Tr\u00e4dg\u00e5rd &amp; Fritid\" \/>\n<meta property=\"article:modified_time\" content=\"2026-03-12T08:40:27+00:00\" \/>\n<meta property=\"og:image\" content=\"https:\/\/i0.wp.com\/truusk.se\/wp-content\/uploads\/2025\/07\/avslappningsstol-med-liggfunktion-roterbar-upp-till-150-kg-konstladeroverdrag-stalram-brun-1.webp?fit=2000%2C2000&ssl=1\" \/>\n\t<meta property=\"og:image:width\" content=\"2000\" \/>\n\t<meta property=\"og:image:height\" content=\"2000\" \/>\n\t<meta property=\"og:image:type\" content=\"image\/webp\" \/>\n<meta name=\"twitter:card\" content=\"summary_large_image\" \/>\n<meta name=\"twitter:label1\" content=\"Ber\u00e4knad l\u00e4stid\" \/>\n\t<meta name=\"twitter:data1\" content=\"1 minut\" \/>\n<!-- \/ Yoast SEO plugin. -->","yoast_head_json":{"title":"TRUUSK Avslappningsstol med Liggfunktion - Roterbar - Upp till 150 kg - Konstl\u00e4der\u00f6verdrag - St\u00e5lram - Brun - TRUUSK - Hem, Tr\u00e4dg\u00e5rd &amp; Fritid","robots":{"index":"index","follow":"follow","max-snippet":"max-snippet:-1","max-image-preview":"max-image-preview:large","max-video-preview":"max-video-preview:-1"},"canonical":"https:\/\/truusk.store\/sv\/produkt\/truusk-avslappningsstol-med-liggfunktion-roterbar-upp-till-150-kg-konstladeroverdrag-stalram-brun\/","og_locale":"sv_SE","og_type":"article","og_title":"TRUUSK Avslappningsstol med Liggfunktion - Roterbar - Upp till 150 kg - Konstl\u00e4der\u00f6verdrag - St\u00e5lram - Brun - TRUUSK - Hem, Tr\u00e4dg\u00e5rd &amp; Fritid","og_description":"Njut av lyxen med TRUUSK TV-stolen med liggfunktion &#8211; den perfekta l\u00f6sningen f\u00f6r sm\u00e5 utrymmen eller som en stilfull h\u00f6jdpunkt...","og_url":"https:\/\/truusk.store\/sv\/produkt\/truusk-avslappningsstol-med-liggfunktion-roterbar-upp-till-150-kg-konstladeroverdrag-stalram-brun\/","og_site_name":"TRUUSK - Hem, Tr\u00e4dg\u00e5rd &amp; Fritid","article_modified_time":"2026-03-12T08:40:27+00:00","og_image":[{"width":2000,"height":2000,"url":"https:\/\/i0.wp.com\/truusk.se\/wp-content\/uploads\/2025\/07\/avslappningsstol-med-liggfunktion-roterbar-upp-till-150-kg-konstladeroverdrag-stalram-brun-1.webp?fit=2000%2C2000&ssl=1","type":"image\/webp"}],"twitter_card":"summary_large_image","twitter_misc":{"Ber\u00e4knad l\u00e4stid":"1 minut"},"schema":{"@context":"https:\/\/schema.org","@graph":[{"@type":"WebPage","@id":"https:\/\/truusk.store\/sv\/produkt\/truusk-avslappningsstol-med-liggfunktion-roterbar-upp-till-150-kg-konstladeroverdrag-stalram-brun\/","url":"https:\/\/truusk.store\/sv\/produkt\/truusk-avslappningsstol-med-liggfunktion-roterbar-upp-till-150-kg-konstladeroverdrag-stalram-brun\/","name":"TRUUSK Avslappningsstol med Liggfunktion - Roterbar - Upp till 150 kg - Konstl\u00e4der\u00f6verdrag - St\u00e5lram - Brun - TRUUSK - Hem, Tr\u00e4dg\u00e5rd &amp; Fritid","isPartOf":{"@id":"https:\/\/truusk.store\/sv\/#website"},"primaryImageOfPage":{"@id":"https:\/\/truusk.store\/sv\/produkt\/truusk-avslappningsstol-med-liggfunktion-roterbar-upp-till-150-kg-konstladeroverdrag-stalram-brun\/#primaryimage"},"image":{"@id":"https:\/\/truusk.store\/sv\/produkt\/truusk-avslappningsstol-med-liggfunktion-roterbar-upp-till-150-kg-konstladeroverdrag-stalram-brun\/#primaryimage"},"thumbnailUrl":"https:\/\/i0.wp.com\/truusk.store\/wp-content\/uploads\/2025\/07\/avslappningsstol-med-liggfunktion-roterbar-upp-till-150-kg-konstladeroverdrag-stalram-brun-1.webp?fit=2000%2C2000&ssl=1","datePublished":"2025-07-17T11:25:20+00:00","dateModified":"2026-03-12T08:40:27+00:00","breadcrumb":{"@id":"https:\/\/truusk.store\/sv\/produkt\/truusk-avslappningsstol-med-liggfunktion-roterbar-upp-till-150-kg-konstladeroverdrag-stalram-brun\/#breadcrumb"},"inLanguage":"sv-SE","potentialAction":[{"@type":"ReadAction","target":["https:\/\/truusk.store\/sv\/produkt\/truusk-avslappningsstol-med-liggfunktion-roterbar-upp-till-150-kg-konstladeroverdrag-stalram-brun\/"]}]},{"@type":"ImageObject","inLanguage":"sv-SE","@id":"https:\/\/truusk.store\/sv\/produkt\/truusk-avslappningsstol-med-liggfunktion-roterbar-upp-till-150-kg-konstladeroverdrag-stalram-brun\/#primaryimage","url":"https:\/\/i0.wp.com\/truusk.store\/wp-content\/uploads\/2025\/07\/avslappningsstol-med-liggfunktion-roterbar-upp-till-150-kg-konstladeroverdrag-stalram-brun-1.webp?fit=2000%2C2000&ssl=1","contentUrl":"https:\/\/i0.wp.com\/truusk.store\/wp-content\/uploads\/2025\/07\/avslappningsstol-med-liggfunktion-roterbar-upp-till-150-kg-konstladeroverdrag-stalram-brun-1.webp?fit=2000%2C2000&ssl=1","width":2000,"height":2000},{"@type":"BreadcrumbList","@id":"https:\/\/truusk.store\/sv\/produkt\/truusk-avslappningsstol-med-liggfunktion-roterbar-upp-till-150-kg-konstladeroverdrag-stalram-brun\/#breadcrumb","itemListElement":[{"@type":"ListItem","position":1,"name":"Home","item":"https:\/\/truusk.store\/sv\/"},{"@type":"ListItem","position":2,"name":"Shop","item":"https:\/\/truusk.store\/shop\/"},{"@type":"ListItem","position":3,"name":"TRUUSK Avslappningsstol med Liggfunktion &#8211; Roterbar &#8211; Upp till 150 kg &#8211; Konstl\u00e4der\u00f6verdrag &#8211; St\u00e5lram &#8211; Brun"}]},{"@type":"WebSite","@id":"https:\/\/truusk.store\/sv\/#website","url":"https:\/\/truusk.store\/sv\/","name":"TRUUSK - Hem, Tr\u00e4dg\u00e5rd & Fritid","description":"","publisher":{"@id":"https:\/\/truusk.store\/sv\/#organization"},"potentialAction":[{"@type":"SearchAction","target":{"@type":"EntryPoint","urlTemplate":"https:\/\/truusk.store\/sv\/?s={search_term_string}"},"query-input":{"@type":"PropertyValueSpecification","valueRequired":true,"valueName":"search_term_string"}}],"inLanguage":"sv-SE"},{"@type":"Organization","@id":"https:\/\/truusk.store\/sv\/#organization","name":"TRUUSK - Hem, Tr\u00e4dg\u00e5rd & Fritid","url":"https:\/\/truusk.store\/sv\/","logo":{"@type":"ImageObject","inLanguage":"sv-SE","@id":"https:\/\/truusk.store\/sv\/#\/schema\/logo\/image\/","url":"https:\/\/i0.wp.com\/truusk.store\/wp-content\/uploads\/2026\/03\/cropped-TRUUSK.png?fit=2032%2C917&ssl=1","contentUrl":"https:\/\/i0.wp.com\/truusk.store\/wp-content\/uploads\/2026\/03\/cropped-TRUUSK.png?fit=2032%2C917&ssl=1","width":2032,"height":917,"caption":"TRUUSK - Hem, Tr\u00e4dg\u00e5rd & Fritid"},"image":{"@id":"https:\/\/truusk.store\/sv\/#\/schema\/logo\/image\/"}}]}},"jetpack_sharing_enabled":true,"_links":{"self":[{"href":"https:\/\/truusk.store\/sv\/wp-json\/wp\/v2\/product\/83397","targetHints":{"allow":["GET"]}}],"collection":[{"href":"https:\/\/truusk.store\/sv\/wp-json\/wp\/v2\/product"}],"about":[{"href":"https:\/\/truusk.store\/sv\/wp-json\/wp\/v2\/types\/product"}],"wp:featuredmedia":[{"embeddable":true,"href":"https:\/\/truusk.store\/sv\/wp-json\/wp\/v2\/media\/83385"}],"wp:attachment":[{"href":"https:\/\/truusk.store\/sv\/wp-json\/wp\/v2\/media?parent=83397"}],"wp:term":[{"taxonomy":"product_brand","embeddable":true,"href":"https:\/\/truusk.store\/sv\/wp-json\/wp\/v2\/product_brand?post=83397"},{"taxonomy":"product_cat","embeddable":true,"href":"https:\/\/truusk.store\/sv\/wp-json\/wp\/v2\/product_cat?post=83397"},{"taxonomy":"product_tag","embeddable":true,"href":"https:\/\/truusk.store\/sv\/wp-json\/wp\/v2\/product_tag?post=83397"}],"curies":[{"name":"wp","href":"https:\/\/api.w.org\/{rel}","templated":true}]}}