{"id":83407,"date":"2025-07-17T12:28:33","date_gmt":"2025-07-17T11:28:33","guid":{"rendered":"https:\/\/truusk.store\/product\/aiyaplay-leksakskok-set-barnkok-for-lek-med-mikrovagsugn-spis-och-ugn-koksredskap-mdf-rostfritt-stal-bla\/"},"modified":"2026-03-12T09:44:26","modified_gmt":"2026-03-12T08:44:26","slug":"truusk-leksakskok-set-for-barn-med-mikrovagsugn-och-spis-koksredskap-mdf-och-rostfritt-stal-bla","status":"publish","type":"product","link":"https:\/\/truusk.store\/sv\/produkt\/truusk-leksakskok-set-for-barn-med-mikrovagsugn-och-spis-koksredskap-mdf-och-rostfritt-stal-bla\/","title":{"rendered":"TRUUSK Leksaksk\u00f6k-set f\u00f6r barn &#8211; Med mikrov\u00e5gsugn och spis &#8211; K\u00f6ksredskap &#8211; MDF och rostfritt st\u00e5l &#8211; Bl\u00e5"},"content":{"rendered":"<p>Med AIYAPLAY leksaksk\u00f6k uppt\u00e4cker ditt barn sitt koktalang! Utrustad med spis, mikrov\u00e5gsugn och ugn med roterande knappar, fr\u00e4mjar detta k\u00f6kset aktivt spel. Leksaksk\u00f6ket inneh\u00e5ller ett femdelat rostfritt st\u00e5lset och praktiska f\u00f6rvaringsl\u00f6sningar f\u00f6r att h\u00e5lla k\u00f6ket snyggt. Med den funktionella kranen och diskb\u00e4nken l\u00e4r barnen sig ocks\u00e5 att diska p\u00e5 ett lekfullt s\u00e4tt. L\u00e4mplig f\u00f6r barn fr\u00e5n tre \u00e5r.<\/p>\n<p>Beskrivning:<\/p>\n<ul>\n<li> Spis, mikrov\u00e5gsugn och ugn f\u00f6r realistiskt spel ing\u00e5r<\/li>\n<li> Roterande knappar p\u00e5 leksaksk\u00f6ket f\u00f6r barn simulerar verkliga k\u00f6ksinteraktioner<\/li>\n<li> Femdelat rostfritt st\u00e5lset f\u00f6rb\u00e4ttrar matlagningssimulationen<\/li>\n<li> M\u00e5nga hyllor och sk\u00e5p f\u00f6r att organisera spelomr\u00e5det<\/li>\n<li> Kran och diskb\u00e4nk i leksaksk\u00f6ket l\u00e4r barnen att diska<\/li>\n<li> Uppfyller s\u00e4kerhetsstandarder och garanterar barnens s\u00e4kerhet<\/li>\n<li> Tillverkad av s\u00e4kert MDF-material<\/li>\n<li> Montering kr\u00e4vs<\/li>\n<\/ul>\n<p> Tekniska data:<\/p>\n<ul>\n<li> F\u00e4rg: Bl\u00e5+Vit<\/li>\n<li> Material: MDF, rostfritt st\u00e5l, plast<\/li>\n<li> Totala dimensioner: 72L x 33B x 85,2H cm<\/li>\n<li> Bordsh\u00f6jd: 45H cm<\/li>\n<li> L\u00e4mplig \u00e5lder: 3+ \u00e5r<\/li>\n<\/ul>\n<p> Leveransinneh\u00e5ll:<\/p>\n<ul>\n<li> 1 x Barnk\u00f6k<\/li>\n<li> 1 x Bruksanvisning<\/li>\n<\/ul>\n","protected":false},"excerpt":{"rendered":"<p>Med AIYAPLAY leksaksk\u00f6k uppt\u00e4cker ditt barn sitt koktalang! Utrustad med spis, mikrov\u00e5gsugn och ugn med roterande knappar, fr\u00e4mjar detta k\u00f6kset&#8230;<\/p>\n","protected":false},"featured_media":83398,"template":"","meta":[],"product_brand":[],"product_cat":[880,626,918],"product_tag":[],"class_list":{"0":"post-83407","1":"product","2":"type-product","3":"status-publish","4":"has-post-thumbnail","6":"product_cat-baby-barn-2","7":"product_cat-barns-rollspel","8":"product_cat-leksaker","10":"first","11":"instock","12":"sale","13":"taxable","14":"shipping-taxable","15":"purchasable","16":"product-type-simple"},"yoast_head":"<!-- This site is optimized with the Yoast SEO plugin v25.4 - https:\/\/yoast.com\/wordpress\/plugins\/seo\/ -->\n<title>TRUUSK Leksaksk\u00f6k-set f\u00f6r barn - Med mikrov\u00e5gsugn och spis - K\u00f6ksredskap - MDF och rostfritt st\u00e5l - Bl\u00e5 - TRUUSK - Hem, Tr\u00e4dg\u00e5rd &amp; Fritid<\/title>\n<meta name=\"robots\" content=\"index, follow, max-snippet:-1, max-image-preview:large, max-video-preview:-1\" \/>\n<link rel=\"canonical\" href=\"https:\/\/truusk.store\/sv\/produkt\/truusk-leksakskok-set-for-barn-med-mikrovagsugn-och-spis-koksredskap-mdf-och-rostfritt-stal-bla\/\" \/>\n<meta property=\"og:locale\" content=\"sv_SE\" \/>\n<meta property=\"og:type\" content=\"article\" \/>\n<meta property=\"og:title\" content=\"TRUUSK Leksaksk\u00f6k-set f\u00f6r barn - Med mikrov\u00e5gsugn och spis - K\u00f6ksredskap - MDF och rostfritt st\u00e5l - Bl\u00e5 - TRUUSK - Hem, Tr\u00e4dg\u00e5rd &amp; Fritid\" \/>\n<meta property=\"og:description\" content=\"Med AIYAPLAY leksaksk\u00f6k uppt\u00e4cker ditt barn sitt koktalang! Utrustad med spis, mikrov\u00e5gsugn och ugn med roterande knappar, fr\u00e4mjar detta k\u00f6kset...\" \/>\n<meta property=\"og:url\" content=\"https:\/\/truusk.store\/sv\/produkt\/truusk-leksakskok-set-for-barn-med-mikrovagsugn-och-spis-koksredskap-mdf-och-rostfritt-stal-bla\/\" \/>\n<meta property=\"og:site_name\" content=\"TRUUSK - Hem, Tr\u00e4dg\u00e5rd &amp; Fritid\" \/>\n<meta property=\"article:modified_time\" content=\"2026-03-12T08:44:26+00:00\" \/>\n<meta property=\"og:image\" content=\"https:\/\/i0.wp.com\/truusk.se\/wp-content\/uploads\/2025\/07\/aiyaplay-leksakskok-set-barnkok-for-lek-med-mikrovagsugn-spis-och-ugn-koksredskap-mdf-rostfritt-stal-bla-1.webp?fit=2000%2C2000&ssl=1\" \/>\n\t<meta property=\"og:image:width\" content=\"2000\" \/>\n\t<meta property=\"og:image:height\" content=\"2000\" \/>\n\t<meta property=\"og:image:type\" content=\"image\/webp\" \/>\n<meta name=\"twitter:card\" content=\"summary_large_image\" \/>\n<meta name=\"twitter:label1\" content=\"Ber\u00e4knad l\u00e4stid\" \/>\n\t<meta name=\"twitter:data1\" content=\"1 minut\" \/>\n<!-- \/ Yoast SEO plugin. -->","yoast_head_json":{"title":"TRUUSK Leksaksk\u00f6k-set f\u00f6r barn - Med mikrov\u00e5gsugn och spis - K\u00f6ksredskap - MDF och rostfritt st\u00e5l - Bl\u00e5 - TRUUSK - Hem, Tr\u00e4dg\u00e5rd &amp; Fritid","robots":{"index":"index","follow":"follow","max-snippet":"max-snippet:-1","max-image-preview":"max-image-preview:large","max-video-preview":"max-video-preview:-1"},"canonical":"https:\/\/truusk.store\/sv\/produkt\/truusk-leksakskok-set-for-barn-med-mikrovagsugn-och-spis-koksredskap-mdf-och-rostfritt-stal-bla\/","og_locale":"sv_SE","og_type":"article","og_title":"TRUUSK Leksaksk\u00f6k-set f\u00f6r barn - Med mikrov\u00e5gsugn och spis - K\u00f6ksredskap - MDF och rostfritt st\u00e5l - Bl\u00e5 - TRUUSK - Hem, Tr\u00e4dg\u00e5rd &amp; Fritid","og_description":"Med AIYAPLAY leksaksk\u00f6k uppt\u00e4cker ditt barn sitt koktalang! Utrustad med spis, mikrov\u00e5gsugn och ugn med roterande knappar, fr\u00e4mjar detta k\u00f6kset...","og_url":"https:\/\/truusk.store\/sv\/produkt\/truusk-leksakskok-set-for-barn-med-mikrovagsugn-och-spis-koksredskap-mdf-och-rostfritt-stal-bla\/","og_site_name":"TRUUSK - Hem, Tr\u00e4dg\u00e5rd &amp; Fritid","article_modified_time":"2026-03-12T08:44:26+00:00","og_image":[{"width":2000,"height":2000,"url":"https:\/\/i0.wp.com\/truusk.se\/wp-content\/uploads\/2025\/07\/aiyaplay-leksakskok-set-barnkok-for-lek-med-mikrovagsugn-spis-och-ugn-koksredskap-mdf-rostfritt-stal-bla-1.webp?fit=2000%2C2000&ssl=1","type":"image\/webp"}],"twitter_card":"summary_large_image","twitter_misc":{"Ber\u00e4knad l\u00e4stid":"1 minut"},"schema":{"@context":"https:\/\/schema.org","@graph":[{"@type":"WebPage","@id":"https:\/\/truusk.store\/sv\/produkt\/truusk-leksakskok-set-for-barn-med-mikrovagsugn-och-spis-koksredskap-mdf-och-rostfritt-stal-bla\/","url":"https:\/\/truusk.store\/sv\/produkt\/truusk-leksakskok-set-for-barn-med-mikrovagsugn-och-spis-koksredskap-mdf-och-rostfritt-stal-bla\/","name":"TRUUSK Leksaksk\u00f6k-set f\u00f6r barn - Med mikrov\u00e5gsugn och spis - K\u00f6ksredskap - MDF och rostfritt st\u00e5l - Bl\u00e5 - TRUUSK - Hem, Tr\u00e4dg\u00e5rd &amp; Fritid","isPartOf":{"@id":"https:\/\/truusk.store\/sv\/#website"},"primaryImageOfPage":{"@id":"https:\/\/truusk.store\/sv\/produkt\/truusk-leksakskok-set-for-barn-med-mikrovagsugn-och-spis-koksredskap-mdf-och-rostfritt-stal-bla\/#primaryimage"},"image":{"@id":"https:\/\/truusk.store\/sv\/produkt\/truusk-leksakskok-set-for-barn-med-mikrovagsugn-och-spis-koksredskap-mdf-och-rostfritt-stal-bla\/#primaryimage"},"thumbnailUrl":"https:\/\/i0.wp.com\/truusk.store\/wp-content\/uploads\/2025\/07\/aiyaplay-leksakskok-set-barnkok-for-lek-med-mikrovagsugn-spis-och-ugn-koksredskap-mdf-rostfritt-stal-bla-1.webp?fit=2000%2C2000&ssl=1","datePublished":"2025-07-17T11:28:33+00:00","dateModified":"2026-03-12T08:44:26+00:00","breadcrumb":{"@id":"https:\/\/truusk.store\/sv\/produkt\/truusk-leksakskok-set-for-barn-med-mikrovagsugn-och-spis-koksredskap-mdf-och-rostfritt-stal-bla\/#breadcrumb"},"inLanguage":"sv-SE","potentialAction":[{"@type":"ReadAction","target":["https:\/\/truusk.store\/sv\/produkt\/truusk-leksakskok-set-for-barn-med-mikrovagsugn-och-spis-koksredskap-mdf-och-rostfritt-stal-bla\/"]}]},{"@type":"ImageObject","inLanguage":"sv-SE","@id":"https:\/\/truusk.store\/sv\/produkt\/truusk-leksakskok-set-for-barn-med-mikrovagsugn-och-spis-koksredskap-mdf-och-rostfritt-stal-bla\/#primaryimage","url":"https:\/\/i0.wp.com\/truusk.store\/wp-content\/uploads\/2025\/07\/aiyaplay-leksakskok-set-barnkok-for-lek-med-mikrovagsugn-spis-och-ugn-koksredskap-mdf-rostfritt-stal-bla-1.webp?fit=2000%2C2000&ssl=1","contentUrl":"https:\/\/i0.wp.com\/truusk.store\/wp-content\/uploads\/2025\/07\/aiyaplay-leksakskok-set-barnkok-for-lek-med-mikrovagsugn-spis-och-ugn-koksredskap-mdf-rostfritt-stal-bla-1.webp?fit=2000%2C2000&ssl=1","width":2000,"height":2000},{"@type":"BreadcrumbList","@id":"https:\/\/truusk.store\/sv\/produkt\/truusk-leksakskok-set-for-barn-med-mikrovagsugn-och-spis-koksredskap-mdf-och-rostfritt-stal-bla\/#breadcrumb","itemListElement":[{"@type":"ListItem","position":1,"name":"Home","item":"https:\/\/truusk.store\/sv\/"},{"@type":"ListItem","position":2,"name":"Shop","item":"https:\/\/truusk.store\/shop\/"},{"@type":"ListItem","position":3,"name":"TRUUSK Leksaksk\u00f6k-set f\u00f6r barn &#8211; Med mikrov\u00e5gsugn och spis &#8211; K\u00f6ksredskap &#8211; MDF och rostfritt st\u00e5l &#8211; Bl\u00e5"}]},{"@type":"WebSite","@id":"https:\/\/truusk.store\/sv\/#website","url":"https:\/\/truusk.store\/sv\/","name":"TRUUSK - Hem, Tr\u00e4dg\u00e5rd & Fritid","description":"","publisher":{"@id":"https:\/\/truusk.store\/sv\/#organization"},"potentialAction":[{"@type":"SearchAction","target":{"@type":"EntryPoint","urlTemplate":"https:\/\/truusk.store\/sv\/?s={search_term_string}"},"query-input":{"@type":"PropertyValueSpecification","valueRequired":true,"valueName":"search_term_string"}}],"inLanguage":"sv-SE"},{"@type":"Organization","@id":"https:\/\/truusk.store\/sv\/#organization","name":"TRUUSK - Hem, Tr\u00e4dg\u00e5rd & Fritid","url":"https:\/\/truusk.store\/sv\/","logo":{"@type":"ImageObject","inLanguage":"sv-SE","@id":"https:\/\/truusk.store\/sv\/#\/schema\/logo\/image\/","url":"https:\/\/i0.wp.com\/truusk.store\/wp-content\/uploads\/2026\/03\/cropped-TRUUSK.png?fit=2032%2C917&ssl=1","contentUrl":"https:\/\/i0.wp.com\/truusk.store\/wp-content\/uploads\/2026\/03\/cropped-TRUUSK.png?fit=2032%2C917&ssl=1","width":2032,"height":917,"caption":"TRUUSK - Hem, Tr\u00e4dg\u00e5rd & Fritid"},"image":{"@id":"https:\/\/truusk.store\/sv\/#\/schema\/logo\/image\/"}}]}},"jetpack_sharing_enabled":true,"_links":{"self":[{"href":"https:\/\/truusk.store\/sv\/wp-json\/wp\/v2\/product\/83407","targetHints":{"allow":["GET"]}}],"collection":[{"href":"https:\/\/truusk.store\/sv\/wp-json\/wp\/v2\/product"}],"about":[{"href":"https:\/\/truusk.store\/sv\/wp-json\/wp\/v2\/types\/product"}],"wp:featuredmedia":[{"embeddable":true,"href":"https:\/\/truusk.store\/sv\/wp-json\/wp\/v2\/media\/83398"}],"wp:attachment":[{"href":"https:\/\/truusk.store\/sv\/wp-json\/wp\/v2\/media?parent=83407"}],"wp:term":[{"taxonomy":"product_brand","embeddable":true,"href":"https:\/\/truusk.store\/sv\/wp-json\/wp\/v2\/product_brand?post=83407"},{"taxonomy":"product_cat","embeddable":true,"href":"https:\/\/truusk.store\/sv\/wp-json\/wp\/v2\/product_cat?post=83407"},{"taxonomy":"product_tag","embeddable":true,"href":"https:\/\/truusk.store\/sv\/wp-json\/wp\/v2\/product_tag?post=83407"}],"curies":[{"name":"wp","href":"https:\/\/api.w.org\/{rel}","templated":true}]}}