{"id":83427,"date":"2025-07-17T12:32:50","date_gmt":"2025-07-17T11:32:50","guid":{"rendered":"https:\/\/truusk.store\/product\/basvikter-for-parasollstall-vattentat-kan-fyllas-med-sand-plast-89l-x-89b-x-105h-cm-svart\/"},"modified":"2026-03-12T08:40:55","modified_gmt":"2026-03-12T07:40:55","slug":"truusk-parasollstall-vattentat-fyllbar-med-sand-plast-89l-x-89b-x-105h-cm-svart","status":"publish","type":"product","link":"https:\/\/truusk.store\/sv\/produkt\/truusk-parasollstall-vattentat-fyllbar-med-sand-plast-89l-x-89b-x-105h-cm-svart\/","title":{"rendered":"TRUUSK Parasollst\u00e4ll &#8211; Vattent\u00e4t &#8211; Fyllbar med Sand &#8211; Plast &#8211; 89L x 89B x 10,5H cm &#8211; Svart"},"content":{"rendered":"<p>F\u00f6rb\u00e4ttra din utomhusinredning med v\u00e5ra premium viktplattor f\u00f6r parasoll. Tillverkade av modifierat plastmaterial, garanterar de \u00f6kad styrka och st\u00f6tt\u00e5lighet. Den v\u00e4derbest\u00e4ndiga polyesterh\u00f6ljet p\u00e5 den fyllbara parasollfoten \u00e4r vattent\u00e4tt och UV-best\u00e4ndigt, vilket s\u00e4kerst\u00e4ller l\u00e5ng livsl\u00e4ngd. Tack vare fyllnings\u00f6ppningen p\u00e5 plattorna f\u00f6r parasoll kan upp till 80 kg sand fyllas p\u00e5 f\u00f6r att garantera optimal stabilitet. Redo att anv\u00e4ndas \u00e5ret runt!<\/p>\n<p>Beskrivning:<\/p>\n<ul>\n<li> 400 g\/m\u00b2 polyester\u00f6verdrag med n\u00e4t i mitten och plastbel\u00e4ggning<\/li>\n<li> Modifierad plastskal av parasollvikter f\u00f6r f\u00f6rb\u00e4ttrad styrka och st\u00f6tt\u00e5lighet<\/li>\n<li> Fyllnings\u00f6ppningen p\u00e5 parasollvikterna m\u00f6jligg\u00f6r snabb p\u00e5fyllning med sand, med en kapacitet p\u00e5 upp till 80 kg sand<\/li>\n<li> Staplingsbart design av platt parasollfot f\u00f6r kompakt f\u00f6rvaring n\u00e4r den inte anv\u00e4nds<\/li>\n<li> Stapla plattorna tillsammans f\u00f6r en kompakt storlek n\u00e4r de inte anv\u00e4nds<\/li>\n<li> Korsbas ing\u00e5r inte<\/li>\n<\/ul>\n<p> Tekniska data:<\/p>\n<ul>\n<li> F\u00e4rg: Svart<\/li>\n<li> Material: Plast, Polyester<\/li>\n<li> Totala dimensioner: 89L x 89B x 10,5H cm<\/li>\n<li> Passande korsfot: Pelardiameter &lt; 68 mm, monteringsavst\u00e5nd &lt; 17 cm, utan rotationsfunktion<\/li>\n<\/ul>\n<p>Inneh\u00e5ll:<\/p>\n<ul>\n<li> 4 x vikt platta<\/li>\n<li> 1 x bruksanvisning<\/li>\n<\/ul>\n","protected":false},"excerpt":{"rendered":"<p>F\u00f6rb\u00e4ttra din utomhusinredning med v\u00e5ra premium viktplattor f\u00f6r parasoll. Tillverkade av modifierat plastmaterial, garanterar de \u00f6kad styrka och st\u00f6tt\u00e5lighet. Den&#8230;<\/p>\n","protected":false},"featured_media":83413,"template":"","meta":[],"product_brand":[],"product_cat":[886,862,1028,858],"product_tag":[],"class_list":{"0":"post-83427","1":"product","2":"type-product","3":"status-publish","4":"has-post-thumbnail","6":"product_cat-schirmstander","7":"product_cat-sol-insynsskydd","8":"product_cat-tillbehor-for-parasoller","9":"product_cat-tradgard-terrass","11":"first","12":"instock","13":"sale","14":"taxable","15":"shipping-taxable","16":"purchasable","17":"product-type-simple"},"yoast_head":"<!-- This site is optimized with the Yoast SEO plugin v25.4 - https:\/\/yoast.com\/wordpress\/plugins\/seo\/ -->\n<title>TRUUSK Parasollst\u00e4ll - Vattent\u00e4t - Fyllbar med Sand - Plast - 89L x 89B x 10,5H cm - Svart - TRUUSK - Hem, Tr\u00e4dg\u00e5rd &amp; Fritid<\/title>\n<meta name=\"robots\" content=\"index, follow, max-snippet:-1, max-image-preview:large, max-video-preview:-1\" \/>\n<link rel=\"canonical\" href=\"https:\/\/truusk.store\/sv\/produkt\/truusk-parasollstall-vattentat-fyllbar-med-sand-plast-89l-x-89b-x-105h-cm-svart\/\" \/>\n<meta property=\"og:locale\" content=\"sv_SE\" \/>\n<meta property=\"og:type\" content=\"article\" \/>\n<meta property=\"og:title\" content=\"TRUUSK Parasollst\u00e4ll - Vattent\u00e4t - Fyllbar med Sand - Plast - 89L x 89B x 10,5H cm - Svart - TRUUSK - Hem, Tr\u00e4dg\u00e5rd &amp; Fritid\" \/>\n<meta property=\"og:description\" content=\"F\u00f6rb\u00e4ttra din utomhusinredning med v\u00e5ra premium viktplattor f\u00f6r parasoll. Tillverkade av modifierat plastmaterial, garanterar de \u00f6kad styrka och st\u00f6tt\u00e5lighet. Den...\" \/>\n<meta property=\"og:url\" content=\"https:\/\/truusk.store\/sv\/produkt\/truusk-parasollstall-vattentat-fyllbar-med-sand-plast-89l-x-89b-x-105h-cm-svart\/\" \/>\n<meta property=\"og:site_name\" content=\"TRUUSK - Hem, Tr\u00e4dg\u00e5rd &amp; Fritid\" \/>\n<meta property=\"article:modified_time\" content=\"2026-03-12T07:40:55+00:00\" \/>\n<meta property=\"og:image\" content=\"https:\/\/i0.wp.com\/truusk.se\/wp-content\/uploads\/2025\/07\/basvikter-for-parasollstall-vattentat-kan-fyllas-med-sand-plast-89l-x-89b-x-105h-cm-svart-1.webp?fit=2000%2C2000&ssl=1\" \/>\n\t<meta property=\"og:image:width\" content=\"2000\" \/>\n\t<meta property=\"og:image:height\" content=\"2000\" \/>\n\t<meta property=\"og:image:type\" content=\"image\/webp\" \/>\n<meta name=\"twitter:card\" content=\"summary_large_image\" \/>\n<meta name=\"twitter:label1\" content=\"Ber\u00e4knad l\u00e4stid\" \/>\n\t<meta name=\"twitter:data1\" content=\"1 minut\" \/>\n<!-- \/ Yoast SEO plugin. -->","yoast_head_json":{"title":"TRUUSK Parasollst\u00e4ll - Vattent\u00e4t - Fyllbar med Sand - Plast - 89L x 89B x 10,5H cm - Svart - TRUUSK - Hem, Tr\u00e4dg\u00e5rd &amp; Fritid","robots":{"index":"index","follow":"follow","max-snippet":"max-snippet:-1","max-image-preview":"max-image-preview:large","max-video-preview":"max-video-preview:-1"},"canonical":"https:\/\/truusk.store\/sv\/produkt\/truusk-parasollstall-vattentat-fyllbar-med-sand-plast-89l-x-89b-x-105h-cm-svart\/","og_locale":"sv_SE","og_type":"article","og_title":"TRUUSK Parasollst\u00e4ll - Vattent\u00e4t - Fyllbar med Sand - Plast - 89L x 89B x 10,5H cm - Svart - TRUUSK - Hem, Tr\u00e4dg\u00e5rd &amp; Fritid","og_description":"F\u00f6rb\u00e4ttra din utomhusinredning med v\u00e5ra premium viktplattor f\u00f6r parasoll. Tillverkade av modifierat plastmaterial, garanterar de \u00f6kad styrka och st\u00f6tt\u00e5lighet. Den...","og_url":"https:\/\/truusk.store\/sv\/produkt\/truusk-parasollstall-vattentat-fyllbar-med-sand-plast-89l-x-89b-x-105h-cm-svart\/","og_site_name":"TRUUSK - Hem, Tr\u00e4dg\u00e5rd &amp; Fritid","article_modified_time":"2026-03-12T07:40:55+00:00","og_image":[{"width":2000,"height":2000,"url":"https:\/\/i0.wp.com\/truusk.se\/wp-content\/uploads\/2025\/07\/basvikter-for-parasollstall-vattentat-kan-fyllas-med-sand-plast-89l-x-89b-x-105h-cm-svart-1.webp?fit=2000%2C2000&ssl=1","type":"image\/webp"}],"twitter_card":"summary_large_image","twitter_misc":{"Ber\u00e4knad l\u00e4stid":"1 minut"},"schema":{"@context":"https:\/\/schema.org","@graph":[{"@type":"WebPage","@id":"https:\/\/truusk.store\/sv\/produkt\/truusk-parasollstall-vattentat-fyllbar-med-sand-plast-89l-x-89b-x-105h-cm-svart\/","url":"https:\/\/truusk.store\/sv\/produkt\/truusk-parasollstall-vattentat-fyllbar-med-sand-plast-89l-x-89b-x-105h-cm-svart\/","name":"TRUUSK Parasollst\u00e4ll - Vattent\u00e4t - Fyllbar med Sand - Plast - 89L x 89B x 10,5H cm - Svart - TRUUSK - Hem, Tr\u00e4dg\u00e5rd &amp; Fritid","isPartOf":{"@id":"https:\/\/truusk.store\/sv\/#website"},"primaryImageOfPage":{"@id":"https:\/\/truusk.store\/sv\/produkt\/truusk-parasollstall-vattentat-fyllbar-med-sand-plast-89l-x-89b-x-105h-cm-svart\/#primaryimage"},"image":{"@id":"https:\/\/truusk.store\/sv\/produkt\/truusk-parasollstall-vattentat-fyllbar-med-sand-plast-89l-x-89b-x-105h-cm-svart\/#primaryimage"},"thumbnailUrl":"https:\/\/i0.wp.com\/truusk.store\/wp-content\/uploads\/2025\/07\/basvikter-for-parasollstall-vattentat-kan-fyllas-med-sand-plast-89l-x-89b-x-105h-cm-svart-1.webp?fit=2000%2C2000&ssl=1","datePublished":"2025-07-17T11:32:50+00:00","dateModified":"2026-03-12T07:40:55+00:00","breadcrumb":{"@id":"https:\/\/truusk.store\/sv\/produkt\/truusk-parasollstall-vattentat-fyllbar-med-sand-plast-89l-x-89b-x-105h-cm-svart\/#breadcrumb"},"inLanguage":"sv-SE","potentialAction":[{"@type":"ReadAction","target":["https:\/\/truusk.store\/sv\/produkt\/truusk-parasollstall-vattentat-fyllbar-med-sand-plast-89l-x-89b-x-105h-cm-svart\/"]}]},{"@type":"ImageObject","inLanguage":"sv-SE","@id":"https:\/\/truusk.store\/sv\/produkt\/truusk-parasollstall-vattentat-fyllbar-med-sand-plast-89l-x-89b-x-105h-cm-svart\/#primaryimage","url":"https:\/\/i0.wp.com\/truusk.store\/wp-content\/uploads\/2025\/07\/basvikter-for-parasollstall-vattentat-kan-fyllas-med-sand-plast-89l-x-89b-x-105h-cm-svart-1.webp?fit=2000%2C2000&ssl=1","contentUrl":"https:\/\/i0.wp.com\/truusk.store\/wp-content\/uploads\/2025\/07\/basvikter-for-parasollstall-vattentat-kan-fyllas-med-sand-plast-89l-x-89b-x-105h-cm-svart-1.webp?fit=2000%2C2000&ssl=1","width":2000,"height":2000},{"@type":"BreadcrumbList","@id":"https:\/\/truusk.store\/sv\/produkt\/truusk-parasollstall-vattentat-fyllbar-med-sand-plast-89l-x-89b-x-105h-cm-svart\/#breadcrumb","itemListElement":[{"@type":"ListItem","position":1,"name":"Home","item":"https:\/\/truusk.store\/sv\/"},{"@type":"ListItem","position":2,"name":"Shop","item":"https:\/\/truusk.store\/shop\/"},{"@type":"ListItem","position":3,"name":"TRUUSK Parasollst\u00e4ll &#8211; Vattent\u00e4t &#8211; Fyllbar med Sand &#8211; Plast &#8211; 89L x 89B x 10,5H cm &#8211; Svart"}]},{"@type":"WebSite","@id":"https:\/\/truusk.store\/sv\/#website","url":"https:\/\/truusk.store\/sv\/","name":"TRUUSK - Hem, Tr\u00e4dg\u00e5rd & Fritid","description":"","publisher":{"@id":"https:\/\/truusk.store\/sv\/#organization"},"potentialAction":[{"@type":"SearchAction","target":{"@type":"EntryPoint","urlTemplate":"https:\/\/truusk.store\/sv\/?s={search_term_string}"},"query-input":{"@type":"PropertyValueSpecification","valueRequired":true,"valueName":"search_term_string"}}],"inLanguage":"sv-SE"},{"@type":"Organization","@id":"https:\/\/truusk.store\/sv\/#organization","name":"TRUUSK - Hem, Tr\u00e4dg\u00e5rd & Fritid","url":"https:\/\/truusk.store\/sv\/","logo":{"@type":"ImageObject","inLanguage":"sv-SE","@id":"https:\/\/truusk.store\/sv\/#\/schema\/logo\/image\/","url":"https:\/\/i0.wp.com\/truusk.store\/wp-content\/uploads\/2026\/03\/cropped-TRUUSK.png?fit=2032%2C917&ssl=1","contentUrl":"https:\/\/i0.wp.com\/truusk.store\/wp-content\/uploads\/2026\/03\/cropped-TRUUSK.png?fit=2032%2C917&ssl=1","width":2032,"height":917,"caption":"TRUUSK - Hem, Tr\u00e4dg\u00e5rd & Fritid"},"image":{"@id":"https:\/\/truusk.store\/sv\/#\/schema\/logo\/image\/"}}]}},"jetpack_sharing_enabled":true,"_links":{"self":[{"href":"https:\/\/truusk.store\/sv\/wp-json\/wp\/v2\/product\/83427","targetHints":{"allow":["GET"]}}],"collection":[{"href":"https:\/\/truusk.store\/sv\/wp-json\/wp\/v2\/product"}],"about":[{"href":"https:\/\/truusk.store\/sv\/wp-json\/wp\/v2\/types\/product"}],"wp:featuredmedia":[{"embeddable":true,"href":"https:\/\/truusk.store\/sv\/wp-json\/wp\/v2\/media\/83413"}],"wp:attachment":[{"href":"https:\/\/truusk.store\/sv\/wp-json\/wp\/v2\/media?parent=83427"}],"wp:term":[{"taxonomy":"product_brand","embeddable":true,"href":"https:\/\/truusk.store\/sv\/wp-json\/wp\/v2\/product_brand?post=83427"},{"taxonomy":"product_cat","embeddable":true,"href":"https:\/\/truusk.store\/sv\/wp-json\/wp\/v2\/product_cat?post=83427"},{"taxonomy":"product_tag","embeddable":true,"href":"https:\/\/truusk.store\/sv\/wp-json\/wp\/v2\/product_tag?post=83427"}],"curies":[{"name":"wp","href":"https:\/\/api.w.org\/{rel}","templated":true}]}}