{"id":83459,"date":"2025-07-17T20:22:46","date_gmt":"2025-07-17T19:22:46","guid":{"rendered":"https:\/\/truusk.store\/product\/ergonomisk-gungande-knapall-for-hemmakontor-for-att-forbattra-kroppshallningen-gra\/"},"modified":"2026-03-12T09:46:11","modified_gmt":"2026-03-12T08:46:11","slug":"truusk-ergonomisk-knapall-for-hemmakontor-forbattra-kroppshallningen-gra","status":"publish","type":"product","link":"https:\/\/truusk.store\/sv\/produkt\/truusk-ergonomisk-knapall-for-hemmakontor-forbattra-kroppshallningen-gra\/","title":{"rendered":"TRUUSK Ergonomisk Kn\u00e4pall f\u00f6r Hemmakontor &#8211; F\u00f6rb\u00e4ttra Kroppsh\u00e5llningen &#8211; Gr\u00e5"},"content":{"rendered":"<p>Optimera din arbetsplats med TRUUSK kn\u00e4stolen! Utvecklad f\u00f6r att f\u00f6rb\u00e4ttra sittst\u00e4llningen och lindra ryggproblem, f\u00f6rdelar kn\u00e4stolen vikten optimalt p\u00e5 h\u00f6fter och ben. Med sin gungande konstruktion h\u00e5ller du dig fokuserad och vital. Idealisk f\u00f6r meditation, skrivning eller som en stilfull kontorsstol: H\u00e4r m\u00f6ter komfort stil, st\u00f6dd av en robust ram av bj\u00f6rktr\u00e4.<\/p>\n<p>Beskrivning:<\/p>\n<ul>\n<li> F\u00f6rb\u00e4ttrar sittst\u00e4llningen och lindrar effektivt rygg- och l\u00e4ndryggsproblem<\/li>\n<li> Kn\u00e4stolens gungande design h\u00e5ller koncentrationen uppe under l\u00e4ngre perioder<\/li>\n<li> M\u00e5ngsidigt anv\u00e4ndbar som meditations-, hemmakontors- eller skrivstol<\/li>\n<li> En stabil ram av bj\u00f6rktr\u00e4 f\u00f6r kn\u00e4stolen f\u00f6r l\u00e5ng livsl\u00e4ngd<\/li>\n<li> Montering \u00e4r enkel och snabb<\/li>\n<\/ul>\n<p> Tekniska data:<\/p>\n<ul>\n<li> F\u00e4rg: Gr\u00e5<\/li>\n<li> Material: Boktr\u00e4, kl\u00e4dsel i linneutseende (100% polyester), skum<\/li>\n<li> Totala dimensioner: 54,5B x 85T x 54H cm<\/li>\n<li> Sitsstorlek: 41B x 28T x 54H cm<\/li>\n<li> Kn\u00e4plattans storlek: 48B x 24T x 33H cm<\/li>\n<li> L\u00e4mplig skrivbordsh\u00f6jd: 75-90 cm<\/li>\n<li> Kuddtjocklek: 7,5 cm<\/li>\n<li> B\u00e4rkapacitet: 120 kg<\/li>\n<li> OBS: Anv\u00e4ndning av en kn\u00e4stol aktiverar olika muskler, s\u00e5 du b\u00f6r v\u00e4nja dig vid det steg f\u00f6r steg och ta en paus var 15 till 30 minuter f\u00f6r att beh\u00e5lla komforten<\/li>\n<\/ul>\n<p>Leveransinneh\u00e5ll:<\/p>\n<ul>\n<li> 1 x Kn\u00e4stol<\/li>\n<li> 1 x Handbok<\/li>\n<\/ul>\n","protected":false},"excerpt":{"rendered":"<p>Optimera din arbetsplats med TRUUSK kn\u00e4stolen! Utvecklad f\u00f6r att f\u00f6rb\u00e4ttra sittst\u00e4llningen och lindra ryggproblem, f\u00f6rdelar kn\u00e4stolen vikten optimalt p\u00e5 h\u00f6fter&#8230;<\/p>\n","protected":false},"featured_media":83450,"template":"","meta":[],"product_brand":[],"product_cat":[872,871,516],"product_tag":[],"class_list":{"0":"post-83459","1":"product","2":"type-product","3":"status-publish","4":"has-post-thumbnail","6":"product_cat-hemmakontor-arbetsplats","7":"product_cat-hus-hem","8":"product_cat-kontorsstolar","10":"first","11":"instock","12":"sale","13":"taxable","14":"shipping-taxable","15":"purchasable","16":"product-type-simple"},"yoast_head":"<!-- This site is optimized with the Yoast SEO plugin v25.4 - https:\/\/yoast.com\/wordpress\/plugins\/seo\/ -->\n<title>TRUUSK Ergonomisk Kn\u00e4pall f\u00f6r Hemmakontor - F\u00f6rb\u00e4ttra Kroppsh\u00e5llningen - Gr\u00e5 - TRUUSK - Hem, Tr\u00e4dg\u00e5rd &amp; Fritid<\/title>\n<meta name=\"robots\" content=\"index, follow, max-snippet:-1, max-image-preview:large, max-video-preview:-1\" \/>\n<link rel=\"canonical\" href=\"https:\/\/truusk.store\/sv\/produkt\/truusk-ergonomisk-knapall-for-hemmakontor-forbattra-kroppshallningen-gra\/\" \/>\n<meta property=\"og:locale\" content=\"sv_SE\" \/>\n<meta property=\"og:type\" content=\"article\" \/>\n<meta property=\"og:title\" content=\"TRUUSK Ergonomisk Kn\u00e4pall f\u00f6r Hemmakontor - F\u00f6rb\u00e4ttra Kroppsh\u00e5llningen - Gr\u00e5 - TRUUSK - Hem, Tr\u00e4dg\u00e5rd &amp; Fritid\" \/>\n<meta property=\"og:description\" content=\"Optimera din arbetsplats med TRUUSK kn\u00e4stolen! Utvecklad f\u00f6r att f\u00f6rb\u00e4ttra sittst\u00e4llningen och lindra ryggproblem, f\u00f6rdelar kn\u00e4stolen vikten optimalt p\u00e5 h\u00f6fter...\" \/>\n<meta property=\"og:url\" content=\"https:\/\/truusk.store\/sv\/produkt\/truusk-ergonomisk-knapall-for-hemmakontor-forbattra-kroppshallningen-gra\/\" \/>\n<meta property=\"og:site_name\" content=\"TRUUSK - Hem, Tr\u00e4dg\u00e5rd &amp; Fritid\" \/>\n<meta property=\"article:modified_time\" content=\"2026-03-12T08:46:11+00:00\" \/>\n<meta property=\"og:image\" content=\"https:\/\/i0.wp.com\/truusk.se\/wp-content\/uploads\/2025\/07\/ergonomisk-gungande-knapall-for-hemmakontor-for-att-forbattra-kroppshallningen-gra-1.webp?fit=2000%2C2000&ssl=1\" \/>\n\t<meta property=\"og:image:width\" content=\"2000\" \/>\n\t<meta property=\"og:image:height\" content=\"2000\" \/>\n\t<meta property=\"og:image:type\" content=\"image\/webp\" \/>\n<meta name=\"twitter:card\" content=\"summary_large_image\" \/>\n<meta name=\"twitter:label1\" content=\"Ber\u00e4knad l\u00e4stid\" \/>\n\t<meta name=\"twitter:data1\" content=\"1 minut\" \/>\n<!-- \/ Yoast SEO plugin. -->","yoast_head_json":{"title":"TRUUSK Ergonomisk Kn\u00e4pall f\u00f6r Hemmakontor - F\u00f6rb\u00e4ttra Kroppsh\u00e5llningen - Gr\u00e5 - TRUUSK - Hem, Tr\u00e4dg\u00e5rd &amp; Fritid","robots":{"index":"index","follow":"follow","max-snippet":"max-snippet:-1","max-image-preview":"max-image-preview:large","max-video-preview":"max-video-preview:-1"},"canonical":"https:\/\/truusk.store\/sv\/produkt\/truusk-ergonomisk-knapall-for-hemmakontor-forbattra-kroppshallningen-gra\/","og_locale":"sv_SE","og_type":"article","og_title":"TRUUSK Ergonomisk Kn\u00e4pall f\u00f6r Hemmakontor - F\u00f6rb\u00e4ttra Kroppsh\u00e5llningen - Gr\u00e5 - TRUUSK - Hem, Tr\u00e4dg\u00e5rd &amp; Fritid","og_description":"Optimera din arbetsplats med TRUUSK kn\u00e4stolen! Utvecklad f\u00f6r att f\u00f6rb\u00e4ttra sittst\u00e4llningen och lindra ryggproblem, f\u00f6rdelar kn\u00e4stolen vikten optimalt p\u00e5 h\u00f6fter...","og_url":"https:\/\/truusk.store\/sv\/produkt\/truusk-ergonomisk-knapall-for-hemmakontor-forbattra-kroppshallningen-gra\/","og_site_name":"TRUUSK - Hem, Tr\u00e4dg\u00e5rd &amp; Fritid","article_modified_time":"2026-03-12T08:46:11+00:00","og_image":[{"width":2000,"height":2000,"url":"https:\/\/i0.wp.com\/truusk.se\/wp-content\/uploads\/2025\/07\/ergonomisk-gungande-knapall-for-hemmakontor-for-att-forbattra-kroppshallningen-gra-1.webp?fit=2000%2C2000&ssl=1","type":"image\/webp"}],"twitter_card":"summary_large_image","twitter_misc":{"Ber\u00e4knad l\u00e4stid":"1 minut"},"schema":{"@context":"https:\/\/schema.org","@graph":[{"@type":"WebPage","@id":"https:\/\/truusk.store\/sv\/produkt\/truusk-ergonomisk-knapall-for-hemmakontor-forbattra-kroppshallningen-gra\/","url":"https:\/\/truusk.store\/sv\/produkt\/truusk-ergonomisk-knapall-for-hemmakontor-forbattra-kroppshallningen-gra\/","name":"TRUUSK Ergonomisk Kn\u00e4pall f\u00f6r Hemmakontor - F\u00f6rb\u00e4ttra Kroppsh\u00e5llningen - Gr\u00e5 - TRUUSK - Hem, Tr\u00e4dg\u00e5rd &amp; Fritid","isPartOf":{"@id":"https:\/\/truusk.store\/sv\/#website"},"primaryImageOfPage":{"@id":"https:\/\/truusk.store\/sv\/produkt\/truusk-ergonomisk-knapall-for-hemmakontor-forbattra-kroppshallningen-gra\/#primaryimage"},"image":{"@id":"https:\/\/truusk.store\/sv\/produkt\/truusk-ergonomisk-knapall-for-hemmakontor-forbattra-kroppshallningen-gra\/#primaryimage"},"thumbnailUrl":"https:\/\/i0.wp.com\/truusk.store\/wp-content\/uploads\/2025\/07\/ergonomisk-gungande-knapall-for-hemmakontor-for-att-forbattra-kroppshallningen-gra-1.webp?fit=2000%2C2000&ssl=1","datePublished":"2025-07-17T19:22:46+00:00","dateModified":"2026-03-12T08:46:11+00:00","breadcrumb":{"@id":"https:\/\/truusk.store\/sv\/produkt\/truusk-ergonomisk-knapall-for-hemmakontor-forbattra-kroppshallningen-gra\/#breadcrumb"},"inLanguage":"sv-SE","potentialAction":[{"@type":"ReadAction","target":["https:\/\/truusk.store\/sv\/produkt\/truusk-ergonomisk-knapall-for-hemmakontor-forbattra-kroppshallningen-gra\/"]}]},{"@type":"ImageObject","inLanguage":"sv-SE","@id":"https:\/\/truusk.store\/sv\/produkt\/truusk-ergonomisk-knapall-for-hemmakontor-forbattra-kroppshallningen-gra\/#primaryimage","url":"https:\/\/i0.wp.com\/truusk.store\/wp-content\/uploads\/2025\/07\/ergonomisk-gungande-knapall-for-hemmakontor-for-att-forbattra-kroppshallningen-gra-1.webp?fit=2000%2C2000&ssl=1","contentUrl":"https:\/\/i0.wp.com\/truusk.store\/wp-content\/uploads\/2025\/07\/ergonomisk-gungande-knapall-for-hemmakontor-for-att-forbattra-kroppshallningen-gra-1.webp?fit=2000%2C2000&ssl=1","width":2000,"height":2000},{"@type":"BreadcrumbList","@id":"https:\/\/truusk.store\/sv\/produkt\/truusk-ergonomisk-knapall-for-hemmakontor-forbattra-kroppshallningen-gra\/#breadcrumb","itemListElement":[{"@type":"ListItem","position":1,"name":"Home","item":"https:\/\/truusk.store\/sv\/"},{"@type":"ListItem","position":2,"name":"Shop","item":"https:\/\/truusk.store\/shop\/"},{"@type":"ListItem","position":3,"name":"TRUUSK Ergonomisk Kn\u00e4pall f\u00f6r Hemmakontor &#8211; F\u00f6rb\u00e4ttra Kroppsh\u00e5llningen &#8211; Gr\u00e5"}]},{"@type":"WebSite","@id":"https:\/\/truusk.store\/sv\/#website","url":"https:\/\/truusk.store\/sv\/","name":"TRUUSK - Hem, Tr\u00e4dg\u00e5rd & Fritid","description":"","publisher":{"@id":"https:\/\/truusk.store\/sv\/#organization"},"potentialAction":[{"@type":"SearchAction","target":{"@type":"EntryPoint","urlTemplate":"https:\/\/truusk.store\/sv\/?s={search_term_string}"},"query-input":{"@type":"PropertyValueSpecification","valueRequired":true,"valueName":"search_term_string"}}],"inLanguage":"sv-SE"},{"@type":"Organization","@id":"https:\/\/truusk.store\/sv\/#organization","name":"TRUUSK - Hem, Tr\u00e4dg\u00e5rd & Fritid","url":"https:\/\/truusk.store\/sv\/","logo":{"@type":"ImageObject","inLanguage":"sv-SE","@id":"https:\/\/truusk.store\/sv\/#\/schema\/logo\/image\/","url":"https:\/\/i0.wp.com\/truusk.store\/wp-content\/uploads\/2026\/03\/cropped-TRUUSK.png?fit=2032%2C917&ssl=1","contentUrl":"https:\/\/i0.wp.com\/truusk.store\/wp-content\/uploads\/2026\/03\/cropped-TRUUSK.png?fit=2032%2C917&ssl=1","width":2032,"height":917,"caption":"TRUUSK - Hem, Tr\u00e4dg\u00e5rd & Fritid"},"image":{"@id":"https:\/\/truusk.store\/sv\/#\/schema\/logo\/image\/"}}]}},"jetpack_sharing_enabled":true,"_links":{"self":[{"href":"https:\/\/truusk.store\/sv\/wp-json\/wp\/v2\/product\/83459","targetHints":{"allow":["GET"]}}],"collection":[{"href":"https:\/\/truusk.store\/sv\/wp-json\/wp\/v2\/product"}],"about":[{"href":"https:\/\/truusk.store\/sv\/wp-json\/wp\/v2\/types\/product"}],"wp:featuredmedia":[{"embeddable":true,"href":"https:\/\/truusk.store\/sv\/wp-json\/wp\/v2\/media\/83450"}],"wp:attachment":[{"href":"https:\/\/truusk.store\/sv\/wp-json\/wp\/v2\/media?parent=83459"}],"wp:term":[{"taxonomy":"product_brand","embeddable":true,"href":"https:\/\/truusk.store\/sv\/wp-json\/wp\/v2\/product_brand?post=83459"},{"taxonomy":"product_cat","embeddable":true,"href":"https:\/\/truusk.store\/sv\/wp-json\/wp\/v2\/product_cat?post=83459"},{"taxonomy":"product_tag","embeddable":true,"href":"https:\/\/truusk.store\/sv\/wp-json\/wp\/v2\/product_tag?post=83459"}],"curies":[{"name":"wp","href":"https:\/\/api.w.org\/{rel}","templated":true}]}}