{"id":8347,"date":"2024-02-13T09:16:03","date_gmt":"2024-02-13T08:16:03","guid":{"rendered":"https:\/\/truusk.store\/product\/katttrad-lek-trad-katt-skrapstolpe-katt-skrapstolpe-med-boll-ljusgra-l40-x-b30-x-h43-cm\/"},"modified":"2026-03-12T08:55:46","modified_gmt":"2026-03-12T07:55:46","slug":"truusk-katttrad-med-lekboll-skrapstolpe-ljusgra-40x30x43-cm","status":"publish","type":"product","link":"https:\/\/truusk.store\/sv\/produkt\/truusk-katttrad-med-lekboll-skrapstolpe-ljusgra-40x30x43-cm\/","title":{"rendered":"TRUUSK Katttr\u00e4d med Lekboll &#8211; Skrapstolpe &#8211; Ljusgr\u00e5 &#8211; 40x30x43 cm"},"content":{"rendered":"<p>Skydda dina m\u00f6bler och ge din katt en mysig skrapstolpe. Oavsett om det \u00e4r en tunnel att slinka igenom, den U-formade liggytan, skrapelement eller de tv\u00e5 bollarna som h\u00e4nger i ett sn\u00f6re, s\u00e5 hittar din katt det perfekta aktivitetsalternativet h\u00e4r. N\u00e4r det kommer till den lilla skrapstolpen f\u00f6r katter lades stor vikt vid livsl\u00e4ngden och den best\u00e5r d\u00e4rf\u00f6r av en stabil tr\u00e4konstruktion och sisalfibrer l\u00e4mpliga f\u00f6r att repa. Plyschelementen g\u00f6r den ocks\u00e5 v\u00e4ldigt gosig och erbjuder en bekv\u00e4m plats f\u00f6r din katt att dra sig tillbaka. Oavsett n\u00e4r din katt fyller \u00e5r \u00e4r detta den perfekta presenten.<\/p>\n<h3>Beskrivning:<\/h3>\n<ul>\n<li>Stabil tr\u00e4konstruktion och rept\u00e5liga sisalfibrer<\/li>\n<li>Plyschelement g\u00f6r skrapan \u00e4nnu bekv\u00e4mare f\u00f6r din katt<\/li>\n<li>En tunnel att slinka igenom, en U-formad liggyta, repelement och tv\u00e5 bollar som h\u00e4nger i ett sn\u00f6re<\/li>\n<li>Den platta plattan fr\u00e5n ovan kan roteras med de 2 kulorna<\/li>\n<li>En skrapstolpe kan skydda dina m\u00f6bler<\/li>\n<li>Mysig och platsbesparande design<\/li>\n<li>Enkel konstruktion<\/li>\n<\/ul>\n<h3>Teknisk data:<\/h3>\n<ul>\n<li>Material: sp\u00e5nskiva, plysch, sisalfiber<\/li>\n<li>F\u00e4rg: ljusgr\u00e5<\/li>\n<li>\u00d6vergripande m\u00e5tt: L40 x B30 x H43 cm<\/li>\n<li>M\u00e5tt: 5,5 x H40 cm<\/li>\n<li>M\u00e5tt tunnel: L25 x B25 cm<\/li>\n<li>M\u00e5tt p\u00e5 roterande kulupph\u00e4ngning: L30 cm<\/li>\n<li>Vikt: 3,2 kg<\/li>\n<li>Lastkapacitet: 10 kg<\/li>\n<\/ul>\n<h3>Leveransens omfattning:<\/h3>\n<ul>\n<li>1 x katttr\u00e4d;<\/li>\n<\/ul>\n","protected":false},"excerpt":{"rendered":"<p>Skydda dina m\u00f6bler och ge din katt en mysig skrapstolpe. Oavsett om det \u00e4r en tunnel att slinka igenom, den&#8230;<\/p>\n","protected":false},"featured_media":8348,"template":"","meta":[],"product_brand":[],"product_cat":[573,588,589],"product_tag":[],"class_list":{"0":"post-8347","1":"product","2":"type-product","3":"status-publish","4":"has-post-thumbnail","6":"product_cat-husdjursmaterial","7":"product_cat-katttillbehor","8":"product_cat-skrapande-inlagg","10":"first","11":"instock","12":"sale","13":"taxable","14":"shipping-taxable","15":"purchasable","16":"product-type-simple"},"yoast_head":"<!-- This site is optimized with the Yoast SEO plugin v25.4 - https:\/\/yoast.com\/wordpress\/plugins\/seo\/ -->\n<title>TRUUSK Katttr\u00e4d med Lekboll - Skrapstolpe - Ljusgr\u00e5 - 40x30x43 cm - TRUUSK - Hem, Tr\u00e4dg\u00e5rd &amp; Fritid<\/title>\n<meta name=\"robots\" content=\"index, follow, max-snippet:-1, max-image-preview:large, max-video-preview:-1\" \/>\n<link rel=\"canonical\" href=\"https:\/\/truusk.store\/sv\/produkt\/truusk-katttrad-med-lekboll-skrapstolpe-ljusgra-40x30x43-cm\/\" \/>\n<meta property=\"og:locale\" content=\"sv_SE\" \/>\n<meta property=\"og:type\" content=\"article\" \/>\n<meta property=\"og:title\" content=\"TRUUSK Katttr\u00e4d med Lekboll - Skrapstolpe - Ljusgr\u00e5 - 40x30x43 cm - TRUUSK - Hem, Tr\u00e4dg\u00e5rd &amp; Fritid\" \/>\n<meta property=\"og:description\" content=\"Skydda dina m\u00f6bler och ge din katt en mysig skrapstolpe. Oavsett om det \u00e4r en tunnel att slinka igenom, den...\" \/>\n<meta property=\"og:url\" content=\"https:\/\/truusk.store\/sv\/produkt\/truusk-katttrad-med-lekboll-skrapstolpe-ljusgra-40x30x43-cm\/\" \/>\n<meta property=\"og:site_name\" content=\"TRUUSK - Hem, Tr\u00e4dg\u00e5rd &amp; Fritid\" \/>\n<meta property=\"article:modified_time\" content=\"2026-03-12T07:55:46+00:00\" \/>\n<meta property=\"og:image\" content=\"https:\/\/i0.wp.com\/truusk.se\/wp-content\/uploads\/2024\/02\/katttrad-lek-trad-katt-skrapstolpe-katt-skrapstolpe-med-boll-ljusgra-l40-x-b30-x-h43-cm.webp?fit=800%2C800&ssl=1\" \/>\n\t<meta property=\"og:image:width\" content=\"800\" \/>\n\t<meta property=\"og:image:height\" content=\"800\" \/>\n\t<meta property=\"og:image:type\" content=\"image\/webp\" \/>\n<meta name=\"twitter:card\" content=\"summary_large_image\" \/>\n<meta name=\"twitter:label1\" content=\"Ber\u00e4knad l\u00e4stid\" \/>\n\t<meta name=\"twitter:data1\" content=\"1 minut\" \/>\n<!-- \/ Yoast SEO plugin. -->","yoast_head_json":{"title":"TRUUSK Katttr\u00e4d med Lekboll - Skrapstolpe - Ljusgr\u00e5 - 40x30x43 cm - TRUUSK - Hem, Tr\u00e4dg\u00e5rd &amp; Fritid","robots":{"index":"index","follow":"follow","max-snippet":"max-snippet:-1","max-image-preview":"max-image-preview:large","max-video-preview":"max-video-preview:-1"},"canonical":"https:\/\/truusk.store\/sv\/produkt\/truusk-katttrad-med-lekboll-skrapstolpe-ljusgra-40x30x43-cm\/","og_locale":"sv_SE","og_type":"article","og_title":"TRUUSK Katttr\u00e4d med Lekboll - Skrapstolpe - Ljusgr\u00e5 - 40x30x43 cm - TRUUSK - Hem, Tr\u00e4dg\u00e5rd &amp; Fritid","og_description":"Skydda dina m\u00f6bler och ge din katt en mysig skrapstolpe. Oavsett om det \u00e4r en tunnel att slinka igenom, den...","og_url":"https:\/\/truusk.store\/sv\/produkt\/truusk-katttrad-med-lekboll-skrapstolpe-ljusgra-40x30x43-cm\/","og_site_name":"TRUUSK - Hem, Tr\u00e4dg\u00e5rd &amp; Fritid","article_modified_time":"2026-03-12T07:55:46+00:00","og_image":[{"width":800,"height":800,"url":"https:\/\/i0.wp.com\/truusk.se\/wp-content\/uploads\/2024\/02\/katttrad-lek-trad-katt-skrapstolpe-katt-skrapstolpe-med-boll-ljusgra-l40-x-b30-x-h43-cm.webp?fit=800%2C800&ssl=1","type":"image\/webp"}],"twitter_card":"summary_large_image","twitter_misc":{"Ber\u00e4knad l\u00e4stid":"1 minut"},"schema":{"@context":"https:\/\/schema.org","@graph":[{"@type":"WebPage","@id":"https:\/\/truusk.store\/sv\/produkt\/truusk-katttrad-med-lekboll-skrapstolpe-ljusgra-40x30x43-cm\/","url":"https:\/\/truusk.store\/sv\/produkt\/truusk-katttrad-med-lekboll-skrapstolpe-ljusgra-40x30x43-cm\/","name":"TRUUSK Katttr\u00e4d med Lekboll - Skrapstolpe - Ljusgr\u00e5 - 40x30x43 cm - TRUUSK - Hem, Tr\u00e4dg\u00e5rd &amp; Fritid","isPartOf":{"@id":"https:\/\/truusk.store\/sv\/#website"},"primaryImageOfPage":{"@id":"https:\/\/truusk.store\/sv\/produkt\/truusk-katttrad-med-lekboll-skrapstolpe-ljusgra-40x30x43-cm\/#primaryimage"},"image":{"@id":"https:\/\/truusk.store\/sv\/produkt\/truusk-katttrad-med-lekboll-skrapstolpe-ljusgra-40x30x43-cm\/#primaryimage"},"thumbnailUrl":"https:\/\/i0.wp.com\/truusk.store\/wp-content\/uploads\/2024\/02\/katttrad-lek-trad-katt-skrapstolpe-katt-skrapstolpe-med-boll-ljusgra-l40-x-b30-x-h43-cm.webp?fit=800%2C800&ssl=1","datePublished":"2024-02-13T08:16:03+00:00","dateModified":"2026-03-12T07:55:46+00:00","breadcrumb":{"@id":"https:\/\/truusk.store\/sv\/produkt\/truusk-katttrad-med-lekboll-skrapstolpe-ljusgra-40x30x43-cm\/#breadcrumb"},"inLanguage":"sv-SE","potentialAction":[{"@type":"ReadAction","target":["https:\/\/truusk.store\/sv\/produkt\/truusk-katttrad-med-lekboll-skrapstolpe-ljusgra-40x30x43-cm\/"]}]},{"@type":"ImageObject","inLanguage":"sv-SE","@id":"https:\/\/truusk.store\/sv\/produkt\/truusk-katttrad-med-lekboll-skrapstolpe-ljusgra-40x30x43-cm\/#primaryimage","url":"https:\/\/i0.wp.com\/truusk.store\/wp-content\/uploads\/2024\/02\/katttrad-lek-trad-katt-skrapstolpe-katt-skrapstolpe-med-boll-ljusgra-l40-x-b30-x-h43-cm.webp?fit=800%2C800&ssl=1","contentUrl":"https:\/\/i0.wp.com\/truusk.store\/wp-content\/uploads\/2024\/02\/katttrad-lek-trad-katt-skrapstolpe-katt-skrapstolpe-med-boll-ljusgra-l40-x-b30-x-h43-cm.webp?fit=800%2C800&ssl=1","width":800,"height":800,"caption":"Katttr\u00e4d Lek Tr\u00e4d Katt Skrapstolpe Katt Skrapstolpe Med Boll Ljusgr\u00e5 L40 X B30 X H43 Cm 1"},{"@type":"BreadcrumbList","@id":"https:\/\/truusk.store\/sv\/produkt\/truusk-katttrad-med-lekboll-skrapstolpe-ljusgra-40x30x43-cm\/#breadcrumb","itemListElement":[{"@type":"ListItem","position":1,"name":"Home","item":"https:\/\/truusk.store\/sv\/"},{"@type":"ListItem","position":2,"name":"Shop","item":"https:\/\/truusk.store\/shop\/"},{"@type":"ListItem","position":3,"name":"TRUUSK Katttr\u00e4d med Lekboll &#8211; Skrapstolpe &#8211; Ljusgr\u00e5 &#8211; 40x30x43 cm"}]},{"@type":"WebSite","@id":"https:\/\/truusk.store\/sv\/#website","url":"https:\/\/truusk.store\/sv\/","name":"TRUUSK - Hem, Tr\u00e4dg\u00e5rd & Fritid","description":"","publisher":{"@id":"https:\/\/truusk.store\/sv\/#organization"},"potentialAction":[{"@type":"SearchAction","target":{"@type":"EntryPoint","urlTemplate":"https:\/\/truusk.store\/sv\/?s={search_term_string}"},"query-input":{"@type":"PropertyValueSpecification","valueRequired":true,"valueName":"search_term_string"}}],"inLanguage":"sv-SE"},{"@type":"Organization","@id":"https:\/\/truusk.store\/sv\/#organization","name":"TRUUSK - Hem, Tr\u00e4dg\u00e5rd & Fritid","url":"https:\/\/truusk.store\/sv\/","logo":{"@type":"ImageObject","inLanguage":"sv-SE","@id":"https:\/\/truusk.store\/sv\/#\/schema\/logo\/image\/","url":"https:\/\/i0.wp.com\/truusk.store\/wp-content\/uploads\/2026\/03\/cropped-TRUUSK.png?fit=2032%2C917&ssl=1","contentUrl":"https:\/\/i0.wp.com\/truusk.store\/wp-content\/uploads\/2026\/03\/cropped-TRUUSK.png?fit=2032%2C917&ssl=1","width":2032,"height":917,"caption":"TRUUSK - Hem, Tr\u00e4dg\u00e5rd & Fritid"},"image":{"@id":"https:\/\/truusk.store\/sv\/#\/schema\/logo\/image\/"}}]}},"jetpack_sharing_enabled":true,"_links":{"self":[{"href":"https:\/\/truusk.store\/sv\/wp-json\/wp\/v2\/product\/8347","targetHints":{"allow":["GET"]}}],"collection":[{"href":"https:\/\/truusk.store\/sv\/wp-json\/wp\/v2\/product"}],"about":[{"href":"https:\/\/truusk.store\/sv\/wp-json\/wp\/v2\/types\/product"}],"wp:featuredmedia":[{"embeddable":true,"href":"https:\/\/truusk.store\/sv\/wp-json\/wp\/v2\/media\/8348"}],"wp:attachment":[{"href":"https:\/\/truusk.store\/sv\/wp-json\/wp\/v2\/media?parent=8347"}],"wp:term":[{"taxonomy":"product_brand","embeddable":true,"href":"https:\/\/truusk.store\/sv\/wp-json\/wp\/v2\/product_brand?post=8347"},{"taxonomy":"product_cat","embeddable":true,"href":"https:\/\/truusk.store\/sv\/wp-json\/wp\/v2\/product_cat?post=8347"},{"taxonomy":"product_tag","embeddable":true,"href":"https:\/\/truusk.store\/sv\/wp-json\/wp\/v2\/product_tag?post=8347"}],"curies":[{"name":"wp","href":"https:\/\/api.w.org\/{rel}","templated":true}]}}