{"id":83482,"date":"2025-07-18T12:18:26","date_gmt":"2025-07-18T11:18:26","guid":{"rendered":"https:\/\/truusk.store\/product\/hornblomstall-blomstall-med-3-nivaer-metall-for-inomhus-och-utomhus-blomkruksstall-svart\/"},"modified":"2026-03-12T09:45:30","modified_gmt":"2026-03-12T08:45:30","slug":"truusk-hornblomstall-blomstall-med-3-nivaer-metall-for-inomhus-och-utomhus-blomkruksstall-svart","status":"publish","type":"product","link":"https:\/\/truusk.store\/sv\/produkt\/truusk-hornblomstall-blomstall-med-3-nivaer-metall-for-inomhus-och-utomhus-blomkruksstall-svart\/","title":{"rendered":"TRUUSK H\u00f6rnblomst\u00e4ll, Blomst\u00e4ll Med 3 Niv\u00e5er &#8211; Metall &#8211; F\u00f6r Inomhus Och Utomhus &#8211; Blomkruksst\u00e4ll &#8211; Svart"},"content":{"rendered":"<p>Ge varje h\u00f6rn en ny glans med TRUUSK blomst\u00e4ll! Denna trestegs, fl\u00e4ktformade blomtrappa passar perfekt i h\u00f6rn och optimerar varje utrymme, samtidigt som dina v\u00e4xter f\u00e5r gott om solljus. Tack vare dess ventilerade, ih\u00e5liga design och rostfria bel\u00e4ggning \u00e4r blomtrappan idealisk f\u00f6r b\u00e5de inomhus och utomhus, med en belastningskapacitet p\u00e5 upp till 30 kg. Visa upp dina v\u00e4xter, b\u00f6cker eller dekorationsartiklar fr\u00e5n deras b\u00e4sta sida!<\/p>\n<p>Beskrivning:<\/p>\n<ul>\n<li> Trestegs hylla av blomst\u00e4ll maximerar v\u00e4xtpresentationen i kompakta utrymmen<\/li>\n<li> 90\u00b0 designen av v\u00e4xtst\u00e4llet passar perfekt i varje h\u00f6rn<\/li>\n<li> Ih\u00e5liga hyllplan s\u00e4kerst\u00e4ller effektiv ventilation<\/li>\n<li> Tillverkad av pulverlackerat metall, f\u00f6r rostbest\u00e4ndighet<\/li>\n<li> Den fl\u00e4ktformade v\u00e4xtst\u00e4llet kompletterar olika inredningsstilar<\/li>\n<li> M\u00e5ngsidigt anv\u00e4ndbar f\u00f6r tr\u00e4dg\u00e5rdar, balkonger, f\u00f6r att visa upp b\u00f6cker och dekorationsartiklar<\/li>\n<li> Montering kr\u00e4vs<\/li>\n<\/ul>\n<p> Tekniska data:<\/p>\n<ul>\n<li> F\u00e4rg: Svart<\/li>\n<li> Material: Metall<\/li>\n<li> Totala dimensioner: 87L x 60B x 60H cm<\/li>\n<li> Hyllstorlek: 85B x 20T cm, 56B x 20T cm, 28B x 20T cm<\/li>\n<li> Hyllh\u00f6jd till golvet: 60 cm, 40 cm, 20 cm (uppifr\u00e5n och ner)<\/li>\n<li> Max. belastning: 30 kg<\/li>\n<\/ul>\n<p>Leveransinneh\u00e5ll:<\/p>\n<ul>\n<li> 1 x V\u00e4xtst\u00e4ll<\/li>\n<li> 1 x Bruksanvisning<\/li>\n<\/ul>\n","protected":false},"excerpt":{"rendered":"<p>Ge varje h\u00f6rn en ny glans med TRUUSK blomst\u00e4ll! Denna trestegs, fl\u00e4ktformade blomtrappa passar perfekt i h\u00f6rn och optimerar varje&#8230;<\/p>\n","protected":false},"featured_media":83473,"template":"","meta":[],"product_brand":[],"product_cat":[1022,858,443,883],"product_tag":[],"class_list":{"0":"post-83482","1":"product","2":"type-product","3":"status-publish","4":"has-post-thumbnail","6":"product_cat-pflanzenregale","7":"product_cat-tradgard-terrass","8":"product_cat-vaxthus-tradgardsskotsel","9":"product_cat-vaxttrappor-hyllor","11":"first","12":"instock","13":"sale","14":"taxable","15":"shipping-taxable","16":"purchasable","17":"product-type-simple"},"yoast_head":"<!-- This site is optimized with the Yoast SEO plugin v25.4 - https:\/\/yoast.com\/wordpress\/plugins\/seo\/ -->\n<title>TRUUSK H\u00f6rnblomst\u00e4ll, Blomst\u00e4ll Med 3 Niv\u00e5er - Metall - F\u00f6r Inomhus Och Utomhus - Blomkruksst\u00e4ll - Svart - TRUUSK - Hem, Tr\u00e4dg\u00e5rd &amp; Fritid<\/title>\n<meta name=\"robots\" content=\"index, follow, max-snippet:-1, max-image-preview:large, max-video-preview:-1\" \/>\n<link rel=\"canonical\" href=\"https:\/\/truusk.store\/sv\/produkt\/truusk-hornblomstall-blomstall-med-3-nivaer-metall-for-inomhus-och-utomhus-blomkruksstall-svart\/\" \/>\n<meta property=\"og:locale\" content=\"sv_SE\" \/>\n<meta property=\"og:type\" content=\"article\" \/>\n<meta property=\"og:title\" content=\"TRUUSK H\u00f6rnblomst\u00e4ll, Blomst\u00e4ll Med 3 Niv\u00e5er - Metall - F\u00f6r Inomhus Och Utomhus - Blomkruksst\u00e4ll - Svart - TRUUSK - Hem, Tr\u00e4dg\u00e5rd &amp; Fritid\" \/>\n<meta property=\"og:description\" content=\"Ge varje h\u00f6rn en ny glans med TRUUSK blomst\u00e4ll! Denna trestegs, fl\u00e4ktformade blomtrappa passar perfekt i h\u00f6rn och optimerar varje...\" \/>\n<meta property=\"og:url\" content=\"https:\/\/truusk.store\/sv\/produkt\/truusk-hornblomstall-blomstall-med-3-nivaer-metall-for-inomhus-och-utomhus-blomkruksstall-svart\/\" \/>\n<meta property=\"og:site_name\" content=\"TRUUSK - Hem, Tr\u00e4dg\u00e5rd &amp; Fritid\" \/>\n<meta property=\"article:modified_time\" content=\"2026-03-12T08:45:30+00:00\" \/>\n<meta property=\"og:image\" content=\"https:\/\/i0.wp.com\/truusk.se\/wp-content\/uploads\/2025\/07\/hornblomstall-blomstall-med-3-nivaer-metall-for-inomhus-och-utomhus-blomkruksstall-svart-1.webp?fit=2000%2C2000&ssl=1\" \/>\n\t<meta property=\"og:image:width\" content=\"2000\" \/>\n\t<meta property=\"og:image:height\" content=\"2000\" \/>\n\t<meta property=\"og:image:type\" content=\"image\/webp\" \/>\n<meta name=\"twitter:card\" content=\"summary_large_image\" \/>\n<meta name=\"twitter:label1\" content=\"Ber\u00e4knad l\u00e4stid\" \/>\n\t<meta name=\"twitter:data1\" content=\"1 minut\" \/>\n<!-- \/ Yoast SEO plugin. -->","yoast_head_json":{"title":"TRUUSK H\u00f6rnblomst\u00e4ll, Blomst\u00e4ll Med 3 Niv\u00e5er - Metall - F\u00f6r Inomhus Och Utomhus - Blomkruksst\u00e4ll - Svart - TRUUSK - Hem, Tr\u00e4dg\u00e5rd &amp; Fritid","robots":{"index":"index","follow":"follow","max-snippet":"max-snippet:-1","max-image-preview":"max-image-preview:large","max-video-preview":"max-video-preview:-1"},"canonical":"https:\/\/truusk.store\/sv\/produkt\/truusk-hornblomstall-blomstall-med-3-nivaer-metall-for-inomhus-och-utomhus-blomkruksstall-svart\/","og_locale":"sv_SE","og_type":"article","og_title":"TRUUSK H\u00f6rnblomst\u00e4ll, Blomst\u00e4ll Med 3 Niv\u00e5er - Metall - F\u00f6r Inomhus Och Utomhus - Blomkruksst\u00e4ll - Svart - TRUUSK - Hem, Tr\u00e4dg\u00e5rd &amp; Fritid","og_description":"Ge varje h\u00f6rn en ny glans med TRUUSK blomst\u00e4ll! Denna trestegs, fl\u00e4ktformade blomtrappa passar perfekt i h\u00f6rn och optimerar varje...","og_url":"https:\/\/truusk.store\/sv\/produkt\/truusk-hornblomstall-blomstall-med-3-nivaer-metall-for-inomhus-och-utomhus-blomkruksstall-svart\/","og_site_name":"TRUUSK - Hem, Tr\u00e4dg\u00e5rd &amp; Fritid","article_modified_time":"2026-03-12T08:45:30+00:00","og_image":[{"width":2000,"height":2000,"url":"https:\/\/i0.wp.com\/truusk.se\/wp-content\/uploads\/2025\/07\/hornblomstall-blomstall-med-3-nivaer-metall-for-inomhus-och-utomhus-blomkruksstall-svart-1.webp?fit=2000%2C2000&ssl=1","type":"image\/webp"}],"twitter_card":"summary_large_image","twitter_misc":{"Ber\u00e4knad l\u00e4stid":"1 minut"},"schema":{"@context":"https:\/\/schema.org","@graph":[{"@type":"WebPage","@id":"https:\/\/truusk.store\/sv\/produkt\/truusk-hornblomstall-blomstall-med-3-nivaer-metall-for-inomhus-och-utomhus-blomkruksstall-svart\/","url":"https:\/\/truusk.store\/sv\/produkt\/truusk-hornblomstall-blomstall-med-3-nivaer-metall-for-inomhus-och-utomhus-blomkruksstall-svart\/","name":"TRUUSK H\u00f6rnblomst\u00e4ll, Blomst\u00e4ll Med 3 Niv\u00e5er - Metall - F\u00f6r Inomhus Och Utomhus - Blomkruksst\u00e4ll - Svart - TRUUSK - Hem, Tr\u00e4dg\u00e5rd &amp; Fritid","isPartOf":{"@id":"https:\/\/truusk.store\/sv\/#website"},"primaryImageOfPage":{"@id":"https:\/\/truusk.store\/sv\/produkt\/truusk-hornblomstall-blomstall-med-3-nivaer-metall-for-inomhus-och-utomhus-blomkruksstall-svart\/#primaryimage"},"image":{"@id":"https:\/\/truusk.store\/sv\/produkt\/truusk-hornblomstall-blomstall-med-3-nivaer-metall-for-inomhus-och-utomhus-blomkruksstall-svart\/#primaryimage"},"thumbnailUrl":"https:\/\/i0.wp.com\/truusk.store\/wp-content\/uploads\/2025\/07\/hornblomstall-blomstall-med-3-nivaer-metall-for-inomhus-och-utomhus-blomkruksstall-svart-1.webp?fit=2000%2C2000&ssl=1","datePublished":"2025-07-18T11:18:26+00:00","dateModified":"2026-03-12T08:45:30+00:00","breadcrumb":{"@id":"https:\/\/truusk.store\/sv\/produkt\/truusk-hornblomstall-blomstall-med-3-nivaer-metall-for-inomhus-och-utomhus-blomkruksstall-svart\/#breadcrumb"},"inLanguage":"sv-SE","potentialAction":[{"@type":"ReadAction","target":["https:\/\/truusk.store\/sv\/produkt\/truusk-hornblomstall-blomstall-med-3-nivaer-metall-for-inomhus-och-utomhus-blomkruksstall-svart\/"]}]},{"@type":"ImageObject","inLanguage":"sv-SE","@id":"https:\/\/truusk.store\/sv\/produkt\/truusk-hornblomstall-blomstall-med-3-nivaer-metall-for-inomhus-och-utomhus-blomkruksstall-svart\/#primaryimage","url":"https:\/\/i0.wp.com\/truusk.store\/wp-content\/uploads\/2025\/07\/hornblomstall-blomstall-med-3-nivaer-metall-for-inomhus-och-utomhus-blomkruksstall-svart-1.webp?fit=2000%2C2000&ssl=1","contentUrl":"https:\/\/i0.wp.com\/truusk.store\/wp-content\/uploads\/2025\/07\/hornblomstall-blomstall-med-3-nivaer-metall-for-inomhus-och-utomhus-blomkruksstall-svart-1.webp?fit=2000%2C2000&ssl=1","width":2000,"height":2000},{"@type":"BreadcrumbList","@id":"https:\/\/truusk.store\/sv\/produkt\/truusk-hornblomstall-blomstall-med-3-nivaer-metall-for-inomhus-och-utomhus-blomkruksstall-svart\/#breadcrumb","itemListElement":[{"@type":"ListItem","position":1,"name":"Home","item":"https:\/\/truusk.store\/sv\/"},{"@type":"ListItem","position":2,"name":"Shop","item":"https:\/\/truusk.store\/shop\/"},{"@type":"ListItem","position":3,"name":"TRUUSK H\u00f6rnblomst\u00e4ll, Blomst\u00e4ll Med 3 Niv\u00e5er &#8211; Metall &#8211; F\u00f6r Inomhus Och Utomhus &#8211; Blomkruksst\u00e4ll &#8211; Svart"}]},{"@type":"WebSite","@id":"https:\/\/truusk.store\/sv\/#website","url":"https:\/\/truusk.store\/sv\/","name":"TRUUSK - Hem, Tr\u00e4dg\u00e5rd & Fritid","description":"","publisher":{"@id":"https:\/\/truusk.store\/sv\/#organization"},"potentialAction":[{"@type":"SearchAction","target":{"@type":"EntryPoint","urlTemplate":"https:\/\/truusk.store\/sv\/?s={search_term_string}"},"query-input":{"@type":"PropertyValueSpecification","valueRequired":true,"valueName":"search_term_string"}}],"inLanguage":"sv-SE"},{"@type":"Organization","@id":"https:\/\/truusk.store\/sv\/#organization","name":"TRUUSK - Hem, Tr\u00e4dg\u00e5rd & Fritid","url":"https:\/\/truusk.store\/sv\/","logo":{"@type":"ImageObject","inLanguage":"sv-SE","@id":"https:\/\/truusk.store\/sv\/#\/schema\/logo\/image\/","url":"https:\/\/i0.wp.com\/truusk.store\/wp-content\/uploads\/2026\/03\/cropped-TRUUSK.png?fit=2032%2C917&ssl=1","contentUrl":"https:\/\/i0.wp.com\/truusk.store\/wp-content\/uploads\/2026\/03\/cropped-TRUUSK.png?fit=2032%2C917&ssl=1","width":2032,"height":917,"caption":"TRUUSK - Hem, Tr\u00e4dg\u00e5rd & Fritid"},"image":{"@id":"https:\/\/truusk.store\/sv\/#\/schema\/logo\/image\/"}}]}},"jetpack_sharing_enabled":true,"_links":{"self":[{"href":"https:\/\/truusk.store\/sv\/wp-json\/wp\/v2\/product\/83482","targetHints":{"allow":["GET"]}}],"collection":[{"href":"https:\/\/truusk.store\/sv\/wp-json\/wp\/v2\/product"}],"about":[{"href":"https:\/\/truusk.store\/sv\/wp-json\/wp\/v2\/types\/product"}],"wp:featuredmedia":[{"embeddable":true,"href":"https:\/\/truusk.store\/sv\/wp-json\/wp\/v2\/media\/83473"}],"wp:attachment":[{"href":"https:\/\/truusk.store\/sv\/wp-json\/wp\/v2\/media?parent=83482"}],"wp:term":[{"taxonomy":"product_brand","embeddable":true,"href":"https:\/\/truusk.store\/sv\/wp-json\/wp\/v2\/product_brand?post=83482"},{"taxonomy":"product_cat","embeddable":true,"href":"https:\/\/truusk.store\/sv\/wp-json\/wp\/v2\/product_cat?post=83482"},{"taxonomy":"product_tag","embeddable":true,"href":"https:\/\/truusk.store\/sv\/wp-json\/wp\/v2\/product_tag?post=83482"}],"curies":[{"name":"wp","href":"https:\/\/api.w.org\/{rel}","templated":true}]}}