{"id":83492,"date":"2025-07-18T12:19:12","date_gmt":"2025-07-18T11:19:12","guid":{"rendered":"https:\/\/truusk.store\/product\/vaxtstall-blomkruksstall-med-2-nivaer-draneringshal-for-inomhus-och-utomhus-metall-svart\/"},"modified":"2026-03-12T09:45:31","modified_gmt":"2026-03-12T08:45:31","slug":"truusk-vaxtstall-med-2-nivaer-draneringshal-for-inomhus-och-utomhus-metall-svart","status":"publish","type":"product","link":"https:\/\/truusk.store\/sv\/produkt\/truusk-vaxtstall-med-2-nivaer-draneringshal-for-inomhus-och-utomhus-metall-svart\/","title":{"rendered":"TRUUSK V\u00e4xtst\u00e4ll Med 2 Niv\u00e5er &#8211; Dr\u00e4neringsh\u00e5l &#8211; F\u00f6r Inomhus Och Utomhus &#8211; Metall &#8211; Svart"},"content":{"rendered":"<p>Den h\u00e4r tv\u00e5stegs v\u00e4xtst\u00e4llet fr\u00e5n TRUUSK presenterar dina favoritblommor med stil. Med dess inh\u00e4gnade \u00f6vre fack f\u00f6r extra s\u00e4kerhet och tv\u00e5 dr\u00e4neringsh\u00e5l mot vattenstagnation, kombinerar denna rostfria, metalliska blomtrappa funktionalitet med elegans &#8211; en sann tillg\u00e5ng f\u00f6r varje tr\u00e4dg\u00e5rd.<\/p>\n<p>Beskrivning:<\/p>\n<ul>\n<li> Det tv\u00e5stegs designen av blomtrappan m\u00f6jligg\u00f6r m\u00e5ngsidiga v\u00e4xtarrangemang<\/li>\n<li> Den upph\u00f6jda kanten p\u00e5 toppen av blomkolumnen s\u00e4krar krukor och dekorationsartiklar<\/li>\n<li> Tv\u00e5 dr\u00e4neringsh\u00e5l i v\u00e4xttrappan f\u00f6rhindrar ansamling av vatten<\/li>\n<li> Pulverlackerat metall \u00e4r rostbest\u00e4ndigt, l\u00e4mpligt f\u00f6r utomhusbruk<\/li>\n<li> Det X-formade bakstycket f\u00f6rb\u00e4ttrar den totala stabiliteten<\/li>\n<li> Den helt svarta ramen ger ett elegant utseende<\/li>\n<li> Montering kr\u00e4vs<\/li>\n<\/ul>\n<p>Tekniska data:<\/p>\n<ul>\n<li> F\u00e4rg: Svart<\/li>\n<li> Material: Metall<\/li>\n<li> Totala dimensioner: 60L x 25B x 70H cm<\/li>\n<li> Storlek p\u00e5 varje niv\u00e5: 60B x 22T cm<\/li>\n<li> H\u00f6jd p\u00e5 det l\u00e4gsta hyllplanet: 10 cm (till golvet)<\/li>\n<li> Max. belastning: 20 kg (per niv\u00e5)<\/li>\n<\/ul>\n<p>Leveransinneh\u00e5ll:<\/p>\n<ul>\n<li> 1 x Blomst\u00e4llning<\/li>\n<li> 1 x Bruksanvisning<\/li>\n<\/ul>\n","protected":false},"excerpt":{"rendered":"<p>Den h\u00e4r tv\u00e5stegs v\u00e4xtst\u00e4llet fr\u00e5n TRUUSK presenterar dina favoritblommor med stil. Med dess inh\u00e4gnade \u00f6vre fack f\u00f6r extra s\u00e4kerhet och&#8230;<\/p>\n","protected":false},"featured_media":83483,"template":"","meta":[],"product_brand":[],"product_cat":[924,858,443],"product_tag":[],"class_list":{"0":"post-83492","1":"product","2":"type-product","3":"status-publish","4":"has-post-thumbnail","6":"product_cat-plantkarl","7":"product_cat-tradgard-terrass","8":"product_cat-vaxthus-tradgardsskotsel","10":"first","11":"instock","12":"sale","13":"taxable","14":"shipping-taxable","15":"purchasable","16":"product-type-simple"},"yoast_head":"<!-- This site is optimized with the Yoast SEO plugin v25.4 - https:\/\/yoast.com\/wordpress\/plugins\/seo\/ -->\n<title>TRUUSK V\u00e4xtst\u00e4ll Med 2 Niv\u00e5er - Dr\u00e4neringsh\u00e5l - F\u00f6r Inomhus Och Utomhus - Metall - Svart - TRUUSK - Hem, Tr\u00e4dg\u00e5rd &amp; Fritid<\/title>\n<meta name=\"robots\" content=\"index, follow, max-snippet:-1, max-image-preview:large, max-video-preview:-1\" \/>\n<link rel=\"canonical\" href=\"https:\/\/truusk.store\/sv\/produkt\/truusk-vaxtstall-med-2-nivaer-draneringshal-for-inomhus-och-utomhus-metall-svart\/\" \/>\n<meta property=\"og:locale\" content=\"sv_SE\" \/>\n<meta property=\"og:type\" content=\"article\" \/>\n<meta property=\"og:title\" content=\"TRUUSK V\u00e4xtst\u00e4ll Med 2 Niv\u00e5er - Dr\u00e4neringsh\u00e5l - F\u00f6r Inomhus Och Utomhus - Metall - Svart - TRUUSK - Hem, Tr\u00e4dg\u00e5rd &amp; Fritid\" \/>\n<meta property=\"og:description\" content=\"Den h\u00e4r tv\u00e5stegs v\u00e4xtst\u00e4llet fr\u00e5n TRUUSK presenterar dina favoritblommor med stil. Med dess inh\u00e4gnade \u00f6vre fack f\u00f6r extra s\u00e4kerhet och...\" \/>\n<meta property=\"og:url\" content=\"https:\/\/truusk.store\/sv\/produkt\/truusk-vaxtstall-med-2-nivaer-draneringshal-for-inomhus-och-utomhus-metall-svart\/\" \/>\n<meta property=\"og:site_name\" content=\"TRUUSK - Hem, Tr\u00e4dg\u00e5rd &amp; Fritid\" \/>\n<meta property=\"article:modified_time\" content=\"2026-03-12T08:45:31+00:00\" \/>\n<meta property=\"og:image\" content=\"https:\/\/i0.wp.com\/truusk.se\/wp-content\/uploads\/2025\/07\/vaxtstall-blomkruksstall-med-2-nivaer-draneringshal-for-inomhus-och-utomhus-metall-svart-1.webp?fit=2000%2C2000&ssl=1\" \/>\n\t<meta property=\"og:image:width\" content=\"2000\" \/>\n\t<meta property=\"og:image:height\" content=\"2000\" \/>\n\t<meta property=\"og:image:type\" content=\"image\/webp\" \/>\n<meta name=\"twitter:card\" content=\"summary_large_image\" \/>\n<meta name=\"twitter:label1\" content=\"Ber\u00e4knad l\u00e4stid\" \/>\n\t<meta name=\"twitter:data1\" content=\"1 minut\" \/>\n<!-- \/ Yoast SEO plugin. -->","yoast_head_json":{"title":"TRUUSK V\u00e4xtst\u00e4ll Med 2 Niv\u00e5er - Dr\u00e4neringsh\u00e5l - F\u00f6r Inomhus Och Utomhus - Metall - Svart - TRUUSK - Hem, Tr\u00e4dg\u00e5rd &amp; Fritid","robots":{"index":"index","follow":"follow","max-snippet":"max-snippet:-1","max-image-preview":"max-image-preview:large","max-video-preview":"max-video-preview:-1"},"canonical":"https:\/\/truusk.store\/sv\/produkt\/truusk-vaxtstall-med-2-nivaer-draneringshal-for-inomhus-och-utomhus-metall-svart\/","og_locale":"sv_SE","og_type":"article","og_title":"TRUUSK V\u00e4xtst\u00e4ll Med 2 Niv\u00e5er - Dr\u00e4neringsh\u00e5l - F\u00f6r Inomhus Och Utomhus - Metall - Svart - TRUUSK - Hem, Tr\u00e4dg\u00e5rd &amp; Fritid","og_description":"Den h\u00e4r tv\u00e5stegs v\u00e4xtst\u00e4llet fr\u00e5n TRUUSK presenterar dina favoritblommor med stil. Med dess inh\u00e4gnade \u00f6vre fack f\u00f6r extra s\u00e4kerhet och...","og_url":"https:\/\/truusk.store\/sv\/produkt\/truusk-vaxtstall-med-2-nivaer-draneringshal-for-inomhus-och-utomhus-metall-svart\/","og_site_name":"TRUUSK - Hem, Tr\u00e4dg\u00e5rd &amp; Fritid","article_modified_time":"2026-03-12T08:45:31+00:00","og_image":[{"width":2000,"height":2000,"url":"https:\/\/i0.wp.com\/truusk.se\/wp-content\/uploads\/2025\/07\/vaxtstall-blomkruksstall-med-2-nivaer-draneringshal-for-inomhus-och-utomhus-metall-svart-1.webp?fit=2000%2C2000&ssl=1","type":"image\/webp"}],"twitter_card":"summary_large_image","twitter_misc":{"Ber\u00e4knad l\u00e4stid":"1 minut"},"schema":{"@context":"https:\/\/schema.org","@graph":[{"@type":"WebPage","@id":"https:\/\/truusk.store\/sv\/produkt\/truusk-vaxtstall-med-2-nivaer-draneringshal-for-inomhus-och-utomhus-metall-svart\/","url":"https:\/\/truusk.store\/sv\/produkt\/truusk-vaxtstall-med-2-nivaer-draneringshal-for-inomhus-och-utomhus-metall-svart\/","name":"TRUUSK V\u00e4xtst\u00e4ll Med 2 Niv\u00e5er - Dr\u00e4neringsh\u00e5l - F\u00f6r Inomhus Och Utomhus - Metall - Svart - TRUUSK - Hem, Tr\u00e4dg\u00e5rd &amp; Fritid","isPartOf":{"@id":"https:\/\/truusk.store\/sv\/#website"},"primaryImageOfPage":{"@id":"https:\/\/truusk.store\/sv\/produkt\/truusk-vaxtstall-med-2-nivaer-draneringshal-for-inomhus-och-utomhus-metall-svart\/#primaryimage"},"image":{"@id":"https:\/\/truusk.store\/sv\/produkt\/truusk-vaxtstall-med-2-nivaer-draneringshal-for-inomhus-och-utomhus-metall-svart\/#primaryimage"},"thumbnailUrl":"https:\/\/i0.wp.com\/truusk.store\/wp-content\/uploads\/2025\/07\/vaxtstall-blomkruksstall-med-2-nivaer-draneringshal-for-inomhus-och-utomhus-metall-svart-1.webp?fit=2000%2C2000&ssl=1","datePublished":"2025-07-18T11:19:12+00:00","dateModified":"2026-03-12T08:45:31+00:00","breadcrumb":{"@id":"https:\/\/truusk.store\/sv\/produkt\/truusk-vaxtstall-med-2-nivaer-draneringshal-for-inomhus-och-utomhus-metall-svart\/#breadcrumb"},"inLanguage":"sv-SE","potentialAction":[{"@type":"ReadAction","target":["https:\/\/truusk.store\/sv\/produkt\/truusk-vaxtstall-med-2-nivaer-draneringshal-for-inomhus-och-utomhus-metall-svart\/"]}]},{"@type":"ImageObject","inLanguage":"sv-SE","@id":"https:\/\/truusk.store\/sv\/produkt\/truusk-vaxtstall-med-2-nivaer-draneringshal-for-inomhus-och-utomhus-metall-svart\/#primaryimage","url":"https:\/\/i0.wp.com\/truusk.store\/wp-content\/uploads\/2025\/07\/vaxtstall-blomkruksstall-med-2-nivaer-draneringshal-for-inomhus-och-utomhus-metall-svart-1.webp?fit=2000%2C2000&ssl=1","contentUrl":"https:\/\/i0.wp.com\/truusk.store\/wp-content\/uploads\/2025\/07\/vaxtstall-blomkruksstall-med-2-nivaer-draneringshal-for-inomhus-och-utomhus-metall-svart-1.webp?fit=2000%2C2000&ssl=1","width":2000,"height":2000},{"@type":"BreadcrumbList","@id":"https:\/\/truusk.store\/sv\/produkt\/truusk-vaxtstall-med-2-nivaer-draneringshal-for-inomhus-och-utomhus-metall-svart\/#breadcrumb","itemListElement":[{"@type":"ListItem","position":1,"name":"Home","item":"https:\/\/truusk.store\/sv\/"},{"@type":"ListItem","position":2,"name":"Shop","item":"https:\/\/truusk.store\/shop\/"},{"@type":"ListItem","position":3,"name":"TRUUSK V\u00e4xtst\u00e4ll Med 2 Niv\u00e5er &#8211; Dr\u00e4neringsh\u00e5l &#8211; F\u00f6r Inomhus Och Utomhus &#8211; Metall &#8211; Svart"}]},{"@type":"WebSite","@id":"https:\/\/truusk.store\/sv\/#website","url":"https:\/\/truusk.store\/sv\/","name":"TRUUSK - Hem, Tr\u00e4dg\u00e5rd & Fritid","description":"","publisher":{"@id":"https:\/\/truusk.store\/sv\/#organization"},"potentialAction":[{"@type":"SearchAction","target":{"@type":"EntryPoint","urlTemplate":"https:\/\/truusk.store\/sv\/?s={search_term_string}"},"query-input":{"@type":"PropertyValueSpecification","valueRequired":true,"valueName":"search_term_string"}}],"inLanguage":"sv-SE"},{"@type":"Organization","@id":"https:\/\/truusk.store\/sv\/#organization","name":"TRUUSK - Hem, Tr\u00e4dg\u00e5rd & Fritid","url":"https:\/\/truusk.store\/sv\/","logo":{"@type":"ImageObject","inLanguage":"sv-SE","@id":"https:\/\/truusk.store\/sv\/#\/schema\/logo\/image\/","url":"https:\/\/i0.wp.com\/truusk.store\/wp-content\/uploads\/2026\/03\/cropped-TRUUSK.png?fit=2032%2C917&ssl=1","contentUrl":"https:\/\/i0.wp.com\/truusk.store\/wp-content\/uploads\/2026\/03\/cropped-TRUUSK.png?fit=2032%2C917&ssl=1","width":2032,"height":917,"caption":"TRUUSK - Hem, Tr\u00e4dg\u00e5rd & Fritid"},"image":{"@id":"https:\/\/truusk.store\/sv\/#\/schema\/logo\/image\/"}}]}},"jetpack_sharing_enabled":true,"_links":{"self":[{"href":"https:\/\/truusk.store\/sv\/wp-json\/wp\/v2\/product\/83492","targetHints":{"allow":["GET"]}}],"collection":[{"href":"https:\/\/truusk.store\/sv\/wp-json\/wp\/v2\/product"}],"about":[{"href":"https:\/\/truusk.store\/sv\/wp-json\/wp\/v2\/types\/product"}],"wp:featuredmedia":[{"embeddable":true,"href":"https:\/\/truusk.store\/sv\/wp-json\/wp\/v2\/media\/83483"}],"wp:attachment":[{"href":"https:\/\/truusk.store\/sv\/wp-json\/wp\/v2\/media?parent=83492"}],"wp:term":[{"taxonomy":"product_brand","embeddable":true,"href":"https:\/\/truusk.store\/sv\/wp-json\/wp\/v2\/product_brand?post=83492"},{"taxonomy":"product_cat","embeddable":true,"href":"https:\/\/truusk.store\/sv\/wp-json\/wp\/v2\/product_cat?post=83492"},{"taxonomy":"product_tag","embeddable":true,"href":"https:\/\/truusk.store\/sv\/wp-json\/wp\/v2\/product_tag?post=83492"}],"curies":[{"name":"wp","href":"https:\/\/api.w.org\/{rel}","templated":true}]}}