{"id":83524,"date":"2025-07-18T12:23:31","date_gmt":"2025-07-18T11:23:31","guid":{"rendered":"https:\/\/truusk.store\/product\/kontorsstol-ergonomisk-skrivbordsstol-med-nattygoverdrag-justerbar-rullbar-med-armstod-huvudstod-svart\/"},"modified":"2026-03-12T08:42:42","modified_gmt":"2026-03-12T07:42:42","slug":"truusk-kontorsstol-ergonomisk-skrivbordsstol-justerbar-med-nattygoverdrag-rullbar-armstod-huvudstod-svart","status":"publish","type":"product","link":"https:\/\/truusk.store\/sv\/produkt\/truusk-kontorsstol-ergonomisk-skrivbordsstol-justerbar-med-nattygoverdrag-rullbar-armstod-huvudstod-svart\/","title":{"rendered":"TRUUSK Kontorsstol &#8211; Ergonomisk Skrivbordsstol &#8211; Justerbar Med N\u00e4ttyg\u00f6verdrag &#8211; Rullbar &#8211; Armst\u00f6d &#8211; Huvudst\u00f6d &#8211; Svart"},"content":{"rendered":"<p>Njut av \u00f6verl\u00e4gsen komfort med TRUUSK kontorsstol. Den har en upp till 135\u00b0 lutande ryggst\u00f6d med tre l\u00e5spositioner, f\u00f6r skr\u00e4ddarsydd avkoppling. Ett roterbart och h\u00f6jdjusterbart huvudst\u00f6d p\u00e5 skrivbordsstolen erbjuder perfekt nackst\u00f6d och den justerbara l\u00e4ndst\u00f6det ger ryggkomfort vid l\u00e5ngvarig sittning. Idealisk f\u00f6r alla kontor eller arbetsrum!<\/p>\n<p>Beskrivning:<\/p>\n<ul>\n<li> Ryggst\u00f6d med 135\u00b0 lutning och tre l\u00e5sbara positioner \u00f6kar sittkomforten<\/li>\n<li> Roterbart huvudst\u00f6d, justerbart och avtagbart f\u00f6r individuellt nackst\u00f6d<\/li>\n<li> Justerbart l\u00e4ndst\u00f6d ger \u00f6verl\u00e4gsen ryggkomfort<\/li>\n<li> 3D-armst\u00f6d och utdragbar fotst\u00f6d anpassar sig f\u00f6r att s\u00e4kerst\u00e4lla komfort f\u00f6r hela kroppen<\/li>\n<li> Justerbar sitth\u00f6jd och sitt djup p\u00e5 den roterande stolen passar olika anv\u00e4ndare<\/li>\n<li> Lutningsfunktionen m\u00f6jligg\u00f6r gungning, vilket \u00f6kar avkopplingen<\/li>\n<li> Roterande hjul och sits p\u00e5 skrivbordsstolen f\u00f6rb\u00e4ttrar r\u00f6rligheten p\u00e5 arbetsplatsen<\/li>\n<li> Andningsbart n\u00e4ttyg h\u00e5ller dig sval \u00e4ven vid l\u00e5ngvarig anv\u00e4ndning<\/li>\n<\/ul>\n<p> Tekniska data:<\/p>\n<ul>\n<li> F\u00e4rg: Svart<\/li>\n<li> Material: Mesh(100% Polyester), Plast, Skum<\/li>\n<li> Totala dimensioner: 66B x 64T x 114-122H cm<\/li>\n<li> Liggande dimensioner: 66B x 89T x 100-108H cm<\/li>\n<li> Sitsstorlek: 50B x 50T cm<\/li>\n<li> Sitth\u00f6jd: 49-57 cm<\/li>\n<li> Armst\u00f6dsh\u00f6jd till sits: 19-26 cm<\/li>\n<li> Ryggstorlek: 70L x 50B cm<\/li>\n<li> Fotst\u00f6dsstorlek: 35L x 19B cm<\/li>\n<li> B\u00e4rkapacitet: 120 kg<\/li>\n<\/ul>\n<p>Leveransinneh\u00e5ll:<\/p>\n<ul>\n<li> 1 x Kontorsstol<\/li>\n<li> 1 x Bruksanvisning<\/li>\n<\/ul>\n","protected":false},"excerpt":{"rendered":"<p>Njut av \u00f6verl\u00e4gsen komfort med TRUUSK kontorsstol. Den har en upp till 135\u00b0 lutande ryggst\u00f6d med tre l\u00e5spositioner, f\u00f6r skr\u00e4ddarsydd&#8230;<\/p>\n","protected":false},"featured_media":83513,"template":"","meta":[],"product_brand":[],"product_cat":[872,871,516],"product_tag":[],"class_list":{"0":"post-83524","1":"product","2":"type-product","3":"status-publish","4":"has-post-thumbnail","6":"product_cat-hemmakontor-arbetsplats","7":"product_cat-hus-hem","8":"product_cat-kontorsstolar","10":"first","11":"instock","12":"sale","13":"taxable","14":"shipping-taxable","15":"purchasable","16":"product-type-simple"},"yoast_head":"<!-- This site is optimized with the Yoast SEO plugin v25.4 - https:\/\/yoast.com\/wordpress\/plugins\/seo\/ -->\n<title>TRUUSK Kontorsstol - Ergonomisk Skrivbordsstol - Justerbar Med N\u00e4ttyg\u00f6verdrag - Rullbar - Armst\u00f6d - Huvudst\u00f6d - Svart - TRUUSK - Hem, Tr\u00e4dg\u00e5rd &amp; Fritid<\/title>\n<meta name=\"robots\" content=\"index, follow, max-snippet:-1, max-image-preview:large, max-video-preview:-1\" \/>\n<link rel=\"canonical\" href=\"https:\/\/truusk.store\/sv\/produkt\/truusk-kontorsstol-ergonomisk-skrivbordsstol-justerbar-med-nattygoverdrag-rullbar-armstod-huvudstod-svart\/\" \/>\n<meta property=\"og:locale\" content=\"sv_SE\" \/>\n<meta property=\"og:type\" content=\"article\" \/>\n<meta property=\"og:title\" content=\"TRUUSK Kontorsstol - Ergonomisk Skrivbordsstol - Justerbar Med N\u00e4ttyg\u00f6verdrag - Rullbar - Armst\u00f6d - Huvudst\u00f6d - Svart - TRUUSK - Hem, Tr\u00e4dg\u00e5rd &amp; Fritid\" \/>\n<meta property=\"og:description\" content=\"Njut av \u00f6verl\u00e4gsen komfort med TRUUSK kontorsstol. Den har en upp till 135\u00b0 lutande ryggst\u00f6d med tre l\u00e5spositioner, f\u00f6r skr\u00e4ddarsydd...\" \/>\n<meta property=\"og:url\" content=\"https:\/\/truusk.store\/sv\/produkt\/truusk-kontorsstol-ergonomisk-skrivbordsstol-justerbar-med-nattygoverdrag-rullbar-armstod-huvudstod-svart\/\" \/>\n<meta property=\"og:site_name\" content=\"TRUUSK - Hem, Tr\u00e4dg\u00e5rd &amp; Fritid\" \/>\n<meta property=\"article:modified_time\" content=\"2026-03-12T07:42:42+00:00\" \/>\n<meta property=\"og:image\" content=\"https:\/\/i0.wp.com\/truusk.se\/wp-content\/uploads\/2025\/07\/kontorsstol-ergonomisk-skrivbordsstol-med-nattygoverdrag-justerbar-rullbar-med-armstod-huvudstod-svart-1.webp?fit=2000%2C2000&ssl=1\" \/>\n\t<meta property=\"og:image:width\" content=\"2000\" \/>\n\t<meta property=\"og:image:height\" content=\"2000\" \/>\n\t<meta property=\"og:image:type\" content=\"image\/webp\" \/>\n<meta name=\"twitter:card\" content=\"summary_large_image\" \/>\n<meta name=\"twitter:label1\" content=\"Ber\u00e4knad l\u00e4stid\" \/>\n\t<meta name=\"twitter:data1\" content=\"1 minut\" \/>\n<!-- \/ Yoast SEO plugin. -->","yoast_head_json":{"title":"TRUUSK Kontorsstol - Ergonomisk Skrivbordsstol - Justerbar Med N\u00e4ttyg\u00f6verdrag - Rullbar - Armst\u00f6d - Huvudst\u00f6d - Svart - TRUUSK - Hem, Tr\u00e4dg\u00e5rd &amp; Fritid","robots":{"index":"index","follow":"follow","max-snippet":"max-snippet:-1","max-image-preview":"max-image-preview:large","max-video-preview":"max-video-preview:-1"},"canonical":"https:\/\/truusk.store\/sv\/produkt\/truusk-kontorsstol-ergonomisk-skrivbordsstol-justerbar-med-nattygoverdrag-rullbar-armstod-huvudstod-svart\/","og_locale":"sv_SE","og_type":"article","og_title":"TRUUSK Kontorsstol - Ergonomisk Skrivbordsstol - Justerbar Med N\u00e4ttyg\u00f6verdrag - Rullbar - Armst\u00f6d - Huvudst\u00f6d - Svart - TRUUSK - Hem, Tr\u00e4dg\u00e5rd &amp; Fritid","og_description":"Njut av \u00f6verl\u00e4gsen komfort med TRUUSK kontorsstol. Den har en upp till 135\u00b0 lutande ryggst\u00f6d med tre l\u00e5spositioner, f\u00f6r skr\u00e4ddarsydd...","og_url":"https:\/\/truusk.store\/sv\/produkt\/truusk-kontorsstol-ergonomisk-skrivbordsstol-justerbar-med-nattygoverdrag-rullbar-armstod-huvudstod-svart\/","og_site_name":"TRUUSK - Hem, Tr\u00e4dg\u00e5rd &amp; Fritid","article_modified_time":"2026-03-12T07:42:42+00:00","og_image":[{"width":2000,"height":2000,"url":"https:\/\/i0.wp.com\/truusk.se\/wp-content\/uploads\/2025\/07\/kontorsstol-ergonomisk-skrivbordsstol-med-nattygoverdrag-justerbar-rullbar-med-armstod-huvudstod-svart-1.webp?fit=2000%2C2000&ssl=1","type":"image\/webp"}],"twitter_card":"summary_large_image","twitter_misc":{"Ber\u00e4knad l\u00e4stid":"1 minut"},"schema":{"@context":"https:\/\/schema.org","@graph":[{"@type":"WebPage","@id":"https:\/\/truusk.store\/sv\/produkt\/truusk-kontorsstol-ergonomisk-skrivbordsstol-justerbar-med-nattygoverdrag-rullbar-armstod-huvudstod-svart\/","url":"https:\/\/truusk.store\/sv\/produkt\/truusk-kontorsstol-ergonomisk-skrivbordsstol-justerbar-med-nattygoverdrag-rullbar-armstod-huvudstod-svart\/","name":"TRUUSK Kontorsstol - Ergonomisk Skrivbordsstol - Justerbar Med N\u00e4ttyg\u00f6verdrag - Rullbar - Armst\u00f6d - Huvudst\u00f6d - Svart - TRUUSK - Hem, Tr\u00e4dg\u00e5rd &amp; Fritid","isPartOf":{"@id":"https:\/\/truusk.store\/sv\/#website"},"primaryImageOfPage":{"@id":"https:\/\/truusk.store\/sv\/produkt\/truusk-kontorsstol-ergonomisk-skrivbordsstol-justerbar-med-nattygoverdrag-rullbar-armstod-huvudstod-svart\/#primaryimage"},"image":{"@id":"https:\/\/truusk.store\/sv\/produkt\/truusk-kontorsstol-ergonomisk-skrivbordsstol-justerbar-med-nattygoverdrag-rullbar-armstod-huvudstod-svart\/#primaryimage"},"thumbnailUrl":"https:\/\/i0.wp.com\/truusk.store\/wp-content\/uploads\/2025\/07\/kontorsstol-ergonomisk-skrivbordsstol-med-nattygoverdrag-justerbar-rullbar-med-armstod-huvudstod-svart-1.webp?fit=2000%2C2000&ssl=1","datePublished":"2025-07-18T11:23:31+00:00","dateModified":"2026-03-12T07:42:42+00:00","breadcrumb":{"@id":"https:\/\/truusk.store\/sv\/produkt\/truusk-kontorsstol-ergonomisk-skrivbordsstol-justerbar-med-nattygoverdrag-rullbar-armstod-huvudstod-svart\/#breadcrumb"},"inLanguage":"sv-SE","potentialAction":[{"@type":"ReadAction","target":["https:\/\/truusk.store\/sv\/produkt\/truusk-kontorsstol-ergonomisk-skrivbordsstol-justerbar-med-nattygoverdrag-rullbar-armstod-huvudstod-svart\/"]}]},{"@type":"ImageObject","inLanguage":"sv-SE","@id":"https:\/\/truusk.store\/sv\/produkt\/truusk-kontorsstol-ergonomisk-skrivbordsstol-justerbar-med-nattygoverdrag-rullbar-armstod-huvudstod-svart\/#primaryimage","url":"https:\/\/i0.wp.com\/truusk.store\/wp-content\/uploads\/2025\/07\/kontorsstol-ergonomisk-skrivbordsstol-med-nattygoverdrag-justerbar-rullbar-med-armstod-huvudstod-svart-1.webp?fit=2000%2C2000&ssl=1","contentUrl":"https:\/\/i0.wp.com\/truusk.store\/wp-content\/uploads\/2025\/07\/kontorsstol-ergonomisk-skrivbordsstol-med-nattygoverdrag-justerbar-rullbar-med-armstod-huvudstod-svart-1.webp?fit=2000%2C2000&ssl=1","width":2000,"height":2000},{"@type":"BreadcrumbList","@id":"https:\/\/truusk.store\/sv\/produkt\/truusk-kontorsstol-ergonomisk-skrivbordsstol-justerbar-med-nattygoverdrag-rullbar-armstod-huvudstod-svart\/#breadcrumb","itemListElement":[{"@type":"ListItem","position":1,"name":"Home","item":"https:\/\/truusk.store\/sv\/"},{"@type":"ListItem","position":2,"name":"Shop","item":"https:\/\/truusk.store\/shop\/"},{"@type":"ListItem","position":3,"name":"TRUUSK Kontorsstol &#8211; Ergonomisk Skrivbordsstol &#8211; Justerbar Med N\u00e4ttyg\u00f6verdrag &#8211; Rullbar &#8211; Armst\u00f6d &#8211; Huvudst\u00f6d &#8211; Svart"}]},{"@type":"WebSite","@id":"https:\/\/truusk.store\/sv\/#website","url":"https:\/\/truusk.store\/sv\/","name":"TRUUSK - Hem, Tr\u00e4dg\u00e5rd & Fritid","description":"","publisher":{"@id":"https:\/\/truusk.store\/sv\/#organization"},"potentialAction":[{"@type":"SearchAction","target":{"@type":"EntryPoint","urlTemplate":"https:\/\/truusk.store\/sv\/?s={search_term_string}"},"query-input":{"@type":"PropertyValueSpecification","valueRequired":true,"valueName":"search_term_string"}}],"inLanguage":"sv-SE"},{"@type":"Organization","@id":"https:\/\/truusk.store\/sv\/#organization","name":"TRUUSK - Hem, Tr\u00e4dg\u00e5rd & Fritid","url":"https:\/\/truusk.store\/sv\/","logo":{"@type":"ImageObject","inLanguage":"sv-SE","@id":"https:\/\/truusk.store\/sv\/#\/schema\/logo\/image\/","url":"https:\/\/i0.wp.com\/truusk.store\/wp-content\/uploads\/2026\/03\/cropped-TRUUSK.png?fit=2032%2C917&ssl=1","contentUrl":"https:\/\/i0.wp.com\/truusk.store\/wp-content\/uploads\/2026\/03\/cropped-TRUUSK.png?fit=2032%2C917&ssl=1","width":2032,"height":917,"caption":"TRUUSK - Hem, Tr\u00e4dg\u00e5rd & Fritid"},"image":{"@id":"https:\/\/truusk.store\/sv\/#\/schema\/logo\/image\/"}}]}},"jetpack_sharing_enabled":true,"_links":{"self":[{"href":"https:\/\/truusk.store\/sv\/wp-json\/wp\/v2\/product\/83524","targetHints":{"allow":["GET"]}}],"collection":[{"href":"https:\/\/truusk.store\/sv\/wp-json\/wp\/v2\/product"}],"about":[{"href":"https:\/\/truusk.store\/sv\/wp-json\/wp\/v2\/types\/product"}],"wp:featuredmedia":[{"embeddable":true,"href":"https:\/\/truusk.store\/sv\/wp-json\/wp\/v2\/media\/83513"}],"wp:attachment":[{"href":"https:\/\/truusk.store\/sv\/wp-json\/wp\/v2\/media?parent=83524"}],"wp:term":[{"taxonomy":"product_brand","embeddable":true,"href":"https:\/\/truusk.store\/sv\/wp-json\/wp\/v2\/product_brand?post=83524"},{"taxonomy":"product_cat","embeddable":true,"href":"https:\/\/truusk.store\/sv\/wp-json\/wp\/v2\/product_cat?post=83524"},{"taxonomy":"product_tag","embeddable":true,"href":"https:\/\/truusk.store\/sv\/wp-json\/wp\/v2\/product_tag?post=83524"}],"curies":[{"name":"wp","href":"https:\/\/api.w.org\/{rel}","templated":true}]}}