{"id":83615,"date":"2025-07-22T04:04:10","date_gmt":"2025-07-22T03:04:10","guid":{"rendered":"https:\/\/truusk.store\/product\/kettlebell-klotshantel-12-kg-vikthantel-fylld-med-sand-for-nyborjare-svart\/"},"modified":"2026-03-12T08:58:06","modified_gmt":"2026-03-12T07:58:06","slug":"truusk-kettlebell-12-kg-fylld-med-sand-for-nyborjare-svart","status":"publish","type":"product","link":"https:\/\/truusk.store\/sv\/produkt\/truusk-kettlebell-12-kg-fylld-med-sand-for-nyborjare-svart\/","title":{"rendered":"TRUUSK Kettlebell 12 kg &#8211; Fylld med sand &#8211; F\u00f6r nyb\u00f6rjare &#8211; Svart"},"content":{"rendered":"<p>V\u00e4lj v\u00e5r kettlebell och tr\u00e4na hela din kropp eller din m\u00e5lmuskelgrupp. Tack vare dess krukaform och platta botten kan denna kettlebell bekv\u00e4mt roteras runt en pivotpunkt, f\u00e4stas och roteras under tr\u00e4ningen. Den \u00e4r l\u00e4mplig f\u00f6r svingar, snatches, marklyft, kn\u00e4b\u00f6j, viktlyftning, get-ups etc. Kettlebell-vikterna kan v\u00e4ljas i olika storlekar f\u00f6r ditt varierande styrkebehov.<\/p>\n<p>Beskrivning:<\/p>\n<ul>\n<li> Multifunktionell: Svingar, ryck, marklyft, kn\u00e4b\u00f6j, viktlyftning, st\u00e5 upp etc., idealisk f\u00f6r att tr\u00e4na hela kroppen eller specifika muskelgrupper<\/li>\n<li> Plast ram med sandbel\u00e4ggning av klotvikten minskar korrosion, flisning och buller<\/li>\n<li> Krukaform: Kan bekv\u00e4mt roteras runt en pivotpunkt, f\u00e4stas och roteras under tr\u00e4ningen<\/li>\n<li> Platt botten av kettlebellen f\u00f6r enkel f\u00f6rvaring<\/li>\n<li> Sl\u00e4t handtag, bekv\u00e4m i handen, minskar friktion<\/li>\n<li> Finns i styrkorna 8 kg, 10 kg och 12 kg f\u00f6r olika styrkekrav<\/li>\n<\/ul>\n<p> Tekniska specifikationer:<\/p>\n<ul>\n<li>\u2013 F\u00e4rg: Svart<\/li>\n<li>\u2013 Material: Plast, Sand<\/li>\n<li>\u2013 Totala m\u00e5tt: 27L x 21B x 31H cm<\/li>\n<li>\u2013 Bollm\u00e5tt: \u00d821 cm<\/li>\n<li>\u2013 Vikt (netto): 12 kg<\/li>\n<\/ul>\n<p>Leveransinneh\u00e5ll:<\/p>\n<ul>\n<li>\u2013 1 x Kettlebell;<\/li>\n<\/ul>\n","protected":false},"excerpt":{"rendered":"<p>V\u00e4lj v\u00e5r kettlebell och tr\u00e4na hela din kropp eller din m\u00e5lmuskelgrupp. Tack vare dess krukaform och platta botten kan denna&#8230;<\/p>\n","protected":false},"featured_media":83606,"template":"","meta":[],"product_brand":[],"product_cat":[873,647,665],"product_tag":[],"class_list":{"0":"post-83615","1":"product","2":"type-product","3":"status-publish","4":"has-post-thumbnail","6":"product_cat-fitness-styrketraning","7":"product_cat-sport-fritid","8":"product_cat-styrketraning","10":"first","11":"instock","12":"sale","13":"taxable","14":"shipping-taxable","15":"purchasable","16":"product-type-simple"},"yoast_head":"<!-- This site is optimized with the Yoast SEO plugin v25.4 - https:\/\/yoast.com\/wordpress\/plugins\/seo\/ -->\n<title>TRUUSK Kettlebell 12 kg - Fylld med sand - F\u00f6r nyb\u00f6rjare - Svart - TRUUSK - Hem, Tr\u00e4dg\u00e5rd &amp; Fritid<\/title>\n<meta name=\"robots\" content=\"index, follow, max-snippet:-1, max-image-preview:large, max-video-preview:-1\" \/>\n<link rel=\"canonical\" href=\"https:\/\/truusk.store\/sv\/produkt\/truusk-kettlebell-12-kg-fylld-med-sand-for-nyborjare-svart\/\" \/>\n<meta property=\"og:locale\" content=\"sv_SE\" \/>\n<meta property=\"og:type\" content=\"article\" \/>\n<meta property=\"og:title\" content=\"TRUUSK Kettlebell 12 kg - Fylld med sand - F\u00f6r nyb\u00f6rjare - Svart - TRUUSK - Hem, Tr\u00e4dg\u00e5rd &amp; Fritid\" \/>\n<meta property=\"og:description\" content=\"V\u00e4lj v\u00e5r kettlebell och tr\u00e4na hela din kropp eller din m\u00e5lmuskelgrupp. Tack vare dess krukaform och platta botten kan denna...\" \/>\n<meta property=\"og:url\" content=\"https:\/\/truusk.store\/sv\/produkt\/truusk-kettlebell-12-kg-fylld-med-sand-for-nyborjare-svart\/\" \/>\n<meta property=\"og:site_name\" content=\"TRUUSK - Hem, Tr\u00e4dg\u00e5rd &amp; Fritid\" \/>\n<meta property=\"article:modified_time\" content=\"2026-03-12T07:58:06+00:00\" \/>\n<meta property=\"og:image\" content=\"https:\/\/i0.wp.com\/truusk.se\/wp-content\/uploads\/2025\/07\/kettlebell-klotshantel-12-kg-vikthantel-fylld-med-sand-for-nyborjare-svart-1.webp?fit=1600%2C1600&ssl=1\" \/>\n\t<meta property=\"og:image:width\" content=\"1600\" \/>\n\t<meta property=\"og:image:height\" content=\"1600\" \/>\n\t<meta property=\"og:image:type\" content=\"image\/webp\" \/>\n<meta name=\"twitter:card\" content=\"summary_large_image\" \/>\n<meta name=\"twitter:label1\" content=\"Ber\u00e4knad l\u00e4stid\" \/>\n\t<meta name=\"twitter:data1\" content=\"1 minut\" \/>\n<!-- \/ Yoast SEO plugin. -->","yoast_head_json":{"title":"TRUUSK Kettlebell 12 kg - Fylld med sand - F\u00f6r nyb\u00f6rjare - Svart - TRUUSK - Hem, Tr\u00e4dg\u00e5rd &amp; Fritid","robots":{"index":"index","follow":"follow","max-snippet":"max-snippet:-1","max-image-preview":"max-image-preview:large","max-video-preview":"max-video-preview:-1"},"canonical":"https:\/\/truusk.store\/sv\/produkt\/truusk-kettlebell-12-kg-fylld-med-sand-for-nyborjare-svart\/","og_locale":"sv_SE","og_type":"article","og_title":"TRUUSK Kettlebell 12 kg - Fylld med sand - F\u00f6r nyb\u00f6rjare - Svart - TRUUSK - Hem, Tr\u00e4dg\u00e5rd &amp; Fritid","og_description":"V\u00e4lj v\u00e5r kettlebell och tr\u00e4na hela din kropp eller din m\u00e5lmuskelgrupp. Tack vare dess krukaform och platta botten kan denna...","og_url":"https:\/\/truusk.store\/sv\/produkt\/truusk-kettlebell-12-kg-fylld-med-sand-for-nyborjare-svart\/","og_site_name":"TRUUSK - Hem, Tr\u00e4dg\u00e5rd &amp; Fritid","article_modified_time":"2026-03-12T07:58:06+00:00","og_image":[{"width":1600,"height":1600,"url":"https:\/\/i0.wp.com\/truusk.se\/wp-content\/uploads\/2025\/07\/kettlebell-klotshantel-12-kg-vikthantel-fylld-med-sand-for-nyborjare-svart-1.webp?fit=1600%2C1600&ssl=1","type":"image\/webp"}],"twitter_card":"summary_large_image","twitter_misc":{"Ber\u00e4knad l\u00e4stid":"1 minut"},"schema":{"@context":"https:\/\/schema.org","@graph":[{"@type":"WebPage","@id":"https:\/\/truusk.store\/sv\/produkt\/truusk-kettlebell-12-kg-fylld-med-sand-for-nyborjare-svart\/","url":"https:\/\/truusk.store\/sv\/produkt\/truusk-kettlebell-12-kg-fylld-med-sand-for-nyborjare-svart\/","name":"TRUUSK Kettlebell 12 kg - Fylld med sand - F\u00f6r nyb\u00f6rjare - Svart - TRUUSK - Hem, Tr\u00e4dg\u00e5rd &amp; Fritid","isPartOf":{"@id":"https:\/\/truusk.store\/sv\/#website"},"primaryImageOfPage":{"@id":"https:\/\/truusk.store\/sv\/produkt\/truusk-kettlebell-12-kg-fylld-med-sand-for-nyborjare-svart\/#primaryimage"},"image":{"@id":"https:\/\/truusk.store\/sv\/produkt\/truusk-kettlebell-12-kg-fylld-med-sand-for-nyborjare-svart\/#primaryimage"},"thumbnailUrl":"https:\/\/i0.wp.com\/truusk.store\/wp-content\/uploads\/2025\/07\/kettlebell-klotshantel-12-kg-vikthantel-fylld-med-sand-for-nyborjare-svart-1.webp?fit=1600%2C1600&ssl=1","datePublished":"2025-07-22T03:04:10+00:00","dateModified":"2026-03-12T07:58:06+00:00","breadcrumb":{"@id":"https:\/\/truusk.store\/sv\/produkt\/truusk-kettlebell-12-kg-fylld-med-sand-for-nyborjare-svart\/#breadcrumb"},"inLanguage":"sv-SE","potentialAction":[{"@type":"ReadAction","target":["https:\/\/truusk.store\/sv\/produkt\/truusk-kettlebell-12-kg-fylld-med-sand-for-nyborjare-svart\/"]}]},{"@type":"ImageObject","inLanguage":"sv-SE","@id":"https:\/\/truusk.store\/sv\/produkt\/truusk-kettlebell-12-kg-fylld-med-sand-for-nyborjare-svart\/#primaryimage","url":"https:\/\/i0.wp.com\/truusk.store\/wp-content\/uploads\/2025\/07\/kettlebell-klotshantel-12-kg-vikthantel-fylld-med-sand-for-nyborjare-svart-1.webp?fit=1600%2C1600&ssl=1","contentUrl":"https:\/\/i0.wp.com\/truusk.store\/wp-content\/uploads\/2025\/07\/kettlebell-klotshantel-12-kg-vikthantel-fylld-med-sand-for-nyborjare-svart-1.webp?fit=1600%2C1600&ssl=1","width":1600,"height":1600},{"@type":"BreadcrumbList","@id":"https:\/\/truusk.store\/sv\/produkt\/truusk-kettlebell-12-kg-fylld-med-sand-for-nyborjare-svart\/#breadcrumb","itemListElement":[{"@type":"ListItem","position":1,"name":"Home","item":"https:\/\/truusk.store\/sv\/"},{"@type":"ListItem","position":2,"name":"Shop","item":"https:\/\/truusk.store\/shop\/"},{"@type":"ListItem","position":3,"name":"TRUUSK Kettlebell 12 kg &#8211; Fylld med sand &#8211; F\u00f6r nyb\u00f6rjare &#8211; Svart"}]},{"@type":"WebSite","@id":"https:\/\/truusk.store\/sv\/#website","url":"https:\/\/truusk.store\/sv\/","name":"TRUUSK - Hem, Tr\u00e4dg\u00e5rd & Fritid","description":"","publisher":{"@id":"https:\/\/truusk.store\/sv\/#organization"},"potentialAction":[{"@type":"SearchAction","target":{"@type":"EntryPoint","urlTemplate":"https:\/\/truusk.store\/sv\/?s={search_term_string}"},"query-input":{"@type":"PropertyValueSpecification","valueRequired":true,"valueName":"search_term_string"}}],"inLanguage":"sv-SE"},{"@type":"Organization","@id":"https:\/\/truusk.store\/sv\/#organization","name":"TRUUSK - Hem, Tr\u00e4dg\u00e5rd & Fritid","url":"https:\/\/truusk.store\/sv\/","logo":{"@type":"ImageObject","inLanguage":"sv-SE","@id":"https:\/\/truusk.store\/sv\/#\/schema\/logo\/image\/","url":"https:\/\/i0.wp.com\/truusk.store\/wp-content\/uploads\/2026\/03\/cropped-TRUUSK.png?fit=2032%2C917&ssl=1","contentUrl":"https:\/\/i0.wp.com\/truusk.store\/wp-content\/uploads\/2026\/03\/cropped-TRUUSK.png?fit=2032%2C917&ssl=1","width":2032,"height":917,"caption":"TRUUSK - Hem, Tr\u00e4dg\u00e5rd & Fritid"},"image":{"@id":"https:\/\/truusk.store\/sv\/#\/schema\/logo\/image\/"}}]}},"jetpack_sharing_enabled":true,"_links":{"self":[{"href":"https:\/\/truusk.store\/sv\/wp-json\/wp\/v2\/product\/83615","targetHints":{"allow":["GET"]}}],"collection":[{"href":"https:\/\/truusk.store\/sv\/wp-json\/wp\/v2\/product"}],"about":[{"href":"https:\/\/truusk.store\/sv\/wp-json\/wp\/v2\/types\/product"}],"wp:featuredmedia":[{"embeddable":true,"href":"https:\/\/truusk.store\/sv\/wp-json\/wp\/v2\/media\/83606"}],"wp:attachment":[{"href":"https:\/\/truusk.store\/sv\/wp-json\/wp\/v2\/media?parent=83615"}],"wp:term":[{"taxonomy":"product_brand","embeddable":true,"href":"https:\/\/truusk.store\/sv\/wp-json\/wp\/v2\/product_brand?post=83615"},{"taxonomy":"product_cat","embeddable":true,"href":"https:\/\/truusk.store\/sv\/wp-json\/wp\/v2\/product_cat?post=83615"},{"taxonomy":"product_tag","embeddable":true,"href":"https:\/\/truusk.store\/sv\/wp-json\/wp\/v2\/product_tag?post=83615"}],"curies":[{"name":"wp","href":"https:\/\/api.w.org\/{rel}","templated":true}]}}