{"id":83625,"date":"2025-07-22T04:05:00","date_gmt":"2025-07-22T03:05:00","guid":{"rendered":"https:\/\/truusk.store\/product\/kontorspall-med-svangfunktion-ergonomisk-pall-hojdjusterbar-655-835-cm-120-lutbar-gra\/"},"modified":"2026-03-12T08:59:32","modified_gmt":"2026-03-12T07:59:32","slug":"truusk-ergonomisk-kontorspall-med-svangfunktion-justerbar-hojd-655-835-cm-120-lutning-gra","status":"publish","type":"product","link":"https:\/\/truusk.store\/sv\/produkt\/truusk-ergonomisk-kontorspall-med-svangfunktion-justerbar-hojd-655-835-cm-120-lutning-gra\/","title":{"rendered":"TRUUSK Ergonomisk Kontorspall med Sv\u00e4ngfunktion &#8211; Justerbar H\u00f6jd 65,5-83,5 cm &#8211; 120\u00b0 Lutning &#8211; Gr\u00e5"},"content":{"rendered":"<p>F\u00f6rb\u00e4ttra din sittst\u00e4llning med v\u00e5r innovativa st\u00e5stol! Denna h\u00f6ga ergonomiska pall m\u00f6jligg\u00f6r olika sittstilar: fr\u00e5n klassiskt sittande till gungning, rotation, lutning, lutning eller st\u00e5ende. Tack vare gaslyften och den halkfria basen f\u00f6rblir gungpallen stabil medan den anpassas perfekt. Sadelstolen och den ryggl\u00f6sa designen st\u00f6der en dynamisk sittstil och en bra h\u00e5llning! Idealisk f\u00f6r personer som har mycket energi eller \u00e4r l\u00e4tt distraherade.<\/p>\n<p>Beskrivning:<\/p>\n<ul>\n<li> Du kan sitta p\u00e5 denna stol (barh\u00f6jd och diskh\u00f6jd) eller st\u00e5 och justera sitt h\u00f6jden enkelt genom att dra i remmen<\/li>\n<li> Gungdesignen p\u00e5 st\u00e5pallen m\u00f6jligg\u00f6r gungning, 360\u00b0 rotation, lutning, lutning och erbjuder kul<\/li>\n<li> Sitsen \u00e4r stoppad med formande bomullstyg f\u00f6r st\u00f6d och komfort<\/li>\n<li> Ryggl\u00f6s design av kontorspallen fr\u00e4mjar aktivt sittande och korrekt h\u00e5llning<\/li>\n<li> H\u00f6gkvalitativ gasfj\u00e4der och halkfri bas p\u00e5 st\u00e5hj\u00e4lpen m\u00f6jligg\u00f6r en smidig och s\u00e4ker h\u00f6jdjustering och gungfunktion<\/li>\n<li> Unikt spindeln\u00e4tsm\u00f6nster design l\u00e4gger till modig stil<\/li>\n<li> L\u00e4mplig f\u00f6r barn och vuxna<\/li>\n<li> Montering kr\u00e4vs<\/li>\n<\/ul>\n<p> Tekniska data:<\/p>\n<ul>\n<li> F\u00e4rg: Gr\u00e5<\/li>\n<li> Material: Plast, formad bomull, nylon<\/li>\n<li> Maximal belastning: 125 kg<\/li>\n<li> Totala dimensioner: 34B x 34T x 65,5 &#8211; 83,5H cm<\/li>\n<li> Sitsstorlek: 34B x 34T cm<\/li>\n<li> Basdimensioner: \u00d834 cm<\/li>\n<\/ul>\n<p>Leveransinneh\u00e5ll:<\/p>\n<ul>\n<li>1 x Gungstol<\/li>\n<li>1 x Manual<\/li>\n<\/ul>\n","protected":false},"excerpt":{"rendered":"<p>F\u00f6rb\u00e4ttra din sittst\u00e4llning med v\u00e5r innovativa st\u00e5stol! Denna h\u00f6ga ergonomiska pall m\u00f6jligg\u00f6r olika sittstilar: fr\u00e5n klassiskt sittande till gungning, rotation,&#8230;<\/p>\n","protected":false},"featured_media":83616,"template":"","meta":[],"product_brand":[],"product_cat":[872,871,516],"product_tag":[],"class_list":{"0":"post-83625","1":"product","2":"type-product","3":"status-publish","4":"has-post-thumbnail","6":"product_cat-hemmakontor-arbetsplats","7":"product_cat-hus-hem","8":"product_cat-kontorsstolar","10":"first","11":"instock","12":"sale","13":"taxable","14":"shipping-taxable","15":"purchasable","16":"product-type-simple"},"yoast_head":"<!-- This site is optimized with the Yoast SEO plugin v25.4 - https:\/\/yoast.com\/wordpress\/plugins\/seo\/ -->\n<title>TRUUSK Ergonomisk Kontorspall med Sv\u00e4ngfunktion - Justerbar H\u00f6jd 65,5-83,5 cm - 120\u00b0 Lutning - Gr\u00e5 - TRUUSK - Hem, Tr\u00e4dg\u00e5rd &amp; Fritid<\/title>\n<meta name=\"robots\" content=\"index, follow, max-snippet:-1, max-image-preview:large, max-video-preview:-1\" \/>\n<link rel=\"canonical\" href=\"https:\/\/truusk.store\/sv\/produkt\/truusk-ergonomisk-kontorspall-med-svangfunktion-justerbar-hojd-655-835-cm-120-lutning-gra\/\" \/>\n<meta property=\"og:locale\" content=\"sv_SE\" \/>\n<meta property=\"og:type\" content=\"article\" \/>\n<meta property=\"og:title\" content=\"TRUUSK Ergonomisk Kontorspall med Sv\u00e4ngfunktion - Justerbar H\u00f6jd 65,5-83,5 cm - 120\u00b0 Lutning - Gr\u00e5 - TRUUSK - Hem, Tr\u00e4dg\u00e5rd &amp; Fritid\" \/>\n<meta property=\"og:description\" content=\"F\u00f6rb\u00e4ttra din sittst\u00e4llning med v\u00e5r innovativa st\u00e5stol! Denna h\u00f6ga ergonomiska pall m\u00f6jligg\u00f6r olika sittstilar: fr\u00e5n klassiskt sittande till gungning, rotation,...\" \/>\n<meta property=\"og:url\" content=\"https:\/\/truusk.store\/sv\/produkt\/truusk-ergonomisk-kontorspall-med-svangfunktion-justerbar-hojd-655-835-cm-120-lutning-gra\/\" \/>\n<meta property=\"og:site_name\" content=\"TRUUSK - Hem, Tr\u00e4dg\u00e5rd &amp; Fritid\" \/>\n<meta property=\"article:modified_time\" content=\"2026-03-12T07:59:32+00:00\" \/>\n<meta property=\"og:image\" content=\"https:\/\/i0.wp.com\/truusk.se\/wp-content\/uploads\/2025\/07\/kontorspall-med-svangfunktion-ergonomisk-pall-hojdjusterbar-655-835-cm-120-lutbar-gra-1.webp?fit=2000%2C2000&ssl=1\" \/>\n\t<meta property=\"og:image:width\" content=\"2000\" \/>\n\t<meta property=\"og:image:height\" content=\"2000\" \/>\n\t<meta property=\"og:image:type\" content=\"image\/webp\" \/>\n<meta name=\"twitter:card\" content=\"summary_large_image\" \/>\n<meta name=\"twitter:label1\" content=\"Ber\u00e4knad l\u00e4stid\" \/>\n\t<meta name=\"twitter:data1\" content=\"1 minut\" \/>\n<!-- \/ Yoast SEO plugin. -->","yoast_head_json":{"title":"TRUUSK Ergonomisk Kontorspall med Sv\u00e4ngfunktion - Justerbar H\u00f6jd 65,5-83,5 cm - 120\u00b0 Lutning - Gr\u00e5 - TRUUSK - Hem, Tr\u00e4dg\u00e5rd &amp; Fritid","robots":{"index":"index","follow":"follow","max-snippet":"max-snippet:-1","max-image-preview":"max-image-preview:large","max-video-preview":"max-video-preview:-1"},"canonical":"https:\/\/truusk.store\/sv\/produkt\/truusk-ergonomisk-kontorspall-med-svangfunktion-justerbar-hojd-655-835-cm-120-lutning-gra\/","og_locale":"sv_SE","og_type":"article","og_title":"TRUUSK Ergonomisk Kontorspall med Sv\u00e4ngfunktion - Justerbar H\u00f6jd 65,5-83,5 cm - 120\u00b0 Lutning - Gr\u00e5 - TRUUSK - Hem, Tr\u00e4dg\u00e5rd &amp; Fritid","og_description":"F\u00f6rb\u00e4ttra din sittst\u00e4llning med v\u00e5r innovativa st\u00e5stol! Denna h\u00f6ga ergonomiska pall m\u00f6jligg\u00f6r olika sittstilar: fr\u00e5n klassiskt sittande till gungning, rotation,...","og_url":"https:\/\/truusk.store\/sv\/produkt\/truusk-ergonomisk-kontorspall-med-svangfunktion-justerbar-hojd-655-835-cm-120-lutning-gra\/","og_site_name":"TRUUSK - Hem, Tr\u00e4dg\u00e5rd &amp; Fritid","article_modified_time":"2026-03-12T07:59:32+00:00","og_image":[{"width":2000,"height":2000,"url":"https:\/\/i0.wp.com\/truusk.se\/wp-content\/uploads\/2025\/07\/kontorspall-med-svangfunktion-ergonomisk-pall-hojdjusterbar-655-835-cm-120-lutbar-gra-1.webp?fit=2000%2C2000&ssl=1","type":"image\/webp"}],"twitter_card":"summary_large_image","twitter_misc":{"Ber\u00e4knad l\u00e4stid":"1 minut"},"schema":{"@context":"https:\/\/schema.org","@graph":[{"@type":"WebPage","@id":"https:\/\/truusk.store\/sv\/produkt\/truusk-ergonomisk-kontorspall-med-svangfunktion-justerbar-hojd-655-835-cm-120-lutning-gra\/","url":"https:\/\/truusk.store\/sv\/produkt\/truusk-ergonomisk-kontorspall-med-svangfunktion-justerbar-hojd-655-835-cm-120-lutning-gra\/","name":"TRUUSK Ergonomisk Kontorspall med Sv\u00e4ngfunktion - Justerbar H\u00f6jd 65,5-83,5 cm - 120\u00b0 Lutning - Gr\u00e5 - TRUUSK - Hem, Tr\u00e4dg\u00e5rd &amp; Fritid","isPartOf":{"@id":"https:\/\/truusk.store\/sv\/#website"},"primaryImageOfPage":{"@id":"https:\/\/truusk.store\/sv\/produkt\/truusk-ergonomisk-kontorspall-med-svangfunktion-justerbar-hojd-655-835-cm-120-lutning-gra\/#primaryimage"},"image":{"@id":"https:\/\/truusk.store\/sv\/produkt\/truusk-ergonomisk-kontorspall-med-svangfunktion-justerbar-hojd-655-835-cm-120-lutning-gra\/#primaryimage"},"thumbnailUrl":"https:\/\/i0.wp.com\/truusk.store\/wp-content\/uploads\/2025\/07\/kontorspall-med-svangfunktion-ergonomisk-pall-hojdjusterbar-655-835-cm-120-lutbar-gra-1.webp?fit=2000%2C2000&ssl=1","datePublished":"2025-07-22T03:05:00+00:00","dateModified":"2026-03-12T07:59:32+00:00","breadcrumb":{"@id":"https:\/\/truusk.store\/sv\/produkt\/truusk-ergonomisk-kontorspall-med-svangfunktion-justerbar-hojd-655-835-cm-120-lutning-gra\/#breadcrumb"},"inLanguage":"sv-SE","potentialAction":[{"@type":"ReadAction","target":["https:\/\/truusk.store\/sv\/produkt\/truusk-ergonomisk-kontorspall-med-svangfunktion-justerbar-hojd-655-835-cm-120-lutning-gra\/"]}]},{"@type":"ImageObject","inLanguage":"sv-SE","@id":"https:\/\/truusk.store\/sv\/produkt\/truusk-ergonomisk-kontorspall-med-svangfunktion-justerbar-hojd-655-835-cm-120-lutning-gra\/#primaryimage","url":"https:\/\/i0.wp.com\/truusk.store\/wp-content\/uploads\/2025\/07\/kontorspall-med-svangfunktion-ergonomisk-pall-hojdjusterbar-655-835-cm-120-lutbar-gra-1.webp?fit=2000%2C2000&ssl=1","contentUrl":"https:\/\/i0.wp.com\/truusk.store\/wp-content\/uploads\/2025\/07\/kontorspall-med-svangfunktion-ergonomisk-pall-hojdjusterbar-655-835-cm-120-lutbar-gra-1.webp?fit=2000%2C2000&ssl=1","width":2000,"height":2000},{"@type":"BreadcrumbList","@id":"https:\/\/truusk.store\/sv\/produkt\/truusk-ergonomisk-kontorspall-med-svangfunktion-justerbar-hojd-655-835-cm-120-lutning-gra\/#breadcrumb","itemListElement":[{"@type":"ListItem","position":1,"name":"Home","item":"https:\/\/truusk.store\/sv\/"},{"@type":"ListItem","position":2,"name":"Shop","item":"https:\/\/truusk.store\/shop\/"},{"@type":"ListItem","position":3,"name":"TRUUSK Ergonomisk Kontorspall med Sv\u00e4ngfunktion &#8211; Justerbar H\u00f6jd 65,5-83,5 cm &#8211; 120\u00b0 Lutning &#8211; Gr\u00e5"}]},{"@type":"WebSite","@id":"https:\/\/truusk.store\/sv\/#website","url":"https:\/\/truusk.store\/sv\/","name":"TRUUSK - Hem, Tr\u00e4dg\u00e5rd & Fritid","description":"","publisher":{"@id":"https:\/\/truusk.store\/sv\/#organization"},"potentialAction":[{"@type":"SearchAction","target":{"@type":"EntryPoint","urlTemplate":"https:\/\/truusk.store\/sv\/?s={search_term_string}"},"query-input":{"@type":"PropertyValueSpecification","valueRequired":true,"valueName":"search_term_string"}}],"inLanguage":"sv-SE"},{"@type":"Organization","@id":"https:\/\/truusk.store\/sv\/#organization","name":"TRUUSK - Hem, Tr\u00e4dg\u00e5rd & Fritid","url":"https:\/\/truusk.store\/sv\/","logo":{"@type":"ImageObject","inLanguage":"sv-SE","@id":"https:\/\/truusk.store\/sv\/#\/schema\/logo\/image\/","url":"https:\/\/i0.wp.com\/truusk.store\/wp-content\/uploads\/2026\/03\/cropped-TRUUSK.png?fit=2032%2C917&ssl=1","contentUrl":"https:\/\/i0.wp.com\/truusk.store\/wp-content\/uploads\/2026\/03\/cropped-TRUUSK.png?fit=2032%2C917&ssl=1","width":2032,"height":917,"caption":"TRUUSK - Hem, Tr\u00e4dg\u00e5rd & Fritid"},"image":{"@id":"https:\/\/truusk.store\/sv\/#\/schema\/logo\/image\/"}}]}},"jetpack_sharing_enabled":true,"_links":{"self":[{"href":"https:\/\/truusk.store\/sv\/wp-json\/wp\/v2\/product\/83625","targetHints":{"allow":["GET"]}}],"collection":[{"href":"https:\/\/truusk.store\/sv\/wp-json\/wp\/v2\/product"}],"about":[{"href":"https:\/\/truusk.store\/sv\/wp-json\/wp\/v2\/types\/product"}],"wp:featuredmedia":[{"embeddable":true,"href":"https:\/\/truusk.store\/sv\/wp-json\/wp\/v2\/media\/83616"}],"wp:attachment":[{"href":"https:\/\/truusk.store\/sv\/wp-json\/wp\/v2\/media?parent=83625"}],"wp:term":[{"taxonomy":"product_brand","embeddable":true,"href":"https:\/\/truusk.store\/sv\/wp-json\/wp\/v2\/product_brand?post=83625"},{"taxonomy":"product_cat","embeddable":true,"href":"https:\/\/truusk.store\/sv\/wp-json\/wp\/v2\/product_cat?post=83625"},{"taxonomy":"product_tag","embeddable":true,"href":"https:\/\/truusk.store\/sv\/wp-json\/wp\/v2\/product_tag?post=83625"}],"curies":[{"name":"wp","href":"https:\/\/api.w.org\/{rel}","templated":true}]}}