{"id":83675,"date":"2025-07-22T04:11:57","date_gmt":"2025-07-22T03:11:57","guid":{"rendered":"https:\/\/truusk.store\/product\/hantelbank-utan-vikter-justerbar-traningsbank-for-manga-ovningar-traningsstation-stal-plast-svartrod\/"},"modified":"2026-03-12T09:08:15","modified_gmt":"2026-03-12T08:08:15","slug":"truusk-justerbar-hantelbank-utan-vikter-manga-traningsovningar-stabil-stalkonstruktion-svartrod","status":"publish","type":"product","link":"https:\/\/truusk.store\/sv\/produkt\/truusk-justerbar-hantelbank-utan-vikter-manga-traningsovningar-stabil-stalkonstruktion-svartrod\/","title":{"rendered":"TRUUSK Justerbar Hantelb\u00e4nk Utan Vikter &#8211; M\u00e5nga Tr\u00e4nings\u00f6vningar &#8211; Stabil St\u00e5lkonstruktion &#8211; Svart+r\u00f6d"},"content":{"rendered":"<p>Spara tid och pengar och l\u00e4mna det dyra gymmet. V\u00e5r h\u00f6gkvalitativa hantelb\u00e4nk med lutningsfunktion, platt och sluttande l\u00e4ge m\u00f6jligg\u00f6r olika \u00f6vningar i ditt eget hem! Med kn\u00e4b\u00f6jningsst\u00e4ll, benf\u00f6rl\u00e4ngning och butterfly curl erbjuder denna tr\u00e4ningsb\u00e4nk allt som beh\u00f6vs. Den robusta, sp\u00e4nningst\u00e5liga st\u00e5lramen hj\u00e4lper dig att uppn\u00e5 dina fitnessm\u00e5l!<\/p>\n<p>Beskrivning:<\/p>\n<ul>\n<li> Multifunktionell hantelb\u00e4nk inkluderar ett kn\u00e4b\u00f6jningsst\u00e4ll, benstr\u00e4ckare och butterfly curl f\u00f6r olika tr\u00e4ningsl\u00e4gen<\/li>\n<li> Slitstarkt sittkudde med h\u00f6g belastningskapacitet p\u00e5 hantelb\u00e4nken klarar upp till 150 kg<\/li>\n<li> 3 tr\u00e4ningspositioner<\/li>\n<li> Sned, platt och sluttande, erbjuder m\u00e5ngsidiga tr\u00e4ningsm\u00f6jligheter<\/li>\n<li> H\u00f6g densitet skumhandtag och benrulle p\u00e5 tr\u00e4ningsb\u00e4nken f\u00f6r optimal komfort samt s\u00e4kerhetsfj\u00e4derl\u00e5s<\/li>\n<li> L\u00e4mplig f\u00f6r b\u00e4nkpress, lutande b\u00e4nkpress, butterfly, kn\u00e4b\u00f6j, st\u00e5ng-\/kortst\u00e5ngcurls och mer<\/li>\n<li> St\u00e4rker n\u00e4stan hela kroppen, inklusive armar, biceps, triceps, ben, vader, br\u00f6st, axlar, mage osv.<\/li>\n<li> H\u00f6jden p\u00e5 ryggst\u00f6det kan justeras med 3 h\u00e5l<\/li>\n<li> Montering kr\u00e4vs, med allt inkluderat tillbeh\u00f6r<\/li>\n<li> Obs: Vikter och st\u00e5ng ing\u00e5r INTE<\/li>\n<\/ul>\n<p>Tekniska data:<\/p>\n<ul>\n<li> F\u00e4rg: Svart+R\u00f6d<\/li>\n<li> Material: St\u00e5l, Plast<\/li>\n<li> Totala dimensioner: 175L x 139B x 127H cm<\/li>\n<li> Dimension av viktstolpe: 25L x \u00d8 2,5 cm<\/li>\n<li> Belastningskapacitet f\u00f6r sittkudde: 150 kg<\/li>\n<li> Maximal viktset f\u00f6r st\u00e5ng: 100 kg<\/li>\n<li> Storlek p\u00e5 ryggst\u00f6d: 74L x 26B x 4T cm<\/li>\n<li> Storlek p\u00e5 sittkudde: 30L x 26B x 4T cm<\/li>\n<li> Storlek p\u00e5 armb\u00e5gskudde: 49L x 27B x 74-86H cm<\/li>\n<\/ul>\n<p>Inneh\u00e5ll:<\/p>\n<ul>\n<li> 1 x Hantelb\u00e4nk<\/li>\n<li> 1 x Bruksanvisning<\/li>\n<\/ul>\n","protected":false},"excerpt":{"rendered":"<p>Spara tid och pengar och l\u00e4mna det dyra gymmet. V\u00e5r h\u00f6gkvalitativa hantelb\u00e4nk med lutningsfunktion, platt och sluttande l\u00e4ge m\u00f6jligg\u00f6r olika&#8230;<\/p>\n","protected":false},"featured_media":83666,"template":"","meta":[],"product_brand":[],"product_cat":[873,647,665],"product_tag":[],"class_list":{"0":"post-83675","1":"product","2":"type-product","3":"status-publish","4":"has-post-thumbnail","6":"product_cat-fitness-styrketraning","7":"product_cat-sport-fritid","8":"product_cat-styrketraning","10":"first","11":"instock","12":"sale","13":"taxable","14":"shipping-taxable","15":"purchasable","16":"product-type-simple"},"yoast_head":"<!-- This site is optimized with the Yoast SEO plugin v25.4 - https:\/\/yoast.com\/wordpress\/plugins\/seo\/ -->\n<title>TRUUSK Justerbar Hantelb\u00e4nk Utan Vikter - M\u00e5nga Tr\u00e4nings\u00f6vningar - Stabil St\u00e5lkonstruktion - Svart+r\u00f6d - TRUUSK - Hem, Tr\u00e4dg\u00e5rd &amp; Fritid<\/title>\n<meta name=\"robots\" content=\"index, follow, max-snippet:-1, max-image-preview:large, max-video-preview:-1\" \/>\n<link rel=\"canonical\" href=\"https:\/\/truusk.store\/sv\/produkt\/truusk-justerbar-hantelbank-utan-vikter-manga-traningsovningar-stabil-stalkonstruktion-svartrod\/\" \/>\n<meta property=\"og:locale\" content=\"sv_SE\" \/>\n<meta property=\"og:type\" content=\"article\" \/>\n<meta property=\"og:title\" content=\"TRUUSK Justerbar Hantelb\u00e4nk Utan Vikter - M\u00e5nga Tr\u00e4nings\u00f6vningar - Stabil St\u00e5lkonstruktion - Svart+r\u00f6d - TRUUSK - Hem, Tr\u00e4dg\u00e5rd &amp; Fritid\" \/>\n<meta property=\"og:description\" content=\"Spara tid och pengar och l\u00e4mna det dyra gymmet. V\u00e5r h\u00f6gkvalitativa hantelb\u00e4nk med lutningsfunktion, platt och sluttande l\u00e4ge m\u00f6jligg\u00f6r olika...\" \/>\n<meta property=\"og:url\" content=\"https:\/\/truusk.store\/sv\/produkt\/truusk-justerbar-hantelbank-utan-vikter-manga-traningsovningar-stabil-stalkonstruktion-svartrod\/\" \/>\n<meta property=\"og:site_name\" content=\"TRUUSK - Hem, Tr\u00e4dg\u00e5rd &amp; Fritid\" \/>\n<meta property=\"article:modified_time\" content=\"2026-03-12T08:08:15+00:00\" \/>\n<meta property=\"og:image\" content=\"https:\/\/i0.wp.com\/truusk.se\/wp-content\/uploads\/2025\/07\/hantelbank-utan-vikter-justerbar-traningsbank-for-manga-ovningar-traningsstation-stal-plast-svartrod-1.webp?fit=2000%2C2000&ssl=1\" \/>\n\t<meta property=\"og:image:width\" content=\"2000\" \/>\n\t<meta property=\"og:image:height\" content=\"2000\" \/>\n\t<meta property=\"og:image:type\" content=\"image\/webp\" \/>\n<meta name=\"twitter:card\" content=\"summary_large_image\" \/>\n<meta name=\"twitter:label1\" content=\"Ber\u00e4knad l\u00e4stid\" \/>\n\t<meta name=\"twitter:data1\" content=\"1 minut\" \/>\n<!-- \/ Yoast SEO plugin. -->","yoast_head_json":{"title":"TRUUSK Justerbar Hantelb\u00e4nk Utan Vikter - M\u00e5nga Tr\u00e4nings\u00f6vningar - Stabil St\u00e5lkonstruktion - Svart+r\u00f6d - TRUUSK - Hem, Tr\u00e4dg\u00e5rd &amp; Fritid","robots":{"index":"index","follow":"follow","max-snippet":"max-snippet:-1","max-image-preview":"max-image-preview:large","max-video-preview":"max-video-preview:-1"},"canonical":"https:\/\/truusk.store\/sv\/produkt\/truusk-justerbar-hantelbank-utan-vikter-manga-traningsovningar-stabil-stalkonstruktion-svartrod\/","og_locale":"sv_SE","og_type":"article","og_title":"TRUUSK Justerbar Hantelb\u00e4nk Utan Vikter - M\u00e5nga Tr\u00e4nings\u00f6vningar - Stabil St\u00e5lkonstruktion - Svart+r\u00f6d - TRUUSK - Hem, Tr\u00e4dg\u00e5rd &amp; Fritid","og_description":"Spara tid och pengar och l\u00e4mna det dyra gymmet. V\u00e5r h\u00f6gkvalitativa hantelb\u00e4nk med lutningsfunktion, platt och sluttande l\u00e4ge m\u00f6jligg\u00f6r olika...","og_url":"https:\/\/truusk.store\/sv\/produkt\/truusk-justerbar-hantelbank-utan-vikter-manga-traningsovningar-stabil-stalkonstruktion-svartrod\/","og_site_name":"TRUUSK - Hem, Tr\u00e4dg\u00e5rd &amp; Fritid","article_modified_time":"2026-03-12T08:08:15+00:00","og_image":[{"width":2000,"height":2000,"url":"https:\/\/i0.wp.com\/truusk.se\/wp-content\/uploads\/2025\/07\/hantelbank-utan-vikter-justerbar-traningsbank-for-manga-ovningar-traningsstation-stal-plast-svartrod-1.webp?fit=2000%2C2000&ssl=1","type":"image\/webp"}],"twitter_card":"summary_large_image","twitter_misc":{"Ber\u00e4knad l\u00e4stid":"1 minut"},"schema":{"@context":"https:\/\/schema.org","@graph":[{"@type":"WebPage","@id":"https:\/\/truusk.store\/sv\/produkt\/truusk-justerbar-hantelbank-utan-vikter-manga-traningsovningar-stabil-stalkonstruktion-svartrod\/","url":"https:\/\/truusk.store\/sv\/produkt\/truusk-justerbar-hantelbank-utan-vikter-manga-traningsovningar-stabil-stalkonstruktion-svartrod\/","name":"TRUUSK Justerbar Hantelb\u00e4nk Utan Vikter - M\u00e5nga Tr\u00e4nings\u00f6vningar - Stabil St\u00e5lkonstruktion - Svart+r\u00f6d - TRUUSK - Hem, Tr\u00e4dg\u00e5rd &amp; Fritid","isPartOf":{"@id":"https:\/\/truusk.store\/sv\/#website"},"primaryImageOfPage":{"@id":"https:\/\/truusk.store\/sv\/produkt\/truusk-justerbar-hantelbank-utan-vikter-manga-traningsovningar-stabil-stalkonstruktion-svartrod\/#primaryimage"},"image":{"@id":"https:\/\/truusk.store\/sv\/produkt\/truusk-justerbar-hantelbank-utan-vikter-manga-traningsovningar-stabil-stalkonstruktion-svartrod\/#primaryimage"},"thumbnailUrl":"https:\/\/i0.wp.com\/truusk.store\/wp-content\/uploads\/2025\/07\/hantelbank-utan-vikter-justerbar-traningsbank-for-manga-ovningar-traningsstation-stal-plast-svartrod-1.webp?fit=2000%2C2000&ssl=1","datePublished":"2025-07-22T03:11:57+00:00","dateModified":"2026-03-12T08:08:15+00:00","breadcrumb":{"@id":"https:\/\/truusk.store\/sv\/produkt\/truusk-justerbar-hantelbank-utan-vikter-manga-traningsovningar-stabil-stalkonstruktion-svartrod\/#breadcrumb"},"inLanguage":"sv-SE","potentialAction":[{"@type":"ReadAction","target":["https:\/\/truusk.store\/sv\/produkt\/truusk-justerbar-hantelbank-utan-vikter-manga-traningsovningar-stabil-stalkonstruktion-svartrod\/"]}]},{"@type":"ImageObject","inLanguage":"sv-SE","@id":"https:\/\/truusk.store\/sv\/produkt\/truusk-justerbar-hantelbank-utan-vikter-manga-traningsovningar-stabil-stalkonstruktion-svartrod\/#primaryimage","url":"https:\/\/i0.wp.com\/truusk.store\/wp-content\/uploads\/2025\/07\/hantelbank-utan-vikter-justerbar-traningsbank-for-manga-ovningar-traningsstation-stal-plast-svartrod-1.webp?fit=2000%2C2000&ssl=1","contentUrl":"https:\/\/i0.wp.com\/truusk.store\/wp-content\/uploads\/2025\/07\/hantelbank-utan-vikter-justerbar-traningsbank-for-manga-ovningar-traningsstation-stal-plast-svartrod-1.webp?fit=2000%2C2000&ssl=1","width":2000,"height":2000},{"@type":"BreadcrumbList","@id":"https:\/\/truusk.store\/sv\/produkt\/truusk-justerbar-hantelbank-utan-vikter-manga-traningsovningar-stabil-stalkonstruktion-svartrod\/#breadcrumb","itemListElement":[{"@type":"ListItem","position":1,"name":"Home","item":"https:\/\/truusk.store\/sv\/"},{"@type":"ListItem","position":2,"name":"Shop","item":"https:\/\/truusk.store\/shop\/"},{"@type":"ListItem","position":3,"name":"TRUUSK Justerbar Hantelb\u00e4nk Utan Vikter &#8211; M\u00e5nga Tr\u00e4nings\u00f6vningar &#8211; Stabil St\u00e5lkonstruktion &#8211; Svart+r\u00f6d"}]},{"@type":"WebSite","@id":"https:\/\/truusk.store\/sv\/#website","url":"https:\/\/truusk.store\/sv\/","name":"TRUUSK - Hem, Tr\u00e4dg\u00e5rd & Fritid","description":"","publisher":{"@id":"https:\/\/truusk.store\/sv\/#organization"},"potentialAction":[{"@type":"SearchAction","target":{"@type":"EntryPoint","urlTemplate":"https:\/\/truusk.store\/sv\/?s={search_term_string}"},"query-input":{"@type":"PropertyValueSpecification","valueRequired":true,"valueName":"search_term_string"}}],"inLanguage":"sv-SE"},{"@type":"Organization","@id":"https:\/\/truusk.store\/sv\/#organization","name":"TRUUSK - Hem, Tr\u00e4dg\u00e5rd & Fritid","url":"https:\/\/truusk.store\/sv\/","logo":{"@type":"ImageObject","inLanguage":"sv-SE","@id":"https:\/\/truusk.store\/sv\/#\/schema\/logo\/image\/","url":"https:\/\/i0.wp.com\/truusk.store\/wp-content\/uploads\/2026\/03\/cropped-TRUUSK.png?fit=2032%2C917&ssl=1","contentUrl":"https:\/\/i0.wp.com\/truusk.store\/wp-content\/uploads\/2026\/03\/cropped-TRUUSK.png?fit=2032%2C917&ssl=1","width":2032,"height":917,"caption":"TRUUSK - Hem, Tr\u00e4dg\u00e5rd & Fritid"},"image":{"@id":"https:\/\/truusk.store\/sv\/#\/schema\/logo\/image\/"}}]}},"jetpack_sharing_enabled":true,"_links":{"self":[{"href":"https:\/\/truusk.store\/sv\/wp-json\/wp\/v2\/product\/83675","targetHints":{"allow":["GET"]}}],"collection":[{"href":"https:\/\/truusk.store\/sv\/wp-json\/wp\/v2\/product"}],"about":[{"href":"https:\/\/truusk.store\/sv\/wp-json\/wp\/v2\/types\/product"}],"wp:featuredmedia":[{"embeddable":true,"href":"https:\/\/truusk.store\/sv\/wp-json\/wp\/v2\/media\/83666"}],"wp:attachment":[{"href":"https:\/\/truusk.store\/sv\/wp-json\/wp\/v2\/media?parent=83675"}],"wp:term":[{"taxonomy":"product_brand","embeddable":true,"href":"https:\/\/truusk.store\/sv\/wp-json\/wp\/v2\/product_brand?post=83675"},{"taxonomy":"product_cat","embeddable":true,"href":"https:\/\/truusk.store\/sv\/wp-json\/wp\/v2\/product_cat?post=83675"},{"taxonomy":"product_tag","embeddable":true,"href":"https:\/\/truusk.store\/sv\/wp-json\/wp\/v2\/product_tag?post=83675"}],"curies":[{"name":"wp","href":"https:\/\/api.w.org\/{rel}","templated":true}]}}