{"id":83685,"date":"2025-07-22T04:12:58","date_gmt":"2025-07-22T03:12:58","guid":{"rendered":"https:\/\/truusk.store\/product\/kontorsstol-ergonomisk-skrivbordsstol-hojdjusterbar-snurrstol-utrymmesbesparande-svart\/"},"modified":"2026-03-12T09:09:17","modified_gmt":"2026-03-12T08:09:17","slug":"truusk-ergonomisk-kontorsstol-justerbar-hojd-svart-snurrfunktion-utrymmesbesparande","status":"publish","type":"product","link":"https:\/\/truusk.store\/sv\/produkt\/truusk-ergonomisk-kontorsstol-justerbar-hojd-svart-snurrfunktion-utrymmesbesparande\/","title":{"rendered":"TRUUSK Ergonomisk Kontorsstol &#8211; Justerbar H\u00f6jd &#8211; Svart &#8211; Snurrfunktion &#8211; Utrymmesbesparande"},"content":{"rendered":"<p>F\u00f6r komfort och avkoppling p\u00e5 kontoret eller hemma \u00e4r den ergonomiska kontorsstolen fr\u00e5n TRUUSK ideal. Den andningsbara mesh-ryggst\u00f6det p\u00e5 kontorsstolen samlar inte damm och smuts som traditionella modeller. Dessutom underl\u00e4ttar konstruktionen utan armst\u00f6d att skjuta in under skrivbordet.<\/p>\n<p>Beskrivning:<\/p>\n<ul>\n<li> Ergonomiskt formad kontorsstol med b\u00f6jd rygg f\u00f6r mer komfort<\/li>\n<li> Mesh-tyget p\u00e5 kontorsstolen \u00e4r andningsbart och bekv\u00e4mt<\/li>\n<li> Med justerbar h\u00f6jd f\u00f6r att anpassa sig till dina sittvanor och skrivbordets dimensioner<\/li>\n<li> Den armst\u00f6dsl\u00f6sa designen p\u00e5 skrivbordsstolen underl\u00e4ttar att st\u00e4lla in stolen under skrivbordet<\/li>\n<li> Med en 5-hjuls fot f\u00f6r mer stabilitet och r\u00f6relsefrihet samt en 360\u00b0 roterande sits<\/li>\n<li> Gaslyftmekanism f\u00f6r en progressiv och s\u00e4ker h\u00f6jdjustering<\/li>\n<li> Montering kr\u00e4vs.<\/li>\n<\/ul>\n<p> Tekniska data:<\/p>\n<ul>\n<li> F\u00e4rg: Svart<\/li>\n<li> Material: N\u00e4ttyg, skum, nylon<\/li>\n<li> Totala dimensioner: 43L x 48B x 77,5-89,5H cm<\/li>\n<li> Sitsstorlek: 43L x 40B x 40-52H cm<\/li>\n<li> Ryggst\u00f6dsdimensioner: 41L x 30B x 37,5H cm<\/li>\n<li> B\u00e4rkapacitet: 120 kg<\/li>\n<\/ul>\n<p>Leveransinneh\u00e5ll:<\/p>\n<ul>\n<li> 1x Kontorsstol<\/li>\n<li> 1x Bruksanvisning<\/li>\n<\/ul>\n","protected":false},"excerpt":{"rendered":"<p>F\u00f6r komfort och avkoppling p\u00e5 kontoret eller hemma \u00e4r den ergonomiska kontorsstolen fr\u00e5n TRUUSK ideal. Den andningsbara mesh-ryggst\u00f6det p\u00e5 kontorsstolen&#8230;<\/p>\n","protected":false},"featured_media":83676,"template":"","meta":[],"product_brand":[],"product_cat":[872,871,516],"product_tag":[],"class_list":{"0":"post-83685","1":"product","2":"type-product","3":"status-publish","4":"has-post-thumbnail","6":"product_cat-hemmakontor-arbetsplats","7":"product_cat-hus-hem","8":"product_cat-kontorsstolar","10":"first","11":"instock","12":"sale","13":"taxable","14":"shipping-taxable","15":"purchasable","16":"product-type-simple"},"yoast_head":"<!-- This site is optimized with the Yoast SEO plugin v25.4 - https:\/\/yoast.com\/wordpress\/plugins\/seo\/ -->\n<title>TRUUSK Ergonomisk Kontorsstol - Justerbar H\u00f6jd - Svart - Snurrfunktion - Utrymmesbesparande - TRUUSK - Hem, Tr\u00e4dg\u00e5rd &amp; Fritid<\/title>\n<meta name=\"robots\" content=\"index, follow, max-snippet:-1, max-image-preview:large, max-video-preview:-1\" \/>\n<link rel=\"canonical\" href=\"https:\/\/truusk.store\/sv\/produkt\/truusk-ergonomisk-kontorsstol-justerbar-hojd-svart-snurrfunktion-utrymmesbesparande\/\" \/>\n<meta property=\"og:locale\" content=\"sv_SE\" \/>\n<meta property=\"og:type\" content=\"article\" \/>\n<meta property=\"og:title\" content=\"TRUUSK Ergonomisk Kontorsstol - Justerbar H\u00f6jd - Svart - Snurrfunktion - Utrymmesbesparande - TRUUSK - Hem, Tr\u00e4dg\u00e5rd &amp; Fritid\" \/>\n<meta property=\"og:description\" content=\"F\u00f6r komfort och avkoppling p\u00e5 kontoret eller hemma \u00e4r den ergonomiska kontorsstolen fr\u00e5n TRUUSK ideal. Den andningsbara mesh-ryggst\u00f6det p\u00e5 kontorsstolen...\" \/>\n<meta property=\"og:url\" content=\"https:\/\/truusk.store\/sv\/produkt\/truusk-ergonomisk-kontorsstol-justerbar-hojd-svart-snurrfunktion-utrymmesbesparande\/\" \/>\n<meta property=\"og:site_name\" content=\"TRUUSK - Hem, Tr\u00e4dg\u00e5rd &amp; Fritid\" \/>\n<meta property=\"article:modified_time\" content=\"2026-03-12T08:09:17+00:00\" \/>\n<meta property=\"og:image\" content=\"https:\/\/i0.wp.com\/truusk.se\/wp-content\/uploads\/2025\/07\/kontorsstol-ergonomisk-skrivbordsstol-hojdjusterbar-snurrstol-utrymmesbesparande-svart-1.webp?fit=2000%2C2000&ssl=1\" \/>\n\t<meta property=\"og:image:width\" content=\"2000\" \/>\n\t<meta property=\"og:image:height\" content=\"2000\" \/>\n\t<meta property=\"og:image:type\" content=\"image\/webp\" \/>\n<meta name=\"twitter:card\" content=\"summary_large_image\" \/>\n<meta name=\"twitter:label1\" content=\"Ber\u00e4knad l\u00e4stid\" \/>\n\t<meta name=\"twitter:data1\" content=\"1 minut\" \/>\n<!-- \/ Yoast SEO plugin. -->","yoast_head_json":{"title":"TRUUSK Ergonomisk Kontorsstol - Justerbar H\u00f6jd - Svart - Snurrfunktion - Utrymmesbesparande - TRUUSK - Hem, Tr\u00e4dg\u00e5rd &amp; Fritid","robots":{"index":"index","follow":"follow","max-snippet":"max-snippet:-1","max-image-preview":"max-image-preview:large","max-video-preview":"max-video-preview:-1"},"canonical":"https:\/\/truusk.store\/sv\/produkt\/truusk-ergonomisk-kontorsstol-justerbar-hojd-svart-snurrfunktion-utrymmesbesparande\/","og_locale":"sv_SE","og_type":"article","og_title":"TRUUSK Ergonomisk Kontorsstol - Justerbar H\u00f6jd - Svart - Snurrfunktion - Utrymmesbesparande - TRUUSK - Hem, Tr\u00e4dg\u00e5rd &amp; Fritid","og_description":"F\u00f6r komfort och avkoppling p\u00e5 kontoret eller hemma \u00e4r den ergonomiska kontorsstolen fr\u00e5n TRUUSK ideal. Den andningsbara mesh-ryggst\u00f6det p\u00e5 kontorsstolen...","og_url":"https:\/\/truusk.store\/sv\/produkt\/truusk-ergonomisk-kontorsstol-justerbar-hojd-svart-snurrfunktion-utrymmesbesparande\/","og_site_name":"TRUUSK - Hem, Tr\u00e4dg\u00e5rd &amp; Fritid","article_modified_time":"2026-03-12T08:09:17+00:00","og_image":[{"width":2000,"height":2000,"url":"https:\/\/i0.wp.com\/truusk.se\/wp-content\/uploads\/2025\/07\/kontorsstol-ergonomisk-skrivbordsstol-hojdjusterbar-snurrstol-utrymmesbesparande-svart-1.webp?fit=2000%2C2000&ssl=1","type":"image\/webp"}],"twitter_card":"summary_large_image","twitter_misc":{"Ber\u00e4knad l\u00e4stid":"1 minut"},"schema":{"@context":"https:\/\/schema.org","@graph":[{"@type":"WebPage","@id":"https:\/\/truusk.store\/sv\/produkt\/truusk-ergonomisk-kontorsstol-justerbar-hojd-svart-snurrfunktion-utrymmesbesparande\/","url":"https:\/\/truusk.store\/sv\/produkt\/truusk-ergonomisk-kontorsstol-justerbar-hojd-svart-snurrfunktion-utrymmesbesparande\/","name":"TRUUSK Ergonomisk Kontorsstol - Justerbar H\u00f6jd - Svart - Snurrfunktion - Utrymmesbesparande - TRUUSK - Hem, Tr\u00e4dg\u00e5rd &amp; Fritid","isPartOf":{"@id":"https:\/\/truusk.store\/sv\/#website"},"primaryImageOfPage":{"@id":"https:\/\/truusk.store\/sv\/produkt\/truusk-ergonomisk-kontorsstol-justerbar-hojd-svart-snurrfunktion-utrymmesbesparande\/#primaryimage"},"image":{"@id":"https:\/\/truusk.store\/sv\/produkt\/truusk-ergonomisk-kontorsstol-justerbar-hojd-svart-snurrfunktion-utrymmesbesparande\/#primaryimage"},"thumbnailUrl":"https:\/\/i0.wp.com\/truusk.store\/wp-content\/uploads\/2025\/07\/kontorsstol-ergonomisk-skrivbordsstol-hojdjusterbar-snurrstol-utrymmesbesparande-svart-1.webp?fit=2000%2C2000&ssl=1","datePublished":"2025-07-22T03:12:58+00:00","dateModified":"2026-03-12T08:09:17+00:00","breadcrumb":{"@id":"https:\/\/truusk.store\/sv\/produkt\/truusk-ergonomisk-kontorsstol-justerbar-hojd-svart-snurrfunktion-utrymmesbesparande\/#breadcrumb"},"inLanguage":"sv-SE","potentialAction":[{"@type":"ReadAction","target":["https:\/\/truusk.store\/sv\/produkt\/truusk-ergonomisk-kontorsstol-justerbar-hojd-svart-snurrfunktion-utrymmesbesparande\/"]}]},{"@type":"ImageObject","inLanguage":"sv-SE","@id":"https:\/\/truusk.store\/sv\/produkt\/truusk-ergonomisk-kontorsstol-justerbar-hojd-svart-snurrfunktion-utrymmesbesparande\/#primaryimage","url":"https:\/\/i0.wp.com\/truusk.store\/wp-content\/uploads\/2025\/07\/kontorsstol-ergonomisk-skrivbordsstol-hojdjusterbar-snurrstol-utrymmesbesparande-svart-1.webp?fit=2000%2C2000&ssl=1","contentUrl":"https:\/\/i0.wp.com\/truusk.store\/wp-content\/uploads\/2025\/07\/kontorsstol-ergonomisk-skrivbordsstol-hojdjusterbar-snurrstol-utrymmesbesparande-svart-1.webp?fit=2000%2C2000&ssl=1","width":2000,"height":2000},{"@type":"BreadcrumbList","@id":"https:\/\/truusk.store\/sv\/produkt\/truusk-ergonomisk-kontorsstol-justerbar-hojd-svart-snurrfunktion-utrymmesbesparande\/#breadcrumb","itemListElement":[{"@type":"ListItem","position":1,"name":"Home","item":"https:\/\/truusk.store\/sv\/"},{"@type":"ListItem","position":2,"name":"Shop","item":"https:\/\/truusk.store\/shop\/"},{"@type":"ListItem","position":3,"name":"TRUUSK Ergonomisk Kontorsstol &#8211; Justerbar H\u00f6jd &#8211; Svart &#8211; Snurrfunktion &#8211; Utrymmesbesparande"}]},{"@type":"WebSite","@id":"https:\/\/truusk.store\/sv\/#website","url":"https:\/\/truusk.store\/sv\/","name":"TRUUSK - Hem, Tr\u00e4dg\u00e5rd & Fritid","description":"","publisher":{"@id":"https:\/\/truusk.store\/sv\/#organization"},"potentialAction":[{"@type":"SearchAction","target":{"@type":"EntryPoint","urlTemplate":"https:\/\/truusk.store\/sv\/?s={search_term_string}"},"query-input":{"@type":"PropertyValueSpecification","valueRequired":true,"valueName":"search_term_string"}}],"inLanguage":"sv-SE"},{"@type":"Organization","@id":"https:\/\/truusk.store\/sv\/#organization","name":"TRUUSK - Hem, Tr\u00e4dg\u00e5rd & Fritid","url":"https:\/\/truusk.store\/sv\/","logo":{"@type":"ImageObject","inLanguage":"sv-SE","@id":"https:\/\/truusk.store\/sv\/#\/schema\/logo\/image\/","url":"https:\/\/i0.wp.com\/truusk.store\/wp-content\/uploads\/2026\/03\/cropped-TRUUSK.png?fit=2032%2C917&ssl=1","contentUrl":"https:\/\/i0.wp.com\/truusk.store\/wp-content\/uploads\/2026\/03\/cropped-TRUUSK.png?fit=2032%2C917&ssl=1","width":2032,"height":917,"caption":"TRUUSK - Hem, Tr\u00e4dg\u00e5rd & Fritid"},"image":{"@id":"https:\/\/truusk.store\/sv\/#\/schema\/logo\/image\/"}}]}},"jetpack_sharing_enabled":true,"_links":{"self":[{"href":"https:\/\/truusk.store\/sv\/wp-json\/wp\/v2\/product\/83685","targetHints":{"allow":["GET"]}}],"collection":[{"href":"https:\/\/truusk.store\/sv\/wp-json\/wp\/v2\/product"}],"about":[{"href":"https:\/\/truusk.store\/sv\/wp-json\/wp\/v2\/types\/product"}],"wp:featuredmedia":[{"embeddable":true,"href":"https:\/\/truusk.store\/sv\/wp-json\/wp\/v2\/media\/83676"}],"wp:attachment":[{"href":"https:\/\/truusk.store\/sv\/wp-json\/wp\/v2\/media?parent=83685"}],"wp:term":[{"taxonomy":"product_brand","embeddable":true,"href":"https:\/\/truusk.store\/sv\/wp-json\/wp\/v2\/product_brand?post=83685"},{"taxonomy":"product_cat","embeddable":true,"href":"https:\/\/truusk.store\/sv\/wp-json\/wp\/v2\/product_cat?post=83685"},{"taxonomy":"product_tag","embeddable":true,"href":"https:\/\/truusk.store\/sv\/wp-json\/wp\/v2\/product_tag?post=83685"}],"curies":[{"name":"wp","href":"https:\/\/api.w.org\/{rel}","templated":true}]}}