{"id":83695,"date":"2025-07-22T04:14:04","date_gmt":"2025-07-22T03:14:04","guid":{"rendered":"https:\/\/truusk.store\/product\/sakerhetsgrind-for-husdjur-justerbar-med-liten-dorr-stal-plast-vit\/"},"modified":"2026-03-12T09:09:34","modified_gmt":"2026-03-12T08:09:34","slug":"truusk-sakerhetsgrind-for-husdjur-justerbar-med-liten-dorr-stal-och-plast-vit","status":"publish","type":"product","link":"https:\/\/truusk.store\/sv\/produkt\/truusk-sakerhetsgrind-for-husdjur-justerbar-med-liten-dorr-stal-och-plast-vit\/","title":{"rendered":"TRUUSK S\u00e4kerhetsgrind f\u00f6r Husdjur &#8211; Justerbar &#8211; Med Liten D\u00f6rr &#8211; St\u00e5l och Plast &#8211; Vit"},"content":{"rendered":"<p>H\u00e5ll husdjur borta fr\u00e5n rum vid behov med denna avsp\u00e4rrningsgrind fr\u00e5n TRUUSK. Tillverkad av formsprutad st\u00e5l med blyfri behandlad yta f\u00f6r mycket stabilitet och s\u00e4kerhet. 2 f\u00f6rl\u00e4ngningar ing\u00e5r i leveransen, som str\u00e4cker sig fr\u00e5n 75 cm till 103 cm, s\u00e5 att de enkelt passar i olika stora rum. Handtaget \u00e4r l\u00e4tt att \u00f6ppna, s\u00e5 att du snabbt kan g\u00e5 igenom utan att ditt husdjur rymmer.<\/p>\n<p>Beskrivning:<\/p>\n<ul>\n<li> D\u00f6rren kan st\u00e4ngas automatiskt om dess \u00f6ppningsvinkel \u00e4r mindre \u00e4n 90\u00b0, och f\u00f6rblir \u00f6ppen om den \u00e4r \u00f6ver 90\u00b0<\/li>\n<li> Kommer med en nedre sp\u00e4rrblock som \u00f6kar stabiliteten<\/li>\n<li> Utrustad med en liten d\u00f6rr som \u00e4r bekv\u00e4m f\u00f6r husdjur att passera. D\u00f6rren kan alltid h\u00e5llas \u00f6ppen<\/li>\n<li>Passaged\u00f6rren kan st\u00e4ngas automatiskt om dess \u00f6ppningsvinkel \u00e4r mindre \u00e4n 90\u00b0<\/li>\n<\/ul>\n<p> Tekniska data:<\/p>\n<ul>\n<li> F\u00e4rg: Vit<\/li>\n<li> Material: St\u00e5l, ABS<\/li>\n<li> Totala m\u00e5tt (utan f\u00f6rl\u00e4ngning): 75-103B x 76H cm, (f\u00f6rl\u00e4ngning) 7 cm, 14 cm<\/li>\n<li> Breddomr\u00e5de: 75-103 cm<\/li>\n<li> Avst\u00e5nd mellan st\u00e4nger: 5,7 cm<\/li>\n<li> Avst\u00e5nd mellan d\u00f6rr &amp; ram: 5,5 cm<\/li>\n<li> \u00d6ppningsbredd: 60 cm<\/li>\n<li> Liten d\u00f6rrstorlek: 22,4B x 27H cm<\/li>\n<li> \u00d6ppningsstorlek: 19B x 17,8H cm<\/li>\n<\/ul>\n<p>Leveransinneh\u00e5ll:<\/p>\n<ul>\n<li> 1 x Husdjursgrind<\/li>\n<li> 1 x Instruktion<\/li>\n<li> 1 x Expansionsnagel:<\/li>\n<\/ul>\n","protected":false},"excerpt":{"rendered":"<p>H\u00e5ll husdjur borta fr\u00e5n rum vid behov med denna avsp\u00e4rrningsgrind fr\u00e5n TRUUSK. Tillverkad av formsprutad st\u00e5l med blyfri behandlad yta&#8230;<\/p>\n","protected":false},"featured_media":83686,"template":"","meta":[],"product_brand":[],"product_cat":[878,948,574],"product_tag":[],"class_list":{"0":"post-83695","1":"product","2":"type-product","3":"status-publish","4":"has-post-thumbnail","6":"product_cat-djurbehov","7":"product_cat-hundgaller-skiljevaggar","8":"product_cat-hundtillbehor","10":"first","11":"instock","12":"sale","13":"taxable","14":"shipping-taxable","15":"purchasable","16":"product-type-simple"},"yoast_head":"<!-- This site is optimized with the Yoast SEO plugin v25.4 - https:\/\/yoast.com\/wordpress\/plugins\/seo\/ -->\n<title>TRUUSK S\u00e4kerhetsgrind f\u00f6r Husdjur - Justerbar - Med Liten D\u00f6rr - St\u00e5l och Plast - Vit - TRUUSK - Hem, Tr\u00e4dg\u00e5rd &amp; Fritid<\/title>\n<meta name=\"robots\" content=\"index, follow, max-snippet:-1, max-image-preview:large, max-video-preview:-1\" \/>\n<link rel=\"canonical\" href=\"https:\/\/truusk.store\/sv\/produkt\/truusk-sakerhetsgrind-for-husdjur-justerbar-med-liten-dorr-stal-och-plast-vit\/\" \/>\n<meta property=\"og:locale\" content=\"sv_SE\" \/>\n<meta property=\"og:type\" content=\"article\" \/>\n<meta property=\"og:title\" content=\"TRUUSK S\u00e4kerhetsgrind f\u00f6r Husdjur - Justerbar - Med Liten D\u00f6rr - St\u00e5l och Plast - Vit - TRUUSK - Hem, Tr\u00e4dg\u00e5rd &amp; Fritid\" \/>\n<meta property=\"og:description\" content=\"H\u00e5ll husdjur borta fr\u00e5n rum vid behov med denna avsp\u00e4rrningsgrind fr\u00e5n TRUUSK. Tillverkad av formsprutad st\u00e5l med blyfri behandlad yta...\" \/>\n<meta property=\"og:url\" content=\"https:\/\/truusk.store\/sv\/produkt\/truusk-sakerhetsgrind-for-husdjur-justerbar-med-liten-dorr-stal-och-plast-vit\/\" \/>\n<meta property=\"og:site_name\" content=\"TRUUSK - Hem, Tr\u00e4dg\u00e5rd &amp; Fritid\" \/>\n<meta property=\"article:modified_time\" content=\"2026-03-12T08:09:34+00:00\" \/>\n<meta property=\"og:image\" content=\"https:\/\/i0.wp.com\/truusk.se\/wp-content\/uploads\/2025\/07\/sakerhetsgrind-for-husdjur-justerbar-med-liten-dorr-stal-plast-vit-1.webp?fit=2000%2C2000&ssl=1\" \/>\n\t<meta property=\"og:image:width\" content=\"2000\" \/>\n\t<meta property=\"og:image:height\" content=\"2000\" \/>\n\t<meta property=\"og:image:type\" content=\"image\/webp\" \/>\n<meta name=\"twitter:card\" content=\"summary_large_image\" \/>\n<meta name=\"twitter:label1\" content=\"Ber\u00e4knad l\u00e4stid\" \/>\n\t<meta name=\"twitter:data1\" content=\"1 minut\" \/>\n<!-- \/ Yoast SEO plugin. -->","yoast_head_json":{"title":"TRUUSK S\u00e4kerhetsgrind f\u00f6r Husdjur - Justerbar - Med Liten D\u00f6rr - St\u00e5l och Plast - Vit - TRUUSK - Hem, Tr\u00e4dg\u00e5rd &amp; Fritid","robots":{"index":"index","follow":"follow","max-snippet":"max-snippet:-1","max-image-preview":"max-image-preview:large","max-video-preview":"max-video-preview:-1"},"canonical":"https:\/\/truusk.store\/sv\/produkt\/truusk-sakerhetsgrind-for-husdjur-justerbar-med-liten-dorr-stal-och-plast-vit\/","og_locale":"sv_SE","og_type":"article","og_title":"TRUUSK S\u00e4kerhetsgrind f\u00f6r Husdjur - Justerbar - Med Liten D\u00f6rr - St\u00e5l och Plast - Vit - TRUUSK - Hem, Tr\u00e4dg\u00e5rd &amp; Fritid","og_description":"H\u00e5ll husdjur borta fr\u00e5n rum vid behov med denna avsp\u00e4rrningsgrind fr\u00e5n TRUUSK. Tillverkad av formsprutad st\u00e5l med blyfri behandlad yta...","og_url":"https:\/\/truusk.store\/sv\/produkt\/truusk-sakerhetsgrind-for-husdjur-justerbar-med-liten-dorr-stal-och-plast-vit\/","og_site_name":"TRUUSK - Hem, Tr\u00e4dg\u00e5rd &amp; Fritid","article_modified_time":"2026-03-12T08:09:34+00:00","og_image":[{"width":2000,"height":2000,"url":"https:\/\/i0.wp.com\/truusk.se\/wp-content\/uploads\/2025\/07\/sakerhetsgrind-for-husdjur-justerbar-med-liten-dorr-stal-plast-vit-1.webp?fit=2000%2C2000&ssl=1","type":"image\/webp"}],"twitter_card":"summary_large_image","twitter_misc":{"Ber\u00e4knad l\u00e4stid":"1 minut"},"schema":{"@context":"https:\/\/schema.org","@graph":[{"@type":"WebPage","@id":"https:\/\/truusk.store\/sv\/produkt\/truusk-sakerhetsgrind-for-husdjur-justerbar-med-liten-dorr-stal-och-plast-vit\/","url":"https:\/\/truusk.store\/sv\/produkt\/truusk-sakerhetsgrind-for-husdjur-justerbar-med-liten-dorr-stal-och-plast-vit\/","name":"TRUUSK S\u00e4kerhetsgrind f\u00f6r Husdjur - Justerbar - Med Liten D\u00f6rr - St\u00e5l och Plast - Vit - TRUUSK - Hem, Tr\u00e4dg\u00e5rd &amp; Fritid","isPartOf":{"@id":"https:\/\/truusk.store\/sv\/#website"},"primaryImageOfPage":{"@id":"https:\/\/truusk.store\/sv\/produkt\/truusk-sakerhetsgrind-for-husdjur-justerbar-med-liten-dorr-stal-och-plast-vit\/#primaryimage"},"image":{"@id":"https:\/\/truusk.store\/sv\/produkt\/truusk-sakerhetsgrind-for-husdjur-justerbar-med-liten-dorr-stal-och-plast-vit\/#primaryimage"},"thumbnailUrl":"https:\/\/i0.wp.com\/truusk.store\/wp-content\/uploads\/2025\/07\/sakerhetsgrind-for-husdjur-justerbar-med-liten-dorr-stal-plast-vit-1.webp?fit=2000%2C2000&ssl=1","datePublished":"2025-07-22T03:14:04+00:00","dateModified":"2026-03-12T08:09:34+00:00","breadcrumb":{"@id":"https:\/\/truusk.store\/sv\/produkt\/truusk-sakerhetsgrind-for-husdjur-justerbar-med-liten-dorr-stal-och-plast-vit\/#breadcrumb"},"inLanguage":"sv-SE","potentialAction":[{"@type":"ReadAction","target":["https:\/\/truusk.store\/sv\/produkt\/truusk-sakerhetsgrind-for-husdjur-justerbar-med-liten-dorr-stal-och-plast-vit\/"]}]},{"@type":"ImageObject","inLanguage":"sv-SE","@id":"https:\/\/truusk.store\/sv\/produkt\/truusk-sakerhetsgrind-for-husdjur-justerbar-med-liten-dorr-stal-och-plast-vit\/#primaryimage","url":"https:\/\/i0.wp.com\/truusk.store\/wp-content\/uploads\/2025\/07\/sakerhetsgrind-for-husdjur-justerbar-med-liten-dorr-stal-plast-vit-1.webp?fit=2000%2C2000&ssl=1","contentUrl":"https:\/\/i0.wp.com\/truusk.store\/wp-content\/uploads\/2025\/07\/sakerhetsgrind-for-husdjur-justerbar-med-liten-dorr-stal-plast-vit-1.webp?fit=2000%2C2000&ssl=1","width":2000,"height":2000},{"@type":"BreadcrumbList","@id":"https:\/\/truusk.store\/sv\/produkt\/truusk-sakerhetsgrind-for-husdjur-justerbar-med-liten-dorr-stal-och-plast-vit\/#breadcrumb","itemListElement":[{"@type":"ListItem","position":1,"name":"Home","item":"https:\/\/truusk.store\/sv\/"},{"@type":"ListItem","position":2,"name":"Shop","item":"https:\/\/truusk.store\/shop\/"},{"@type":"ListItem","position":3,"name":"TRUUSK S\u00e4kerhetsgrind f\u00f6r Husdjur &#8211; Justerbar &#8211; Med Liten D\u00f6rr &#8211; St\u00e5l och Plast &#8211; Vit"}]},{"@type":"WebSite","@id":"https:\/\/truusk.store\/sv\/#website","url":"https:\/\/truusk.store\/sv\/","name":"TRUUSK - Hem, Tr\u00e4dg\u00e5rd & Fritid","description":"","publisher":{"@id":"https:\/\/truusk.store\/sv\/#organization"},"potentialAction":[{"@type":"SearchAction","target":{"@type":"EntryPoint","urlTemplate":"https:\/\/truusk.store\/sv\/?s={search_term_string}"},"query-input":{"@type":"PropertyValueSpecification","valueRequired":true,"valueName":"search_term_string"}}],"inLanguage":"sv-SE"},{"@type":"Organization","@id":"https:\/\/truusk.store\/sv\/#organization","name":"TRUUSK - Hem, Tr\u00e4dg\u00e5rd & Fritid","url":"https:\/\/truusk.store\/sv\/","logo":{"@type":"ImageObject","inLanguage":"sv-SE","@id":"https:\/\/truusk.store\/sv\/#\/schema\/logo\/image\/","url":"https:\/\/i0.wp.com\/truusk.store\/wp-content\/uploads\/2026\/03\/cropped-TRUUSK.png?fit=2032%2C917&ssl=1","contentUrl":"https:\/\/i0.wp.com\/truusk.store\/wp-content\/uploads\/2026\/03\/cropped-TRUUSK.png?fit=2032%2C917&ssl=1","width":2032,"height":917,"caption":"TRUUSK - Hem, Tr\u00e4dg\u00e5rd & Fritid"},"image":{"@id":"https:\/\/truusk.store\/sv\/#\/schema\/logo\/image\/"}}]}},"jetpack_sharing_enabled":true,"_links":{"self":[{"href":"https:\/\/truusk.store\/sv\/wp-json\/wp\/v2\/product\/83695","targetHints":{"allow":["GET"]}}],"collection":[{"href":"https:\/\/truusk.store\/sv\/wp-json\/wp\/v2\/product"}],"about":[{"href":"https:\/\/truusk.store\/sv\/wp-json\/wp\/v2\/types\/product"}],"wp:featuredmedia":[{"embeddable":true,"href":"https:\/\/truusk.store\/sv\/wp-json\/wp\/v2\/media\/83686"}],"wp:attachment":[{"href":"https:\/\/truusk.store\/sv\/wp-json\/wp\/v2\/media?parent=83695"}],"wp:term":[{"taxonomy":"product_brand","embeddable":true,"href":"https:\/\/truusk.store\/sv\/wp-json\/wp\/v2\/product_brand?post=83695"},{"taxonomy":"product_cat","embeddable":true,"href":"https:\/\/truusk.store\/sv\/wp-json\/wp\/v2\/product_cat?post=83695"},{"taxonomy":"product_tag","embeddable":true,"href":"https:\/\/truusk.store\/sv\/wp-json\/wp\/v2\/product_tag?post=83695"}],"curies":[{"name":"wp","href":"https:\/\/api.w.org\/{rel}","templated":true}]}}