{"id":83705,"date":"2025-07-22T04:15:28","date_gmt":"2025-07-22T03:15:28","guid":{"rendered":"https:\/\/truusk.store\/product\/knastol-ergonomisk-sittplupp-stoppad-pall-for-halsosam-sittstallning-bjorktra-kan-bara-upp-till-120-kg-gra\/"},"modified":"2026-03-12T09:13:31","modified_gmt":"2026-03-12T08:13:31","slug":"truusk-ergonomisk-knastol-stoppad-pall-i-bjorktra-for-halsosam-sittstallning-kan-bara-upp-till-120-kg-gra","status":"publish","type":"product","link":"https:\/\/truusk.store\/sv\/produkt\/truusk-ergonomisk-knastol-stoppad-pall-i-bjorktra-for-halsosam-sittstallning-kan-bara-upp-till-120-kg-gra\/","title":{"rendered":"TRUUSK Ergonomisk Kn\u00e4stol &#8211; Stoppad Pall i Bj\u00f6rktr\u00e4 &#8211; F\u00f6r H\u00e4lsosam Sittst\u00e4llning &#8211; Kan B\u00e4ra Upp Till 120 Kg &#8211; Gr\u00e5"},"content":{"rendered":"<p>Sitt h\u00e4lsosammare med TRUUSK ergonomiska kn\u00e4stol, som fr\u00e4mjar en dynamisk sittst\u00e4llning f\u00f6r ditt v\u00e4lbefinnande. Undvik att h\u00e4nga i stolen, utveckla en god h\u00e5llning och minimera rygg- och nacksm\u00e4rta! Denna ergonomiska kn\u00e4pall minskar tr\u00f6tthet och minskar trycket p\u00e5 ryggraden och nacken, vilket g\u00f6r att du kan koncentrera dig b\u00e4ttre.<\/p>\n<p>Beskrivning:<\/p>\n<ul>\n<li> Utveckla en god kroppsh\u00e5llning, f\u00f6rhindra rund rygg eller n\u00e4rsynthet<\/li>\n<li> Fr\u00e4mjar blodcirkulationen och minskar trycket p\u00e5 ryggraden, nacken och ryggen<\/li>\n<li> Fr\u00e4mjar produktivitet<\/li>\n<li> Kn\u00e4stol med lutningsfunktion, f\u00f6r en aktiv sittst\u00e4llning<\/li>\n<li> Struktur av massiv bj\u00f6rk<\/li>\n<li> Tjock sits och kn\u00e4kuddar p\u00e5 kn\u00e4pallen f\u00f6r h\u00f6gsta komfort<\/li>\n<li> Monteringen kr\u00e4vs<\/li>\n<\/ul>\n<p> Tekniska data:<\/p>\n<ul>\n<li> F\u00e4rg: Gr\u00e5<\/li>\n<li> Material: Bj\u00f6rk, skum, polyester<\/li>\n<li> Totala dimensioner: 51B x 69T x 58H cm<\/li>\n<li> Sitsstorlek: 39L x 30B cm<\/li>\n<li> Sitth\u00f6jd: 51-58 cm<\/li>\n<li> Storlek p\u00e5 kn\u00e4kudde: 13B x 25,5T cm<\/li>\n<li> Kuddtjocklek: 10 cm (sits), 10 cm (kn\u00e4kudde)<\/li>\n<li> B\u00e4rkapacitet: 120 kg<\/li>\n<\/ul>\n<p>Ing\u00e5r:<\/p>\n<ul>\n<li> 1 x Ergonomisk kn\u00e4stol<\/li>\n<li> 1 x Bruksanvisning<\/li>\n<\/ul>\n","protected":false},"excerpt":{"rendered":"<p>Sitt h\u00e4lsosammare med TRUUSK ergonomiska kn\u00e4stol, som fr\u00e4mjar en dynamisk sittst\u00e4llning f\u00f6r ditt v\u00e4lbefinnande. Undvik att h\u00e4nga i stolen, utveckla&#8230;<\/p>\n","protected":false},"featured_media":83696,"template":"","meta":[],"product_brand":[],"product_cat":[872,871,516],"product_tag":[],"class_list":{"0":"post-83705","1":"product","2":"type-product","3":"status-publish","4":"has-post-thumbnail","6":"product_cat-hemmakontor-arbetsplats","7":"product_cat-hus-hem","8":"product_cat-kontorsstolar","10":"first","11":"instock","12":"sale","13":"taxable","14":"shipping-taxable","15":"purchasable","16":"product-type-simple"},"yoast_head":"<!-- This site is optimized with the Yoast SEO plugin v25.4 - https:\/\/yoast.com\/wordpress\/plugins\/seo\/ -->\n<title>TRUUSK Ergonomisk Kn\u00e4stol - Stoppad Pall i Bj\u00f6rktr\u00e4 - F\u00f6r H\u00e4lsosam Sittst\u00e4llning - Kan B\u00e4ra Upp Till 120 Kg - Gr\u00e5 - TRUUSK - Hem, Tr\u00e4dg\u00e5rd &amp; Fritid<\/title>\n<meta name=\"robots\" content=\"index, follow, max-snippet:-1, max-image-preview:large, max-video-preview:-1\" \/>\n<link rel=\"canonical\" href=\"https:\/\/truusk.store\/sv\/produkt\/truusk-ergonomisk-knastol-stoppad-pall-i-bjorktra-for-halsosam-sittstallning-kan-bara-upp-till-120-kg-gra\/\" \/>\n<meta property=\"og:locale\" content=\"sv_SE\" \/>\n<meta property=\"og:type\" content=\"article\" \/>\n<meta property=\"og:title\" content=\"TRUUSK Ergonomisk Kn\u00e4stol - Stoppad Pall i Bj\u00f6rktr\u00e4 - F\u00f6r H\u00e4lsosam Sittst\u00e4llning - Kan B\u00e4ra Upp Till 120 Kg - Gr\u00e5 - TRUUSK - Hem, Tr\u00e4dg\u00e5rd &amp; Fritid\" \/>\n<meta property=\"og:description\" content=\"Sitt h\u00e4lsosammare med TRUUSK ergonomiska kn\u00e4stol, som fr\u00e4mjar en dynamisk sittst\u00e4llning f\u00f6r ditt v\u00e4lbefinnande. Undvik att h\u00e4nga i stolen, utveckla...\" \/>\n<meta property=\"og:url\" content=\"https:\/\/truusk.store\/sv\/produkt\/truusk-ergonomisk-knastol-stoppad-pall-i-bjorktra-for-halsosam-sittstallning-kan-bara-upp-till-120-kg-gra\/\" \/>\n<meta property=\"og:site_name\" content=\"TRUUSK - Hem, Tr\u00e4dg\u00e5rd &amp; Fritid\" \/>\n<meta property=\"article:modified_time\" content=\"2026-03-12T08:13:31+00:00\" \/>\n<meta property=\"og:image\" content=\"https:\/\/i0.wp.com\/truusk.se\/wp-content\/uploads\/2025\/07\/knastol-ergonomisk-sittplupp-stoppad-pall-for-halsosam-sittstallning-bjorktra-kan-bara-upp-till-120-kg-gra-1.webp?fit=2000%2C2000&ssl=1\" \/>\n\t<meta property=\"og:image:width\" content=\"2000\" \/>\n\t<meta property=\"og:image:height\" content=\"2000\" \/>\n\t<meta property=\"og:image:type\" content=\"image\/webp\" \/>\n<meta name=\"twitter:card\" content=\"summary_large_image\" \/>\n<meta name=\"twitter:label1\" content=\"Ber\u00e4knad l\u00e4stid\" \/>\n\t<meta name=\"twitter:data1\" content=\"1 minut\" \/>\n<!-- \/ Yoast SEO plugin. -->","yoast_head_json":{"title":"TRUUSK Ergonomisk Kn\u00e4stol - Stoppad Pall i Bj\u00f6rktr\u00e4 - F\u00f6r H\u00e4lsosam Sittst\u00e4llning - Kan B\u00e4ra Upp Till 120 Kg - Gr\u00e5 - TRUUSK - Hem, Tr\u00e4dg\u00e5rd &amp; Fritid","robots":{"index":"index","follow":"follow","max-snippet":"max-snippet:-1","max-image-preview":"max-image-preview:large","max-video-preview":"max-video-preview:-1"},"canonical":"https:\/\/truusk.store\/sv\/produkt\/truusk-ergonomisk-knastol-stoppad-pall-i-bjorktra-for-halsosam-sittstallning-kan-bara-upp-till-120-kg-gra\/","og_locale":"sv_SE","og_type":"article","og_title":"TRUUSK Ergonomisk Kn\u00e4stol - Stoppad Pall i Bj\u00f6rktr\u00e4 - F\u00f6r H\u00e4lsosam Sittst\u00e4llning - Kan B\u00e4ra Upp Till 120 Kg - Gr\u00e5 - TRUUSK - Hem, Tr\u00e4dg\u00e5rd &amp; Fritid","og_description":"Sitt h\u00e4lsosammare med TRUUSK ergonomiska kn\u00e4stol, som fr\u00e4mjar en dynamisk sittst\u00e4llning f\u00f6r ditt v\u00e4lbefinnande. Undvik att h\u00e4nga i stolen, utveckla...","og_url":"https:\/\/truusk.store\/sv\/produkt\/truusk-ergonomisk-knastol-stoppad-pall-i-bjorktra-for-halsosam-sittstallning-kan-bara-upp-till-120-kg-gra\/","og_site_name":"TRUUSK - Hem, Tr\u00e4dg\u00e5rd &amp; Fritid","article_modified_time":"2026-03-12T08:13:31+00:00","og_image":[{"width":2000,"height":2000,"url":"https:\/\/i0.wp.com\/truusk.se\/wp-content\/uploads\/2025\/07\/knastol-ergonomisk-sittplupp-stoppad-pall-for-halsosam-sittstallning-bjorktra-kan-bara-upp-till-120-kg-gra-1.webp?fit=2000%2C2000&ssl=1","type":"image\/webp"}],"twitter_card":"summary_large_image","twitter_misc":{"Ber\u00e4knad l\u00e4stid":"1 minut"},"schema":{"@context":"https:\/\/schema.org","@graph":[{"@type":"WebPage","@id":"https:\/\/truusk.store\/sv\/produkt\/truusk-ergonomisk-knastol-stoppad-pall-i-bjorktra-for-halsosam-sittstallning-kan-bara-upp-till-120-kg-gra\/","url":"https:\/\/truusk.store\/sv\/produkt\/truusk-ergonomisk-knastol-stoppad-pall-i-bjorktra-for-halsosam-sittstallning-kan-bara-upp-till-120-kg-gra\/","name":"TRUUSK Ergonomisk Kn\u00e4stol - Stoppad Pall i Bj\u00f6rktr\u00e4 - F\u00f6r H\u00e4lsosam Sittst\u00e4llning - Kan B\u00e4ra Upp Till 120 Kg - Gr\u00e5 - TRUUSK - Hem, Tr\u00e4dg\u00e5rd &amp; Fritid","isPartOf":{"@id":"https:\/\/truusk.store\/sv\/#website"},"primaryImageOfPage":{"@id":"https:\/\/truusk.store\/sv\/produkt\/truusk-ergonomisk-knastol-stoppad-pall-i-bjorktra-for-halsosam-sittstallning-kan-bara-upp-till-120-kg-gra\/#primaryimage"},"image":{"@id":"https:\/\/truusk.store\/sv\/produkt\/truusk-ergonomisk-knastol-stoppad-pall-i-bjorktra-for-halsosam-sittstallning-kan-bara-upp-till-120-kg-gra\/#primaryimage"},"thumbnailUrl":"https:\/\/i0.wp.com\/truusk.store\/wp-content\/uploads\/2025\/07\/knastol-ergonomisk-sittplupp-stoppad-pall-for-halsosam-sittstallning-bjorktra-kan-bara-upp-till-120-kg-gra-1.webp?fit=2000%2C2000&ssl=1","datePublished":"2025-07-22T03:15:28+00:00","dateModified":"2026-03-12T08:13:31+00:00","breadcrumb":{"@id":"https:\/\/truusk.store\/sv\/produkt\/truusk-ergonomisk-knastol-stoppad-pall-i-bjorktra-for-halsosam-sittstallning-kan-bara-upp-till-120-kg-gra\/#breadcrumb"},"inLanguage":"sv-SE","potentialAction":[{"@type":"ReadAction","target":["https:\/\/truusk.store\/sv\/produkt\/truusk-ergonomisk-knastol-stoppad-pall-i-bjorktra-for-halsosam-sittstallning-kan-bara-upp-till-120-kg-gra\/"]}]},{"@type":"ImageObject","inLanguage":"sv-SE","@id":"https:\/\/truusk.store\/sv\/produkt\/truusk-ergonomisk-knastol-stoppad-pall-i-bjorktra-for-halsosam-sittstallning-kan-bara-upp-till-120-kg-gra\/#primaryimage","url":"https:\/\/i0.wp.com\/truusk.store\/wp-content\/uploads\/2025\/07\/knastol-ergonomisk-sittplupp-stoppad-pall-for-halsosam-sittstallning-bjorktra-kan-bara-upp-till-120-kg-gra-1.webp?fit=2000%2C2000&ssl=1","contentUrl":"https:\/\/i0.wp.com\/truusk.store\/wp-content\/uploads\/2025\/07\/knastol-ergonomisk-sittplupp-stoppad-pall-for-halsosam-sittstallning-bjorktra-kan-bara-upp-till-120-kg-gra-1.webp?fit=2000%2C2000&ssl=1","width":2000,"height":2000},{"@type":"BreadcrumbList","@id":"https:\/\/truusk.store\/sv\/produkt\/truusk-ergonomisk-knastol-stoppad-pall-i-bjorktra-for-halsosam-sittstallning-kan-bara-upp-till-120-kg-gra\/#breadcrumb","itemListElement":[{"@type":"ListItem","position":1,"name":"Home","item":"https:\/\/truusk.store\/sv\/"},{"@type":"ListItem","position":2,"name":"Shop","item":"https:\/\/truusk.store\/shop\/"},{"@type":"ListItem","position":3,"name":"TRUUSK Ergonomisk Kn\u00e4stol &#8211; Stoppad Pall i Bj\u00f6rktr\u00e4 &#8211; F\u00f6r H\u00e4lsosam Sittst\u00e4llning &#8211; Kan B\u00e4ra Upp Till 120 Kg &#8211; Gr\u00e5"}]},{"@type":"WebSite","@id":"https:\/\/truusk.store\/sv\/#website","url":"https:\/\/truusk.store\/sv\/","name":"TRUUSK - Hem, Tr\u00e4dg\u00e5rd & Fritid","description":"","publisher":{"@id":"https:\/\/truusk.store\/sv\/#organization"},"potentialAction":[{"@type":"SearchAction","target":{"@type":"EntryPoint","urlTemplate":"https:\/\/truusk.store\/sv\/?s={search_term_string}"},"query-input":{"@type":"PropertyValueSpecification","valueRequired":true,"valueName":"search_term_string"}}],"inLanguage":"sv-SE"},{"@type":"Organization","@id":"https:\/\/truusk.store\/sv\/#organization","name":"TRUUSK - Hem, Tr\u00e4dg\u00e5rd & Fritid","url":"https:\/\/truusk.store\/sv\/","logo":{"@type":"ImageObject","inLanguage":"sv-SE","@id":"https:\/\/truusk.store\/sv\/#\/schema\/logo\/image\/","url":"https:\/\/i0.wp.com\/truusk.store\/wp-content\/uploads\/2026\/03\/cropped-TRUUSK.png?fit=2032%2C917&ssl=1","contentUrl":"https:\/\/i0.wp.com\/truusk.store\/wp-content\/uploads\/2026\/03\/cropped-TRUUSK.png?fit=2032%2C917&ssl=1","width":2032,"height":917,"caption":"TRUUSK - Hem, Tr\u00e4dg\u00e5rd & Fritid"},"image":{"@id":"https:\/\/truusk.store\/sv\/#\/schema\/logo\/image\/"}}]}},"jetpack_sharing_enabled":true,"_links":{"self":[{"href":"https:\/\/truusk.store\/sv\/wp-json\/wp\/v2\/product\/83705","targetHints":{"allow":["GET"]}}],"collection":[{"href":"https:\/\/truusk.store\/sv\/wp-json\/wp\/v2\/product"}],"about":[{"href":"https:\/\/truusk.store\/sv\/wp-json\/wp\/v2\/types\/product"}],"wp:featuredmedia":[{"embeddable":true,"href":"https:\/\/truusk.store\/sv\/wp-json\/wp\/v2\/media\/83696"}],"wp:attachment":[{"href":"https:\/\/truusk.store\/sv\/wp-json\/wp\/v2\/media?parent=83705"}],"wp:term":[{"taxonomy":"product_brand","embeddable":true,"href":"https:\/\/truusk.store\/sv\/wp-json\/wp\/v2\/product_brand?post=83705"},{"taxonomy":"product_cat","embeddable":true,"href":"https:\/\/truusk.store\/sv\/wp-json\/wp\/v2\/product_cat?post=83705"},{"taxonomy":"product_tag","embeddable":true,"href":"https:\/\/truusk.store\/sv\/wp-json\/wp\/v2\/product_tag?post=83705"}],"curies":[{"name":"wp","href":"https:\/\/api.w.org\/{rel}","templated":true}]}}