{"id":83775,"date":"2025-07-22T04:24:02","date_gmt":"2025-07-22T03:24:02","guid":{"rendered":"https:\/\/truusk.store\/product\/metallverktygsskjul-med-lutande-tak-lasbar-dubbeldorr-28-x-345-x-201m-gron\/"},"modified":"2026-03-12T09:33:17","modified_gmt":"2026-03-12T08:33:17","slug":"truusk-metallverktygsskjul-lutande-tak-lasbar-dubbeldorr-28-x-345-x-201m-gron","status":"publish","type":"product","link":"https:\/\/truusk.store\/sv\/produkt\/truusk-metallverktygsskjul-lutande-tak-lasbar-dubbeldorr-28-x-345-x-201m-gron\/","title":{"rendered":"TRUUSK Metallverktygsskjul &#8211; Lutande Tak &#8211; L\u00e5sbar Dubbeld\u00f6rr &#8211; 2,8 x 3,45 x 2,01m &#8211; Gr\u00f6n"},"content":{"rendered":"<p>Med tr\u00e4dg\u00e5rdsskjulet fr\u00e5n TRUUSK kan du tillf\u00f6ra stil och funktionalitet till din fastighet. Det robusta metallskjulet, f\u00f6rzinkat och v\u00e4derbest\u00e4ndigt, erbjuder inte bara gott om lagringsutrymme, utan ocks\u00e5 ett p\u00e5litligt skydd f\u00f6r din v\u00e4rdefulla utrustning. Den enkla tillg\u00e4ngligheten, trevlig ventilation och de utrymmesbesparande dubbla skjutd\u00f6rrarna g\u00f6r detta redskapsskjul till det optimala valet f\u00f6r dina tr\u00e4dg\u00e5rdsbehov.<\/p>\n<p>Beskrivning:<\/p>\n<ul>\n<li> V\u00e5gigt st\u00e5lredskapshus, f\u00f6rzinkat f\u00f6r extra styrka. Robust, h\u00e5llbart och motst\u00e5ndskraftigt mot rost och korrosion<\/li>\n<li> Lutande tak f\u00f6r att f\u00f6rhindra vattenansamlingar<\/li>\n<li> Dubbla skjutd\u00f6rrar f\u00f6r enkel tillg\u00e5ng<\/li>\n<li> L\u00e5sbar d\u00f6rr till redskapsskjulet f\u00f6r s\u00e4kerhet, h\u00e4ngl\u00e5s kan l\u00e4ggas till (ing\u00e5r ej)<\/li>\n<li> Tv\u00e5 ventilations\u00f6ppningar f\u00f6r att h\u00e5lla insidan torr och fr\u00e4sch<\/li>\n<li> Observera att en grund INTE ing\u00e5r<\/li>\n<li> Montering kr\u00e4vs<\/li>\n<\/ul>\n<p> Tekniska data:<\/p>\n<ul>\n<li> F\u00e4rg: Gr\u00f6n<\/li>\n<li> Material: St\u00e5l<\/li>\n<li> Totala dimensioner: 280L x 345B x 169\/201H cm<\/li>\n<li> Inre dimensioner: 257B x 317T cm<\/li>\n<li> Golvdimensioner: 268B x 333T cm<\/li>\n<li> D\u00f6rdimensioner: 95B x 163,5H cm<\/li>\n<li> Ventilationsdimensioner: 22,5B x 9,5H cm<\/li>\n<\/ul>\n<p>Leveransinneh\u00e5ll:<\/p>\n<ul>\n<li> 1 x Tr\u00e4dg\u00e5rdsskjul<\/li>\n<li> 1 x Instruktioner<\/li>\n<\/ul>\n","protected":false},"excerpt":{"rendered":"<p>Med tr\u00e4dg\u00e5rdsskjulet fr\u00e5n TRUUSK kan du tillf\u00f6ra stil och funktionalitet till din fastighet. Det robusta metallskjulet, f\u00f6rzinkat och v\u00e4derbest\u00e4ndigt, erbjuder&#8230;<\/p>\n","protected":false},"featured_media":83765,"template":"","meta":[],"product_brand":[],"product_cat":[901,902,858],"product_tag":[],"class_list":{"0":"post-83775","1":"product","2":"type-product","3":"status-publish","4":"has-post-thumbnail","6":"product_cat-ordning-i-tradgarden","7":"product_cat-redskapsskjul-och-redskapshus","8":"product_cat-tradgard-terrass","10":"first","11":"instock","12":"sale","13":"taxable","14":"shipping-taxable","15":"purchasable","16":"product-type-simple"},"yoast_head":"<!-- This site is optimized with the Yoast SEO plugin v25.4 - https:\/\/yoast.com\/wordpress\/plugins\/seo\/ -->\n<title>TRUUSK Metallverktygsskjul - Lutande Tak - L\u00e5sbar Dubbeld\u00f6rr - 2,8 x 3,45 x 2,01m - Gr\u00f6n - TRUUSK - Hem, Tr\u00e4dg\u00e5rd &amp; Fritid<\/title>\n<meta name=\"robots\" content=\"index, follow, max-snippet:-1, max-image-preview:large, max-video-preview:-1\" \/>\n<link rel=\"canonical\" href=\"https:\/\/truusk.store\/sv\/produkt\/truusk-metallverktygsskjul-lutande-tak-lasbar-dubbeldorr-28-x-345-x-201m-gron\/\" \/>\n<meta property=\"og:locale\" content=\"sv_SE\" \/>\n<meta property=\"og:type\" content=\"article\" \/>\n<meta property=\"og:title\" content=\"TRUUSK Metallverktygsskjul - Lutande Tak - L\u00e5sbar Dubbeld\u00f6rr - 2,8 x 3,45 x 2,01m - Gr\u00f6n - TRUUSK - Hem, Tr\u00e4dg\u00e5rd &amp; Fritid\" \/>\n<meta property=\"og:description\" content=\"Med tr\u00e4dg\u00e5rdsskjulet fr\u00e5n TRUUSK kan du tillf\u00f6ra stil och funktionalitet till din fastighet. Det robusta metallskjulet, f\u00f6rzinkat och v\u00e4derbest\u00e4ndigt, erbjuder...\" \/>\n<meta property=\"og:url\" content=\"https:\/\/truusk.store\/sv\/produkt\/truusk-metallverktygsskjul-lutande-tak-lasbar-dubbeldorr-28-x-345-x-201m-gron\/\" \/>\n<meta property=\"og:site_name\" content=\"TRUUSK - Hem, Tr\u00e4dg\u00e5rd &amp; Fritid\" \/>\n<meta property=\"article:modified_time\" content=\"2026-03-12T08:33:17+00:00\" \/>\n<meta property=\"og:image\" content=\"https:\/\/i0.wp.com\/truusk.se\/wp-content\/uploads\/2025\/07\/metallverktygsskjul-med-lutande-tak-lasbar-dubbeldorr-28-x-345-x-201m-gron-1.webp?fit=2000%2C2000&ssl=1\" \/>\n\t<meta property=\"og:image:width\" content=\"2000\" \/>\n\t<meta property=\"og:image:height\" content=\"2000\" \/>\n\t<meta property=\"og:image:type\" content=\"image\/webp\" \/>\n<meta name=\"twitter:card\" content=\"summary_large_image\" \/>\n<meta name=\"twitter:label1\" content=\"Ber\u00e4knad l\u00e4stid\" \/>\n\t<meta name=\"twitter:data1\" content=\"1 minut\" \/>\n<!-- \/ Yoast SEO plugin. -->","yoast_head_json":{"title":"TRUUSK Metallverktygsskjul - Lutande Tak - L\u00e5sbar Dubbeld\u00f6rr - 2,8 x 3,45 x 2,01m - Gr\u00f6n - TRUUSK - Hem, Tr\u00e4dg\u00e5rd &amp; Fritid","robots":{"index":"index","follow":"follow","max-snippet":"max-snippet:-1","max-image-preview":"max-image-preview:large","max-video-preview":"max-video-preview:-1"},"canonical":"https:\/\/truusk.store\/sv\/produkt\/truusk-metallverktygsskjul-lutande-tak-lasbar-dubbeldorr-28-x-345-x-201m-gron\/","og_locale":"sv_SE","og_type":"article","og_title":"TRUUSK Metallverktygsskjul - Lutande Tak - L\u00e5sbar Dubbeld\u00f6rr - 2,8 x 3,45 x 2,01m - Gr\u00f6n - TRUUSK - Hem, Tr\u00e4dg\u00e5rd &amp; Fritid","og_description":"Med tr\u00e4dg\u00e5rdsskjulet fr\u00e5n TRUUSK kan du tillf\u00f6ra stil och funktionalitet till din fastighet. Det robusta metallskjulet, f\u00f6rzinkat och v\u00e4derbest\u00e4ndigt, erbjuder...","og_url":"https:\/\/truusk.store\/sv\/produkt\/truusk-metallverktygsskjul-lutande-tak-lasbar-dubbeldorr-28-x-345-x-201m-gron\/","og_site_name":"TRUUSK - Hem, Tr\u00e4dg\u00e5rd &amp; Fritid","article_modified_time":"2026-03-12T08:33:17+00:00","og_image":[{"width":2000,"height":2000,"url":"https:\/\/i0.wp.com\/truusk.se\/wp-content\/uploads\/2025\/07\/metallverktygsskjul-med-lutande-tak-lasbar-dubbeldorr-28-x-345-x-201m-gron-1.webp?fit=2000%2C2000&ssl=1","type":"image\/webp"}],"twitter_card":"summary_large_image","twitter_misc":{"Ber\u00e4knad l\u00e4stid":"1 minut"},"schema":{"@context":"https:\/\/schema.org","@graph":[{"@type":"WebPage","@id":"https:\/\/truusk.store\/sv\/produkt\/truusk-metallverktygsskjul-lutande-tak-lasbar-dubbeldorr-28-x-345-x-201m-gron\/","url":"https:\/\/truusk.store\/sv\/produkt\/truusk-metallverktygsskjul-lutande-tak-lasbar-dubbeldorr-28-x-345-x-201m-gron\/","name":"TRUUSK Metallverktygsskjul - Lutande Tak - L\u00e5sbar Dubbeld\u00f6rr - 2,8 x 3,45 x 2,01m - Gr\u00f6n - TRUUSK - Hem, Tr\u00e4dg\u00e5rd &amp; Fritid","isPartOf":{"@id":"https:\/\/truusk.store\/sv\/#website"},"primaryImageOfPage":{"@id":"https:\/\/truusk.store\/sv\/produkt\/truusk-metallverktygsskjul-lutande-tak-lasbar-dubbeldorr-28-x-345-x-201m-gron\/#primaryimage"},"image":{"@id":"https:\/\/truusk.store\/sv\/produkt\/truusk-metallverktygsskjul-lutande-tak-lasbar-dubbeldorr-28-x-345-x-201m-gron\/#primaryimage"},"thumbnailUrl":"https:\/\/i0.wp.com\/truusk.store\/wp-content\/uploads\/2025\/07\/metallverktygsskjul-med-lutande-tak-lasbar-dubbeldorr-28-x-345-x-201m-gron-1.webp?fit=2000%2C2000&ssl=1","datePublished":"2025-07-22T03:24:02+00:00","dateModified":"2026-03-12T08:33:17+00:00","breadcrumb":{"@id":"https:\/\/truusk.store\/sv\/produkt\/truusk-metallverktygsskjul-lutande-tak-lasbar-dubbeldorr-28-x-345-x-201m-gron\/#breadcrumb"},"inLanguage":"sv-SE","potentialAction":[{"@type":"ReadAction","target":["https:\/\/truusk.store\/sv\/produkt\/truusk-metallverktygsskjul-lutande-tak-lasbar-dubbeldorr-28-x-345-x-201m-gron\/"]}]},{"@type":"ImageObject","inLanguage":"sv-SE","@id":"https:\/\/truusk.store\/sv\/produkt\/truusk-metallverktygsskjul-lutande-tak-lasbar-dubbeldorr-28-x-345-x-201m-gron\/#primaryimage","url":"https:\/\/i0.wp.com\/truusk.store\/wp-content\/uploads\/2025\/07\/metallverktygsskjul-med-lutande-tak-lasbar-dubbeldorr-28-x-345-x-201m-gron-1.webp?fit=2000%2C2000&ssl=1","contentUrl":"https:\/\/i0.wp.com\/truusk.store\/wp-content\/uploads\/2025\/07\/metallverktygsskjul-med-lutande-tak-lasbar-dubbeldorr-28-x-345-x-201m-gron-1.webp?fit=2000%2C2000&ssl=1","width":2000,"height":2000},{"@type":"BreadcrumbList","@id":"https:\/\/truusk.store\/sv\/produkt\/truusk-metallverktygsskjul-lutande-tak-lasbar-dubbeldorr-28-x-345-x-201m-gron\/#breadcrumb","itemListElement":[{"@type":"ListItem","position":1,"name":"Home","item":"https:\/\/truusk.store\/sv\/"},{"@type":"ListItem","position":2,"name":"Shop","item":"https:\/\/truusk.store\/shop\/"},{"@type":"ListItem","position":3,"name":"TRUUSK Metallverktygsskjul &#8211; Lutande Tak &#8211; L\u00e5sbar Dubbeld\u00f6rr &#8211; 2,8 x 3,45 x 2,01m &#8211; Gr\u00f6n"}]},{"@type":"WebSite","@id":"https:\/\/truusk.store\/sv\/#website","url":"https:\/\/truusk.store\/sv\/","name":"TRUUSK - Hem, Tr\u00e4dg\u00e5rd & Fritid","description":"","publisher":{"@id":"https:\/\/truusk.store\/sv\/#organization"},"potentialAction":[{"@type":"SearchAction","target":{"@type":"EntryPoint","urlTemplate":"https:\/\/truusk.store\/sv\/?s={search_term_string}"},"query-input":{"@type":"PropertyValueSpecification","valueRequired":true,"valueName":"search_term_string"}}],"inLanguage":"sv-SE"},{"@type":"Organization","@id":"https:\/\/truusk.store\/sv\/#organization","name":"TRUUSK - Hem, Tr\u00e4dg\u00e5rd & Fritid","url":"https:\/\/truusk.store\/sv\/","logo":{"@type":"ImageObject","inLanguage":"sv-SE","@id":"https:\/\/truusk.store\/sv\/#\/schema\/logo\/image\/","url":"https:\/\/i0.wp.com\/truusk.store\/wp-content\/uploads\/2026\/03\/cropped-TRUUSK.png?fit=2032%2C917&ssl=1","contentUrl":"https:\/\/i0.wp.com\/truusk.store\/wp-content\/uploads\/2026\/03\/cropped-TRUUSK.png?fit=2032%2C917&ssl=1","width":2032,"height":917,"caption":"TRUUSK - Hem, Tr\u00e4dg\u00e5rd & Fritid"},"image":{"@id":"https:\/\/truusk.store\/sv\/#\/schema\/logo\/image\/"}}]}},"jetpack_sharing_enabled":true,"_links":{"self":[{"href":"https:\/\/truusk.store\/sv\/wp-json\/wp\/v2\/product\/83775","targetHints":{"allow":["GET"]}}],"collection":[{"href":"https:\/\/truusk.store\/sv\/wp-json\/wp\/v2\/product"}],"about":[{"href":"https:\/\/truusk.store\/sv\/wp-json\/wp\/v2\/types\/product"}],"wp:featuredmedia":[{"embeddable":true,"href":"https:\/\/truusk.store\/sv\/wp-json\/wp\/v2\/media\/83765"}],"wp:attachment":[{"href":"https:\/\/truusk.store\/sv\/wp-json\/wp\/v2\/media?parent=83775"}],"wp:term":[{"taxonomy":"product_brand","embeddable":true,"href":"https:\/\/truusk.store\/sv\/wp-json\/wp\/v2\/product_brand?post=83775"},{"taxonomy":"product_cat","embeddable":true,"href":"https:\/\/truusk.store\/sv\/wp-json\/wp\/v2\/product_cat?post=83775"},{"taxonomy":"product_tag","embeddable":true,"href":"https:\/\/truusk.store\/sv\/wp-json\/wp\/v2\/product_tag?post=83775"}],"curies":[{"name":"wp","href":"https:\/\/api.w.org\/{rel}","templated":true}]}}