{"id":83785,"date":"2025-07-22T04:25:08","date_gmt":"2025-07-22T03:25:08","guid":{"rendered":"https:\/\/truusk.store\/product\/kontorsstol-ergonomisk-skrivbordsstol-med-svangfunktion-hojdjusterbar-55-x-48-x-825-945-cm-rosa\/"},"modified":"2026-03-12T09:34:30","modified_gmt":"2026-03-12T08:34:30","slug":"truusk-ergonomisk-kontorsstol-med-svangfunktion-hojdjusterbar-55-x-48-x-825-945-cm-rosa-for-hemmakontor-och-arbetsplats","status":"publish","type":"product","link":"https:\/\/truusk.store\/sv\/produkt\/truusk-ergonomisk-kontorsstol-med-svangfunktion-hojdjusterbar-55-x-48-x-825-945-cm-rosa-for-hemmakontor-och-arbetsplats\/","title":{"rendered":"TRUUSK Ergonomisk Kontorsstol Med Sv\u00e4ngfunktion &#8211; H\u00f6jdjusterbar 55 x 48 x 82,5-94,5 cm &#8211; Rosa &#8211; F\u00f6r Hemmakontor och Arbetsplats"},"content":{"rendered":"<p>Arbetar du hemifr\u00e5n eller spenderar mycket tid p\u00e5 kontoret? D\u00e5 \u00e4r en bekv\u00e4m kontorsstol som klarar l\u00e5nga arbetsdagar oumb\u00e4rlig. TRUUSK kontorsstol erbjuder inte bara robust h\u00e5llbarhet, utan ocks\u00e5 enast\u00e5ende sittkomfort tack vare dess rikliga stoppning. Varje ergonomisk TRUUSK kontorsstol \u00e4r baserad p\u00e5 komfort och funktionalitet.<\/p>\n<p>Beskrivning:<\/p>\n<ul>\n<li> Ergonomisk kontorsstol, idealisk f\u00f6r att f\u00f6rsk\u00f6na det inre utrymmet du v\u00e4ljer: sovrum, kontor, vardagsrum etc.<\/li>\n<li> Ergonomisk skrivbordsstol med s\u00e4kerhetsrullar som inte sv\u00e4nger i sittande position och l\u00e4tt sv\u00e4nger i icke-sittande position<\/li>\n<li> Justerbar sitth\u00f6jd fr\u00e5n 44 till 56 cm f\u00f6r att m\u00f6ta alla krav<\/li>\n<li> 360\u00b0 roterande kontorsstol, vitt 5-armat ram med 5 multidirektionella rullar: \u00f6kad r\u00f6rlighet p\u00e5 kontoret eller i \u00f6ppna kontorslandskap<\/li>\n<li> N\u00e4ttyget p\u00e5 kontorsstolen \u00e4r andningsbart och mjukt<\/li>\n<li> Montering kr\u00e4vs<\/li>\n<\/ul>\n<p> Tekniska data:<\/p>\n<ul>\n<li> F\u00e4rg: Rosa<\/li>\n<li> Material: Polyester, plast, bomull, nylon<\/li>\n<li> Totala dimensioner: 55L x 48B x 82,5-94,5H cm<\/li>\n<li> Sitsstorlek: 45L x 40B cm<\/li>\n<li> Sitth\u00f6jd: 44-56 cm<\/li>\n<li> Ryggst\u00f6dsdimensioner: 44L x 52B cm<\/li>\n<li> Belastningskapacitet: 120 kg<\/li>\n<li> Anv\u00e4ndarstorlek: \u2264 170 cm<\/li>\n<\/ul>\n<p> Leveransinneh\u00e5ll:<\/p>\n<ul>\n<li> 1 x kontorsstol<\/li>\n<li> 1 x bruksanvisning<\/li>\n<\/ul>\n","protected":false},"excerpt":{"rendered":"<p>Arbetar du hemifr\u00e5n eller spenderar mycket tid p\u00e5 kontoret? D\u00e5 \u00e4r en bekv\u00e4m kontorsstol som klarar l\u00e5nga arbetsdagar oumb\u00e4rlig. TRUUSK&#8230;<\/p>\n","protected":false},"featured_media":83776,"template":"","meta":[],"product_brand":[],"product_cat":[872,871,516],"product_tag":[],"class_list":{"0":"post-83785","1":"product","2":"type-product","3":"status-publish","4":"has-post-thumbnail","6":"product_cat-hemmakontor-arbetsplats","7":"product_cat-hus-hem","8":"product_cat-kontorsstolar","10":"first","11":"instock","12":"sale","13":"taxable","14":"shipping-taxable","15":"purchasable","16":"product-type-simple"},"yoast_head":"<!-- This site is optimized with the Yoast SEO plugin v25.4 - https:\/\/yoast.com\/wordpress\/plugins\/seo\/ -->\n<title>TRUUSK Ergonomisk Kontorsstol Med Sv\u00e4ngfunktion - H\u00f6jdjusterbar 55 x 48 x 82,5-94,5 cm - Rosa - F\u00f6r Hemmakontor och Arbetsplats - TRUUSK - Hem, Tr\u00e4dg\u00e5rd &amp; Fritid<\/title>\n<meta name=\"robots\" content=\"index, follow, max-snippet:-1, max-image-preview:large, max-video-preview:-1\" \/>\n<link rel=\"canonical\" href=\"https:\/\/truusk.store\/sv\/produkt\/truusk-ergonomisk-kontorsstol-med-svangfunktion-hojdjusterbar-55-x-48-x-825-945-cm-rosa-for-hemmakontor-och-arbetsplats\/\" \/>\n<meta property=\"og:locale\" content=\"sv_SE\" \/>\n<meta property=\"og:type\" content=\"article\" \/>\n<meta property=\"og:title\" content=\"TRUUSK Ergonomisk Kontorsstol Med Sv\u00e4ngfunktion - H\u00f6jdjusterbar 55 x 48 x 82,5-94,5 cm - Rosa - F\u00f6r Hemmakontor och Arbetsplats - TRUUSK - Hem, Tr\u00e4dg\u00e5rd &amp; Fritid\" \/>\n<meta property=\"og:description\" content=\"Arbetar du hemifr\u00e5n eller spenderar mycket tid p\u00e5 kontoret? D\u00e5 \u00e4r en bekv\u00e4m kontorsstol som klarar l\u00e5nga arbetsdagar oumb\u00e4rlig. TRUUSK...\" \/>\n<meta property=\"og:url\" content=\"https:\/\/truusk.store\/sv\/produkt\/truusk-ergonomisk-kontorsstol-med-svangfunktion-hojdjusterbar-55-x-48-x-825-945-cm-rosa-for-hemmakontor-och-arbetsplats\/\" \/>\n<meta property=\"og:site_name\" content=\"TRUUSK - Hem, Tr\u00e4dg\u00e5rd &amp; Fritid\" \/>\n<meta property=\"article:modified_time\" content=\"2026-03-12T08:34:30+00:00\" \/>\n<meta property=\"og:image\" content=\"https:\/\/i0.wp.com\/truusk.se\/wp-content\/uploads\/2025\/07\/kontorsstol-ergonomisk-skrivbordsstol-med-svangfunktion-hojdjusterbar-55-x-48-x-825-945-cm-rosa-1.webp?fit=2000%2C2000&ssl=1\" \/>\n\t<meta property=\"og:image:width\" content=\"2000\" \/>\n\t<meta property=\"og:image:height\" content=\"2000\" \/>\n\t<meta property=\"og:image:type\" content=\"image\/webp\" \/>\n<meta name=\"twitter:card\" content=\"summary_large_image\" \/>\n<meta name=\"twitter:label1\" content=\"Ber\u00e4knad l\u00e4stid\" \/>\n\t<meta name=\"twitter:data1\" content=\"1 minut\" \/>\n<!-- \/ Yoast SEO plugin. -->","yoast_head_json":{"title":"TRUUSK Ergonomisk Kontorsstol Med Sv\u00e4ngfunktion - H\u00f6jdjusterbar 55 x 48 x 82,5-94,5 cm - Rosa - F\u00f6r Hemmakontor och Arbetsplats - TRUUSK - Hem, Tr\u00e4dg\u00e5rd &amp; Fritid","robots":{"index":"index","follow":"follow","max-snippet":"max-snippet:-1","max-image-preview":"max-image-preview:large","max-video-preview":"max-video-preview:-1"},"canonical":"https:\/\/truusk.store\/sv\/produkt\/truusk-ergonomisk-kontorsstol-med-svangfunktion-hojdjusterbar-55-x-48-x-825-945-cm-rosa-for-hemmakontor-och-arbetsplats\/","og_locale":"sv_SE","og_type":"article","og_title":"TRUUSK Ergonomisk Kontorsstol Med Sv\u00e4ngfunktion - H\u00f6jdjusterbar 55 x 48 x 82,5-94,5 cm - Rosa - F\u00f6r Hemmakontor och Arbetsplats - TRUUSK - Hem, Tr\u00e4dg\u00e5rd &amp; Fritid","og_description":"Arbetar du hemifr\u00e5n eller spenderar mycket tid p\u00e5 kontoret? D\u00e5 \u00e4r en bekv\u00e4m kontorsstol som klarar l\u00e5nga arbetsdagar oumb\u00e4rlig. TRUUSK...","og_url":"https:\/\/truusk.store\/sv\/produkt\/truusk-ergonomisk-kontorsstol-med-svangfunktion-hojdjusterbar-55-x-48-x-825-945-cm-rosa-for-hemmakontor-och-arbetsplats\/","og_site_name":"TRUUSK - Hem, Tr\u00e4dg\u00e5rd &amp; Fritid","article_modified_time":"2026-03-12T08:34:30+00:00","og_image":[{"width":2000,"height":2000,"url":"https:\/\/i0.wp.com\/truusk.se\/wp-content\/uploads\/2025\/07\/kontorsstol-ergonomisk-skrivbordsstol-med-svangfunktion-hojdjusterbar-55-x-48-x-825-945-cm-rosa-1.webp?fit=2000%2C2000&ssl=1","type":"image\/webp"}],"twitter_card":"summary_large_image","twitter_misc":{"Ber\u00e4knad l\u00e4stid":"1 minut"},"schema":{"@context":"https:\/\/schema.org","@graph":[{"@type":"WebPage","@id":"https:\/\/truusk.store\/sv\/produkt\/truusk-ergonomisk-kontorsstol-med-svangfunktion-hojdjusterbar-55-x-48-x-825-945-cm-rosa-for-hemmakontor-och-arbetsplats\/","url":"https:\/\/truusk.store\/sv\/produkt\/truusk-ergonomisk-kontorsstol-med-svangfunktion-hojdjusterbar-55-x-48-x-825-945-cm-rosa-for-hemmakontor-och-arbetsplats\/","name":"TRUUSK Ergonomisk Kontorsstol Med Sv\u00e4ngfunktion - H\u00f6jdjusterbar 55 x 48 x 82,5-94,5 cm - Rosa - F\u00f6r Hemmakontor och Arbetsplats - TRUUSK - Hem, Tr\u00e4dg\u00e5rd &amp; Fritid","isPartOf":{"@id":"https:\/\/truusk.store\/sv\/#website"},"primaryImageOfPage":{"@id":"https:\/\/truusk.store\/sv\/produkt\/truusk-ergonomisk-kontorsstol-med-svangfunktion-hojdjusterbar-55-x-48-x-825-945-cm-rosa-for-hemmakontor-och-arbetsplats\/#primaryimage"},"image":{"@id":"https:\/\/truusk.store\/sv\/produkt\/truusk-ergonomisk-kontorsstol-med-svangfunktion-hojdjusterbar-55-x-48-x-825-945-cm-rosa-for-hemmakontor-och-arbetsplats\/#primaryimage"},"thumbnailUrl":"https:\/\/i0.wp.com\/truusk.store\/wp-content\/uploads\/2025\/07\/kontorsstol-ergonomisk-skrivbordsstol-med-svangfunktion-hojdjusterbar-55-x-48-x-825-945-cm-rosa-1.webp?fit=2000%2C2000&ssl=1","datePublished":"2025-07-22T03:25:08+00:00","dateModified":"2026-03-12T08:34:30+00:00","breadcrumb":{"@id":"https:\/\/truusk.store\/sv\/produkt\/truusk-ergonomisk-kontorsstol-med-svangfunktion-hojdjusterbar-55-x-48-x-825-945-cm-rosa-for-hemmakontor-och-arbetsplats\/#breadcrumb"},"inLanguage":"sv-SE","potentialAction":[{"@type":"ReadAction","target":["https:\/\/truusk.store\/sv\/produkt\/truusk-ergonomisk-kontorsstol-med-svangfunktion-hojdjusterbar-55-x-48-x-825-945-cm-rosa-for-hemmakontor-och-arbetsplats\/"]}]},{"@type":"ImageObject","inLanguage":"sv-SE","@id":"https:\/\/truusk.store\/sv\/produkt\/truusk-ergonomisk-kontorsstol-med-svangfunktion-hojdjusterbar-55-x-48-x-825-945-cm-rosa-for-hemmakontor-och-arbetsplats\/#primaryimage","url":"https:\/\/i0.wp.com\/truusk.store\/wp-content\/uploads\/2025\/07\/kontorsstol-ergonomisk-skrivbordsstol-med-svangfunktion-hojdjusterbar-55-x-48-x-825-945-cm-rosa-1.webp?fit=2000%2C2000&ssl=1","contentUrl":"https:\/\/i0.wp.com\/truusk.store\/wp-content\/uploads\/2025\/07\/kontorsstol-ergonomisk-skrivbordsstol-med-svangfunktion-hojdjusterbar-55-x-48-x-825-945-cm-rosa-1.webp?fit=2000%2C2000&ssl=1","width":2000,"height":2000},{"@type":"BreadcrumbList","@id":"https:\/\/truusk.store\/sv\/produkt\/truusk-ergonomisk-kontorsstol-med-svangfunktion-hojdjusterbar-55-x-48-x-825-945-cm-rosa-for-hemmakontor-och-arbetsplats\/#breadcrumb","itemListElement":[{"@type":"ListItem","position":1,"name":"Home","item":"https:\/\/truusk.store\/sv\/"},{"@type":"ListItem","position":2,"name":"Shop","item":"https:\/\/truusk.store\/shop\/"},{"@type":"ListItem","position":3,"name":"TRUUSK Ergonomisk Kontorsstol Med Sv\u00e4ngfunktion &#8211; H\u00f6jdjusterbar 55 x 48 x 82,5-94,5 cm &#8211; Rosa &#8211; F\u00f6r Hemmakontor och Arbetsplats"}]},{"@type":"WebSite","@id":"https:\/\/truusk.store\/sv\/#website","url":"https:\/\/truusk.store\/sv\/","name":"TRUUSK - Hem, Tr\u00e4dg\u00e5rd & Fritid","description":"","publisher":{"@id":"https:\/\/truusk.store\/sv\/#organization"},"potentialAction":[{"@type":"SearchAction","target":{"@type":"EntryPoint","urlTemplate":"https:\/\/truusk.store\/sv\/?s={search_term_string}"},"query-input":{"@type":"PropertyValueSpecification","valueRequired":true,"valueName":"search_term_string"}}],"inLanguage":"sv-SE"},{"@type":"Organization","@id":"https:\/\/truusk.store\/sv\/#organization","name":"TRUUSK - Hem, Tr\u00e4dg\u00e5rd & Fritid","url":"https:\/\/truusk.store\/sv\/","logo":{"@type":"ImageObject","inLanguage":"sv-SE","@id":"https:\/\/truusk.store\/sv\/#\/schema\/logo\/image\/","url":"https:\/\/i0.wp.com\/truusk.store\/wp-content\/uploads\/2026\/03\/cropped-TRUUSK.png?fit=2032%2C917&ssl=1","contentUrl":"https:\/\/i0.wp.com\/truusk.store\/wp-content\/uploads\/2026\/03\/cropped-TRUUSK.png?fit=2032%2C917&ssl=1","width":2032,"height":917,"caption":"TRUUSK - Hem, Tr\u00e4dg\u00e5rd & Fritid"},"image":{"@id":"https:\/\/truusk.store\/sv\/#\/schema\/logo\/image\/"}}]}},"jetpack_sharing_enabled":true,"_links":{"self":[{"href":"https:\/\/truusk.store\/sv\/wp-json\/wp\/v2\/product\/83785","targetHints":{"allow":["GET"]}}],"collection":[{"href":"https:\/\/truusk.store\/sv\/wp-json\/wp\/v2\/product"}],"about":[{"href":"https:\/\/truusk.store\/sv\/wp-json\/wp\/v2\/types\/product"}],"wp:featuredmedia":[{"embeddable":true,"href":"https:\/\/truusk.store\/sv\/wp-json\/wp\/v2\/media\/83776"}],"wp:attachment":[{"href":"https:\/\/truusk.store\/sv\/wp-json\/wp\/v2\/media?parent=83785"}],"wp:term":[{"taxonomy":"product_brand","embeddable":true,"href":"https:\/\/truusk.store\/sv\/wp-json\/wp\/v2\/product_brand?post=83785"},{"taxonomy":"product_cat","embeddable":true,"href":"https:\/\/truusk.store\/sv\/wp-json\/wp\/v2\/product_cat?post=83785"},{"taxonomy":"product_tag","embeddable":true,"href":"https:\/\/truusk.store\/sv\/wp-json\/wp\/v2\/product_tag?post=83785"}],"curies":[{"name":"wp","href":"https:\/\/api.w.org\/{rel}","templated":true}]}}