{"id":83805,"date":"2025-07-22T04:27:00","date_gmt":"2025-07-22T03:27:00","guid":{"rendered":"https:\/\/truusk.store\/product\/rumsavdelare-3-delad-insynsskydd-rumsdelare-med-metallram-svart\/"},"modified":"2026-03-12T09:37:18","modified_gmt":"2026-03-12T08:37:18","slug":"truusk-rumsavdelare-3-delad-insynsskydd-med-metallram-svart","status":"publish","type":"product","link":"https:\/\/truusk.store\/sv\/produkt\/truusk-rumsavdelare-3-delad-insynsskydd-med-metallram-svart\/","title":{"rendered":"TRUUSK Rumsavdelare &#8211; 3-delad Insynsskydd &#8211; Med Metallram &#8211; Svart"},"content":{"rendered":"<p>Letar du efter lite privatliv? Rumsavdelaren fr\u00e5n TRUUSK erbjuder en ideal l\u00f6sning, utan att kompromissa med stil och estetik. Sk\u00e4rmen separerar arbetsomr\u00e5det fr\u00e5n familjens TV-omr\u00e5de, skapar privatliv mellan s\u00e4ngarna i barnrummet och minskar st\u00f6rande ljus och ljud. Med denna rumsavdelare skapar du enkelt ett avgr\u00e4nsat privat omr\u00e5de. Designa ditt hem med TRUUSK.<\/p>\n<p>Beskrivning:<\/p>\n<ul>\n<li> Tredelad design av sk\u00e4rmen, idealisk f\u00f6r att skapa ett personligt omr\u00e5de eller dela upp stora rum<\/li>\n<li> Enf\u00e4rgad design med enkla linjer f\u00f6r en klassisk k\u00e4nsla<\/li>\n<li> F\u00f6rbunden med tv\u00e5sidiga g\u00e5ngj\u00e4rn, s\u00e5 att den kan justeras till vilken vinkel som helst<\/li>\n<li> Ramen p\u00e5 rumsavdelaren \u00e4r gjord av pulverlackerat metall f\u00f6r stabilitet<\/li>\n<li> Enkel montering kr\u00e4vs<\/li>\n<\/ul>\n<p> Tekniska data:<\/p>\n<ul>\n<li> F\u00e4rg: Svart<\/li>\n<li> Material: Polyester, Metall<\/li>\n<li> Totala dimensioner: 253B x 182H x 50T cm<\/li>\n<li> Panelstorlek: (Enskild) 84L x 50B x 182H cm<\/li>\n<\/ul>\n<p>Leveransinneh\u00e5ll:<\/p>\n<ul>\n<li> 1 x Sikt skydd<\/li>\n<li> 1 x Bruksanvisning<\/li>\n<\/ul>\n","protected":false},"excerpt":{"rendered":"<p>Letar du efter lite privatliv? Rumsavdelaren fr\u00e5n TRUUSK erbjuder en ideal l\u00f6sning, utan att kompromissa med stil och estetik. Sk\u00e4rmen&#8230;<\/p>\n","protected":false},"featured_media":83796,"template":"","meta":[],"product_brand":[],"product_cat":[962,871,1018],"product_tag":[],"class_list":{"0":"post-83805","1":"product","2":"type-product","3":"status-publish","4":"has-post-thumbnail","6":"product_cat-dekoration","7":"product_cat-hus-hem","8":"product_cat-rumsdelare-paravent","10":"first","11":"instock","12":"sale","13":"taxable","14":"shipping-taxable","15":"purchasable","16":"product-type-simple"},"yoast_head":"<!-- This site is optimized with the Yoast SEO plugin v25.4 - https:\/\/yoast.com\/wordpress\/plugins\/seo\/ -->\n<title>TRUUSK Rumsavdelare - 3-delad Insynsskydd - Med Metallram - Svart - TRUUSK - Hem, Tr\u00e4dg\u00e5rd &amp; Fritid<\/title>\n<meta name=\"robots\" content=\"index, follow, max-snippet:-1, max-image-preview:large, max-video-preview:-1\" \/>\n<link rel=\"canonical\" href=\"https:\/\/truusk.store\/sv\/produkt\/truusk-rumsavdelare-3-delad-insynsskydd-med-metallram-svart\/\" \/>\n<meta property=\"og:locale\" content=\"sv_SE\" \/>\n<meta property=\"og:type\" content=\"article\" \/>\n<meta property=\"og:title\" content=\"TRUUSK Rumsavdelare - 3-delad Insynsskydd - Med Metallram - Svart - TRUUSK - Hem, Tr\u00e4dg\u00e5rd &amp; Fritid\" \/>\n<meta property=\"og:description\" content=\"Letar du efter lite privatliv? Rumsavdelaren fr\u00e5n TRUUSK erbjuder en ideal l\u00f6sning, utan att kompromissa med stil och estetik. Sk\u00e4rmen...\" \/>\n<meta property=\"og:url\" content=\"https:\/\/truusk.store\/sv\/produkt\/truusk-rumsavdelare-3-delad-insynsskydd-med-metallram-svart\/\" \/>\n<meta property=\"og:site_name\" content=\"TRUUSK - Hem, Tr\u00e4dg\u00e5rd &amp; Fritid\" \/>\n<meta property=\"article:modified_time\" content=\"2026-03-12T08:37:18+00:00\" \/>\n<meta property=\"og:image\" content=\"https:\/\/i0.wp.com\/truusk.se\/wp-content\/uploads\/2025\/07\/rumsavdelare-3-delad-insynsskydd-rumsdelare-med-metallram-svart-1.webp?fit=2000%2C2000&ssl=1\" \/>\n\t<meta property=\"og:image:width\" content=\"2000\" \/>\n\t<meta property=\"og:image:height\" content=\"2000\" \/>\n\t<meta property=\"og:image:type\" content=\"image\/webp\" \/>\n<meta name=\"twitter:card\" content=\"summary_large_image\" \/>\n<meta name=\"twitter:label1\" content=\"Ber\u00e4knad l\u00e4stid\" \/>\n\t<meta name=\"twitter:data1\" content=\"1 minut\" \/>\n<!-- \/ Yoast SEO plugin. -->","yoast_head_json":{"title":"TRUUSK Rumsavdelare - 3-delad Insynsskydd - Med Metallram - Svart - TRUUSK - Hem, Tr\u00e4dg\u00e5rd &amp; Fritid","robots":{"index":"index","follow":"follow","max-snippet":"max-snippet:-1","max-image-preview":"max-image-preview:large","max-video-preview":"max-video-preview:-1"},"canonical":"https:\/\/truusk.store\/sv\/produkt\/truusk-rumsavdelare-3-delad-insynsskydd-med-metallram-svart\/","og_locale":"sv_SE","og_type":"article","og_title":"TRUUSK Rumsavdelare - 3-delad Insynsskydd - Med Metallram - Svart - TRUUSK - Hem, Tr\u00e4dg\u00e5rd &amp; Fritid","og_description":"Letar du efter lite privatliv? Rumsavdelaren fr\u00e5n TRUUSK erbjuder en ideal l\u00f6sning, utan att kompromissa med stil och estetik. Sk\u00e4rmen...","og_url":"https:\/\/truusk.store\/sv\/produkt\/truusk-rumsavdelare-3-delad-insynsskydd-med-metallram-svart\/","og_site_name":"TRUUSK - Hem, Tr\u00e4dg\u00e5rd &amp; Fritid","article_modified_time":"2026-03-12T08:37:18+00:00","og_image":[{"width":2000,"height":2000,"url":"https:\/\/i0.wp.com\/truusk.se\/wp-content\/uploads\/2025\/07\/rumsavdelare-3-delad-insynsskydd-rumsdelare-med-metallram-svart-1.webp?fit=2000%2C2000&ssl=1","type":"image\/webp"}],"twitter_card":"summary_large_image","twitter_misc":{"Ber\u00e4knad l\u00e4stid":"1 minut"},"schema":{"@context":"https:\/\/schema.org","@graph":[{"@type":"WebPage","@id":"https:\/\/truusk.store\/sv\/produkt\/truusk-rumsavdelare-3-delad-insynsskydd-med-metallram-svart\/","url":"https:\/\/truusk.store\/sv\/produkt\/truusk-rumsavdelare-3-delad-insynsskydd-med-metallram-svart\/","name":"TRUUSK Rumsavdelare - 3-delad Insynsskydd - Med Metallram - Svart - TRUUSK - Hem, Tr\u00e4dg\u00e5rd &amp; Fritid","isPartOf":{"@id":"https:\/\/truusk.store\/sv\/#website"},"primaryImageOfPage":{"@id":"https:\/\/truusk.store\/sv\/produkt\/truusk-rumsavdelare-3-delad-insynsskydd-med-metallram-svart\/#primaryimage"},"image":{"@id":"https:\/\/truusk.store\/sv\/produkt\/truusk-rumsavdelare-3-delad-insynsskydd-med-metallram-svart\/#primaryimage"},"thumbnailUrl":"https:\/\/i0.wp.com\/truusk.store\/wp-content\/uploads\/2025\/07\/rumsavdelare-3-delad-insynsskydd-rumsdelare-med-metallram-svart-1.webp?fit=2000%2C2000&ssl=1","datePublished":"2025-07-22T03:27:00+00:00","dateModified":"2026-03-12T08:37:18+00:00","breadcrumb":{"@id":"https:\/\/truusk.store\/sv\/produkt\/truusk-rumsavdelare-3-delad-insynsskydd-med-metallram-svart\/#breadcrumb"},"inLanguage":"sv-SE","potentialAction":[{"@type":"ReadAction","target":["https:\/\/truusk.store\/sv\/produkt\/truusk-rumsavdelare-3-delad-insynsskydd-med-metallram-svart\/"]}]},{"@type":"ImageObject","inLanguage":"sv-SE","@id":"https:\/\/truusk.store\/sv\/produkt\/truusk-rumsavdelare-3-delad-insynsskydd-med-metallram-svart\/#primaryimage","url":"https:\/\/i0.wp.com\/truusk.store\/wp-content\/uploads\/2025\/07\/rumsavdelare-3-delad-insynsskydd-rumsdelare-med-metallram-svart-1.webp?fit=2000%2C2000&ssl=1","contentUrl":"https:\/\/i0.wp.com\/truusk.store\/wp-content\/uploads\/2025\/07\/rumsavdelare-3-delad-insynsskydd-rumsdelare-med-metallram-svart-1.webp?fit=2000%2C2000&ssl=1","width":2000,"height":2000},{"@type":"BreadcrumbList","@id":"https:\/\/truusk.store\/sv\/produkt\/truusk-rumsavdelare-3-delad-insynsskydd-med-metallram-svart\/#breadcrumb","itemListElement":[{"@type":"ListItem","position":1,"name":"Home","item":"https:\/\/truusk.store\/sv\/"},{"@type":"ListItem","position":2,"name":"Shop","item":"https:\/\/truusk.store\/shop\/"},{"@type":"ListItem","position":3,"name":"TRUUSK Rumsavdelare &#8211; 3-delad Insynsskydd &#8211; Med Metallram &#8211; Svart"}]},{"@type":"WebSite","@id":"https:\/\/truusk.store\/sv\/#website","url":"https:\/\/truusk.store\/sv\/","name":"TRUUSK - Hem, Tr\u00e4dg\u00e5rd & Fritid","description":"","publisher":{"@id":"https:\/\/truusk.store\/sv\/#organization"},"potentialAction":[{"@type":"SearchAction","target":{"@type":"EntryPoint","urlTemplate":"https:\/\/truusk.store\/sv\/?s={search_term_string}"},"query-input":{"@type":"PropertyValueSpecification","valueRequired":true,"valueName":"search_term_string"}}],"inLanguage":"sv-SE"},{"@type":"Organization","@id":"https:\/\/truusk.store\/sv\/#organization","name":"TRUUSK - Hem, Tr\u00e4dg\u00e5rd & Fritid","url":"https:\/\/truusk.store\/sv\/","logo":{"@type":"ImageObject","inLanguage":"sv-SE","@id":"https:\/\/truusk.store\/sv\/#\/schema\/logo\/image\/","url":"https:\/\/i0.wp.com\/truusk.store\/wp-content\/uploads\/2026\/03\/cropped-TRUUSK.png?fit=2032%2C917&ssl=1","contentUrl":"https:\/\/i0.wp.com\/truusk.store\/wp-content\/uploads\/2026\/03\/cropped-TRUUSK.png?fit=2032%2C917&ssl=1","width":2032,"height":917,"caption":"TRUUSK - Hem, Tr\u00e4dg\u00e5rd & Fritid"},"image":{"@id":"https:\/\/truusk.store\/sv\/#\/schema\/logo\/image\/"}}]}},"jetpack_sharing_enabled":true,"_links":{"self":[{"href":"https:\/\/truusk.store\/sv\/wp-json\/wp\/v2\/product\/83805","targetHints":{"allow":["GET"]}}],"collection":[{"href":"https:\/\/truusk.store\/sv\/wp-json\/wp\/v2\/product"}],"about":[{"href":"https:\/\/truusk.store\/sv\/wp-json\/wp\/v2\/types\/product"}],"wp:featuredmedia":[{"embeddable":true,"href":"https:\/\/truusk.store\/sv\/wp-json\/wp\/v2\/media\/83796"}],"wp:attachment":[{"href":"https:\/\/truusk.store\/sv\/wp-json\/wp\/v2\/media?parent=83805"}],"wp:term":[{"taxonomy":"product_brand","embeddable":true,"href":"https:\/\/truusk.store\/sv\/wp-json\/wp\/v2\/product_brand?post=83805"},{"taxonomy":"product_cat","embeddable":true,"href":"https:\/\/truusk.store\/sv\/wp-json\/wp\/v2\/product_cat?post=83805"},{"taxonomy":"product_tag","embeddable":true,"href":"https:\/\/truusk.store\/sv\/wp-json\/wp\/v2\/product_tag?post=83805"}],"curies":[{"name":"wp","href":"https:\/\/api.w.org\/{rel}","templated":true}]}}