{"id":83865,"date":"2025-07-22T04:33:28","date_gmt":"2025-07-22T03:33:28","guid":{"rendered":"https:\/\/truusk.store\/product\/klattervagg-for-katter-4-delad-katt-klattervagg-set-med-hangmatta-kattbro-upp-till-5-kg-morkgra\/"},"modified":"2026-03-12T09:42:23","modified_gmt":"2026-03-12T08:42:23","slug":"truusk-kattklattervagg-4-delat-set-med-hangmatta-kattbro-upp-till-5-kg-morkgra","status":"publish","type":"product","link":"https:\/\/truusk.store\/sv\/produkt\/truusk-kattklattervagg-4-delat-set-med-hangmatta-kattbro-upp-till-5-kg-morkgra\/","title":{"rendered":"TRUUSK Kattkl\u00e4tterv\u00e4gg 4-delat Set &#8211; Med H\u00e4ngmatta &#8211; Kattbro &#8211; Upp Till 5 Kg &#8211; M\u00f6rkgr\u00e5"},"content":{"rendered":"<p>TRUUSK v\u00e4ggkl\u00e4ttertr\u00e4d f\u00f6r katter kombinerar perfekt komfort och n\u00f6je f\u00f6r din \u00e4lskade katt. Kattbr\u00e4dorna f\u00f6r v\u00e4ggar erbjuder m\u00e5ngsidiga plattformar f\u00f6r vila, lek och avkoppling, som uppfyller olika krav. Tillverkad av sp\u00e5nskiva, b\u00e4r detta katttr\u00e4d upp till 5 kg och garanterar s\u00e4kerhet. Eftersom katter f\u00f6redrar h\u00f6ga platser, sparar kattkl\u00e4tterv\u00e4ggen utrymme och uppfyller deras \u00f6nskem\u00e5l.<\/p>\n<p>Beskrivning:<\/p>\n<ul>\n<li> Inneh\u00e5ller kattkl\u00e4tterv\u00e4ggen sittst\u00e4nger, en stege, plattformar, b\u00f6jda steg, ett kl\u00e4ttertr\u00e4d och en h\u00e4ngmatta<\/li>\n<li> V\u00e4ggkl\u00e4ttertr\u00e4det \u00e4r tillverkat av en sp\u00e5nskivekonstruktion som garanterar stabilitet<\/li>\n<li> \u00d6verdragen med mjuk plysch och sisalmatta<\/li>\n<li> V\u00e4ggkl\u00e4ttertr\u00e4det passar bra med befintlig inredning och sparar utrymme<\/li>\n<li> L\u00e4mplig f\u00f6r katter upp till 5 kg<\/li>\n<li> Montering kr\u00e4vs<\/li>\n<\/ul>\n<p> Tekniska data:<\/p>\n<ul>\n<li> F\u00e4rg: M\u00f6rkgr\u00e5<\/li>\n<li> Material: Sp\u00e5nskiva, plysch, sisal<\/li>\n<li> Dubbel hoppplattform: 30L x 30B x 96H cm (med h\u00e4ngmatta)<\/li>\n<li> H\u00e4ngmatta: 34B x 22T x 25H cm<\/li>\n<li> Dubbelplattform med stege: 84,5B x 19T x 12,5H cm<\/li>\n<li> B\u00f6jd trestegsstege: 42B x 22T x 10H cm<\/li>\n<li> B\u00e4rkapacitet: 8 kg<\/li>\n<li> Rekommenderad vikt: Under 5 kg<\/li>\n<li> Obs: F\u00f6rborrad med expanderingsr\u00f6r, f\u00f6rutom f\u00f6r v\u00e4xtv\u00e4ggar, d\u00e4r sj\u00e4lvsk\u00e4rande skruvar kan anv\u00e4ndas<\/li>\n<\/ul>\n<p>Leverans inneh\u00e5ller:<\/p>\n<ul>\n<li> 1 x Katt hyllset<\/li>\n<li> 1 x Bruksanvisning<\/li>\n<\/ul>\n","protected":false},"excerpt":{"rendered":"<p>TRUUSK v\u00e4ggkl\u00e4ttertr\u00e4d f\u00f6r katter kombinerar perfekt komfort och n\u00f6je f\u00f6r din \u00e4lskade katt. Kattbr\u00e4dorna f\u00f6r v\u00e4ggar erbjuder m\u00e5ngsidiga plattformar f\u00f6r&#8230;<\/p>\n","protected":false},"featured_media":83856,"template":"","meta":[],"product_brand":[],"product_cat":[878,588,592],"product_tag":[],"class_list":{"0":"post-83865","1":"product","2":"type-product","3":"status-publish","4":"has-post-thumbnail","6":"product_cat-djurbehov","7":"product_cat-katttillbehor","8":"product_cat-katttrappa","10":"first","11":"instock","12":"sale","13":"taxable","14":"shipping-taxable","15":"purchasable","16":"product-type-simple"},"yoast_head":"<!-- This site is optimized with the Yoast SEO plugin v25.4 - https:\/\/yoast.com\/wordpress\/plugins\/seo\/ -->\n<title>TRUUSK Kattkl\u00e4tterv\u00e4gg 4-delat Set - Med H\u00e4ngmatta - Kattbro - Upp Till 5 Kg - M\u00f6rkgr\u00e5 - TRUUSK - Hem, Tr\u00e4dg\u00e5rd &amp; Fritid<\/title>\n<meta name=\"robots\" content=\"index, follow, max-snippet:-1, max-image-preview:large, max-video-preview:-1\" \/>\n<link rel=\"canonical\" href=\"https:\/\/truusk.store\/sv\/produkt\/truusk-kattklattervagg-4-delat-set-med-hangmatta-kattbro-upp-till-5-kg-morkgra\/\" \/>\n<meta property=\"og:locale\" content=\"sv_SE\" \/>\n<meta property=\"og:type\" content=\"article\" \/>\n<meta property=\"og:title\" content=\"TRUUSK Kattkl\u00e4tterv\u00e4gg 4-delat Set - Med H\u00e4ngmatta - Kattbro - Upp Till 5 Kg - M\u00f6rkgr\u00e5 - TRUUSK - Hem, Tr\u00e4dg\u00e5rd &amp; Fritid\" \/>\n<meta property=\"og:description\" content=\"TRUUSK v\u00e4ggkl\u00e4ttertr\u00e4d f\u00f6r katter kombinerar perfekt komfort och n\u00f6je f\u00f6r din \u00e4lskade katt. Kattbr\u00e4dorna f\u00f6r v\u00e4ggar erbjuder m\u00e5ngsidiga plattformar f\u00f6r...\" \/>\n<meta property=\"og:url\" content=\"https:\/\/truusk.store\/sv\/produkt\/truusk-kattklattervagg-4-delat-set-med-hangmatta-kattbro-upp-till-5-kg-morkgra\/\" \/>\n<meta property=\"og:site_name\" content=\"TRUUSK - Hem, Tr\u00e4dg\u00e5rd &amp; Fritid\" \/>\n<meta property=\"article:modified_time\" content=\"2026-03-12T08:42:23+00:00\" \/>\n<meta property=\"og:image\" content=\"https:\/\/i0.wp.com\/truusk.se\/wp-content\/uploads\/2025\/07\/klattervagg-for-katter-4-delad-katt-klattervagg-set-med-hangmatta-kattbro-upp-till-5-kg-morkgra-1.webp?fit=2000%2C2000&ssl=1\" \/>\n\t<meta property=\"og:image:width\" content=\"2000\" \/>\n\t<meta property=\"og:image:height\" content=\"2000\" \/>\n\t<meta property=\"og:image:type\" content=\"image\/webp\" \/>\n<meta name=\"twitter:card\" content=\"summary_large_image\" \/>\n<meta name=\"twitter:label1\" content=\"Ber\u00e4knad l\u00e4stid\" \/>\n\t<meta name=\"twitter:data1\" content=\"1 minut\" \/>\n<!-- \/ Yoast SEO plugin. -->","yoast_head_json":{"title":"TRUUSK Kattkl\u00e4tterv\u00e4gg 4-delat Set - Med H\u00e4ngmatta - Kattbro - Upp Till 5 Kg - M\u00f6rkgr\u00e5 - TRUUSK - Hem, Tr\u00e4dg\u00e5rd &amp; Fritid","robots":{"index":"index","follow":"follow","max-snippet":"max-snippet:-1","max-image-preview":"max-image-preview:large","max-video-preview":"max-video-preview:-1"},"canonical":"https:\/\/truusk.store\/sv\/produkt\/truusk-kattklattervagg-4-delat-set-med-hangmatta-kattbro-upp-till-5-kg-morkgra\/","og_locale":"sv_SE","og_type":"article","og_title":"TRUUSK Kattkl\u00e4tterv\u00e4gg 4-delat Set - Med H\u00e4ngmatta - Kattbro - Upp Till 5 Kg - M\u00f6rkgr\u00e5 - TRUUSK - Hem, Tr\u00e4dg\u00e5rd &amp; Fritid","og_description":"TRUUSK v\u00e4ggkl\u00e4ttertr\u00e4d f\u00f6r katter kombinerar perfekt komfort och n\u00f6je f\u00f6r din \u00e4lskade katt. Kattbr\u00e4dorna f\u00f6r v\u00e4ggar erbjuder m\u00e5ngsidiga plattformar f\u00f6r...","og_url":"https:\/\/truusk.store\/sv\/produkt\/truusk-kattklattervagg-4-delat-set-med-hangmatta-kattbro-upp-till-5-kg-morkgra\/","og_site_name":"TRUUSK - Hem, Tr\u00e4dg\u00e5rd &amp; Fritid","article_modified_time":"2026-03-12T08:42:23+00:00","og_image":[{"width":2000,"height":2000,"url":"https:\/\/i0.wp.com\/truusk.se\/wp-content\/uploads\/2025\/07\/klattervagg-for-katter-4-delad-katt-klattervagg-set-med-hangmatta-kattbro-upp-till-5-kg-morkgra-1.webp?fit=2000%2C2000&ssl=1","type":"image\/webp"}],"twitter_card":"summary_large_image","twitter_misc":{"Ber\u00e4knad l\u00e4stid":"1 minut"},"schema":{"@context":"https:\/\/schema.org","@graph":[{"@type":"WebPage","@id":"https:\/\/truusk.store\/sv\/produkt\/truusk-kattklattervagg-4-delat-set-med-hangmatta-kattbro-upp-till-5-kg-morkgra\/","url":"https:\/\/truusk.store\/sv\/produkt\/truusk-kattklattervagg-4-delat-set-med-hangmatta-kattbro-upp-till-5-kg-morkgra\/","name":"TRUUSK Kattkl\u00e4tterv\u00e4gg 4-delat Set - Med H\u00e4ngmatta - Kattbro - Upp Till 5 Kg - M\u00f6rkgr\u00e5 - TRUUSK - Hem, Tr\u00e4dg\u00e5rd &amp; Fritid","isPartOf":{"@id":"https:\/\/truusk.store\/sv\/#website"},"primaryImageOfPage":{"@id":"https:\/\/truusk.store\/sv\/produkt\/truusk-kattklattervagg-4-delat-set-med-hangmatta-kattbro-upp-till-5-kg-morkgra\/#primaryimage"},"image":{"@id":"https:\/\/truusk.store\/sv\/produkt\/truusk-kattklattervagg-4-delat-set-med-hangmatta-kattbro-upp-till-5-kg-morkgra\/#primaryimage"},"thumbnailUrl":"https:\/\/i0.wp.com\/truusk.store\/wp-content\/uploads\/2025\/07\/klattervagg-for-katter-4-delad-katt-klattervagg-set-med-hangmatta-kattbro-upp-till-5-kg-morkgra-1.webp?fit=2000%2C2000&ssl=1","datePublished":"2025-07-22T03:33:28+00:00","dateModified":"2026-03-12T08:42:23+00:00","breadcrumb":{"@id":"https:\/\/truusk.store\/sv\/produkt\/truusk-kattklattervagg-4-delat-set-med-hangmatta-kattbro-upp-till-5-kg-morkgra\/#breadcrumb"},"inLanguage":"sv-SE","potentialAction":[{"@type":"ReadAction","target":["https:\/\/truusk.store\/sv\/produkt\/truusk-kattklattervagg-4-delat-set-med-hangmatta-kattbro-upp-till-5-kg-morkgra\/"]}]},{"@type":"ImageObject","inLanguage":"sv-SE","@id":"https:\/\/truusk.store\/sv\/produkt\/truusk-kattklattervagg-4-delat-set-med-hangmatta-kattbro-upp-till-5-kg-morkgra\/#primaryimage","url":"https:\/\/i0.wp.com\/truusk.store\/wp-content\/uploads\/2025\/07\/klattervagg-for-katter-4-delad-katt-klattervagg-set-med-hangmatta-kattbro-upp-till-5-kg-morkgra-1.webp?fit=2000%2C2000&ssl=1","contentUrl":"https:\/\/i0.wp.com\/truusk.store\/wp-content\/uploads\/2025\/07\/klattervagg-for-katter-4-delad-katt-klattervagg-set-med-hangmatta-kattbro-upp-till-5-kg-morkgra-1.webp?fit=2000%2C2000&ssl=1","width":2000,"height":2000},{"@type":"BreadcrumbList","@id":"https:\/\/truusk.store\/sv\/produkt\/truusk-kattklattervagg-4-delat-set-med-hangmatta-kattbro-upp-till-5-kg-morkgra\/#breadcrumb","itemListElement":[{"@type":"ListItem","position":1,"name":"Home","item":"https:\/\/truusk.store\/sv\/"},{"@type":"ListItem","position":2,"name":"Shop","item":"https:\/\/truusk.store\/shop\/"},{"@type":"ListItem","position":3,"name":"TRUUSK Kattkl\u00e4tterv\u00e4gg 4-delat Set &#8211; Med H\u00e4ngmatta &#8211; Kattbro &#8211; Upp Till 5 Kg &#8211; M\u00f6rkgr\u00e5"}]},{"@type":"WebSite","@id":"https:\/\/truusk.store\/sv\/#website","url":"https:\/\/truusk.store\/sv\/","name":"TRUUSK - Hem, Tr\u00e4dg\u00e5rd & Fritid","description":"","publisher":{"@id":"https:\/\/truusk.store\/sv\/#organization"},"potentialAction":[{"@type":"SearchAction","target":{"@type":"EntryPoint","urlTemplate":"https:\/\/truusk.store\/sv\/?s={search_term_string}"},"query-input":{"@type":"PropertyValueSpecification","valueRequired":true,"valueName":"search_term_string"}}],"inLanguage":"sv-SE"},{"@type":"Organization","@id":"https:\/\/truusk.store\/sv\/#organization","name":"TRUUSK - Hem, Tr\u00e4dg\u00e5rd & Fritid","url":"https:\/\/truusk.store\/sv\/","logo":{"@type":"ImageObject","inLanguage":"sv-SE","@id":"https:\/\/truusk.store\/sv\/#\/schema\/logo\/image\/","url":"https:\/\/i0.wp.com\/truusk.store\/wp-content\/uploads\/2026\/03\/cropped-TRUUSK.png?fit=2032%2C917&ssl=1","contentUrl":"https:\/\/i0.wp.com\/truusk.store\/wp-content\/uploads\/2026\/03\/cropped-TRUUSK.png?fit=2032%2C917&ssl=1","width":2032,"height":917,"caption":"TRUUSK - Hem, Tr\u00e4dg\u00e5rd & Fritid"},"image":{"@id":"https:\/\/truusk.store\/sv\/#\/schema\/logo\/image\/"}}]}},"jetpack_sharing_enabled":true,"_links":{"self":[{"href":"https:\/\/truusk.store\/sv\/wp-json\/wp\/v2\/product\/83865","targetHints":{"allow":["GET"]}}],"collection":[{"href":"https:\/\/truusk.store\/sv\/wp-json\/wp\/v2\/product"}],"about":[{"href":"https:\/\/truusk.store\/sv\/wp-json\/wp\/v2\/types\/product"}],"wp:featuredmedia":[{"embeddable":true,"href":"https:\/\/truusk.store\/sv\/wp-json\/wp\/v2\/media\/83856"}],"wp:attachment":[{"href":"https:\/\/truusk.store\/sv\/wp-json\/wp\/v2\/media?parent=83865"}],"wp:term":[{"taxonomy":"product_brand","embeddable":true,"href":"https:\/\/truusk.store\/sv\/wp-json\/wp\/v2\/product_brand?post=83865"},{"taxonomy":"product_cat","embeddable":true,"href":"https:\/\/truusk.store\/sv\/wp-json\/wp\/v2\/product_cat?post=83865"},{"taxonomy":"product_tag","embeddable":true,"href":"https:\/\/truusk.store\/sv\/wp-json\/wp\/v2\/product_tag?post=83865"}],"curies":[{"name":"wp","href":"https:\/\/api.w.org\/{rel}","templated":true}]}}