{"id":83885,"date":"2025-07-22T04:35:00","date_gmt":"2025-07-22T03:35:00","guid":{"rendered":"https:\/\/truusk.store\/product\/aiyaplay-barnkok-leksakskok-med-telefon-kritbrada-mikrovagsugn-spis-diskho-tillbehor-ismaskin-3-8-ar-vit\/"},"modified":"2026-03-12T09:43:27","modified_gmt":"2026-03-12T08:43:27","slug":"truusk-barnkok-leksakskok-med-telefon-kritbrada-mikrovagsugn-spis-diskho-ismaskin-tillbehor-3-8-ar-vit","status":"publish","type":"product","link":"https:\/\/truusk.store\/sv\/produkt\/truusk-barnkok-leksakskok-med-telefon-kritbrada-mikrovagsugn-spis-diskho-ismaskin-tillbehor-3-8-ar-vit\/","title":{"rendered":"TRUUSK Barnk\u00f6k Leksaksk\u00f6k &#8211; Med Telefon, Kritbr\u00e4da, Mikrov\u00e5gsugn &#8211; Spis, Diskho, Ismaskin &#8211; Tillbeh\u00f6r &#8211; 3-8 \u00e5r &#8211; Vit"},"content":{"rendered":"<p>L\u00e5t din lilla chefs kreativitet blomstra med AIYAPLAY leksaksk\u00f6k! Med en kritbr\u00e4da f\u00f6r dagens r\u00e4tter och en riktig ismaskin, samt spis och mikrov\u00e5gsugn. Barnens leksaksk\u00f6k set inkluderar ett 5-delat rostfritt st\u00e5lset f\u00f6r fantasifulla matlagnings\u00e4ventyr i ett s\u00e4kert, MDF-konstruerat omr\u00e5de. Idealiskt f\u00f6r unga matlagningstalanger!<\/p>\n<p>Beskrivning:<\/p>\n<ul>\n<li> Kritbr\u00e4da f\u00f6r att skriva dagens menyer fr\u00e4mjar kreativitet<\/li>\n<li> Leksaksk\u00f6kets telefon f\u00f6r barn f\u00f6r rollspel och samtal inkluderade<\/li>\n<li> Barnk\u00f6kets ismaskin f\u00f6r realistiska spelupplevelser<\/li>\n<li> Barnk\u00f6kets spis och mikrov\u00e5gsugn simulerar riktig matlagning<\/li>\n<li> Leksaksk\u00f6kets 5-delade rostfria st\u00e5lset f\u00f6r n\u00e4rmare realistisk matlagning<\/li>\n<li> Stora f\u00f6rvaringsutrymmen h\u00e5ller lekomr\u00e5det snyggt<\/li>\n<li> Handduksst\u00e4ll f\u00f6r praktisk f\u00f6rvaring av k\u00f6kshanddukar<\/li>\n<li> Montering kr\u00e4vs<\/li>\n<\/ul>\n<p> Tekniska specifikationer:<\/p>\n<ul>\n<li> F\u00e4rg: Vit<\/li>\n<li> Material: MDF<\/li>\n<li> Totala dimensioner: 83,8L x 26,8B x 81H cm<\/li>\n<li> Tavla: 25,5L x 40B cm<\/li>\n<li> Ismaskinsk\u00e5p: 25,5L x 21,9B x 33H cm<\/li>\n<li> Hylla\/Mikrov\u00e5gsugn: 25,5L x 9,6B x 14,5H cm<\/li>\n<li> Sk\u00e5p: 25,5L x 21,9B x 39,5H cm<\/li>\n<li> Diskb\u00e4nk: 21,3L x 14,8B x 5,7H cm<\/li>\n<li> Handduksst\u00e4ll: 17,2L cm<\/li>\n<li> Bordsh\u00f6jd: 46,9H cm<\/li>\n<li> Standard\u00e5lder: 3+ \u00e5r<\/li>\n<li> Rekommenderad \u00e5lder: 3-8 \u00e5r<\/li>\n<\/ul>\n<p>Leverans inneh\u00e5ller:<\/p>\n<ul>\n<li> 1 x Leksaksk\u00f6k<\/li>\n<li> 1 x Instruktioner<\/li>\n<\/ul>\n","protected":false},"excerpt":{"rendered":"<p>L\u00e5t din lilla chefs kreativitet blomstra med AIYAPLAY leksaksk\u00f6k! Med en kritbr\u00e4da f\u00f6r dagens r\u00e4tter och en riktig ismaskin, samt&#8230;<\/p>\n","protected":false},"featured_media":83876,"template":"","meta":[],"product_brand":[],"product_cat":[880,626,918],"product_tag":[],"class_list":{"0":"post-83885","1":"product","2":"type-product","3":"status-publish","4":"has-post-thumbnail","6":"product_cat-baby-barn-2","7":"product_cat-barns-rollspel","8":"product_cat-leksaker","10":"first","11":"instock","12":"sale","13":"taxable","14":"shipping-taxable","15":"purchasable","16":"product-type-simple"},"yoast_head":"<!-- This site is optimized with the Yoast SEO plugin v25.4 - https:\/\/yoast.com\/wordpress\/plugins\/seo\/ -->\n<title>TRUUSK Barnk\u00f6k Leksaksk\u00f6k - Med Telefon, Kritbr\u00e4da, Mikrov\u00e5gsugn - Spis, Diskho, Ismaskin - Tillbeh\u00f6r - 3-8 \u00e5r - Vit - TRUUSK - Hem, Tr\u00e4dg\u00e5rd &amp; Fritid<\/title>\n<meta name=\"robots\" content=\"index, follow, max-snippet:-1, max-image-preview:large, max-video-preview:-1\" \/>\n<link rel=\"canonical\" href=\"https:\/\/truusk.store\/sv\/produkt\/truusk-barnkok-leksakskok-med-telefon-kritbrada-mikrovagsugn-spis-diskho-ismaskin-tillbehor-3-8-ar-vit\/\" \/>\n<meta property=\"og:locale\" content=\"sv_SE\" \/>\n<meta property=\"og:type\" content=\"article\" \/>\n<meta property=\"og:title\" content=\"TRUUSK Barnk\u00f6k Leksaksk\u00f6k - Med Telefon, Kritbr\u00e4da, Mikrov\u00e5gsugn - Spis, Diskho, Ismaskin - Tillbeh\u00f6r - 3-8 \u00e5r - Vit - TRUUSK - Hem, Tr\u00e4dg\u00e5rd &amp; Fritid\" \/>\n<meta property=\"og:description\" content=\"L\u00e5t din lilla chefs kreativitet blomstra med AIYAPLAY leksaksk\u00f6k! Med en kritbr\u00e4da f\u00f6r dagens r\u00e4tter och en riktig ismaskin, samt...\" \/>\n<meta property=\"og:url\" content=\"https:\/\/truusk.store\/sv\/produkt\/truusk-barnkok-leksakskok-med-telefon-kritbrada-mikrovagsugn-spis-diskho-ismaskin-tillbehor-3-8-ar-vit\/\" \/>\n<meta property=\"og:site_name\" content=\"TRUUSK - Hem, Tr\u00e4dg\u00e5rd &amp; Fritid\" \/>\n<meta property=\"article:modified_time\" content=\"2026-03-12T08:43:27+00:00\" \/>\n<meta property=\"og:image\" content=\"https:\/\/i0.wp.com\/truusk.se\/wp-content\/uploads\/2025\/07\/aiyaplay-barnkok-leksakskok-med-telefon-kritbrada-mikrovagsugn-spis-diskho-tillbehor-ismaskin-3-8-ar-vit-1.webp?fit=2000%2C2000&ssl=1\" \/>\n\t<meta property=\"og:image:width\" content=\"2000\" \/>\n\t<meta property=\"og:image:height\" content=\"2000\" \/>\n\t<meta property=\"og:image:type\" content=\"image\/webp\" \/>\n<meta name=\"twitter:card\" content=\"summary_large_image\" \/>\n<meta name=\"twitter:label1\" content=\"Ber\u00e4knad l\u00e4stid\" \/>\n\t<meta name=\"twitter:data1\" content=\"1 minut\" \/>\n<!-- \/ Yoast SEO plugin. -->","yoast_head_json":{"title":"TRUUSK Barnk\u00f6k Leksaksk\u00f6k - Med Telefon, Kritbr\u00e4da, Mikrov\u00e5gsugn - Spis, Diskho, Ismaskin - Tillbeh\u00f6r - 3-8 \u00e5r - Vit - TRUUSK - Hem, Tr\u00e4dg\u00e5rd &amp; Fritid","robots":{"index":"index","follow":"follow","max-snippet":"max-snippet:-1","max-image-preview":"max-image-preview:large","max-video-preview":"max-video-preview:-1"},"canonical":"https:\/\/truusk.store\/sv\/produkt\/truusk-barnkok-leksakskok-med-telefon-kritbrada-mikrovagsugn-spis-diskho-ismaskin-tillbehor-3-8-ar-vit\/","og_locale":"sv_SE","og_type":"article","og_title":"TRUUSK Barnk\u00f6k Leksaksk\u00f6k - Med Telefon, Kritbr\u00e4da, Mikrov\u00e5gsugn - Spis, Diskho, Ismaskin - Tillbeh\u00f6r - 3-8 \u00e5r - Vit - TRUUSK - Hem, Tr\u00e4dg\u00e5rd &amp; Fritid","og_description":"L\u00e5t din lilla chefs kreativitet blomstra med AIYAPLAY leksaksk\u00f6k! Med en kritbr\u00e4da f\u00f6r dagens r\u00e4tter och en riktig ismaskin, samt...","og_url":"https:\/\/truusk.store\/sv\/produkt\/truusk-barnkok-leksakskok-med-telefon-kritbrada-mikrovagsugn-spis-diskho-ismaskin-tillbehor-3-8-ar-vit\/","og_site_name":"TRUUSK - Hem, Tr\u00e4dg\u00e5rd &amp; Fritid","article_modified_time":"2026-03-12T08:43:27+00:00","og_image":[{"width":2000,"height":2000,"url":"https:\/\/i0.wp.com\/truusk.se\/wp-content\/uploads\/2025\/07\/aiyaplay-barnkok-leksakskok-med-telefon-kritbrada-mikrovagsugn-spis-diskho-tillbehor-ismaskin-3-8-ar-vit-1.webp?fit=2000%2C2000&ssl=1","type":"image\/webp"}],"twitter_card":"summary_large_image","twitter_misc":{"Ber\u00e4knad l\u00e4stid":"1 minut"},"schema":{"@context":"https:\/\/schema.org","@graph":[{"@type":"WebPage","@id":"https:\/\/truusk.store\/sv\/produkt\/truusk-barnkok-leksakskok-med-telefon-kritbrada-mikrovagsugn-spis-diskho-ismaskin-tillbehor-3-8-ar-vit\/","url":"https:\/\/truusk.store\/sv\/produkt\/truusk-barnkok-leksakskok-med-telefon-kritbrada-mikrovagsugn-spis-diskho-ismaskin-tillbehor-3-8-ar-vit\/","name":"TRUUSK Barnk\u00f6k Leksaksk\u00f6k - Med Telefon, Kritbr\u00e4da, Mikrov\u00e5gsugn - Spis, Diskho, Ismaskin - Tillbeh\u00f6r - 3-8 \u00e5r - Vit - TRUUSK - Hem, Tr\u00e4dg\u00e5rd &amp; Fritid","isPartOf":{"@id":"https:\/\/truusk.store\/sv\/#website"},"primaryImageOfPage":{"@id":"https:\/\/truusk.store\/sv\/produkt\/truusk-barnkok-leksakskok-med-telefon-kritbrada-mikrovagsugn-spis-diskho-ismaskin-tillbehor-3-8-ar-vit\/#primaryimage"},"image":{"@id":"https:\/\/truusk.store\/sv\/produkt\/truusk-barnkok-leksakskok-med-telefon-kritbrada-mikrovagsugn-spis-diskho-ismaskin-tillbehor-3-8-ar-vit\/#primaryimage"},"thumbnailUrl":"https:\/\/i0.wp.com\/truusk.store\/wp-content\/uploads\/2025\/07\/aiyaplay-barnkok-leksakskok-med-telefon-kritbrada-mikrovagsugn-spis-diskho-tillbehor-ismaskin-3-8-ar-vit-1.webp?fit=2000%2C2000&ssl=1","datePublished":"2025-07-22T03:35:00+00:00","dateModified":"2026-03-12T08:43:27+00:00","breadcrumb":{"@id":"https:\/\/truusk.store\/sv\/produkt\/truusk-barnkok-leksakskok-med-telefon-kritbrada-mikrovagsugn-spis-diskho-ismaskin-tillbehor-3-8-ar-vit\/#breadcrumb"},"inLanguage":"sv-SE","potentialAction":[{"@type":"ReadAction","target":["https:\/\/truusk.store\/sv\/produkt\/truusk-barnkok-leksakskok-med-telefon-kritbrada-mikrovagsugn-spis-diskho-ismaskin-tillbehor-3-8-ar-vit\/"]}]},{"@type":"ImageObject","inLanguage":"sv-SE","@id":"https:\/\/truusk.store\/sv\/produkt\/truusk-barnkok-leksakskok-med-telefon-kritbrada-mikrovagsugn-spis-diskho-ismaskin-tillbehor-3-8-ar-vit\/#primaryimage","url":"https:\/\/i0.wp.com\/truusk.store\/wp-content\/uploads\/2025\/07\/aiyaplay-barnkok-leksakskok-med-telefon-kritbrada-mikrovagsugn-spis-diskho-tillbehor-ismaskin-3-8-ar-vit-1.webp?fit=2000%2C2000&ssl=1","contentUrl":"https:\/\/i0.wp.com\/truusk.store\/wp-content\/uploads\/2025\/07\/aiyaplay-barnkok-leksakskok-med-telefon-kritbrada-mikrovagsugn-spis-diskho-tillbehor-ismaskin-3-8-ar-vit-1.webp?fit=2000%2C2000&ssl=1","width":2000,"height":2000},{"@type":"BreadcrumbList","@id":"https:\/\/truusk.store\/sv\/produkt\/truusk-barnkok-leksakskok-med-telefon-kritbrada-mikrovagsugn-spis-diskho-ismaskin-tillbehor-3-8-ar-vit\/#breadcrumb","itemListElement":[{"@type":"ListItem","position":1,"name":"Home","item":"https:\/\/truusk.store\/sv\/"},{"@type":"ListItem","position":2,"name":"Shop","item":"https:\/\/truusk.store\/shop\/"},{"@type":"ListItem","position":3,"name":"TRUUSK Barnk\u00f6k Leksaksk\u00f6k &#8211; Med Telefon, Kritbr\u00e4da, Mikrov\u00e5gsugn &#8211; Spis, Diskho, Ismaskin &#8211; Tillbeh\u00f6r &#8211; 3-8 \u00e5r &#8211; Vit"}]},{"@type":"WebSite","@id":"https:\/\/truusk.store\/sv\/#website","url":"https:\/\/truusk.store\/sv\/","name":"TRUUSK - Hem, Tr\u00e4dg\u00e5rd & Fritid","description":"","publisher":{"@id":"https:\/\/truusk.store\/sv\/#organization"},"potentialAction":[{"@type":"SearchAction","target":{"@type":"EntryPoint","urlTemplate":"https:\/\/truusk.store\/sv\/?s={search_term_string}"},"query-input":{"@type":"PropertyValueSpecification","valueRequired":true,"valueName":"search_term_string"}}],"inLanguage":"sv-SE"},{"@type":"Organization","@id":"https:\/\/truusk.store\/sv\/#organization","name":"TRUUSK - Hem, Tr\u00e4dg\u00e5rd & Fritid","url":"https:\/\/truusk.store\/sv\/","logo":{"@type":"ImageObject","inLanguage":"sv-SE","@id":"https:\/\/truusk.store\/sv\/#\/schema\/logo\/image\/","url":"https:\/\/i0.wp.com\/truusk.store\/wp-content\/uploads\/2026\/03\/cropped-TRUUSK.png?fit=2032%2C917&ssl=1","contentUrl":"https:\/\/i0.wp.com\/truusk.store\/wp-content\/uploads\/2026\/03\/cropped-TRUUSK.png?fit=2032%2C917&ssl=1","width":2032,"height":917,"caption":"TRUUSK - Hem, Tr\u00e4dg\u00e5rd & Fritid"},"image":{"@id":"https:\/\/truusk.store\/sv\/#\/schema\/logo\/image\/"}}]}},"jetpack_sharing_enabled":true,"_links":{"self":[{"href":"https:\/\/truusk.store\/sv\/wp-json\/wp\/v2\/product\/83885","targetHints":{"allow":["GET"]}}],"collection":[{"href":"https:\/\/truusk.store\/sv\/wp-json\/wp\/v2\/product"}],"about":[{"href":"https:\/\/truusk.store\/sv\/wp-json\/wp\/v2\/types\/product"}],"wp:featuredmedia":[{"embeddable":true,"href":"https:\/\/truusk.store\/sv\/wp-json\/wp\/v2\/media\/83876"}],"wp:attachment":[{"href":"https:\/\/truusk.store\/sv\/wp-json\/wp\/v2\/media?parent=83885"}],"wp:term":[{"taxonomy":"product_brand","embeddable":true,"href":"https:\/\/truusk.store\/sv\/wp-json\/wp\/v2\/product_brand?post=83885"},{"taxonomy":"product_cat","embeddable":true,"href":"https:\/\/truusk.store\/sv\/wp-json\/wp\/v2\/product_cat?post=83885"},{"taxonomy":"product_tag","embeddable":true,"href":"https:\/\/truusk.store\/sv\/wp-json\/wp\/v2\/product_tag?post=83885"}],"curies":[{"name":"wp","href":"https:\/\/api.w.org\/{rel}","templated":true}]}}