{"id":83905,"date":"2025-07-22T04:37:14","date_gmt":"2025-07-22T03:37:14","guid":{"rendered":"https:\/\/truusk.store\/product\/aiyaplay-sensorisk-barnstol-snurrstol-for-autism-sensorisk-balanstraningssits-i-plast-orange\/"},"modified":"2026-03-12T09:45:27","modified_gmt":"2026-03-12T08:45:27","slug":"truusk-sensorisk-barnstol-snurrstol-for-barn-med-autism-balanstraningssits-plast-orange","status":"publish","type":"product","link":"https:\/\/truusk.store\/sv\/produkt\/truusk-sensorisk-barnstol-snurrstol-for-barn-med-autism-balanstraningssits-plast-orange\/","title":{"rendered":"TRUUSK Sensorisk Barnstol &#8211; Snurrstol f\u00f6r Barn med Autism &#8211; Balanstr\u00e4ningssits &#8211; Plast &#8211; Orange"},"content":{"rendered":"<p>AIYAPLAY sensoriska snurrstol \u00e4r en utm\u00e4rkt lugnande f\u00f6r barn och fr\u00e4mjar balans och koordination. Tillverkad av plast med en halkfri bas, st\u00f6der den sensoriska barnstolen upp till 50 kg. Barn kan sitta, ligga eller ligga p\u00e5 magen och snurra p\u00e5 den, beroende p\u00e5 vad de tycker \u00e4r roligt. Idealisk f\u00f6r sm\u00e5barn f\u00f6r lekfull och terapeutisk anv\u00e4ndning.<\/p>\n<p>Beskrivning:<\/p>\n<ul>\n<li> F\u00f6rb\u00e4ttrar balans och koordination<\/li>\n<li> Tillverkad av robust plast, s\u00e4kerst\u00e4ller barnens s\u00e4kerhet vid snurrning<\/li>\n<li> Halkfri bas p\u00e5 den sensoriska barnstolen garanterar s\u00e4kerhet och stabilitet under anv\u00e4ndning<\/li>\n<li> Kan snurras p\u00e5 olika s\u00e4tt f\u00f6r varierade upplevelser<\/li>\n<li> F\u00f6rdelaktigt f\u00f6r barn, fr\u00e4mjar lugn<\/li>\n<li> Maximal belastning f\u00f6r den sensoriska barnstolen \u00e4r 50 kg, montering kr\u00e4vs<\/li>\n<\/ul>\n<p> Tekniska data:<\/p>\n<ul>\n<li> F\u00e4rg: Orange<\/li>\n<li> Material: Plast, st\u00e5l<\/li>\n<li> Totala dimensioner: 55L x 55B x 26H cm<\/li>\n<li> Sits: 52,5L x 52,5B cm<\/li>\n<li> Sitth\u00f6jd: (H\u00f6gsta) 26 cm. (L\u00e4gsta) 16 cm<\/li>\n<li> Bas: 55L x 55B cm<\/li>\n<li> Maximal belastning: 50 kg<\/li>\n<li> Godk\u00e4nd \u00e5lder: 3+ \u00e5r<\/li>\n<li> Rekommenderad \u00e5lder: 3-6 \u00e5r<\/li>\n<\/ul>\n<p>Leveransinneh\u00e5ll:<\/p>\n<ul>\n<li> 1 x Sensorisk snurrstol<\/li>\n<li> 1 x Handbok<\/li>\n<\/ul>\n","protected":false},"excerpt":{"rendered":"<p>AIYAPLAY sensoriska snurrstol \u00e4r en utm\u00e4rkt lugnande f\u00f6r barn och fr\u00e4mjar balans och koordination. Tillverkad av plast med en halkfri&#8230;<\/p>\n","protected":false},"featured_media":83896,"template":"","meta":[],"product_brand":[],"product_cat":[880,631,881],"product_tag":[],"class_list":{"0":"post-83905","1":"product","2":"type-product","3":"status-publish","4":"has-post-thumbnail","6":"product_cat-baby-barn-2","7":"product_cat-barnmobler","8":"product_cat-barnsittmobler","10":"first","11":"instock","12":"sale","13":"taxable","14":"shipping-taxable","15":"purchasable","16":"product-type-simple"},"yoast_head":"<!-- This site is optimized with the Yoast SEO plugin v25.4 - https:\/\/yoast.com\/wordpress\/plugins\/seo\/ -->\n<title>TRUUSK Sensorisk Barnstol - Snurrstol f\u00f6r Barn med Autism - Balanstr\u00e4ningssits - Plast - Orange - TRUUSK - Hem, Tr\u00e4dg\u00e5rd &amp; Fritid<\/title>\n<meta name=\"robots\" content=\"index, follow, max-snippet:-1, max-image-preview:large, max-video-preview:-1\" \/>\n<link rel=\"canonical\" href=\"https:\/\/truusk.store\/sv\/produkt\/truusk-sensorisk-barnstol-snurrstol-for-barn-med-autism-balanstraningssits-plast-orange\/\" \/>\n<meta property=\"og:locale\" content=\"sv_SE\" \/>\n<meta property=\"og:type\" content=\"article\" \/>\n<meta property=\"og:title\" content=\"TRUUSK Sensorisk Barnstol - Snurrstol f\u00f6r Barn med Autism - Balanstr\u00e4ningssits - Plast - Orange - TRUUSK - Hem, Tr\u00e4dg\u00e5rd &amp; Fritid\" \/>\n<meta property=\"og:description\" content=\"AIYAPLAY sensoriska snurrstol \u00e4r en utm\u00e4rkt lugnande f\u00f6r barn och fr\u00e4mjar balans och koordination. Tillverkad av plast med en halkfri...\" \/>\n<meta property=\"og:url\" content=\"https:\/\/truusk.store\/sv\/produkt\/truusk-sensorisk-barnstol-snurrstol-for-barn-med-autism-balanstraningssits-plast-orange\/\" \/>\n<meta property=\"og:site_name\" content=\"TRUUSK - Hem, Tr\u00e4dg\u00e5rd &amp; Fritid\" \/>\n<meta property=\"article:modified_time\" content=\"2026-03-12T08:45:27+00:00\" \/>\n<meta property=\"og:image\" content=\"https:\/\/i0.wp.com\/truusk.se\/wp-content\/uploads\/2025\/07\/aiyaplay-sensorisk-barnstol-snurrstol-for-autism-sensorisk-balanstraningssits-i-plast-orange-1.webp?fit=2000%2C2000&ssl=1\" \/>\n\t<meta property=\"og:image:width\" content=\"2000\" \/>\n\t<meta property=\"og:image:height\" content=\"2000\" \/>\n\t<meta property=\"og:image:type\" content=\"image\/webp\" \/>\n<meta name=\"twitter:card\" content=\"summary_large_image\" \/>\n<meta name=\"twitter:label1\" content=\"Ber\u00e4knad l\u00e4stid\" \/>\n\t<meta name=\"twitter:data1\" content=\"1 minut\" \/>\n<!-- \/ Yoast SEO plugin. -->","yoast_head_json":{"title":"TRUUSK Sensorisk Barnstol - Snurrstol f\u00f6r Barn med Autism - Balanstr\u00e4ningssits - Plast - Orange - TRUUSK - Hem, Tr\u00e4dg\u00e5rd &amp; Fritid","robots":{"index":"index","follow":"follow","max-snippet":"max-snippet:-1","max-image-preview":"max-image-preview:large","max-video-preview":"max-video-preview:-1"},"canonical":"https:\/\/truusk.store\/sv\/produkt\/truusk-sensorisk-barnstol-snurrstol-for-barn-med-autism-balanstraningssits-plast-orange\/","og_locale":"sv_SE","og_type":"article","og_title":"TRUUSK Sensorisk Barnstol - Snurrstol f\u00f6r Barn med Autism - Balanstr\u00e4ningssits - Plast - Orange - TRUUSK - Hem, Tr\u00e4dg\u00e5rd &amp; Fritid","og_description":"AIYAPLAY sensoriska snurrstol \u00e4r en utm\u00e4rkt lugnande f\u00f6r barn och fr\u00e4mjar balans och koordination. Tillverkad av plast med en halkfri...","og_url":"https:\/\/truusk.store\/sv\/produkt\/truusk-sensorisk-barnstol-snurrstol-for-barn-med-autism-balanstraningssits-plast-orange\/","og_site_name":"TRUUSK - Hem, Tr\u00e4dg\u00e5rd &amp; Fritid","article_modified_time":"2026-03-12T08:45:27+00:00","og_image":[{"width":2000,"height":2000,"url":"https:\/\/i0.wp.com\/truusk.se\/wp-content\/uploads\/2025\/07\/aiyaplay-sensorisk-barnstol-snurrstol-for-autism-sensorisk-balanstraningssits-i-plast-orange-1.webp?fit=2000%2C2000&ssl=1","type":"image\/webp"}],"twitter_card":"summary_large_image","twitter_misc":{"Ber\u00e4knad l\u00e4stid":"1 minut"},"schema":{"@context":"https:\/\/schema.org","@graph":[{"@type":"WebPage","@id":"https:\/\/truusk.store\/sv\/produkt\/truusk-sensorisk-barnstol-snurrstol-for-barn-med-autism-balanstraningssits-plast-orange\/","url":"https:\/\/truusk.store\/sv\/produkt\/truusk-sensorisk-barnstol-snurrstol-for-barn-med-autism-balanstraningssits-plast-orange\/","name":"TRUUSK Sensorisk Barnstol - Snurrstol f\u00f6r Barn med Autism - Balanstr\u00e4ningssits - Plast - Orange - TRUUSK - Hem, Tr\u00e4dg\u00e5rd &amp; Fritid","isPartOf":{"@id":"https:\/\/truusk.store\/sv\/#website"},"primaryImageOfPage":{"@id":"https:\/\/truusk.store\/sv\/produkt\/truusk-sensorisk-barnstol-snurrstol-for-barn-med-autism-balanstraningssits-plast-orange\/#primaryimage"},"image":{"@id":"https:\/\/truusk.store\/sv\/produkt\/truusk-sensorisk-barnstol-snurrstol-for-barn-med-autism-balanstraningssits-plast-orange\/#primaryimage"},"thumbnailUrl":"https:\/\/i0.wp.com\/truusk.store\/wp-content\/uploads\/2025\/07\/aiyaplay-sensorisk-barnstol-snurrstol-for-autism-sensorisk-balanstraningssits-i-plast-orange-1.webp?fit=2000%2C2000&ssl=1","datePublished":"2025-07-22T03:37:14+00:00","dateModified":"2026-03-12T08:45:27+00:00","breadcrumb":{"@id":"https:\/\/truusk.store\/sv\/produkt\/truusk-sensorisk-barnstol-snurrstol-for-barn-med-autism-balanstraningssits-plast-orange\/#breadcrumb"},"inLanguage":"sv-SE","potentialAction":[{"@type":"ReadAction","target":["https:\/\/truusk.store\/sv\/produkt\/truusk-sensorisk-barnstol-snurrstol-for-barn-med-autism-balanstraningssits-plast-orange\/"]}]},{"@type":"ImageObject","inLanguage":"sv-SE","@id":"https:\/\/truusk.store\/sv\/produkt\/truusk-sensorisk-barnstol-snurrstol-for-barn-med-autism-balanstraningssits-plast-orange\/#primaryimage","url":"https:\/\/i0.wp.com\/truusk.store\/wp-content\/uploads\/2025\/07\/aiyaplay-sensorisk-barnstol-snurrstol-for-autism-sensorisk-balanstraningssits-i-plast-orange-1.webp?fit=2000%2C2000&ssl=1","contentUrl":"https:\/\/i0.wp.com\/truusk.store\/wp-content\/uploads\/2025\/07\/aiyaplay-sensorisk-barnstol-snurrstol-for-autism-sensorisk-balanstraningssits-i-plast-orange-1.webp?fit=2000%2C2000&ssl=1","width":2000,"height":2000},{"@type":"BreadcrumbList","@id":"https:\/\/truusk.store\/sv\/produkt\/truusk-sensorisk-barnstol-snurrstol-for-barn-med-autism-balanstraningssits-plast-orange\/#breadcrumb","itemListElement":[{"@type":"ListItem","position":1,"name":"Home","item":"https:\/\/truusk.store\/sv\/"},{"@type":"ListItem","position":2,"name":"Shop","item":"https:\/\/truusk.store\/shop\/"},{"@type":"ListItem","position":3,"name":"TRUUSK Sensorisk Barnstol &#8211; Snurrstol f\u00f6r Barn med Autism &#8211; Balanstr\u00e4ningssits &#8211; Plast &#8211; Orange"}]},{"@type":"WebSite","@id":"https:\/\/truusk.store\/sv\/#website","url":"https:\/\/truusk.store\/sv\/","name":"TRUUSK - Hem, Tr\u00e4dg\u00e5rd & Fritid","description":"","publisher":{"@id":"https:\/\/truusk.store\/sv\/#organization"},"potentialAction":[{"@type":"SearchAction","target":{"@type":"EntryPoint","urlTemplate":"https:\/\/truusk.store\/sv\/?s={search_term_string}"},"query-input":{"@type":"PropertyValueSpecification","valueRequired":true,"valueName":"search_term_string"}}],"inLanguage":"sv-SE"},{"@type":"Organization","@id":"https:\/\/truusk.store\/sv\/#organization","name":"TRUUSK - Hem, Tr\u00e4dg\u00e5rd & Fritid","url":"https:\/\/truusk.store\/sv\/","logo":{"@type":"ImageObject","inLanguage":"sv-SE","@id":"https:\/\/truusk.store\/sv\/#\/schema\/logo\/image\/","url":"https:\/\/i0.wp.com\/truusk.store\/wp-content\/uploads\/2026\/03\/cropped-TRUUSK.png?fit=2032%2C917&ssl=1","contentUrl":"https:\/\/i0.wp.com\/truusk.store\/wp-content\/uploads\/2026\/03\/cropped-TRUUSK.png?fit=2032%2C917&ssl=1","width":2032,"height":917,"caption":"TRUUSK - Hem, Tr\u00e4dg\u00e5rd & Fritid"},"image":{"@id":"https:\/\/truusk.store\/sv\/#\/schema\/logo\/image\/"}}]}},"jetpack_sharing_enabled":true,"_links":{"self":[{"href":"https:\/\/truusk.store\/sv\/wp-json\/wp\/v2\/product\/83905","targetHints":{"allow":["GET"]}}],"collection":[{"href":"https:\/\/truusk.store\/sv\/wp-json\/wp\/v2\/product"}],"about":[{"href":"https:\/\/truusk.store\/sv\/wp-json\/wp\/v2\/types\/product"}],"wp:featuredmedia":[{"embeddable":true,"href":"https:\/\/truusk.store\/sv\/wp-json\/wp\/v2\/media\/83896"}],"wp:attachment":[{"href":"https:\/\/truusk.store\/sv\/wp-json\/wp\/v2\/media?parent=83905"}],"wp:term":[{"taxonomy":"product_brand","embeddable":true,"href":"https:\/\/truusk.store\/sv\/wp-json\/wp\/v2\/product_brand?post=83905"},{"taxonomy":"product_cat","embeddable":true,"href":"https:\/\/truusk.store\/sv\/wp-json\/wp\/v2\/product_cat?post=83905"},{"taxonomy":"product_tag","embeddable":true,"href":"https:\/\/truusk.store\/sv\/wp-json\/wp\/v2\/product_tag?post=83905"}],"curies":[{"name":"wp","href":"https:\/\/api.w.org\/{rel}","templated":true}]}}