{"id":8391,"date":"2024-02-13T09:17:32","date_gmt":"2024-02-13T08:17:32","guid":{"rendered":"https:\/\/truusk.store\/product\/papasan-stol-korgstol-sittdyna-konstrotting-roterande-metallram-87-x-97-x-86-cm-beige\/"},"modified":"2026-03-12T08:55:47","modified_gmt":"2026-03-12T07:55:47","slug":"truusk-papasan-stol-korgstol-med-sittdyna-roterande-design-konstrotting-metallram-87-x-97-x-86-cm-beige","status":"publish","type":"product","link":"https:\/\/truusk.store\/sv\/produkt\/truusk-papasan-stol-korgstol-med-sittdyna-roterande-design-konstrotting-metallram-87-x-97-x-86-cm-beige\/","title":{"rendered":"TRUUSK Papasan-stol &#8211; Korgstol med sittdyna &#8211; Roterande design &#8211; Konstrotting &#8211; Metallram &#8211; 87 x 97 x 86 cm &#8211; Beige"},"content":{"rendered":"<p>Oavsett om det g\u00e4ller utomhusomr\u00e5den som tr\u00e4dg\u00e5rden, terrassen och balkongen eller f\u00f6r ditt vardagsrum, \u00e4r v\u00e5r smakfulla pappastol en idealisk plats att dra sig tillbaka p\u00e5. Ramen av robust, galvaniserat st\u00e5l s\u00e4kerst\u00e4ller ett s\u00e4kert stativ, medan den supermjuka, avtagbara sittdynan s\u00e4kerst\u00e4ller f\u00f6rstklassig sittgl\u00e4dje. Tillbringa din fritid bekv\u00e4mt och avslappnad i v\u00e5r korgstol!<\/p>\n<h3>Beskrivning:<\/h3>\n<ul>\n<li>Papasan stol i trendig design f\u00f6r inom- eller utomhusbruk<\/li>\n<li>Stomme av starkt st\u00e5l, stabil och b\u00e4rande<\/li>\n<li>Korg av PE-rotting, l\u00e4tt att reng\u00f6ra och v\u00e4derbest\u00e4ndig<\/li>\n<li>Med supermjuk, avtagbar stoppning f\u00f6r h\u00f6g sittkomfort<\/li>\n<li>Stor bas med h\u00f6jdjusterbara f\u00f6tter f\u00f6r optimal stabilitet<\/li>\n<li>F\u00e5t\u00f6lj kan vridas 360 grader<\/li>\n<li>Enkel konstruktion<\/li>\n<\/ul>\n<h3>Teknisk data:<\/h3>\n<ul>\n<li>Material: PE rotting, st\u00e5l, polyester<\/li>\n<li>F\u00e4rg beige<\/li>\n<li>\u00d6vergripande m\u00e5tt: B87 x D97 x H86 cm<\/li>\n<li>Sittbredd: 92 cm<\/li>\n<li>Sitth\u00f6jd: 35 cm<\/li>\n<li>Max lastkapacitet: 160 kg<\/li>\n<\/ul>\n<h3>Leveransens omfattning:<\/h3>\n<ul>\n<li>1 x pappastol<\/li>\n<li>1 x Pad<\/li>\n<\/ul>\n","protected":false},"excerpt":{"rendered":"<p>Oavsett om det g\u00e4ller utomhusomr\u00e5den som tr\u00e4dg\u00e5rden, terrassen och balkongen eller f\u00f6r ditt vardagsrum, \u00e4r v\u00e5r smakfulla pappastol en idealisk&#8230;<\/p>\n","protected":false},"featured_media":8392,"template":"","meta":[],"product_brand":[],"product_cat":[485,538,537],"product_tag":[],"class_list":{"0":"post-8391","1":"product","2":"type-product","3":"status-publish","4":"has-post-thumbnail","6":"product_cat-hus-bo","7":"product_cat-sittdyna","8":"product_cat-sittplatser-bankar","10":"first","11":"instock","12":"sale","13":"taxable","14":"shipping-taxable","15":"purchasable","16":"product-type-simple"},"yoast_head":"<!-- This site is optimized with the Yoast SEO plugin v25.4 - https:\/\/yoast.com\/wordpress\/plugins\/seo\/ -->\n<title>TRUUSK Papasan-stol - Korgstol med sittdyna - Roterande design - Konstrotting - Metallram - 87 x 97 x 86 cm - Beige - TRUUSK - Hem, Tr\u00e4dg\u00e5rd &amp; Fritid<\/title>\n<meta name=\"robots\" content=\"index, follow, max-snippet:-1, max-image-preview:large, max-video-preview:-1\" \/>\n<link rel=\"canonical\" href=\"https:\/\/truusk.store\/sv\/produkt\/truusk-papasan-stol-korgstol-med-sittdyna-roterande-design-konstrotting-metallram-87-x-97-x-86-cm-beige\/\" \/>\n<meta property=\"og:locale\" content=\"sv_SE\" \/>\n<meta property=\"og:type\" content=\"article\" \/>\n<meta property=\"og:title\" content=\"TRUUSK Papasan-stol - Korgstol med sittdyna - Roterande design - Konstrotting - Metallram - 87 x 97 x 86 cm - Beige - TRUUSK - Hem, Tr\u00e4dg\u00e5rd &amp; Fritid\" \/>\n<meta property=\"og:description\" content=\"Oavsett om det g\u00e4ller utomhusomr\u00e5den som tr\u00e4dg\u00e5rden, terrassen och balkongen eller f\u00f6r ditt vardagsrum, \u00e4r v\u00e5r smakfulla pappastol en idealisk...\" \/>\n<meta property=\"og:url\" content=\"https:\/\/truusk.store\/sv\/produkt\/truusk-papasan-stol-korgstol-med-sittdyna-roterande-design-konstrotting-metallram-87-x-97-x-86-cm-beige\/\" \/>\n<meta property=\"og:site_name\" content=\"TRUUSK - Hem, Tr\u00e4dg\u00e5rd &amp; Fritid\" \/>\n<meta property=\"article:modified_time\" content=\"2026-03-12T07:55:47+00:00\" \/>\n<meta property=\"og:image\" content=\"https:\/\/i0.wp.com\/truusk.se\/wp-content\/uploads\/2024\/02\/papasan-stol-korgstol-sittdyna-konstrotting-roterande-metallram-87-x-97-x-86-cm-beige.webp?fit=800%2C800&ssl=1\" \/>\n\t<meta property=\"og:image:width\" content=\"800\" \/>\n\t<meta property=\"og:image:height\" content=\"800\" \/>\n\t<meta property=\"og:image:type\" content=\"image\/webp\" \/>\n<meta name=\"twitter:card\" content=\"summary_large_image\" \/>\n<meta name=\"twitter:label1\" content=\"Ber\u00e4knad l\u00e4stid\" \/>\n\t<meta name=\"twitter:data1\" content=\"1 minut\" \/>\n<!-- \/ Yoast SEO plugin. -->","yoast_head_json":{"title":"TRUUSK Papasan-stol - Korgstol med sittdyna - Roterande design - Konstrotting - Metallram - 87 x 97 x 86 cm - Beige - TRUUSK - Hem, Tr\u00e4dg\u00e5rd &amp; Fritid","robots":{"index":"index","follow":"follow","max-snippet":"max-snippet:-1","max-image-preview":"max-image-preview:large","max-video-preview":"max-video-preview:-1"},"canonical":"https:\/\/truusk.store\/sv\/produkt\/truusk-papasan-stol-korgstol-med-sittdyna-roterande-design-konstrotting-metallram-87-x-97-x-86-cm-beige\/","og_locale":"sv_SE","og_type":"article","og_title":"TRUUSK Papasan-stol - Korgstol med sittdyna - Roterande design - Konstrotting - Metallram - 87 x 97 x 86 cm - Beige - TRUUSK - Hem, Tr\u00e4dg\u00e5rd &amp; Fritid","og_description":"Oavsett om det g\u00e4ller utomhusomr\u00e5den som tr\u00e4dg\u00e5rden, terrassen och balkongen eller f\u00f6r ditt vardagsrum, \u00e4r v\u00e5r smakfulla pappastol en idealisk...","og_url":"https:\/\/truusk.store\/sv\/produkt\/truusk-papasan-stol-korgstol-med-sittdyna-roterande-design-konstrotting-metallram-87-x-97-x-86-cm-beige\/","og_site_name":"TRUUSK - Hem, Tr\u00e4dg\u00e5rd &amp; Fritid","article_modified_time":"2026-03-12T07:55:47+00:00","og_image":[{"width":800,"height":800,"url":"https:\/\/i0.wp.com\/truusk.se\/wp-content\/uploads\/2024\/02\/papasan-stol-korgstol-sittdyna-konstrotting-roterande-metallram-87-x-97-x-86-cm-beige.webp?fit=800%2C800&ssl=1","type":"image\/webp"}],"twitter_card":"summary_large_image","twitter_misc":{"Ber\u00e4knad l\u00e4stid":"1 minut"},"schema":{"@context":"https:\/\/schema.org","@graph":[{"@type":"WebPage","@id":"https:\/\/truusk.store\/sv\/produkt\/truusk-papasan-stol-korgstol-med-sittdyna-roterande-design-konstrotting-metallram-87-x-97-x-86-cm-beige\/","url":"https:\/\/truusk.store\/sv\/produkt\/truusk-papasan-stol-korgstol-med-sittdyna-roterande-design-konstrotting-metallram-87-x-97-x-86-cm-beige\/","name":"TRUUSK Papasan-stol - Korgstol med sittdyna - Roterande design - Konstrotting - Metallram - 87 x 97 x 86 cm - Beige - TRUUSK - Hem, Tr\u00e4dg\u00e5rd &amp; Fritid","isPartOf":{"@id":"https:\/\/truusk.store\/sv\/#website"},"primaryImageOfPage":{"@id":"https:\/\/truusk.store\/sv\/produkt\/truusk-papasan-stol-korgstol-med-sittdyna-roterande-design-konstrotting-metallram-87-x-97-x-86-cm-beige\/#primaryimage"},"image":{"@id":"https:\/\/truusk.store\/sv\/produkt\/truusk-papasan-stol-korgstol-med-sittdyna-roterande-design-konstrotting-metallram-87-x-97-x-86-cm-beige\/#primaryimage"},"thumbnailUrl":"https:\/\/i0.wp.com\/truusk.store\/wp-content\/uploads\/2024\/02\/papasan-stol-korgstol-sittdyna-konstrotting-roterande-metallram-87-x-97-x-86-cm-beige.webp?fit=800%2C800&ssl=1","datePublished":"2024-02-13T08:17:32+00:00","dateModified":"2026-03-12T07:55:47+00:00","breadcrumb":{"@id":"https:\/\/truusk.store\/sv\/produkt\/truusk-papasan-stol-korgstol-med-sittdyna-roterande-design-konstrotting-metallram-87-x-97-x-86-cm-beige\/#breadcrumb"},"inLanguage":"sv-SE","potentialAction":[{"@type":"ReadAction","target":["https:\/\/truusk.store\/sv\/produkt\/truusk-papasan-stol-korgstol-med-sittdyna-roterande-design-konstrotting-metallram-87-x-97-x-86-cm-beige\/"]}]},{"@type":"ImageObject","inLanguage":"sv-SE","@id":"https:\/\/truusk.store\/sv\/produkt\/truusk-papasan-stol-korgstol-med-sittdyna-roterande-design-konstrotting-metallram-87-x-97-x-86-cm-beige\/#primaryimage","url":"https:\/\/i0.wp.com\/truusk.store\/wp-content\/uploads\/2024\/02\/papasan-stol-korgstol-sittdyna-konstrotting-roterande-metallram-87-x-97-x-86-cm-beige.webp?fit=800%2C800&ssl=1","contentUrl":"https:\/\/i0.wp.com\/truusk.store\/wp-content\/uploads\/2024\/02\/papasan-stol-korgstol-sittdyna-konstrotting-roterande-metallram-87-x-97-x-86-cm-beige.webp?fit=800%2C800&ssl=1","width":800,"height":800,"caption":"Papasan Stol, Korgstol, Sittdyna, Konstrotting, Roterande, Metallram, 87 X 97 X 86 Cm, Beige 1"},{"@type":"BreadcrumbList","@id":"https:\/\/truusk.store\/sv\/produkt\/truusk-papasan-stol-korgstol-med-sittdyna-roterande-design-konstrotting-metallram-87-x-97-x-86-cm-beige\/#breadcrumb","itemListElement":[{"@type":"ListItem","position":1,"name":"Home","item":"https:\/\/truusk.store\/sv\/"},{"@type":"ListItem","position":2,"name":"Shop","item":"https:\/\/truusk.store\/shop\/"},{"@type":"ListItem","position":3,"name":"TRUUSK Papasan-stol &#8211; Korgstol med sittdyna &#8211; Roterande design &#8211; Konstrotting &#8211; Metallram &#8211; 87 x 97 x 86 cm &#8211; Beige"}]},{"@type":"WebSite","@id":"https:\/\/truusk.store\/sv\/#website","url":"https:\/\/truusk.store\/sv\/","name":"TRUUSK - Hem, Tr\u00e4dg\u00e5rd & Fritid","description":"","publisher":{"@id":"https:\/\/truusk.store\/sv\/#organization"},"potentialAction":[{"@type":"SearchAction","target":{"@type":"EntryPoint","urlTemplate":"https:\/\/truusk.store\/sv\/?s={search_term_string}"},"query-input":{"@type":"PropertyValueSpecification","valueRequired":true,"valueName":"search_term_string"}}],"inLanguage":"sv-SE"},{"@type":"Organization","@id":"https:\/\/truusk.store\/sv\/#organization","name":"TRUUSK - Hem, Tr\u00e4dg\u00e5rd & Fritid","url":"https:\/\/truusk.store\/sv\/","logo":{"@type":"ImageObject","inLanguage":"sv-SE","@id":"https:\/\/truusk.store\/sv\/#\/schema\/logo\/image\/","url":"https:\/\/i0.wp.com\/truusk.store\/wp-content\/uploads\/2026\/03\/cropped-TRUUSK.png?fit=2032%2C917&ssl=1","contentUrl":"https:\/\/i0.wp.com\/truusk.store\/wp-content\/uploads\/2026\/03\/cropped-TRUUSK.png?fit=2032%2C917&ssl=1","width":2032,"height":917,"caption":"TRUUSK - Hem, Tr\u00e4dg\u00e5rd & Fritid"},"image":{"@id":"https:\/\/truusk.store\/sv\/#\/schema\/logo\/image\/"}}]}},"jetpack_sharing_enabled":true,"_links":{"self":[{"href":"https:\/\/truusk.store\/sv\/wp-json\/wp\/v2\/product\/8391","targetHints":{"allow":["GET"]}}],"collection":[{"href":"https:\/\/truusk.store\/sv\/wp-json\/wp\/v2\/product"}],"about":[{"href":"https:\/\/truusk.store\/sv\/wp-json\/wp\/v2\/types\/product"}],"wp:featuredmedia":[{"embeddable":true,"href":"https:\/\/truusk.store\/sv\/wp-json\/wp\/v2\/media\/8392"}],"wp:attachment":[{"href":"https:\/\/truusk.store\/sv\/wp-json\/wp\/v2\/media?parent=8391"}],"wp:term":[{"taxonomy":"product_brand","embeddable":true,"href":"https:\/\/truusk.store\/sv\/wp-json\/wp\/v2\/product_brand?post=8391"},{"taxonomy":"product_cat","embeddable":true,"href":"https:\/\/truusk.store\/sv\/wp-json\/wp\/v2\/product_cat?post=8391"},{"taxonomy":"product_tag","embeddable":true,"href":"https:\/\/truusk.store\/sv\/wp-json\/wp\/v2\/product_tag?post=8391"}],"curies":[{"name":"wp","href":"https:\/\/api.w.org\/{rel}","templated":true}]}}