{"id":83995,"date":"2025-07-22T04:45:43","date_gmt":"2025-07-22T03:45:43","guid":{"rendered":"https:\/\/truusk.store\/product\/barbar-massagebord-hopfallbar-massagebank-med-konstladeroverdrag-skumvaddering-stalram-vit\/"},"modified":"2026-03-12T09:47:00","modified_gmt":"2026-03-12T08:47:00","slug":"truusk-barbar-massagebank-hopfallbar-konstladeroverdrag-skumvaddering-stalram-vit","status":"publish","type":"product","link":"https:\/\/truusk.store\/sv\/produkt\/truusk-barbar-massagebank-hopfallbar-konstladeroverdrag-skumvaddering-stalram-vit\/","title":{"rendered":"TRUUSK B\u00e4rbar Massageb\u00e4nk &#8211; Hopf\u00e4llbar &#8211; Konstl\u00e4der\u00f6verdrag &#8211; Skumvaddering &#8211; St\u00e5lram &#8211; Vit"},"content":{"rendered":"<p>Rygg- och benst\u00f6den p\u00e5 denna massageb\u00e4nk kan justeras mellan 0-60\u00b0 och 0-90\u00b0 och erbjuder individuell komfort vid varje anv\u00e4ndning. Den robusta st\u00e5lramen b\u00e4r s\u00e4kert upp till 220 kg och det 4 cm tjocka skummet p\u00e5 massagbordet skapar en stressfri atmosf\u00e4r d\u00e4r man kan k\u00e4nna sig helt bekv\u00e4m.<\/p>\n<p>Beskrivning:<\/p>\n<ul>\n<li> 0-60\u00b0 justerbar ryggst\u00f6d och 0-90\u00b0 justerbara benst\u00f6d p\u00e5 massageb\u00e4nken f\u00f6r individuell komfort<\/li>\n<li> Den 3-delade designen m\u00f6jligg\u00f6r enkel transport och lagring<\/li>\n<li> Mjukt konstl\u00e4der med tjock skumstoppning, flams\u00e4kert enligt BS5852-standard<\/li>\n<li> Robust st\u00e5lram p\u00e5 massageb\u00e4nken b\u00e4r upp till 220 kg och garanterar stabilitet<\/li>\n<li> L\u00e4mplig f\u00f6r massage, tatueringar, vaxning, ansiktsbehandlingar och manikyr<\/li>\n<li> Montering kr\u00e4vs<\/li>\n<\/ul>\n<p> Tekniska data:<\/p>\n<ul>\n<li> F\u00e4rg: Vit<\/li>\n<li> Material: Konstl\u00e4der, skum, st\u00e5l<\/li>\n<li> Totala dimensioner: 182L x 82B x 68H cm<\/li>\n<li> Storlek p\u00e5 huvudst\u00f6d: 30L x 20B x 5T cm<\/li>\n<li> Storlek p\u00e5 liggyta: 182L x 62B cm<\/li>\n<li> Vikta m\u00e5tt: 70L x 58B x 18H cm<\/li>\n<li> Maximal statisk belastning: 220 kg<\/li>\n<li> Maximal dynamisk belastning: 150 kg<\/li>\n<\/ul>\n<p>Leveransinneh\u00e5ll:<\/p>\n<ul>\n<li> 1 x Massageb\u00e4nk<\/li>\n<li> 1 x Huvudst\u00f6d<\/li>\n<li> 1 x Bruksanvisning<\/li>\n<\/ul>\n","protected":false},"excerpt":{"rendered":"<p>Rygg- och benst\u00f6den p\u00e5 denna massageb\u00e4nk kan justeras mellan 0-60\u00b0 och 0-90\u00b0 och erbjuder individuell komfort vid varje anv\u00e4ndning. Den&#8230;<\/p>\n","protected":false},"featured_media":83986,"template":"","meta":[],"product_brand":[],"product_cat":[867,1052],"product_tag":[],"class_list":{"0":"post-83995","1":"product","2":"type-product","3":"status-publish","4":"has-post-thumbnail","6":"product_cat-byggmarknad","7":"product_cat-halsa-mobilitet","9":"first","10":"instock","11":"sale","12":"taxable","13":"shipping-taxable","14":"purchasable","15":"product-type-simple"},"yoast_head":"<!-- This site is optimized with the Yoast SEO plugin v25.4 - https:\/\/yoast.com\/wordpress\/plugins\/seo\/ -->\n<title>TRUUSK B\u00e4rbar Massageb\u00e4nk - Hopf\u00e4llbar - Konstl\u00e4der\u00f6verdrag - Skumvaddering - St\u00e5lram - Vit - TRUUSK - Hem, Tr\u00e4dg\u00e5rd &amp; Fritid<\/title>\n<meta name=\"robots\" content=\"index, follow, max-snippet:-1, max-image-preview:large, max-video-preview:-1\" \/>\n<link rel=\"canonical\" href=\"https:\/\/truusk.store\/sv\/produkt\/truusk-barbar-massagebank-hopfallbar-konstladeroverdrag-skumvaddering-stalram-vit\/\" \/>\n<meta property=\"og:locale\" content=\"sv_SE\" \/>\n<meta property=\"og:type\" content=\"article\" \/>\n<meta property=\"og:title\" content=\"TRUUSK B\u00e4rbar Massageb\u00e4nk - Hopf\u00e4llbar - Konstl\u00e4der\u00f6verdrag - Skumvaddering - St\u00e5lram - Vit - TRUUSK - Hem, Tr\u00e4dg\u00e5rd &amp; Fritid\" \/>\n<meta property=\"og:description\" content=\"Rygg- och benst\u00f6den p\u00e5 denna massageb\u00e4nk kan justeras mellan 0-60\u00b0 och 0-90\u00b0 och erbjuder individuell komfort vid varje anv\u00e4ndning. Den...\" \/>\n<meta property=\"og:url\" content=\"https:\/\/truusk.store\/sv\/produkt\/truusk-barbar-massagebank-hopfallbar-konstladeroverdrag-skumvaddering-stalram-vit\/\" \/>\n<meta property=\"og:site_name\" content=\"TRUUSK - Hem, Tr\u00e4dg\u00e5rd &amp; Fritid\" \/>\n<meta property=\"article:modified_time\" content=\"2026-03-12T08:47:00+00:00\" \/>\n<meta property=\"og:image\" content=\"https:\/\/i0.wp.com\/truusk.se\/wp-content\/uploads\/2025\/07\/barbar-massagebord-hopfallbar-massagebank-med-konstladeroverdrag-skumvaddering-stalram-vit-1.webp?fit=2000%2C2000&ssl=1\" \/>\n\t<meta property=\"og:image:width\" content=\"2000\" \/>\n\t<meta property=\"og:image:height\" content=\"2000\" \/>\n\t<meta property=\"og:image:type\" content=\"image\/webp\" \/>\n<meta name=\"twitter:card\" content=\"summary_large_image\" \/>\n<meta name=\"twitter:label1\" content=\"Ber\u00e4knad l\u00e4stid\" \/>\n\t<meta name=\"twitter:data1\" content=\"1 minut\" \/>\n<!-- \/ Yoast SEO plugin. -->","yoast_head_json":{"title":"TRUUSK B\u00e4rbar Massageb\u00e4nk - Hopf\u00e4llbar - Konstl\u00e4der\u00f6verdrag - Skumvaddering - St\u00e5lram - Vit - TRUUSK - Hem, Tr\u00e4dg\u00e5rd &amp; Fritid","robots":{"index":"index","follow":"follow","max-snippet":"max-snippet:-1","max-image-preview":"max-image-preview:large","max-video-preview":"max-video-preview:-1"},"canonical":"https:\/\/truusk.store\/sv\/produkt\/truusk-barbar-massagebank-hopfallbar-konstladeroverdrag-skumvaddering-stalram-vit\/","og_locale":"sv_SE","og_type":"article","og_title":"TRUUSK B\u00e4rbar Massageb\u00e4nk - Hopf\u00e4llbar - Konstl\u00e4der\u00f6verdrag - Skumvaddering - St\u00e5lram - Vit - TRUUSK - Hem, Tr\u00e4dg\u00e5rd &amp; Fritid","og_description":"Rygg- och benst\u00f6den p\u00e5 denna massageb\u00e4nk kan justeras mellan 0-60\u00b0 och 0-90\u00b0 och erbjuder individuell komfort vid varje anv\u00e4ndning. Den...","og_url":"https:\/\/truusk.store\/sv\/produkt\/truusk-barbar-massagebank-hopfallbar-konstladeroverdrag-skumvaddering-stalram-vit\/","og_site_name":"TRUUSK - Hem, Tr\u00e4dg\u00e5rd &amp; Fritid","article_modified_time":"2026-03-12T08:47:00+00:00","og_image":[{"width":2000,"height":2000,"url":"https:\/\/i0.wp.com\/truusk.se\/wp-content\/uploads\/2025\/07\/barbar-massagebord-hopfallbar-massagebank-med-konstladeroverdrag-skumvaddering-stalram-vit-1.webp?fit=2000%2C2000&ssl=1","type":"image\/webp"}],"twitter_card":"summary_large_image","twitter_misc":{"Ber\u00e4knad l\u00e4stid":"1 minut"},"schema":{"@context":"https:\/\/schema.org","@graph":[{"@type":"WebPage","@id":"https:\/\/truusk.store\/sv\/produkt\/truusk-barbar-massagebank-hopfallbar-konstladeroverdrag-skumvaddering-stalram-vit\/","url":"https:\/\/truusk.store\/sv\/produkt\/truusk-barbar-massagebank-hopfallbar-konstladeroverdrag-skumvaddering-stalram-vit\/","name":"TRUUSK B\u00e4rbar Massageb\u00e4nk - Hopf\u00e4llbar - Konstl\u00e4der\u00f6verdrag - Skumvaddering - St\u00e5lram - Vit - TRUUSK - Hem, Tr\u00e4dg\u00e5rd &amp; Fritid","isPartOf":{"@id":"https:\/\/truusk.store\/sv\/#website"},"primaryImageOfPage":{"@id":"https:\/\/truusk.store\/sv\/produkt\/truusk-barbar-massagebank-hopfallbar-konstladeroverdrag-skumvaddering-stalram-vit\/#primaryimage"},"image":{"@id":"https:\/\/truusk.store\/sv\/produkt\/truusk-barbar-massagebank-hopfallbar-konstladeroverdrag-skumvaddering-stalram-vit\/#primaryimage"},"thumbnailUrl":"https:\/\/i0.wp.com\/truusk.store\/wp-content\/uploads\/2025\/07\/barbar-massagebord-hopfallbar-massagebank-med-konstladeroverdrag-skumvaddering-stalram-vit-1.webp?fit=2000%2C2000&ssl=1","datePublished":"2025-07-22T03:45:43+00:00","dateModified":"2026-03-12T08:47:00+00:00","breadcrumb":{"@id":"https:\/\/truusk.store\/sv\/produkt\/truusk-barbar-massagebank-hopfallbar-konstladeroverdrag-skumvaddering-stalram-vit\/#breadcrumb"},"inLanguage":"sv-SE","potentialAction":[{"@type":"ReadAction","target":["https:\/\/truusk.store\/sv\/produkt\/truusk-barbar-massagebank-hopfallbar-konstladeroverdrag-skumvaddering-stalram-vit\/"]}]},{"@type":"ImageObject","inLanguage":"sv-SE","@id":"https:\/\/truusk.store\/sv\/produkt\/truusk-barbar-massagebank-hopfallbar-konstladeroverdrag-skumvaddering-stalram-vit\/#primaryimage","url":"https:\/\/i0.wp.com\/truusk.store\/wp-content\/uploads\/2025\/07\/barbar-massagebord-hopfallbar-massagebank-med-konstladeroverdrag-skumvaddering-stalram-vit-1.webp?fit=2000%2C2000&ssl=1","contentUrl":"https:\/\/i0.wp.com\/truusk.store\/wp-content\/uploads\/2025\/07\/barbar-massagebord-hopfallbar-massagebank-med-konstladeroverdrag-skumvaddering-stalram-vit-1.webp?fit=2000%2C2000&ssl=1","width":2000,"height":2000},{"@type":"BreadcrumbList","@id":"https:\/\/truusk.store\/sv\/produkt\/truusk-barbar-massagebank-hopfallbar-konstladeroverdrag-skumvaddering-stalram-vit\/#breadcrumb","itemListElement":[{"@type":"ListItem","position":1,"name":"Home","item":"https:\/\/truusk.store\/sv\/"},{"@type":"ListItem","position":2,"name":"Shop","item":"https:\/\/truusk.store\/shop\/"},{"@type":"ListItem","position":3,"name":"TRUUSK B\u00e4rbar Massageb\u00e4nk &#8211; Hopf\u00e4llbar &#8211; Konstl\u00e4der\u00f6verdrag &#8211; Skumvaddering &#8211; St\u00e5lram &#8211; Vit"}]},{"@type":"WebSite","@id":"https:\/\/truusk.store\/sv\/#website","url":"https:\/\/truusk.store\/sv\/","name":"TRUUSK - Hem, Tr\u00e4dg\u00e5rd & Fritid","description":"","publisher":{"@id":"https:\/\/truusk.store\/sv\/#organization"},"potentialAction":[{"@type":"SearchAction","target":{"@type":"EntryPoint","urlTemplate":"https:\/\/truusk.store\/sv\/?s={search_term_string}"},"query-input":{"@type":"PropertyValueSpecification","valueRequired":true,"valueName":"search_term_string"}}],"inLanguage":"sv-SE"},{"@type":"Organization","@id":"https:\/\/truusk.store\/sv\/#organization","name":"TRUUSK - Hem, Tr\u00e4dg\u00e5rd & Fritid","url":"https:\/\/truusk.store\/sv\/","logo":{"@type":"ImageObject","inLanguage":"sv-SE","@id":"https:\/\/truusk.store\/sv\/#\/schema\/logo\/image\/","url":"https:\/\/i0.wp.com\/truusk.store\/wp-content\/uploads\/2026\/03\/cropped-TRUUSK.png?fit=2032%2C917&ssl=1","contentUrl":"https:\/\/i0.wp.com\/truusk.store\/wp-content\/uploads\/2026\/03\/cropped-TRUUSK.png?fit=2032%2C917&ssl=1","width":2032,"height":917,"caption":"TRUUSK - Hem, Tr\u00e4dg\u00e5rd & Fritid"},"image":{"@id":"https:\/\/truusk.store\/sv\/#\/schema\/logo\/image\/"}}]}},"jetpack_sharing_enabled":true,"_links":{"self":[{"href":"https:\/\/truusk.store\/sv\/wp-json\/wp\/v2\/product\/83995","targetHints":{"allow":["GET"]}}],"collection":[{"href":"https:\/\/truusk.store\/sv\/wp-json\/wp\/v2\/product"}],"about":[{"href":"https:\/\/truusk.store\/sv\/wp-json\/wp\/v2\/types\/product"}],"wp:featuredmedia":[{"embeddable":true,"href":"https:\/\/truusk.store\/sv\/wp-json\/wp\/v2\/media\/83986"}],"wp:attachment":[{"href":"https:\/\/truusk.store\/sv\/wp-json\/wp\/v2\/media?parent=83995"}],"wp:term":[{"taxonomy":"product_brand","embeddable":true,"href":"https:\/\/truusk.store\/sv\/wp-json\/wp\/v2\/product_brand?post=83995"},{"taxonomy":"product_cat","embeddable":true,"href":"https:\/\/truusk.store\/sv\/wp-json\/wp\/v2\/product_cat?post=83995"},{"taxonomy":"product_tag","embeddable":true,"href":"https:\/\/truusk.store\/sv\/wp-json\/wp\/v2\/product_tag?post=83995"}],"curies":[{"name":"wp","href":"https:\/\/api.w.org\/{rel}","templated":true}]}}