{"id":84005,"date":"2025-07-22T04:46:39","date_gmt":"2025-07-22T03:46:39","guid":{"rendered":"https:\/\/truusk.store\/product\/konstgjord-vaxt-konstgjord-olivtrad-150-cm-720-blad-40-oliver-stabil-blomkruka-dekorationsvaxt-gron\/"},"modified":"2026-03-12T08:39:15","modified_gmt":"2026-03-12T07:39:15","slug":"truusk-konstgjord-olivtrad-150-cm-720-blad-40-oliver-stabil-blomkruka-dekorationsvaxt-gron","status":"publish","type":"product","link":"https:\/\/truusk.store\/sv\/produkt\/truusk-konstgjord-olivtrad-150-cm-720-blad-40-oliver-stabil-blomkruka-dekorationsvaxt-gron\/","title":{"rendered":"TRUUSK Konstgjord Olivtr\u00e4d 150 cm &#8211; 720 Blad &#8211; 40 Oliver &#8211; Stabil Blomkruka &#8211; Dekorationsv\u00e4xt &#8211; Gr\u00f6n"},"content":{"rendered":"<p>Forma om ditt utrymme med den konstgjorda olivtr\u00e4det fr\u00e5n TRUUSK, som imiterar \u00e4kta gr\u00f6nt p\u00e5 ett bedr\u00e4gligt realistiskt s\u00e4tt. Varje konstgjord v\u00e4xt i kruka presenterar sig med t\u00e4ta blad och silkesliknande oliver f\u00f6r ett naturligt utseende. Forma tr\u00e4det efter dina \u00f6nskem\u00e5l tack vare flexibla grenar, fast f\u00f6rankrade i en robust, cementfylld kruka. Upplev best\u00e5ende gr\u00f6nska utan underh\u00e5ll och f\u00f6rb\u00e4ttra ditt hem eller kontor stilfullt.<\/p>\n<p>Beskrivning:<\/p>\n<ul>\n<li> Realistiskt utseende av krukv\u00e4xten med frodiga blad och oliver, naturliga stammar, konstgjord mossa och gr\u00e4s. Imiterar utseendet p\u00e5 naturliga v\u00e4xter<\/li>\n<li> Silkesliknande blad ger en delikat och realistisk textur<\/li>\n<li> Blekningsresistenta material beh\u00e5ller den livfulla f\u00e4rgen l\u00e4ngre<\/li>\n<li> Flexibla grenar av den konstgjorda v\u00e4xten med metalltr\u00e5d f\u00f6r enkel formning<\/li>\n<li> Cementfylld kruka erbjuder robust stabilitet<\/li>\n<li> Kr\u00e4ver ingen vattning, besk\u00e4rning eller solljus f\u00f6r underh\u00e5ll<\/li>\n<\/ul>\n<p> Tekniska data:<\/p>\n<ul>\n<li> F\u00e4rg: Gr\u00f6n<\/li>\n<li> Material: Silkesliknande tyg, plast, cement<\/li>\n<li> Typ: Oliv<\/li>\n<li> Total h\u00f6jd: 150 cm<\/li>\n<li> Krukstorlek: \u00d815 x 12,5 cm<\/li>\n<\/ul>\n<p>Leverans:<\/p>\n<ul>\n<li> 1 x Konstgjord v\u00e4xt;<\/li>\n<\/ul>\n","protected":false},"excerpt":{"rendered":"<p>Forma om ditt utrymme med den konstgjorda olivtr\u00e4det fr\u00e5n TRUUSK, som imiterar \u00e4kta gr\u00f6nt p\u00e5 ett bedr\u00e4gligt realistiskt s\u00e4tt. Varje&#8230;<\/p>\n","protected":false},"featured_media":83996,"template":"","meta":[],"product_brand":[],"product_cat":[962,871,681],"product_tag":[],"class_list":{"0":"post-84005","1":"product","2":"type-product","3":"status-publish","4":"has-post-thumbnail","6":"product_cat-dekoration","7":"product_cat-hus-hem","8":"product_cat-konstgjorda-vaxter","10":"first","11":"instock","12":"sale","13":"taxable","14":"shipping-taxable","15":"purchasable","16":"product-type-simple"},"yoast_head":"<!-- This site is optimized with the Yoast SEO plugin v25.4 - https:\/\/yoast.com\/wordpress\/plugins\/seo\/ -->\n<title>TRUUSK Konstgjord Olivtr\u00e4d 150 cm - 720 Blad - 40 Oliver - Stabil Blomkruka - Dekorationsv\u00e4xt - Gr\u00f6n - TRUUSK - Hem, Tr\u00e4dg\u00e5rd &amp; Fritid<\/title>\n<meta name=\"robots\" content=\"index, follow, max-snippet:-1, max-image-preview:large, max-video-preview:-1\" \/>\n<link rel=\"canonical\" href=\"https:\/\/truusk.store\/sv\/produkt\/truusk-konstgjord-olivtrad-150-cm-720-blad-40-oliver-stabil-blomkruka-dekorationsvaxt-gron\/\" \/>\n<meta property=\"og:locale\" content=\"sv_SE\" \/>\n<meta property=\"og:type\" content=\"article\" \/>\n<meta property=\"og:title\" content=\"TRUUSK Konstgjord Olivtr\u00e4d 150 cm - 720 Blad - 40 Oliver - Stabil Blomkruka - Dekorationsv\u00e4xt - Gr\u00f6n - TRUUSK - Hem, Tr\u00e4dg\u00e5rd &amp; Fritid\" \/>\n<meta property=\"og:description\" content=\"Forma om ditt utrymme med den konstgjorda olivtr\u00e4det fr\u00e5n TRUUSK, som imiterar \u00e4kta gr\u00f6nt p\u00e5 ett bedr\u00e4gligt realistiskt s\u00e4tt. Varje...\" \/>\n<meta property=\"og:url\" content=\"https:\/\/truusk.store\/sv\/produkt\/truusk-konstgjord-olivtrad-150-cm-720-blad-40-oliver-stabil-blomkruka-dekorationsvaxt-gron\/\" \/>\n<meta property=\"og:site_name\" content=\"TRUUSK - Hem, Tr\u00e4dg\u00e5rd &amp; Fritid\" \/>\n<meta property=\"article:modified_time\" content=\"2026-03-12T07:39:15+00:00\" \/>\n<meta property=\"og:image\" content=\"https:\/\/i0.wp.com\/truusk.se\/wp-content\/uploads\/2025\/07\/konstgjord-vaxt-konstgjord-olivtrad-150-cm-720-blad-40-oliver-stabil-blomkruka-dekorationsvaxt-gron-1.webp?fit=2000%2C2000&ssl=1\" \/>\n\t<meta property=\"og:image:width\" content=\"2000\" \/>\n\t<meta property=\"og:image:height\" content=\"2000\" \/>\n\t<meta property=\"og:image:type\" content=\"image\/webp\" \/>\n<meta name=\"twitter:card\" content=\"summary_large_image\" \/>\n<meta name=\"twitter:label1\" content=\"Ber\u00e4knad l\u00e4stid\" \/>\n\t<meta name=\"twitter:data1\" content=\"1 minut\" \/>\n<!-- \/ Yoast SEO plugin. -->","yoast_head_json":{"title":"TRUUSK Konstgjord Olivtr\u00e4d 150 cm - 720 Blad - 40 Oliver - Stabil Blomkruka - Dekorationsv\u00e4xt - Gr\u00f6n - TRUUSK - Hem, Tr\u00e4dg\u00e5rd &amp; Fritid","robots":{"index":"index","follow":"follow","max-snippet":"max-snippet:-1","max-image-preview":"max-image-preview:large","max-video-preview":"max-video-preview:-1"},"canonical":"https:\/\/truusk.store\/sv\/produkt\/truusk-konstgjord-olivtrad-150-cm-720-blad-40-oliver-stabil-blomkruka-dekorationsvaxt-gron\/","og_locale":"sv_SE","og_type":"article","og_title":"TRUUSK Konstgjord Olivtr\u00e4d 150 cm - 720 Blad - 40 Oliver - Stabil Blomkruka - Dekorationsv\u00e4xt - Gr\u00f6n - TRUUSK - Hem, Tr\u00e4dg\u00e5rd &amp; Fritid","og_description":"Forma om ditt utrymme med den konstgjorda olivtr\u00e4det fr\u00e5n TRUUSK, som imiterar \u00e4kta gr\u00f6nt p\u00e5 ett bedr\u00e4gligt realistiskt s\u00e4tt. Varje...","og_url":"https:\/\/truusk.store\/sv\/produkt\/truusk-konstgjord-olivtrad-150-cm-720-blad-40-oliver-stabil-blomkruka-dekorationsvaxt-gron\/","og_site_name":"TRUUSK - Hem, Tr\u00e4dg\u00e5rd &amp; Fritid","article_modified_time":"2026-03-12T07:39:15+00:00","og_image":[{"width":2000,"height":2000,"url":"https:\/\/i0.wp.com\/truusk.se\/wp-content\/uploads\/2025\/07\/konstgjord-vaxt-konstgjord-olivtrad-150-cm-720-blad-40-oliver-stabil-blomkruka-dekorationsvaxt-gron-1.webp?fit=2000%2C2000&ssl=1","type":"image\/webp"}],"twitter_card":"summary_large_image","twitter_misc":{"Ber\u00e4knad l\u00e4stid":"1 minut"},"schema":{"@context":"https:\/\/schema.org","@graph":[{"@type":"WebPage","@id":"https:\/\/truusk.store\/sv\/produkt\/truusk-konstgjord-olivtrad-150-cm-720-blad-40-oliver-stabil-blomkruka-dekorationsvaxt-gron\/","url":"https:\/\/truusk.store\/sv\/produkt\/truusk-konstgjord-olivtrad-150-cm-720-blad-40-oliver-stabil-blomkruka-dekorationsvaxt-gron\/","name":"TRUUSK Konstgjord Olivtr\u00e4d 150 cm - 720 Blad - 40 Oliver - Stabil Blomkruka - Dekorationsv\u00e4xt - Gr\u00f6n - TRUUSK - Hem, Tr\u00e4dg\u00e5rd &amp; Fritid","isPartOf":{"@id":"https:\/\/truusk.store\/sv\/#website"},"primaryImageOfPage":{"@id":"https:\/\/truusk.store\/sv\/produkt\/truusk-konstgjord-olivtrad-150-cm-720-blad-40-oliver-stabil-blomkruka-dekorationsvaxt-gron\/#primaryimage"},"image":{"@id":"https:\/\/truusk.store\/sv\/produkt\/truusk-konstgjord-olivtrad-150-cm-720-blad-40-oliver-stabil-blomkruka-dekorationsvaxt-gron\/#primaryimage"},"thumbnailUrl":"https:\/\/i0.wp.com\/truusk.store\/wp-content\/uploads\/2025\/07\/konstgjord-vaxt-konstgjord-olivtrad-150-cm-720-blad-40-oliver-stabil-blomkruka-dekorationsvaxt-gron-1.webp?fit=2000%2C2000&ssl=1","datePublished":"2025-07-22T03:46:39+00:00","dateModified":"2026-03-12T07:39:15+00:00","breadcrumb":{"@id":"https:\/\/truusk.store\/sv\/produkt\/truusk-konstgjord-olivtrad-150-cm-720-blad-40-oliver-stabil-blomkruka-dekorationsvaxt-gron\/#breadcrumb"},"inLanguage":"sv-SE","potentialAction":[{"@type":"ReadAction","target":["https:\/\/truusk.store\/sv\/produkt\/truusk-konstgjord-olivtrad-150-cm-720-blad-40-oliver-stabil-blomkruka-dekorationsvaxt-gron\/"]}]},{"@type":"ImageObject","inLanguage":"sv-SE","@id":"https:\/\/truusk.store\/sv\/produkt\/truusk-konstgjord-olivtrad-150-cm-720-blad-40-oliver-stabil-blomkruka-dekorationsvaxt-gron\/#primaryimage","url":"https:\/\/i0.wp.com\/truusk.store\/wp-content\/uploads\/2025\/07\/konstgjord-vaxt-konstgjord-olivtrad-150-cm-720-blad-40-oliver-stabil-blomkruka-dekorationsvaxt-gron-1.webp?fit=2000%2C2000&ssl=1","contentUrl":"https:\/\/i0.wp.com\/truusk.store\/wp-content\/uploads\/2025\/07\/konstgjord-vaxt-konstgjord-olivtrad-150-cm-720-blad-40-oliver-stabil-blomkruka-dekorationsvaxt-gron-1.webp?fit=2000%2C2000&ssl=1","width":2000,"height":2000},{"@type":"BreadcrumbList","@id":"https:\/\/truusk.store\/sv\/produkt\/truusk-konstgjord-olivtrad-150-cm-720-blad-40-oliver-stabil-blomkruka-dekorationsvaxt-gron\/#breadcrumb","itemListElement":[{"@type":"ListItem","position":1,"name":"Home","item":"https:\/\/truusk.store\/sv\/"},{"@type":"ListItem","position":2,"name":"Shop","item":"https:\/\/truusk.store\/shop\/"},{"@type":"ListItem","position":3,"name":"TRUUSK Konstgjord Olivtr\u00e4d 150 cm &#8211; 720 Blad &#8211; 40 Oliver &#8211; Stabil Blomkruka &#8211; Dekorationsv\u00e4xt &#8211; Gr\u00f6n"}]},{"@type":"WebSite","@id":"https:\/\/truusk.store\/sv\/#website","url":"https:\/\/truusk.store\/sv\/","name":"TRUUSK - Hem, Tr\u00e4dg\u00e5rd & Fritid","description":"","publisher":{"@id":"https:\/\/truusk.store\/sv\/#organization"},"potentialAction":[{"@type":"SearchAction","target":{"@type":"EntryPoint","urlTemplate":"https:\/\/truusk.store\/sv\/?s={search_term_string}"},"query-input":{"@type":"PropertyValueSpecification","valueRequired":true,"valueName":"search_term_string"}}],"inLanguage":"sv-SE"},{"@type":"Organization","@id":"https:\/\/truusk.store\/sv\/#organization","name":"TRUUSK - Hem, Tr\u00e4dg\u00e5rd & Fritid","url":"https:\/\/truusk.store\/sv\/","logo":{"@type":"ImageObject","inLanguage":"sv-SE","@id":"https:\/\/truusk.store\/sv\/#\/schema\/logo\/image\/","url":"https:\/\/i0.wp.com\/truusk.store\/wp-content\/uploads\/2026\/03\/cropped-TRUUSK.png?fit=2032%2C917&ssl=1","contentUrl":"https:\/\/i0.wp.com\/truusk.store\/wp-content\/uploads\/2026\/03\/cropped-TRUUSK.png?fit=2032%2C917&ssl=1","width":2032,"height":917,"caption":"TRUUSK - Hem, Tr\u00e4dg\u00e5rd & Fritid"},"image":{"@id":"https:\/\/truusk.store\/sv\/#\/schema\/logo\/image\/"}}]}},"jetpack_sharing_enabled":true,"_links":{"self":[{"href":"https:\/\/truusk.store\/sv\/wp-json\/wp\/v2\/product\/84005","targetHints":{"allow":["GET"]}}],"collection":[{"href":"https:\/\/truusk.store\/sv\/wp-json\/wp\/v2\/product"}],"about":[{"href":"https:\/\/truusk.store\/sv\/wp-json\/wp\/v2\/types\/product"}],"wp:featuredmedia":[{"embeddable":true,"href":"https:\/\/truusk.store\/sv\/wp-json\/wp\/v2\/media\/83996"}],"wp:attachment":[{"href":"https:\/\/truusk.store\/sv\/wp-json\/wp\/v2\/media?parent=84005"}],"wp:term":[{"taxonomy":"product_brand","embeddable":true,"href":"https:\/\/truusk.store\/sv\/wp-json\/wp\/v2\/product_brand?post=84005"},{"taxonomy":"product_cat","embeddable":true,"href":"https:\/\/truusk.store\/sv\/wp-json\/wp\/v2\/product_cat?post=84005"},{"taxonomy":"product_tag","embeddable":true,"href":"https:\/\/truusk.store\/sv\/wp-json\/wp\/v2\/product_tag?post=84005"}],"curies":[{"name":"wp","href":"https:\/\/api.w.org\/{rel}","templated":true}]}}