{"id":84065,"date":"2025-07-22T04:53:26","date_gmt":"2025-07-22T03:53:26","guid":{"rendered":"https:\/\/truusk.store\/product\/konstgjord-cypress-90cm-konstvaxt-i-spiralform-plastkonstvaxter-i-kruka-modern-dekoration\/"},"modified":"2026-03-12T08:44:21","modified_gmt":"2026-03-12T07:44:21","slug":"truusk-konstgjord-cypress-90cm-konstvaxt-spiralform-plastkonstvaxter-i-kruka-modern-dekoration","status":"publish","type":"product","link":"https:\/\/truusk.store\/sv\/produkt\/truusk-konstgjord-cypress-90cm-konstvaxt-spiralform-plastkonstvaxter-i-kruka-modern-dekoration\/","title":{"rendered":"TRUUSK Konstgjord Cypress 90cm Konstv\u00e4xt &#8211; Spiralform &#8211; Plastkonstv\u00e4xter I Kruka &#8211; Modern Dekoration"},"content":{"rendered":"<p>Forma om din omgivning med TRUUSK Konstgjorda Spiral-Topiary-tr\u00e4det! Denna UV-resistenta konstgjorda v\u00e4xt pryder med 693 livslika plastblad i spiraler och beh\u00f6ver inte vattnas. Tack vare den tunga krukan st\u00e5r konstv\u00e4xten stabilt i krukan &#8211; perfekt f\u00f6r en bekymmersfri, elegant atmosf\u00e4r. Idealisk f\u00f6r de som har lite tid!<\/p>\n<p>Beskrivning:<\/p>\n<ul>\n<li> 693 PE-blad p\u00e5 konstv\u00e4xten liknar ett autentiskt spiralformigt topiarytr\u00e4d<\/li>\n<li> UV-resistent design av krukv\u00e4xten l\u00e4mplig f\u00f6r inomhus och utomhus dekoration<\/li>\n<li> Ingen bevattning eller besk\u00e4rning n\u00f6dv\u00e4ndig, idealisk f\u00f6r upptagna personer<\/li>\n<li> Viktad kruka, stabil \u00e4ven vid en lutning \u00f6ver 8\u00b0<\/li>\n<li> Kommer helt monterad, redo att presenteras omedelbart<\/li>\n<\/ul>\n<p> Tekniska data:<\/p>\n<ul>\n<li> F\u00e4rg: Gr\u00f6n<\/li>\n<li> Material: Plast, Metall, Cement<\/li>\n<li> Typ: Spiralformigt Topiary-tr\u00e4d<\/li>\n<li> Total h\u00f6jd: 90 cm<\/li>\n<li> Krukstorlek: \u00d816,5 x 13,5H cm<\/li>\n<li> Antal blad: 693<\/li>\n<li> Lutningsteststandard: 8\u00b0<\/li>\n<\/ul>\n<p>Leveransinneh\u00e5ll:<\/p>\n<ul>\n<li> 1 x Konstgjord v\u00e4xt;<\/li>\n<\/ul>\n","protected":false},"excerpt":{"rendered":"<p>Forma om din omgivning med TRUUSK Konstgjorda Spiral-Topiary-tr\u00e4det! Denna UV-resistenta konstgjorda v\u00e4xt pryder med 693 livslika plastblad i spiraler och&#8230;<\/p>\n","protected":false},"featured_media":84054,"template":"","meta":[],"product_brand":[],"product_cat":[962,871,681],"product_tag":[],"class_list":{"0":"post-84065","1":"product","2":"type-product","3":"status-publish","4":"has-post-thumbnail","6":"product_cat-dekoration","7":"product_cat-hus-hem","8":"product_cat-konstgjorda-vaxter","10":"first","11":"instock","12":"sale","13":"taxable","14":"shipping-taxable","15":"purchasable","16":"product-type-simple"},"yoast_head":"<!-- This site is optimized with the Yoast SEO plugin v25.4 - https:\/\/yoast.com\/wordpress\/plugins\/seo\/ -->\n<title>TRUUSK Konstgjord Cypress 90cm Konstv\u00e4xt - Spiralform - Plastkonstv\u00e4xter I Kruka - Modern Dekoration - TRUUSK - Hem, Tr\u00e4dg\u00e5rd &amp; Fritid<\/title>\n<meta name=\"robots\" content=\"index, follow, max-snippet:-1, max-image-preview:large, max-video-preview:-1\" \/>\n<link rel=\"canonical\" href=\"https:\/\/truusk.store\/sv\/produkt\/truusk-konstgjord-cypress-90cm-konstvaxt-spiralform-plastkonstvaxter-i-kruka-modern-dekoration\/\" \/>\n<meta property=\"og:locale\" content=\"sv_SE\" \/>\n<meta property=\"og:type\" content=\"article\" \/>\n<meta property=\"og:title\" content=\"TRUUSK Konstgjord Cypress 90cm Konstv\u00e4xt - Spiralform - Plastkonstv\u00e4xter I Kruka - Modern Dekoration - TRUUSK - Hem, Tr\u00e4dg\u00e5rd &amp; Fritid\" \/>\n<meta property=\"og:description\" content=\"Forma om din omgivning med TRUUSK Konstgjorda Spiral-Topiary-tr\u00e4det! Denna UV-resistenta konstgjorda v\u00e4xt pryder med 693 livslika plastblad i spiraler och...\" \/>\n<meta property=\"og:url\" content=\"https:\/\/truusk.store\/sv\/produkt\/truusk-konstgjord-cypress-90cm-konstvaxt-spiralform-plastkonstvaxter-i-kruka-modern-dekoration\/\" \/>\n<meta property=\"og:site_name\" content=\"TRUUSK - Hem, Tr\u00e4dg\u00e5rd &amp; Fritid\" \/>\n<meta property=\"article:modified_time\" content=\"2026-03-12T07:44:21+00:00\" \/>\n<meta property=\"og:image\" content=\"https:\/\/i0.wp.com\/truusk.se\/wp-content\/uploads\/2025\/07\/konstgjord-cypress-90cm-konstvaxt-i-spiralform-plastkonstvaxter-i-kruka-modern-dekoration-1.webp?fit=2000%2C2000&ssl=1\" \/>\n\t<meta property=\"og:image:width\" content=\"2000\" \/>\n\t<meta property=\"og:image:height\" content=\"2000\" \/>\n\t<meta property=\"og:image:type\" content=\"image\/webp\" \/>\n<meta name=\"twitter:card\" content=\"summary_large_image\" \/>\n<meta name=\"twitter:label1\" content=\"Ber\u00e4knad l\u00e4stid\" \/>\n\t<meta name=\"twitter:data1\" content=\"1 minut\" \/>\n<!-- \/ Yoast SEO plugin. -->","yoast_head_json":{"title":"TRUUSK Konstgjord Cypress 90cm Konstv\u00e4xt - Spiralform - Plastkonstv\u00e4xter I Kruka - Modern Dekoration - TRUUSK - Hem, Tr\u00e4dg\u00e5rd &amp; Fritid","robots":{"index":"index","follow":"follow","max-snippet":"max-snippet:-1","max-image-preview":"max-image-preview:large","max-video-preview":"max-video-preview:-1"},"canonical":"https:\/\/truusk.store\/sv\/produkt\/truusk-konstgjord-cypress-90cm-konstvaxt-spiralform-plastkonstvaxter-i-kruka-modern-dekoration\/","og_locale":"sv_SE","og_type":"article","og_title":"TRUUSK Konstgjord Cypress 90cm Konstv\u00e4xt - Spiralform - Plastkonstv\u00e4xter I Kruka - Modern Dekoration - TRUUSK - Hem, Tr\u00e4dg\u00e5rd &amp; Fritid","og_description":"Forma om din omgivning med TRUUSK Konstgjorda Spiral-Topiary-tr\u00e4det! Denna UV-resistenta konstgjorda v\u00e4xt pryder med 693 livslika plastblad i spiraler och...","og_url":"https:\/\/truusk.store\/sv\/produkt\/truusk-konstgjord-cypress-90cm-konstvaxt-spiralform-plastkonstvaxter-i-kruka-modern-dekoration\/","og_site_name":"TRUUSK - Hem, Tr\u00e4dg\u00e5rd &amp; Fritid","article_modified_time":"2026-03-12T07:44:21+00:00","og_image":[{"width":2000,"height":2000,"url":"https:\/\/i0.wp.com\/truusk.se\/wp-content\/uploads\/2025\/07\/konstgjord-cypress-90cm-konstvaxt-i-spiralform-plastkonstvaxter-i-kruka-modern-dekoration-1.webp?fit=2000%2C2000&ssl=1","type":"image\/webp"}],"twitter_card":"summary_large_image","twitter_misc":{"Ber\u00e4knad l\u00e4stid":"1 minut"},"schema":{"@context":"https:\/\/schema.org","@graph":[{"@type":"WebPage","@id":"https:\/\/truusk.store\/sv\/produkt\/truusk-konstgjord-cypress-90cm-konstvaxt-spiralform-plastkonstvaxter-i-kruka-modern-dekoration\/","url":"https:\/\/truusk.store\/sv\/produkt\/truusk-konstgjord-cypress-90cm-konstvaxt-spiralform-plastkonstvaxter-i-kruka-modern-dekoration\/","name":"TRUUSK Konstgjord Cypress 90cm Konstv\u00e4xt - Spiralform - Plastkonstv\u00e4xter I Kruka - Modern Dekoration - TRUUSK - Hem, Tr\u00e4dg\u00e5rd &amp; Fritid","isPartOf":{"@id":"https:\/\/truusk.store\/sv\/#website"},"primaryImageOfPage":{"@id":"https:\/\/truusk.store\/sv\/produkt\/truusk-konstgjord-cypress-90cm-konstvaxt-spiralform-plastkonstvaxter-i-kruka-modern-dekoration\/#primaryimage"},"image":{"@id":"https:\/\/truusk.store\/sv\/produkt\/truusk-konstgjord-cypress-90cm-konstvaxt-spiralform-plastkonstvaxter-i-kruka-modern-dekoration\/#primaryimage"},"thumbnailUrl":"https:\/\/i0.wp.com\/truusk.store\/wp-content\/uploads\/2025\/07\/konstgjord-cypress-90cm-konstvaxt-i-spiralform-plastkonstvaxter-i-kruka-modern-dekoration-1.webp?fit=2000%2C2000&ssl=1","datePublished":"2025-07-22T03:53:26+00:00","dateModified":"2026-03-12T07:44:21+00:00","breadcrumb":{"@id":"https:\/\/truusk.store\/sv\/produkt\/truusk-konstgjord-cypress-90cm-konstvaxt-spiralform-plastkonstvaxter-i-kruka-modern-dekoration\/#breadcrumb"},"inLanguage":"sv-SE","potentialAction":[{"@type":"ReadAction","target":["https:\/\/truusk.store\/sv\/produkt\/truusk-konstgjord-cypress-90cm-konstvaxt-spiralform-plastkonstvaxter-i-kruka-modern-dekoration\/"]}]},{"@type":"ImageObject","inLanguage":"sv-SE","@id":"https:\/\/truusk.store\/sv\/produkt\/truusk-konstgjord-cypress-90cm-konstvaxt-spiralform-plastkonstvaxter-i-kruka-modern-dekoration\/#primaryimage","url":"https:\/\/i0.wp.com\/truusk.store\/wp-content\/uploads\/2025\/07\/konstgjord-cypress-90cm-konstvaxt-i-spiralform-plastkonstvaxter-i-kruka-modern-dekoration-1.webp?fit=2000%2C2000&ssl=1","contentUrl":"https:\/\/i0.wp.com\/truusk.store\/wp-content\/uploads\/2025\/07\/konstgjord-cypress-90cm-konstvaxt-i-spiralform-plastkonstvaxter-i-kruka-modern-dekoration-1.webp?fit=2000%2C2000&ssl=1","width":2000,"height":2000},{"@type":"BreadcrumbList","@id":"https:\/\/truusk.store\/sv\/produkt\/truusk-konstgjord-cypress-90cm-konstvaxt-spiralform-plastkonstvaxter-i-kruka-modern-dekoration\/#breadcrumb","itemListElement":[{"@type":"ListItem","position":1,"name":"Home","item":"https:\/\/truusk.store\/sv\/"},{"@type":"ListItem","position":2,"name":"Shop","item":"https:\/\/truusk.store\/shop\/"},{"@type":"ListItem","position":3,"name":"TRUUSK Konstgjord Cypress 90cm Konstv\u00e4xt &#8211; Spiralform &#8211; Plastkonstv\u00e4xter I Kruka &#8211; Modern Dekoration"}]},{"@type":"WebSite","@id":"https:\/\/truusk.store\/sv\/#website","url":"https:\/\/truusk.store\/sv\/","name":"TRUUSK - Hem, Tr\u00e4dg\u00e5rd & Fritid","description":"","publisher":{"@id":"https:\/\/truusk.store\/sv\/#organization"},"potentialAction":[{"@type":"SearchAction","target":{"@type":"EntryPoint","urlTemplate":"https:\/\/truusk.store\/sv\/?s={search_term_string}"},"query-input":{"@type":"PropertyValueSpecification","valueRequired":true,"valueName":"search_term_string"}}],"inLanguage":"sv-SE"},{"@type":"Organization","@id":"https:\/\/truusk.store\/sv\/#organization","name":"TRUUSK - Hem, Tr\u00e4dg\u00e5rd & Fritid","url":"https:\/\/truusk.store\/sv\/","logo":{"@type":"ImageObject","inLanguage":"sv-SE","@id":"https:\/\/truusk.store\/sv\/#\/schema\/logo\/image\/","url":"https:\/\/i0.wp.com\/truusk.store\/wp-content\/uploads\/2026\/03\/cropped-TRUUSK.png?fit=2032%2C917&ssl=1","contentUrl":"https:\/\/i0.wp.com\/truusk.store\/wp-content\/uploads\/2026\/03\/cropped-TRUUSK.png?fit=2032%2C917&ssl=1","width":2032,"height":917,"caption":"TRUUSK - Hem, Tr\u00e4dg\u00e5rd & Fritid"},"image":{"@id":"https:\/\/truusk.store\/sv\/#\/schema\/logo\/image\/"}}]}},"jetpack_sharing_enabled":true,"_links":{"self":[{"href":"https:\/\/truusk.store\/sv\/wp-json\/wp\/v2\/product\/84065","targetHints":{"allow":["GET"]}}],"collection":[{"href":"https:\/\/truusk.store\/sv\/wp-json\/wp\/v2\/product"}],"about":[{"href":"https:\/\/truusk.store\/sv\/wp-json\/wp\/v2\/types\/product"}],"wp:featuredmedia":[{"embeddable":true,"href":"https:\/\/truusk.store\/sv\/wp-json\/wp\/v2\/media\/84054"}],"wp:attachment":[{"href":"https:\/\/truusk.store\/sv\/wp-json\/wp\/v2\/media?parent=84065"}],"wp:term":[{"taxonomy":"product_brand","embeddable":true,"href":"https:\/\/truusk.store\/sv\/wp-json\/wp\/v2\/product_brand?post=84065"},{"taxonomy":"product_cat","embeddable":true,"href":"https:\/\/truusk.store\/sv\/wp-json\/wp\/v2\/product_cat?post=84065"},{"taxonomy":"product_tag","embeddable":true,"href":"https:\/\/truusk.store\/sv\/wp-json\/wp\/v2\/product_tag?post=84065"}],"curies":[{"name":"wp","href":"https:\/\/api.w.org\/{rel}","templated":true}]}}