{"id":84075,"date":"2025-07-22T04:54:26","date_gmt":"2025-07-22T03:54:26","guid":{"rendered":"https:\/\/truusk.store\/product\/2-pack-konstgjorda-vaxter-uv-resistenta-konsttrad-i-kruka-plast-cement-gron\/"},"modified":"2026-03-12T08:44:22","modified_gmt":"2026-03-12T07:44:22","slug":"truusk-2-pack-konstgjorda-vaxter-uv-resistenta-konsttrad-med-kruka-for-inomhus-och-utomhusbruk-gron","status":"publish","type":"product","link":"https:\/\/truusk.store\/sv\/produkt\/truusk-2-pack-konstgjorda-vaxter-uv-resistenta-konsttrad-med-kruka-for-inomhus-och-utomhusbruk-gron\/","title":{"rendered":"TRUUSK 2-pack Konstgjorda V\u00e4xter &#8211; UV-resistenta Konsttr\u00e4d &#8211; Med Kruka &#8211; F\u00f6r Inomhus- och Utomhusbruk &#8211; Gr\u00f6n"},"content":{"rendered":"<p>Njut av ett hem d\u00e4r rikligt gr\u00f6nt blommar utan anstr\u00e4ngning. TRUUSK konstgjorda v\u00e4xter med UV-resistent l\u00f6vverk f\u00f6rblir f\u00e4rska \u00e5ret runt och \u00e4r l\u00e4mpliga f\u00f6r b\u00e5de inomhus och utomhus. \u00d6ver 300 naturtrogna plastblad skapar en lugnande, naturinspirerad atmosf\u00e4r. Njut av bekv\u00e4mligheten med st\u00e4ndigt gr\u00f6na konstgjorda v\u00e4xter i kruka utan n\u00e5gon sk\u00f6tsel och fr\u00e4scha upp ditt hem med l\u00e4tthet.<\/p>\n<p>Beskrivning:<\/p>\n<ul>\n<li> Set med 2 konstgjorda v\u00e4xter erbjuder m\u00e5ngsidiga dekorationsm\u00f6jligheter<\/li>\n<li> Realistiska 322 plastblad och flockad jord<\/li>\n<li> UV-resistent design av konstv\u00e4xten som ser \u00e4kta ut f\u00f6r dekoration b\u00e5de inomhus och utomhus<\/li>\n<li> Ingen vattning eller besk\u00e4rning n\u00f6dv\u00e4ndig, idealisk f\u00f6r en upptagen livsstil<\/li>\n<li> Flexibla grenar med tr\u00e5dk\u00e4rna, kan formas efter dina \u00f6nskem\u00e5l<\/li>\n<li> Viktad kruka f\u00f6r inomhusv\u00e4xterna garanterar stabilitet<\/li>\n<li> Kommer helt monterad, redo att anv\u00e4ndas direkt<\/li>\n<\/ul>\n<p> Tekniska data:<\/p>\n<ul>\n<li> F\u00e4rg: Gr\u00f6n<\/li>\n<li> Material: Plast, cement, flockning<\/li>\n<li> Total h\u00f6jd: 60 cm<\/li>\n<li> Krukstorlek: \u00d817,5 cm x 14H cm<\/li>\n<li> Antal blad: 322<\/li>\n<li> Lutningsteststandard: 8\u00b0<\/li>\n<\/ul>\n<p>Leveransinneh\u00e5ll:<\/p>\n<ul>\n<li> 2 x konstgjorda v\u00e4xter;<\/li>\n<\/ul>\n","protected":false},"excerpt":{"rendered":"<p>Njut av ett hem d\u00e4r rikligt gr\u00f6nt blommar utan anstr\u00e4ngning. TRUUSK konstgjorda v\u00e4xter med UV-resistent l\u00f6vverk f\u00f6rblir f\u00e4rska \u00e5ret runt&#8230;<\/p>\n","protected":false},"featured_media":84066,"template":"","meta":[],"product_brand":[],"product_cat":[962,871,681],"product_tag":[],"class_list":{"0":"post-84075","1":"product","2":"type-product","3":"status-publish","4":"has-post-thumbnail","6":"product_cat-dekoration","7":"product_cat-hus-hem","8":"product_cat-konstgjorda-vaxter","10":"first","11":"instock","12":"sale","13":"taxable","14":"shipping-taxable","15":"purchasable","16":"product-type-simple"},"yoast_head":"<!-- This site is optimized with the Yoast SEO plugin v25.4 - https:\/\/yoast.com\/wordpress\/plugins\/seo\/ -->\n<title>TRUUSK 2-pack Konstgjorda V\u00e4xter - UV-resistenta Konsttr\u00e4d - Med Kruka - F\u00f6r Inomhus- och Utomhusbruk - Gr\u00f6n - TRUUSK - Hem, Tr\u00e4dg\u00e5rd &amp; Fritid<\/title>\n<meta name=\"robots\" content=\"index, follow, max-snippet:-1, max-image-preview:large, max-video-preview:-1\" \/>\n<link rel=\"canonical\" href=\"https:\/\/truusk.store\/sv\/produkt\/truusk-2-pack-konstgjorda-vaxter-uv-resistenta-konsttrad-med-kruka-for-inomhus-och-utomhusbruk-gron\/\" \/>\n<meta property=\"og:locale\" content=\"sv_SE\" \/>\n<meta property=\"og:type\" content=\"article\" \/>\n<meta property=\"og:title\" content=\"TRUUSK 2-pack Konstgjorda V\u00e4xter - UV-resistenta Konsttr\u00e4d - Med Kruka - F\u00f6r Inomhus- och Utomhusbruk - Gr\u00f6n - TRUUSK - Hem, Tr\u00e4dg\u00e5rd &amp; Fritid\" \/>\n<meta property=\"og:description\" content=\"Njut av ett hem d\u00e4r rikligt gr\u00f6nt blommar utan anstr\u00e4ngning. TRUUSK konstgjorda v\u00e4xter med UV-resistent l\u00f6vverk f\u00f6rblir f\u00e4rska \u00e5ret runt...\" \/>\n<meta property=\"og:url\" content=\"https:\/\/truusk.store\/sv\/produkt\/truusk-2-pack-konstgjorda-vaxter-uv-resistenta-konsttrad-med-kruka-for-inomhus-och-utomhusbruk-gron\/\" \/>\n<meta property=\"og:site_name\" content=\"TRUUSK - Hem, Tr\u00e4dg\u00e5rd &amp; Fritid\" \/>\n<meta property=\"article:modified_time\" content=\"2026-03-12T07:44:22+00:00\" \/>\n<meta property=\"og:image\" content=\"https:\/\/i0.wp.com\/truusk.se\/wp-content\/uploads\/2025\/07\/2-pack-konstgjorda-vaxter-uv-resistenta-konsttrad-i-kruka-plast-cement-gron-1.webp?fit=2000%2C2000&ssl=1\" \/>\n\t<meta property=\"og:image:width\" content=\"2000\" \/>\n\t<meta property=\"og:image:height\" content=\"2000\" \/>\n\t<meta property=\"og:image:type\" content=\"image\/webp\" \/>\n<meta name=\"twitter:card\" content=\"summary_large_image\" \/>\n<meta name=\"twitter:label1\" content=\"Ber\u00e4knad l\u00e4stid\" \/>\n\t<meta name=\"twitter:data1\" content=\"1 minut\" \/>\n<!-- \/ Yoast SEO plugin. -->","yoast_head_json":{"title":"TRUUSK 2-pack Konstgjorda V\u00e4xter - UV-resistenta Konsttr\u00e4d - Med Kruka - F\u00f6r Inomhus- och Utomhusbruk - Gr\u00f6n - TRUUSK - Hem, Tr\u00e4dg\u00e5rd &amp; Fritid","robots":{"index":"index","follow":"follow","max-snippet":"max-snippet:-1","max-image-preview":"max-image-preview:large","max-video-preview":"max-video-preview:-1"},"canonical":"https:\/\/truusk.store\/sv\/produkt\/truusk-2-pack-konstgjorda-vaxter-uv-resistenta-konsttrad-med-kruka-for-inomhus-och-utomhusbruk-gron\/","og_locale":"sv_SE","og_type":"article","og_title":"TRUUSK 2-pack Konstgjorda V\u00e4xter - UV-resistenta Konsttr\u00e4d - Med Kruka - F\u00f6r Inomhus- och Utomhusbruk - Gr\u00f6n - TRUUSK - Hem, Tr\u00e4dg\u00e5rd &amp; Fritid","og_description":"Njut av ett hem d\u00e4r rikligt gr\u00f6nt blommar utan anstr\u00e4ngning. TRUUSK konstgjorda v\u00e4xter med UV-resistent l\u00f6vverk f\u00f6rblir f\u00e4rska \u00e5ret runt...","og_url":"https:\/\/truusk.store\/sv\/produkt\/truusk-2-pack-konstgjorda-vaxter-uv-resistenta-konsttrad-med-kruka-for-inomhus-och-utomhusbruk-gron\/","og_site_name":"TRUUSK - Hem, Tr\u00e4dg\u00e5rd &amp; Fritid","article_modified_time":"2026-03-12T07:44:22+00:00","og_image":[{"width":2000,"height":2000,"url":"https:\/\/i0.wp.com\/truusk.se\/wp-content\/uploads\/2025\/07\/2-pack-konstgjorda-vaxter-uv-resistenta-konsttrad-i-kruka-plast-cement-gron-1.webp?fit=2000%2C2000&ssl=1","type":"image\/webp"}],"twitter_card":"summary_large_image","twitter_misc":{"Ber\u00e4knad l\u00e4stid":"1 minut"},"schema":{"@context":"https:\/\/schema.org","@graph":[{"@type":"WebPage","@id":"https:\/\/truusk.store\/sv\/produkt\/truusk-2-pack-konstgjorda-vaxter-uv-resistenta-konsttrad-med-kruka-for-inomhus-och-utomhusbruk-gron\/","url":"https:\/\/truusk.store\/sv\/produkt\/truusk-2-pack-konstgjorda-vaxter-uv-resistenta-konsttrad-med-kruka-for-inomhus-och-utomhusbruk-gron\/","name":"TRUUSK 2-pack Konstgjorda V\u00e4xter - UV-resistenta Konsttr\u00e4d - Med Kruka - F\u00f6r Inomhus- och Utomhusbruk - Gr\u00f6n - TRUUSK - Hem, Tr\u00e4dg\u00e5rd &amp; Fritid","isPartOf":{"@id":"https:\/\/truusk.store\/sv\/#website"},"primaryImageOfPage":{"@id":"https:\/\/truusk.store\/sv\/produkt\/truusk-2-pack-konstgjorda-vaxter-uv-resistenta-konsttrad-med-kruka-for-inomhus-och-utomhusbruk-gron\/#primaryimage"},"image":{"@id":"https:\/\/truusk.store\/sv\/produkt\/truusk-2-pack-konstgjorda-vaxter-uv-resistenta-konsttrad-med-kruka-for-inomhus-och-utomhusbruk-gron\/#primaryimage"},"thumbnailUrl":"https:\/\/i0.wp.com\/truusk.store\/wp-content\/uploads\/2025\/07\/2-pack-konstgjorda-vaxter-uv-resistenta-konsttrad-i-kruka-plast-cement-gron-1.webp?fit=2000%2C2000&ssl=1","datePublished":"2025-07-22T03:54:26+00:00","dateModified":"2026-03-12T07:44:22+00:00","breadcrumb":{"@id":"https:\/\/truusk.store\/sv\/produkt\/truusk-2-pack-konstgjorda-vaxter-uv-resistenta-konsttrad-med-kruka-for-inomhus-och-utomhusbruk-gron\/#breadcrumb"},"inLanguage":"sv-SE","potentialAction":[{"@type":"ReadAction","target":["https:\/\/truusk.store\/sv\/produkt\/truusk-2-pack-konstgjorda-vaxter-uv-resistenta-konsttrad-med-kruka-for-inomhus-och-utomhusbruk-gron\/"]}]},{"@type":"ImageObject","inLanguage":"sv-SE","@id":"https:\/\/truusk.store\/sv\/produkt\/truusk-2-pack-konstgjorda-vaxter-uv-resistenta-konsttrad-med-kruka-for-inomhus-och-utomhusbruk-gron\/#primaryimage","url":"https:\/\/i0.wp.com\/truusk.store\/wp-content\/uploads\/2025\/07\/2-pack-konstgjorda-vaxter-uv-resistenta-konsttrad-i-kruka-plast-cement-gron-1.webp?fit=2000%2C2000&ssl=1","contentUrl":"https:\/\/i0.wp.com\/truusk.store\/wp-content\/uploads\/2025\/07\/2-pack-konstgjorda-vaxter-uv-resistenta-konsttrad-i-kruka-plast-cement-gron-1.webp?fit=2000%2C2000&ssl=1","width":2000,"height":2000},{"@type":"BreadcrumbList","@id":"https:\/\/truusk.store\/sv\/produkt\/truusk-2-pack-konstgjorda-vaxter-uv-resistenta-konsttrad-med-kruka-for-inomhus-och-utomhusbruk-gron\/#breadcrumb","itemListElement":[{"@type":"ListItem","position":1,"name":"Home","item":"https:\/\/truusk.store\/sv\/"},{"@type":"ListItem","position":2,"name":"Shop","item":"https:\/\/truusk.store\/shop\/"},{"@type":"ListItem","position":3,"name":"TRUUSK 2-pack Konstgjorda V\u00e4xter &#8211; UV-resistenta Konsttr\u00e4d &#8211; Med Kruka &#8211; F\u00f6r Inomhus- och Utomhusbruk &#8211; Gr\u00f6n"}]},{"@type":"WebSite","@id":"https:\/\/truusk.store\/sv\/#website","url":"https:\/\/truusk.store\/sv\/","name":"TRUUSK - Hem, Tr\u00e4dg\u00e5rd & Fritid","description":"","publisher":{"@id":"https:\/\/truusk.store\/sv\/#organization"},"potentialAction":[{"@type":"SearchAction","target":{"@type":"EntryPoint","urlTemplate":"https:\/\/truusk.store\/sv\/?s={search_term_string}"},"query-input":{"@type":"PropertyValueSpecification","valueRequired":true,"valueName":"search_term_string"}}],"inLanguage":"sv-SE"},{"@type":"Organization","@id":"https:\/\/truusk.store\/sv\/#organization","name":"TRUUSK - Hem, Tr\u00e4dg\u00e5rd & Fritid","url":"https:\/\/truusk.store\/sv\/","logo":{"@type":"ImageObject","inLanguage":"sv-SE","@id":"https:\/\/truusk.store\/sv\/#\/schema\/logo\/image\/","url":"https:\/\/i0.wp.com\/truusk.store\/wp-content\/uploads\/2026\/03\/cropped-TRUUSK.png?fit=2032%2C917&ssl=1","contentUrl":"https:\/\/i0.wp.com\/truusk.store\/wp-content\/uploads\/2026\/03\/cropped-TRUUSK.png?fit=2032%2C917&ssl=1","width":2032,"height":917,"caption":"TRUUSK - Hem, Tr\u00e4dg\u00e5rd & Fritid"},"image":{"@id":"https:\/\/truusk.store\/sv\/#\/schema\/logo\/image\/"}}]}},"jetpack_sharing_enabled":true,"_links":{"self":[{"href":"https:\/\/truusk.store\/sv\/wp-json\/wp\/v2\/product\/84075","targetHints":{"allow":["GET"]}}],"collection":[{"href":"https:\/\/truusk.store\/sv\/wp-json\/wp\/v2\/product"}],"about":[{"href":"https:\/\/truusk.store\/sv\/wp-json\/wp\/v2\/types\/product"}],"wp:featuredmedia":[{"embeddable":true,"href":"https:\/\/truusk.store\/sv\/wp-json\/wp\/v2\/media\/84066"}],"wp:attachment":[{"href":"https:\/\/truusk.store\/sv\/wp-json\/wp\/v2\/media?parent=84075"}],"wp:term":[{"taxonomy":"product_brand","embeddable":true,"href":"https:\/\/truusk.store\/sv\/wp-json\/wp\/v2\/product_brand?post=84075"},{"taxonomy":"product_cat","embeddable":true,"href":"https:\/\/truusk.store\/sv\/wp-json\/wp\/v2\/product_cat?post=84075"},{"taxonomy":"product_tag","embeddable":true,"href":"https:\/\/truusk.store\/sv\/wp-json\/wp\/v2\/product_tag?post=84075"}],"curies":[{"name":"wp","href":"https:\/\/api.w.org\/{rel}","templated":true}]}}