{"id":84085,"date":"2025-07-22T04:55:28","date_gmt":"2025-07-22T03:55:28","guid":{"rendered":"https:\/\/truusk.store\/product\/konstgjord-viol-fikontrad-110cm-konstvaxt-plast-konstgjorda-vaxter-i-kruka-dekoration-present\/"},"modified":"2026-03-12T08:44:22","modified_gmt":"2026-03-12T07:44:22","slug":"truusk-konstgjord-viol-fikontrad-110cm-plast-konstvaxt-i-kruka-dekorativ-present-konstgjorda-vaxter-for-hemmet-110cm","status":"publish","type":"product","link":"https:\/\/truusk.store\/sv\/produkt\/truusk-konstgjord-viol-fikontrad-110cm-plast-konstvaxt-i-kruka-dekorativ-present-konstgjorda-vaxter-for-hemmet-110cm\/","title":{"rendered":"TRUUSK Konstgjord Viol-Fikontr\u00e4d 110cm &#8211; Plast Konstv\u00e4xt I Kruka &#8211; Dekorativ Present &#8211; Konstgjorda V\u00e4xter f\u00f6r Hemmet &#8211; 110cm &#8211;"},"content":{"rendered":"<p>Ge liv till dina rum med TRUUSK konstgjorda fiolfikustr\u00e4d, utrustat med 60 bedr\u00e4gligt \u00e4kta PEVA-blad och flexibla tr\u00e5dgrenar. Utan bevattning eller besk\u00e4rning f\u00f6rblir denna krukv\u00e4xt alltid gr\u00f6n och underh\u00e5llsfri. Perfekt f\u00f6r att ljusa upp vardagsrum, hemmakontor eller entr\u00e9er, st\u00e5r konstv\u00e4xten i en tung plastkruka som garanterar dess stabilitet i varje h\u00f6rn.<\/p>\n<p>Beskrivning:<\/p>\n<ul>\n<li> 60 PEVA-blad och tr\u00e5dgrenar p\u00e5 konstv\u00e4xten imiterar \u00e4kta fiolfikus<\/li>\n<li> Inget underh\u00e5ll, ingen bevattning eller besk\u00e4rning kr\u00e4vs<\/li>\n<li> V\u00e4gt plastkruka f\u00f6r krukv\u00e4xten ger stabilitet med ett 8\u00b0 lutningstest<\/li>\n<li> L\u00e4mplig krukv\u00e4xt f\u00f6r vardagsrum, hemmakontor eller entr\u00e9er<\/li>\n<li> Kommer helt monterad, omedelbart utst\u00e4llningsbar<\/li>\n<\/ul>\n<p> Tekniska data:<\/p>\n<ul>\n<li> F\u00e4rg: Gr\u00f6n<\/li>\n<li> Material: Plast, cement, flockning<\/li>\n<li> Typ: Fiolfikustr\u00e4d<\/li>\n<li> Total h\u00f6jd: 110 cm<\/li>\n<li> Krukstorlek: \u00d815 x 12,5H cm<\/li>\n<li> Antal blad: 60<\/li>\n<li> Lutningsteststandard: 8\u00b0<\/li>\n<\/ul>\n<p>Leveransinneh\u00e5ll:<\/p>\n<ul>\n<li> 1 x Konstgjord v\u00e4xt;<\/li>\n<\/ul>\n","protected":false},"excerpt":{"rendered":"<p>Ge liv till dina rum med TRUUSK konstgjorda fiolfikustr\u00e4d, utrustat med 60 bedr\u00e4gligt \u00e4kta PEVA-blad och flexibla tr\u00e5dgrenar. Utan bevattning&#8230;<\/p>\n","protected":false},"featured_media":84076,"template":"","meta":[],"product_brand":[],"product_cat":[962,871,681],"product_tag":[],"class_list":{"0":"post-84085","1":"product","2":"type-product","3":"status-publish","4":"has-post-thumbnail","6":"product_cat-dekoration","7":"product_cat-hus-hem","8":"product_cat-konstgjorda-vaxter","10":"first","11":"instock","12":"sale","13":"taxable","14":"shipping-taxable","15":"purchasable","16":"product-type-simple"},"yoast_head":"<!-- This site is optimized with the Yoast SEO plugin v25.4 - https:\/\/yoast.com\/wordpress\/plugins\/seo\/ -->\n<title>TRUUSK Konstgjord Viol-Fikontr\u00e4d 110cm - Plast Konstv\u00e4xt I Kruka - Dekorativ Present - Konstgjorda V\u00e4xter f\u00f6r Hemmet - 110cm - TRUUSK - Hem, Tr\u00e4dg\u00e5rd &amp; Fritid<\/title>\n<meta name=\"robots\" content=\"index, follow, max-snippet:-1, max-image-preview:large, max-video-preview:-1\" \/>\n<link rel=\"canonical\" href=\"https:\/\/truusk.store\/sv\/produkt\/truusk-konstgjord-viol-fikontrad-110cm-plast-konstvaxt-i-kruka-dekorativ-present-konstgjorda-vaxter-for-hemmet-110cm\/\" \/>\n<meta property=\"og:locale\" content=\"sv_SE\" \/>\n<meta property=\"og:type\" content=\"article\" \/>\n<meta property=\"og:title\" content=\"TRUUSK Konstgjord Viol-Fikontr\u00e4d 110cm - Plast Konstv\u00e4xt I Kruka - Dekorativ Present - Konstgjorda V\u00e4xter f\u00f6r Hemmet - 110cm - TRUUSK - Hem, Tr\u00e4dg\u00e5rd &amp; Fritid\" \/>\n<meta property=\"og:description\" content=\"Ge liv till dina rum med TRUUSK konstgjorda fiolfikustr\u00e4d, utrustat med 60 bedr\u00e4gligt \u00e4kta PEVA-blad och flexibla tr\u00e5dgrenar. Utan bevattning...\" \/>\n<meta property=\"og:url\" content=\"https:\/\/truusk.store\/sv\/produkt\/truusk-konstgjord-viol-fikontrad-110cm-plast-konstvaxt-i-kruka-dekorativ-present-konstgjorda-vaxter-for-hemmet-110cm\/\" \/>\n<meta property=\"og:site_name\" content=\"TRUUSK - Hem, Tr\u00e4dg\u00e5rd &amp; Fritid\" \/>\n<meta property=\"article:modified_time\" content=\"2026-03-12T07:44:22+00:00\" \/>\n<meta property=\"og:image\" content=\"https:\/\/i0.wp.com\/truusk.se\/wp-content\/uploads\/2025\/07\/konstgjord-viol-fikontrad-110cm-konstvaxt-plast-konstgjorda-vaxter-i-kruka-dekoration-present-1.webp?fit=2000%2C2000&ssl=1\" \/>\n\t<meta property=\"og:image:width\" content=\"2000\" \/>\n\t<meta property=\"og:image:height\" content=\"2000\" \/>\n\t<meta property=\"og:image:type\" content=\"image\/webp\" \/>\n<meta name=\"twitter:card\" content=\"summary_large_image\" \/>\n<meta name=\"twitter:label1\" content=\"Ber\u00e4knad l\u00e4stid\" \/>\n\t<meta name=\"twitter:data1\" content=\"1 minut\" \/>\n<!-- \/ Yoast SEO plugin. -->","yoast_head_json":{"title":"TRUUSK Konstgjord Viol-Fikontr\u00e4d 110cm - Plast Konstv\u00e4xt I Kruka - Dekorativ Present - Konstgjorda V\u00e4xter f\u00f6r Hemmet - 110cm - TRUUSK - Hem, Tr\u00e4dg\u00e5rd &amp; Fritid","robots":{"index":"index","follow":"follow","max-snippet":"max-snippet:-1","max-image-preview":"max-image-preview:large","max-video-preview":"max-video-preview:-1"},"canonical":"https:\/\/truusk.store\/sv\/produkt\/truusk-konstgjord-viol-fikontrad-110cm-plast-konstvaxt-i-kruka-dekorativ-present-konstgjorda-vaxter-for-hemmet-110cm\/","og_locale":"sv_SE","og_type":"article","og_title":"TRUUSK Konstgjord Viol-Fikontr\u00e4d 110cm - Plast Konstv\u00e4xt I Kruka - Dekorativ Present - Konstgjorda V\u00e4xter f\u00f6r Hemmet - 110cm - TRUUSK - Hem, Tr\u00e4dg\u00e5rd &amp; Fritid","og_description":"Ge liv till dina rum med TRUUSK konstgjorda fiolfikustr\u00e4d, utrustat med 60 bedr\u00e4gligt \u00e4kta PEVA-blad och flexibla tr\u00e5dgrenar. Utan bevattning...","og_url":"https:\/\/truusk.store\/sv\/produkt\/truusk-konstgjord-viol-fikontrad-110cm-plast-konstvaxt-i-kruka-dekorativ-present-konstgjorda-vaxter-for-hemmet-110cm\/","og_site_name":"TRUUSK - Hem, Tr\u00e4dg\u00e5rd &amp; Fritid","article_modified_time":"2026-03-12T07:44:22+00:00","og_image":[{"width":2000,"height":2000,"url":"https:\/\/i0.wp.com\/truusk.se\/wp-content\/uploads\/2025\/07\/konstgjord-viol-fikontrad-110cm-konstvaxt-plast-konstgjorda-vaxter-i-kruka-dekoration-present-1.webp?fit=2000%2C2000&ssl=1","type":"image\/webp"}],"twitter_card":"summary_large_image","twitter_misc":{"Ber\u00e4knad l\u00e4stid":"1 minut"},"schema":{"@context":"https:\/\/schema.org","@graph":[{"@type":"WebPage","@id":"https:\/\/truusk.store\/sv\/produkt\/truusk-konstgjord-viol-fikontrad-110cm-plast-konstvaxt-i-kruka-dekorativ-present-konstgjorda-vaxter-for-hemmet-110cm\/","url":"https:\/\/truusk.store\/sv\/produkt\/truusk-konstgjord-viol-fikontrad-110cm-plast-konstvaxt-i-kruka-dekorativ-present-konstgjorda-vaxter-for-hemmet-110cm\/","name":"TRUUSK Konstgjord Viol-Fikontr\u00e4d 110cm - Plast Konstv\u00e4xt I Kruka - Dekorativ Present - Konstgjorda V\u00e4xter f\u00f6r Hemmet - 110cm - TRUUSK - Hem, Tr\u00e4dg\u00e5rd &amp; Fritid","isPartOf":{"@id":"https:\/\/truusk.store\/sv\/#website"},"primaryImageOfPage":{"@id":"https:\/\/truusk.store\/sv\/produkt\/truusk-konstgjord-viol-fikontrad-110cm-plast-konstvaxt-i-kruka-dekorativ-present-konstgjorda-vaxter-for-hemmet-110cm\/#primaryimage"},"image":{"@id":"https:\/\/truusk.store\/sv\/produkt\/truusk-konstgjord-viol-fikontrad-110cm-plast-konstvaxt-i-kruka-dekorativ-present-konstgjorda-vaxter-for-hemmet-110cm\/#primaryimage"},"thumbnailUrl":"https:\/\/i0.wp.com\/truusk.store\/wp-content\/uploads\/2025\/07\/konstgjord-viol-fikontrad-110cm-konstvaxt-plast-konstgjorda-vaxter-i-kruka-dekoration-present-1.webp?fit=2000%2C2000&ssl=1","datePublished":"2025-07-22T03:55:28+00:00","dateModified":"2026-03-12T07:44:22+00:00","breadcrumb":{"@id":"https:\/\/truusk.store\/sv\/produkt\/truusk-konstgjord-viol-fikontrad-110cm-plast-konstvaxt-i-kruka-dekorativ-present-konstgjorda-vaxter-for-hemmet-110cm\/#breadcrumb"},"inLanguage":"sv-SE","potentialAction":[{"@type":"ReadAction","target":["https:\/\/truusk.store\/sv\/produkt\/truusk-konstgjord-viol-fikontrad-110cm-plast-konstvaxt-i-kruka-dekorativ-present-konstgjorda-vaxter-for-hemmet-110cm\/"]}]},{"@type":"ImageObject","inLanguage":"sv-SE","@id":"https:\/\/truusk.store\/sv\/produkt\/truusk-konstgjord-viol-fikontrad-110cm-plast-konstvaxt-i-kruka-dekorativ-present-konstgjorda-vaxter-for-hemmet-110cm\/#primaryimage","url":"https:\/\/i0.wp.com\/truusk.store\/wp-content\/uploads\/2025\/07\/konstgjord-viol-fikontrad-110cm-konstvaxt-plast-konstgjorda-vaxter-i-kruka-dekoration-present-1.webp?fit=2000%2C2000&ssl=1","contentUrl":"https:\/\/i0.wp.com\/truusk.store\/wp-content\/uploads\/2025\/07\/konstgjord-viol-fikontrad-110cm-konstvaxt-plast-konstgjorda-vaxter-i-kruka-dekoration-present-1.webp?fit=2000%2C2000&ssl=1","width":2000,"height":2000},{"@type":"BreadcrumbList","@id":"https:\/\/truusk.store\/sv\/produkt\/truusk-konstgjord-viol-fikontrad-110cm-plast-konstvaxt-i-kruka-dekorativ-present-konstgjorda-vaxter-for-hemmet-110cm\/#breadcrumb","itemListElement":[{"@type":"ListItem","position":1,"name":"Home","item":"https:\/\/truusk.store\/sv\/"},{"@type":"ListItem","position":2,"name":"Shop","item":"https:\/\/truusk.store\/shop\/"},{"@type":"ListItem","position":3,"name":"TRUUSK Konstgjord Viol-Fikontr\u00e4d 110cm &#8211; Plast Konstv\u00e4xt I Kruka &#8211; Dekorativ Present &#8211; Konstgjorda V\u00e4xter f\u00f6r Hemmet &#8211; 110cm &#8211;"}]},{"@type":"WebSite","@id":"https:\/\/truusk.store\/sv\/#website","url":"https:\/\/truusk.store\/sv\/","name":"TRUUSK - Hem, Tr\u00e4dg\u00e5rd & Fritid","description":"","publisher":{"@id":"https:\/\/truusk.store\/sv\/#organization"},"potentialAction":[{"@type":"SearchAction","target":{"@type":"EntryPoint","urlTemplate":"https:\/\/truusk.store\/sv\/?s={search_term_string}"},"query-input":{"@type":"PropertyValueSpecification","valueRequired":true,"valueName":"search_term_string"}}],"inLanguage":"sv-SE"},{"@type":"Organization","@id":"https:\/\/truusk.store\/sv\/#organization","name":"TRUUSK - Hem, Tr\u00e4dg\u00e5rd & Fritid","url":"https:\/\/truusk.store\/sv\/","logo":{"@type":"ImageObject","inLanguage":"sv-SE","@id":"https:\/\/truusk.store\/sv\/#\/schema\/logo\/image\/","url":"https:\/\/i0.wp.com\/truusk.store\/wp-content\/uploads\/2026\/03\/cropped-TRUUSK.png?fit=2032%2C917&ssl=1","contentUrl":"https:\/\/i0.wp.com\/truusk.store\/wp-content\/uploads\/2026\/03\/cropped-TRUUSK.png?fit=2032%2C917&ssl=1","width":2032,"height":917,"caption":"TRUUSK - Hem, Tr\u00e4dg\u00e5rd & Fritid"},"image":{"@id":"https:\/\/truusk.store\/sv\/#\/schema\/logo\/image\/"}}]}},"jetpack_sharing_enabled":true,"_links":{"self":[{"href":"https:\/\/truusk.store\/sv\/wp-json\/wp\/v2\/product\/84085","targetHints":{"allow":["GET"]}}],"collection":[{"href":"https:\/\/truusk.store\/sv\/wp-json\/wp\/v2\/product"}],"about":[{"href":"https:\/\/truusk.store\/sv\/wp-json\/wp\/v2\/types\/product"}],"wp:featuredmedia":[{"embeddable":true,"href":"https:\/\/truusk.store\/sv\/wp-json\/wp\/v2\/media\/84076"}],"wp:attachment":[{"href":"https:\/\/truusk.store\/sv\/wp-json\/wp\/v2\/media?parent=84085"}],"wp:term":[{"taxonomy":"product_brand","embeddable":true,"href":"https:\/\/truusk.store\/sv\/wp-json\/wp\/v2\/product_brand?post=84085"},{"taxonomy":"product_cat","embeddable":true,"href":"https:\/\/truusk.store\/sv\/wp-json\/wp\/v2\/product_cat?post=84085"},{"taxonomy":"product_tag","embeddable":true,"href":"https:\/\/truusk.store\/sv\/wp-json\/wp\/v2\/product_tag?post=84085"}],"curies":[{"name":"wp","href":"https:\/\/api.w.org\/{rel}","templated":true}]}}