{"id":84095,"date":"2025-07-22T04:56:29","date_gmt":"2025-07-22T03:56:29","guid":{"rendered":"https:\/\/truusk.store\/product\/2-delat-set-med-konstgjorda-buxbom-90cm-konstvaxt-i-tarform-plastkonstvaxter-i-kruka-for-modern-dekoration\/"},"modified":"2026-03-12T08:44:23","modified_gmt":"2026-03-12T07:44:23","slug":"truusk-konstgjorda-buxbom-2-delat-set-90cm-tarform-modern-dekoration-plastkonstvaxter-i-kruka","status":"publish","type":"product","link":"https:\/\/truusk.store\/sv\/produkt\/truusk-konstgjorda-buxbom-2-delat-set-90cm-tarform-modern-dekoration-plastkonstvaxter-i-kruka\/","title":{"rendered":"TRUUSK Konstgjorda Buxbom 2-delat Set &#8211; 90cm &#8211; T\u00e5rform &#8211; Modern Dekoration &#8211; Plastkonstv\u00e4xter &#8211; I Kruka"},"content":{"rendered":"<p>I vardagens stress \u00e4r det ofta utmanande att beh\u00e5lla ett attraktivt hem. TRUUSK konstgjorda v\u00e4xter med UV-resistent, naturtro design och 306 PE-blad i t\u00e5rform \u00e4r l\u00f6sningen. De konstgjorda v\u00e4xterna beh\u00f6ver varken vatten eller v\u00e5rd, de ger st\u00e4ndigt gr\u00f6nska och lugnar. Skapa dina rum till en inbjudande oas d\u00e4r du kan njuta av naturen, helt utan anstr\u00e4ngning.<\/p>\n<p>Beskrivning:<\/p>\n<ul>\n<li> Set med 2 konstgjorda v\u00e4xter erbjuder m\u00e5ngsidiga dekorationsm\u00f6jligheter<\/li>\n<li> Realistiskt formade, t\u00e5rformade blad \u00f6kar den visuella attraktionskraften i varje rum<\/li>\n<li> UV-resistent material h\u00e5ller de konstgjorda v\u00e4xterna levande och gr\u00f6na \u00e5ret runt<\/li>\n<li> Ingen vattning eller besk\u00e4rning n\u00f6dv\u00e4ndig, njut av underh\u00e5llsfria konstgjorda v\u00e4xter<\/li>\n<li> Viktad kruka ger stabilitet med ett 8\u00b0 lutningstest<\/li>\n<li> Kommer helt monterad och redo att anv\u00e4ndas direkt.<\/li>\n<\/ul>\n<p> Tekniska data:<\/p>\n<ul>\n<li> F\u00e4rg: Gr\u00f6n<\/li>\n<li> Material: Plast, cement, flockning<\/li>\n<li> Total h\u00f6jd: 90 cm<\/li>\n<li> Krukstorlek: \u00d820 cm x 17H cm<\/li>\n<li> Antal blad: 306<\/li>\n<li> Lutningsteststandard: 8\u00b0<\/li>\n<\/ul>\n<p>Leveransinneh\u00e5ll:<\/p>\n<ul>\n<li> 2 x konstgjorda v\u00e4xter;<\/li>\n<\/ul>\n","protected":false},"excerpt":{"rendered":"<p>I vardagens stress \u00e4r det ofta utmanande att beh\u00e5lla ett attraktivt hem. TRUUSK konstgjorda v\u00e4xter med UV-resistent, naturtro design och&#8230;<\/p>\n","protected":false},"featured_media":84086,"template":"","meta":[],"product_brand":[],"product_cat":[962,871,681],"product_tag":[],"class_list":{"0":"post-84095","1":"product","2":"type-product","3":"status-publish","4":"has-post-thumbnail","6":"product_cat-dekoration","7":"product_cat-hus-hem","8":"product_cat-konstgjorda-vaxter","10":"first","11":"instock","12":"sale","13":"taxable","14":"shipping-taxable","15":"purchasable","16":"product-type-simple"},"yoast_head":"<!-- This site is optimized with the Yoast SEO plugin v25.4 - https:\/\/yoast.com\/wordpress\/plugins\/seo\/ -->\n<title>TRUUSK Konstgjorda Buxbom 2-delat Set - 90cm - T\u00e5rform - Modern Dekoration - Plastkonstv\u00e4xter - I Kruka - TRUUSK - Hem, Tr\u00e4dg\u00e5rd &amp; Fritid<\/title>\n<meta name=\"robots\" content=\"index, follow, max-snippet:-1, max-image-preview:large, max-video-preview:-1\" \/>\n<link rel=\"canonical\" href=\"https:\/\/truusk.store\/sv\/produkt\/truusk-konstgjorda-buxbom-2-delat-set-90cm-tarform-modern-dekoration-plastkonstvaxter-i-kruka\/\" \/>\n<meta property=\"og:locale\" content=\"sv_SE\" \/>\n<meta property=\"og:type\" content=\"article\" \/>\n<meta property=\"og:title\" content=\"TRUUSK Konstgjorda Buxbom 2-delat Set - 90cm - T\u00e5rform - Modern Dekoration - Plastkonstv\u00e4xter - I Kruka - TRUUSK - Hem, Tr\u00e4dg\u00e5rd &amp; Fritid\" \/>\n<meta property=\"og:description\" content=\"I vardagens stress \u00e4r det ofta utmanande att beh\u00e5lla ett attraktivt hem. TRUUSK konstgjorda v\u00e4xter med UV-resistent, naturtro design och...\" \/>\n<meta property=\"og:url\" content=\"https:\/\/truusk.store\/sv\/produkt\/truusk-konstgjorda-buxbom-2-delat-set-90cm-tarform-modern-dekoration-plastkonstvaxter-i-kruka\/\" \/>\n<meta property=\"og:site_name\" content=\"TRUUSK - Hem, Tr\u00e4dg\u00e5rd &amp; Fritid\" \/>\n<meta property=\"article:modified_time\" content=\"2026-03-12T07:44:23+00:00\" \/>\n<meta property=\"og:image\" content=\"https:\/\/i0.wp.com\/truusk.se\/wp-content\/uploads\/2025\/07\/2-delat-set-med-konstgjorda-buxbom-90cm-konstvaxt-i-tarform-plastkonstvaxter-i-kruka-for-modern-dekoration-1.webp?fit=2000%2C2000&ssl=1\" \/>\n\t<meta property=\"og:image:width\" content=\"2000\" \/>\n\t<meta property=\"og:image:height\" content=\"2000\" \/>\n\t<meta property=\"og:image:type\" content=\"image\/webp\" \/>\n<meta name=\"twitter:card\" content=\"summary_large_image\" \/>\n<meta name=\"twitter:label1\" content=\"Ber\u00e4knad l\u00e4stid\" \/>\n\t<meta name=\"twitter:data1\" content=\"1 minut\" \/>\n<!-- \/ Yoast SEO plugin. -->","yoast_head_json":{"title":"TRUUSK Konstgjorda Buxbom 2-delat Set - 90cm - T\u00e5rform - Modern Dekoration - Plastkonstv\u00e4xter - I Kruka - TRUUSK - Hem, Tr\u00e4dg\u00e5rd &amp; Fritid","robots":{"index":"index","follow":"follow","max-snippet":"max-snippet:-1","max-image-preview":"max-image-preview:large","max-video-preview":"max-video-preview:-1"},"canonical":"https:\/\/truusk.store\/sv\/produkt\/truusk-konstgjorda-buxbom-2-delat-set-90cm-tarform-modern-dekoration-plastkonstvaxter-i-kruka\/","og_locale":"sv_SE","og_type":"article","og_title":"TRUUSK Konstgjorda Buxbom 2-delat Set - 90cm - T\u00e5rform - Modern Dekoration - Plastkonstv\u00e4xter - I Kruka - TRUUSK - Hem, Tr\u00e4dg\u00e5rd &amp; Fritid","og_description":"I vardagens stress \u00e4r det ofta utmanande att beh\u00e5lla ett attraktivt hem. TRUUSK konstgjorda v\u00e4xter med UV-resistent, naturtro design och...","og_url":"https:\/\/truusk.store\/sv\/produkt\/truusk-konstgjorda-buxbom-2-delat-set-90cm-tarform-modern-dekoration-plastkonstvaxter-i-kruka\/","og_site_name":"TRUUSK - Hem, Tr\u00e4dg\u00e5rd &amp; Fritid","article_modified_time":"2026-03-12T07:44:23+00:00","og_image":[{"width":2000,"height":2000,"url":"https:\/\/i0.wp.com\/truusk.se\/wp-content\/uploads\/2025\/07\/2-delat-set-med-konstgjorda-buxbom-90cm-konstvaxt-i-tarform-plastkonstvaxter-i-kruka-for-modern-dekoration-1.webp?fit=2000%2C2000&ssl=1","type":"image\/webp"}],"twitter_card":"summary_large_image","twitter_misc":{"Ber\u00e4knad l\u00e4stid":"1 minut"},"schema":{"@context":"https:\/\/schema.org","@graph":[{"@type":"WebPage","@id":"https:\/\/truusk.store\/sv\/produkt\/truusk-konstgjorda-buxbom-2-delat-set-90cm-tarform-modern-dekoration-plastkonstvaxter-i-kruka\/","url":"https:\/\/truusk.store\/sv\/produkt\/truusk-konstgjorda-buxbom-2-delat-set-90cm-tarform-modern-dekoration-plastkonstvaxter-i-kruka\/","name":"TRUUSK Konstgjorda Buxbom 2-delat Set - 90cm - T\u00e5rform - Modern Dekoration - Plastkonstv\u00e4xter - I Kruka - TRUUSK - Hem, Tr\u00e4dg\u00e5rd &amp; Fritid","isPartOf":{"@id":"https:\/\/truusk.store\/sv\/#website"},"primaryImageOfPage":{"@id":"https:\/\/truusk.store\/sv\/produkt\/truusk-konstgjorda-buxbom-2-delat-set-90cm-tarform-modern-dekoration-plastkonstvaxter-i-kruka\/#primaryimage"},"image":{"@id":"https:\/\/truusk.store\/sv\/produkt\/truusk-konstgjorda-buxbom-2-delat-set-90cm-tarform-modern-dekoration-plastkonstvaxter-i-kruka\/#primaryimage"},"thumbnailUrl":"https:\/\/i0.wp.com\/truusk.store\/wp-content\/uploads\/2025\/07\/2-delat-set-med-konstgjorda-buxbom-90cm-konstvaxt-i-tarform-plastkonstvaxter-i-kruka-for-modern-dekoration-1.webp?fit=2000%2C2000&ssl=1","datePublished":"2025-07-22T03:56:29+00:00","dateModified":"2026-03-12T07:44:23+00:00","breadcrumb":{"@id":"https:\/\/truusk.store\/sv\/produkt\/truusk-konstgjorda-buxbom-2-delat-set-90cm-tarform-modern-dekoration-plastkonstvaxter-i-kruka\/#breadcrumb"},"inLanguage":"sv-SE","potentialAction":[{"@type":"ReadAction","target":["https:\/\/truusk.store\/sv\/produkt\/truusk-konstgjorda-buxbom-2-delat-set-90cm-tarform-modern-dekoration-plastkonstvaxter-i-kruka\/"]}]},{"@type":"ImageObject","inLanguage":"sv-SE","@id":"https:\/\/truusk.store\/sv\/produkt\/truusk-konstgjorda-buxbom-2-delat-set-90cm-tarform-modern-dekoration-plastkonstvaxter-i-kruka\/#primaryimage","url":"https:\/\/i0.wp.com\/truusk.store\/wp-content\/uploads\/2025\/07\/2-delat-set-med-konstgjorda-buxbom-90cm-konstvaxt-i-tarform-plastkonstvaxter-i-kruka-for-modern-dekoration-1.webp?fit=2000%2C2000&ssl=1","contentUrl":"https:\/\/i0.wp.com\/truusk.store\/wp-content\/uploads\/2025\/07\/2-delat-set-med-konstgjorda-buxbom-90cm-konstvaxt-i-tarform-plastkonstvaxter-i-kruka-for-modern-dekoration-1.webp?fit=2000%2C2000&ssl=1","width":2000,"height":2000},{"@type":"BreadcrumbList","@id":"https:\/\/truusk.store\/sv\/produkt\/truusk-konstgjorda-buxbom-2-delat-set-90cm-tarform-modern-dekoration-plastkonstvaxter-i-kruka\/#breadcrumb","itemListElement":[{"@type":"ListItem","position":1,"name":"Home","item":"https:\/\/truusk.store\/sv\/"},{"@type":"ListItem","position":2,"name":"Shop","item":"https:\/\/truusk.store\/shop\/"},{"@type":"ListItem","position":3,"name":"TRUUSK Konstgjorda Buxbom 2-delat Set &#8211; 90cm &#8211; T\u00e5rform &#8211; Modern Dekoration &#8211; Plastkonstv\u00e4xter &#8211; I Kruka"}]},{"@type":"WebSite","@id":"https:\/\/truusk.store\/sv\/#website","url":"https:\/\/truusk.store\/sv\/","name":"TRUUSK - Hem, Tr\u00e4dg\u00e5rd & Fritid","description":"","publisher":{"@id":"https:\/\/truusk.store\/sv\/#organization"},"potentialAction":[{"@type":"SearchAction","target":{"@type":"EntryPoint","urlTemplate":"https:\/\/truusk.store\/sv\/?s={search_term_string}"},"query-input":{"@type":"PropertyValueSpecification","valueRequired":true,"valueName":"search_term_string"}}],"inLanguage":"sv-SE"},{"@type":"Organization","@id":"https:\/\/truusk.store\/sv\/#organization","name":"TRUUSK - Hem, Tr\u00e4dg\u00e5rd & Fritid","url":"https:\/\/truusk.store\/sv\/","logo":{"@type":"ImageObject","inLanguage":"sv-SE","@id":"https:\/\/truusk.store\/sv\/#\/schema\/logo\/image\/","url":"https:\/\/i0.wp.com\/truusk.store\/wp-content\/uploads\/2026\/03\/cropped-TRUUSK.png?fit=2032%2C917&ssl=1","contentUrl":"https:\/\/i0.wp.com\/truusk.store\/wp-content\/uploads\/2026\/03\/cropped-TRUUSK.png?fit=2032%2C917&ssl=1","width":2032,"height":917,"caption":"TRUUSK - Hem, Tr\u00e4dg\u00e5rd & Fritid"},"image":{"@id":"https:\/\/truusk.store\/sv\/#\/schema\/logo\/image\/"}}]}},"jetpack_sharing_enabled":true,"_links":{"self":[{"href":"https:\/\/truusk.store\/sv\/wp-json\/wp\/v2\/product\/84095","targetHints":{"allow":["GET"]}}],"collection":[{"href":"https:\/\/truusk.store\/sv\/wp-json\/wp\/v2\/product"}],"about":[{"href":"https:\/\/truusk.store\/sv\/wp-json\/wp\/v2\/types\/product"}],"wp:featuredmedia":[{"embeddable":true,"href":"https:\/\/truusk.store\/sv\/wp-json\/wp\/v2\/media\/84086"}],"wp:attachment":[{"href":"https:\/\/truusk.store\/sv\/wp-json\/wp\/v2\/media?parent=84095"}],"wp:term":[{"taxonomy":"product_brand","embeddable":true,"href":"https:\/\/truusk.store\/sv\/wp-json\/wp\/v2\/product_brand?post=84095"},{"taxonomy":"product_cat","embeddable":true,"href":"https:\/\/truusk.store\/sv\/wp-json\/wp\/v2\/product_cat?post=84095"},{"taxonomy":"product_tag","embeddable":true,"href":"https:\/\/truusk.store\/sv\/wp-json\/wp\/v2\/product_tag?post=84095"}],"curies":[{"name":"wp","href":"https:\/\/api.w.org\/{rel}","templated":true}]}}