{"id":84105,"date":"2025-07-22T04:57:44","date_gmt":"2025-07-22T03:57:44","guid":{"rendered":"https:\/\/truusk.store\/product\/2-pack-konstgjorda-buxbomsklippningskulor-45cm-konstvaxt-plastkonstvaxter-i-kruka\/"},"modified":"2026-03-12T08:44:23","modified_gmt":"2026-03-12T07:44:23","slug":"truusk-2-pack-konstgjorda-buxbomsklippningskulor-45cm-konstvaxt-plastkonstvaxter-i-kruka-dekorativ-inomhusvaxt-gron-for","status":"publish","type":"product","link":"https:\/\/truusk.store\/sv\/produkt\/truusk-2-pack-konstgjorda-buxbomsklippningskulor-45cm-konstvaxt-plastkonstvaxter-i-kruka-dekorativ-inomhusvaxt-gron-for\/","title":{"rendered":"TRUUSK 2-pack Konstgjorda Buxbomsklippningskulor &#8211; 45cm Konstv\u00e4xt &#8211; Plastkonstv\u00e4xter I Kruka &#8211; Dekorativ inomhusv\u00e4xt &#8211; Gr\u00f6n &#8211; F\u00f6r"},"content":{"rendered":"<p>Forma om din omgivning med TRUUSK konstgjorda buxbomstopiary. Konstv\u00e4xten i kruka, ett set om tv\u00e5 delar, skapar med 114 naturtrogna plastblad frisk gr\u00f6nska i rum eller tr\u00e4dg\u00e5rdar. Perfekt f\u00f6r upptagna personer: UV-resistent, l\u00e4ttsk\u00f6tt och utan behov av vattning eller besk\u00e4rning.<\/p>\n<p>Beskrivning:<\/p>\n<ul>\n<li> Tv\u00e5delat set med konstv\u00e4xter av realistiska buxbomstopiaryer f\u00f6rsk\u00f6nar hemmet<\/li>\n<li> Tillverkad med 114 plastblad, livfulla detaljer berikar varje vardagsrum<\/li>\n<li> UV-resistent design av konstv\u00e4xten f\u00f6r dekoration inomhus och utomhus<\/li>\n<li> Ingen vattning eller besk\u00e4rning n\u00f6dv\u00e4ndig, idealisk f\u00f6r en upptagen livsstil<\/li>\n<li> Viktad plastkruka av krukv\u00e4xten garanterar stabilitet med ett 8\u00b0 lutningstest<\/li>\n<li> Kommer helt monterad, redo att anv\u00e4ndas direkt<\/li>\n<\/ul>\n<p> Tekniska data:<\/p>\n<ul>\n<li> F\u00e4rg: Gr\u00f6n<\/li>\n<li> Material: Plast, cement, flockning<\/li>\n<li> Total h\u00f6jd: 45 cm<\/li>\n<li> Krukstorlek: 10B x 10T x 9H cm<\/li>\n<li> Antal blad: 114<\/li>\n<li> Lutningsteststandard: 8\u00b0<\/li>\n<\/ul>\n<p>Leveransinneh\u00e5ll:<\/p>\n<ul>\n<li> 2 x konstgjorda v\u00e4xter;<\/li>\n<\/ul>\n","protected":false},"excerpt":{"rendered":"<p>Forma om din omgivning med TRUUSK konstgjorda buxbomstopiary. Konstv\u00e4xten i kruka, ett set om tv\u00e5 delar, skapar med 114 naturtrogna&#8230;<\/p>\n","protected":false},"featured_media":84096,"template":"","meta":[],"product_brand":[],"product_cat":[962,871,681],"product_tag":[],"class_list":{"0":"post-84105","1":"product","2":"type-product","3":"status-publish","4":"has-post-thumbnail","6":"product_cat-dekoration","7":"product_cat-hus-hem","8":"product_cat-konstgjorda-vaxter","10":"first","11":"instock","12":"sale","13":"taxable","14":"shipping-taxable","15":"purchasable","16":"product-type-simple"},"yoast_head":"<!-- This site is optimized with the Yoast SEO plugin v25.4 - https:\/\/yoast.com\/wordpress\/plugins\/seo\/ -->\n<title>TRUUSK 2-pack Konstgjorda Buxbomsklippningskulor - 45cm Konstv\u00e4xt - Plastkonstv\u00e4xter I Kruka - Dekorativ inomhusv\u00e4xt - Gr\u00f6n - F\u00f6r - TRUUSK - Hem, Tr\u00e4dg\u00e5rd &amp; Fritid<\/title>\n<meta name=\"robots\" content=\"index, follow, max-snippet:-1, max-image-preview:large, max-video-preview:-1\" \/>\n<link rel=\"canonical\" href=\"https:\/\/truusk.store\/sv\/produkt\/truusk-2-pack-konstgjorda-buxbomsklippningskulor-45cm-konstvaxt-plastkonstvaxter-i-kruka-dekorativ-inomhusvaxt-gron-for\/\" \/>\n<meta property=\"og:locale\" content=\"sv_SE\" \/>\n<meta property=\"og:type\" content=\"article\" \/>\n<meta property=\"og:title\" content=\"TRUUSK 2-pack Konstgjorda Buxbomsklippningskulor - 45cm Konstv\u00e4xt - Plastkonstv\u00e4xter I Kruka - Dekorativ inomhusv\u00e4xt - Gr\u00f6n - F\u00f6r - TRUUSK - Hem, Tr\u00e4dg\u00e5rd &amp; Fritid\" \/>\n<meta property=\"og:description\" content=\"Forma om din omgivning med TRUUSK konstgjorda buxbomstopiary. Konstv\u00e4xten i kruka, ett set om tv\u00e5 delar, skapar med 114 naturtrogna...\" \/>\n<meta property=\"og:url\" content=\"https:\/\/truusk.store\/sv\/produkt\/truusk-2-pack-konstgjorda-buxbomsklippningskulor-45cm-konstvaxt-plastkonstvaxter-i-kruka-dekorativ-inomhusvaxt-gron-for\/\" \/>\n<meta property=\"og:site_name\" content=\"TRUUSK - Hem, Tr\u00e4dg\u00e5rd &amp; Fritid\" \/>\n<meta property=\"article:modified_time\" content=\"2026-03-12T07:44:23+00:00\" \/>\n<meta property=\"og:image\" content=\"https:\/\/i0.wp.com\/truusk.se\/wp-content\/uploads\/2025\/07\/2-pack-konstgjorda-buxbomsklippningskulor-45cm-konstvaxt-plastkonstvaxter-i-kruka-1.webp?fit=2000%2C2000&ssl=1\" \/>\n\t<meta property=\"og:image:width\" content=\"2000\" \/>\n\t<meta property=\"og:image:height\" content=\"2000\" \/>\n\t<meta property=\"og:image:type\" content=\"image\/webp\" \/>\n<meta name=\"twitter:card\" content=\"summary_large_image\" \/>\n<meta name=\"twitter:label1\" content=\"Ber\u00e4knad l\u00e4stid\" \/>\n\t<meta name=\"twitter:data1\" content=\"1 minut\" \/>\n<!-- \/ Yoast SEO plugin. -->","yoast_head_json":{"title":"TRUUSK 2-pack Konstgjorda Buxbomsklippningskulor - 45cm Konstv\u00e4xt - Plastkonstv\u00e4xter I Kruka - Dekorativ inomhusv\u00e4xt - Gr\u00f6n - F\u00f6r - TRUUSK - Hem, Tr\u00e4dg\u00e5rd &amp; Fritid","robots":{"index":"index","follow":"follow","max-snippet":"max-snippet:-1","max-image-preview":"max-image-preview:large","max-video-preview":"max-video-preview:-1"},"canonical":"https:\/\/truusk.store\/sv\/produkt\/truusk-2-pack-konstgjorda-buxbomsklippningskulor-45cm-konstvaxt-plastkonstvaxter-i-kruka-dekorativ-inomhusvaxt-gron-for\/","og_locale":"sv_SE","og_type":"article","og_title":"TRUUSK 2-pack Konstgjorda Buxbomsklippningskulor - 45cm Konstv\u00e4xt - Plastkonstv\u00e4xter I Kruka - Dekorativ inomhusv\u00e4xt - Gr\u00f6n - F\u00f6r - TRUUSK - Hem, Tr\u00e4dg\u00e5rd &amp; Fritid","og_description":"Forma om din omgivning med TRUUSK konstgjorda buxbomstopiary. Konstv\u00e4xten i kruka, ett set om tv\u00e5 delar, skapar med 114 naturtrogna...","og_url":"https:\/\/truusk.store\/sv\/produkt\/truusk-2-pack-konstgjorda-buxbomsklippningskulor-45cm-konstvaxt-plastkonstvaxter-i-kruka-dekorativ-inomhusvaxt-gron-for\/","og_site_name":"TRUUSK - Hem, Tr\u00e4dg\u00e5rd &amp; Fritid","article_modified_time":"2026-03-12T07:44:23+00:00","og_image":[{"width":2000,"height":2000,"url":"https:\/\/i0.wp.com\/truusk.se\/wp-content\/uploads\/2025\/07\/2-pack-konstgjorda-buxbomsklippningskulor-45cm-konstvaxt-plastkonstvaxter-i-kruka-1.webp?fit=2000%2C2000&ssl=1","type":"image\/webp"}],"twitter_card":"summary_large_image","twitter_misc":{"Ber\u00e4knad l\u00e4stid":"1 minut"},"schema":{"@context":"https:\/\/schema.org","@graph":[{"@type":"WebPage","@id":"https:\/\/truusk.store\/sv\/produkt\/truusk-2-pack-konstgjorda-buxbomsklippningskulor-45cm-konstvaxt-plastkonstvaxter-i-kruka-dekorativ-inomhusvaxt-gron-for\/","url":"https:\/\/truusk.store\/sv\/produkt\/truusk-2-pack-konstgjorda-buxbomsklippningskulor-45cm-konstvaxt-plastkonstvaxter-i-kruka-dekorativ-inomhusvaxt-gron-for\/","name":"TRUUSK 2-pack Konstgjorda Buxbomsklippningskulor - 45cm Konstv\u00e4xt - Plastkonstv\u00e4xter I Kruka - Dekorativ inomhusv\u00e4xt - Gr\u00f6n - F\u00f6r - TRUUSK - Hem, Tr\u00e4dg\u00e5rd &amp; Fritid","isPartOf":{"@id":"https:\/\/truusk.store\/sv\/#website"},"primaryImageOfPage":{"@id":"https:\/\/truusk.store\/sv\/produkt\/truusk-2-pack-konstgjorda-buxbomsklippningskulor-45cm-konstvaxt-plastkonstvaxter-i-kruka-dekorativ-inomhusvaxt-gron-for\/#primaryimage"},"image":{"@id":"https:\/\/truusk.store\/sv\/produkt\/truusk-2-pack-konstgjorda-buxbomsklippningskulor-45cm-konstvaxt-plastkonstvaxter-i-kruka-dekorativ-inomhusvaxt-gron-for\/#primaryimage"},"thumbnailUrl":"https:\/\/i0.wp.com\/truusk.store\/wp-content\/uploads\/2025\/07\/2-pack-konstgjorda-buxbomsklippningskulor-45cm-konstvaxt-plastkonstvaxter-i-kruka-1.webp?fit=2000%2C2000&ssl=1","datePublished":"2025-07-22T03:57:44+00:00","dateModified":"2026-03-12T07:44:23+00:00","breadcrumb":{"@id":"https:\/\/truusk.store\/sv\/produkt\/truusk-2-pack-konstgjorda-buxbomsklippningskulor-45cm-konstvaxt-plastkonstvaxter-i-kruka-dekorativ-inomhusvaxt-gron-for\/#breadcrumb"},"inLanguage":"sv-SE","potentialAction":[{"@type":"ReadAction","target":["https:\/\/truusk.store\/sv\/produkt\/truusk-2-pack-konstgjorda-buxbomsklippningskulor-45cm-konstvaxt-plastkonstvaxter-i-kruka-dekorativ-inomhusvaxt-gron-for\/"]}]},{"@type":"ImageObject","inLanguage":"sv-SE","@id":"https:\/\/truusk.store\/sv\/produkt\/truusk-2-pack-konstgjorda-buxbomsklippningskulor-45cm-konstvaxt-plastkonstvaxter-i-kruka-dekorativ-inomhusvaxt-gron-for\/#primaryimage","url":"https:\/\/i0.wp.com\/truusk.store\/wp-content\/uploads\/2025\/07\/2-pack-konstgjorda-buxbomsklippningskulor-45cm-konstvaxt-plastkonstvaxter-i-kruka-1.webp?fit=2000%2C2000&ssl=1","contentUrl":"https:\/\/i0.wp.com\/truusk.store\/wp-content\/uploads\/2025\/07\/2-pack-konstgjorda-buxbomsklippningskulor-45cm-konstvaxt-plastkonstvaxter-i-kruka-1.webp?fit=2000%2C2000&ssl=1","width":2000,"height":2000},{"@type":"BreadcrumbList","@id":"https:\/\/truusk.store\/sv\/produkt\/truusk-2-pack-konstgjorda-buxbomsklippningskulor-45cm-konstvaxt-plastkonstvaxter-i-kruka-dekorativ-inomhusvaxt-gron-for\/#breadcrumb","itemListElement":[{"@type":"ListItem","position":1,"name":"Home","item":"https:\/\/truusk.store\/sv\/"},{"@type":"ListItem","position":2,"name":"Shop","item":"https:\/\/truusk.store\/shop\/"},{"@type":"ListItem","position":3,"name":"TRUUSK 2-pack Konstgjorda Buxbomsklippningskulor &#8211; 45cm Konstv\u00e4xt &#8211; Plastkonstv\u00e4xter I Kruka &#8211; Dekorativ inomhusv\u00e4xt &#8211; Gr\u00f6n &#8211; F\u00f6r"}]},{"@type":"WebSite","@id":"https:\/\/truusk.store\/sv\/#website","url":"https:\/\/truusk.store\/sv\/","name":"TRUUSK - Hem, Tr\u00e4dg\u00e5rd & Fritid","description":"","publisher":{"@id":"https:\/\/truusk.store\/sv\/#organization"},"potentialAction":[{"@type":"SearchAction","target":{"@type":"EntryPoint","urlTemplate":"https:\/\/truusk.store\/sv\/?s={search_term_string}"},"query-input":{"@type":"PropertyValueSpecification","valueRequired":true,"valueName":"search_term_string"}}],"inLanguage":"sv-SE"},{"@type":"Organization","@id":"https:\/\/truusk.store\/sv\/#organization","name":"TRUUSK - Hem, Tr\u00e4dg\u00e5rd & Fritid","url":"https:\/\/truusk.store\/sv\/","logo":{"@type":"ImageObject","inLanguage":"sv-SE","@id":"https:\/\/truusk.store\/sv\/#\/schema\/logo\/image\/","url":"https:\/\/i0.wp.com\/truusk.store\/wp-content\/uploads\/2026\/03\/cropped-TRUUSK.png?fit=2032%2C917&ssl=1","contentUrl":"https:\/\/i0.wp.com\/truusk.store\/wp-content\/uploads\/2026\/03\/cropped-TRUUSK.png?fit=2032%2C917&ssl=1","width":2032,"height":917,"caption":"TRUUSK - Hem, Tr\u00e4dg\u00e5rd & Fritid"},"image":{"@id":"https:\/\/truusk.store\/sv\/#\/schema\/logo\/image\/"}}]}},"jetpack_sharing_enabled":true,"_links":{"self":[{"href":"https:\/\/truusk.store\/sv\/wp-json\/wp\/v2\/product\/84105","targetHints":{"allow":["GET"]}}],"collection":[{"href":"https:\/\/truusk.store\/sv\/wp-json\/wp\/v2\/product"}],"about":[{"href":"https:\/\/truusk.store\/sv\/wp-json\/wp\/v2\/types\/product"}],"wp:featuredmedia":[{"embeddable":true,"href":"https:\/\/truusk.store\/sv\/wp-json\/wp\/v2\/media\/84096"}],"wp:attachment":[{"href":"https:\/\/truusk.store\/sv\/wp-json\/wp\/v2\/media?parent=84105"}],"wp:term":[{"taxonomy":"product_brand","embeddable":true,"href":"https:\/\/truusk.store\/sv\/wp-json\/wp\/v2\/product_brand?post=84105"},{"taxonomy":"product_cat","embeddable":true,"href":"https:\/\/truusk.store\/sv\/wp-json\/wp\/v2\/product_cat?post=84105"},{"taxonomy":"product_tag","embeddable":true,"href":"https:\/\/truusk.store\/sv\/wp-json\/wp\/v2\/product_tag?post=84105"}],"curies":[{"name":"wp","href":"https:\/\/api.w.org\/{rel}","templated":true}]}}