{"id":84145,"date":"2025-07-22T05:01:55","date_gmt":"2025-07-22T04:01:55","guid":{"rendered":"https:\/\/truusk.store\/product\/vardagsrumsbord-med-lador-och-led-lampor-modern-soffbord-med-oppen-hylla-soffbord-spanskiva-vit\/"},"modified":"2026-03-12T08:44:35","modified_gmt":"2026-03-12T07:44:35","slug":"truusk-moderna-vardagsrumsbord-med-lador-och-led-lampor-oppen-hylla-spanskiva-vit","status":"publish","type":"product","link":"https:\/\/truusk.store\/sv\/produkt\/truusk-moderna-vardagsrumsbord-med-lador-och-led-lampor-oppen-hylla-spanskiva-vit\/","title":{"rendered":"TRUUSK Moderna Vardagsrumsbord &#8211; Med L\u00e5dor och LED-lampor &#8211; \u00d6ppen Hylla &#8211; Sp\u00e5nskiva &#8211; Vit"},"content":{"rendered":"<p>TRUUSK soffbordet med tv\u00e5 dolda l\u00e5dor ger en stilfull ordning i ditt vardagsrum. Ovanp\u00e5 skapar levande LED-lampor en varm atmosf\u00e4r som g\u00f6r sidobordet till ett attraktivt centrum i rummet. Ett \u00f6ppet fack nedtill underl\u00e4ttar ocks\u00e5 tillg\u00e5ngen till b\u00f6cker och tidskrifter.<\/p>\n<p>Beskrivning:<\/p>\n<ul>\n<li> LED-lampor med olika f\u00e4rger, l\u00e4gen och ljusstyrkor, styrs med den medf\u00f6ljande fj\u00e4rrkontrollen<\/li>\n<li> Avtagbar LED-remsa p\u00e5 soffbordet f\u00f6r enkel installation, anpassning och utbyte<\/li>\n<li> \u00d6ppet f\u00f6rvaringsfack och tv\u00e5 l\u00e5dor p\u00e5 vardagsrumsbordet h\u00e5ller dina saker organiserade<\/li>\n<li> Den vita h\u00f6gglansiga ytan passar till alla inredningsstilar och \u00e4r l\u00e4tt att reng\u00f6ra<\/li>\n<li> Tillverkad av robust sp\u00e5nskivematerial<\/li>\n<li> Halkfria fotdynor h\u00e5ller soffbordet stadigt p\u00e5 plats<\/li>\n<li> Montering kr\u00e4vs<\/li>\n<\/ul>\n<p> Tekniska data:<\/p>\n<ul>\n<li> F\u00e4rg: Vit<\/li>\n<li> Material: Sp\u00e5nskiva<\/li>\n<li> Totala dimensioner: 120B x 50D x 42H cm<\/li>\n<li> Bordsskivans storlek: 120L x 50B cm<\/li>\n<li> Inre m\u00e5tt p\u00e5 l\u00e5dan: 41,5B x 28,5D x 8,5H cm<\/li>\n<li> H\u00f6jd p\u00e5 det \u00f6ppna hyllan: 14,5H cm<\/li>\n<li> B\u00e4rkapacitet: 50 kg (totalt), 30 kg (bordsskiva), 5 kg (l\u00e5da)<\/li>\n<\/ul>\n<p>Leveransinneh\u00e5ll:<\/p>\n<ul>\n<li> 1 x Soffbord<\/li>\n<li> 1 x Fj\u00e4rrkontroll<\/li>\n<li> 1 x Bruksanvisning<\/li>\n<\/ul>\n","protected":false},"excerpt":{"rendered":"<p>TRUUSK soffbordet med tv\u00e5 dolda l\u00e5dor ger en stilfull ordning i ditt vardagsrum. Ovanp\u00e5 skapar levande LED-lampor en varm atmosf\u00e4r&#8230;<\/p>\n","protected":false},"featured_media":84136,"template":"","meta":[],"product_brand":[],"product_cat":[871,957,910],"product_tag":[],"class_list":{"0":"post-84145","1":"product","2":"type-product","3":"status-publish","4":"has-post-thumbnail","6":"product_cat-hus-hem","7":"product_cat-sidobord","8":"product_cat-vardagsrum","10":"first","11":"instock","12":"sale","13":"taxable","14":"shipping-taxable","15":"purchasable","16":"product-type-simple"},"yoast_head":"<!-- This site is optimized with the Yoast SEO plugin v25.4 - https:\/\/yoast.com\/wordpress\/plugins\/seo\/ -->\n<title>TRUUSK Moderna Vardagsrumsbord - Med L\u00e5dor och LED-lampor - \u00d6ppen Hylla - Sp\u00e5nskiva - Vit - TRUUSK - Hem, Tr\u00e4dg\u00e5rd &amp; Fritid<\/title>\n<meta name=\"robots\" content=\"index, follow, max-snippet:-1, max-image-preview:large, max-video-preview:-1\" \/>\n<link rel=\"canonical\" href=\"https:\/\/truusk.store\/sv\/produkt\/truusk-moderna-vardagsrumsbord-med-lador-och-led-lampor-oppen-hylla-spanskiva-vit\/\" \/>\n<meta property=\"og:locale\" content=\"sv_SE\" \/>\n<meta property=\"og:type\" content=\"article\" \/>\n<meta property=\"og:title\" content=\"TRUUSK Moderna Vardagsrumsbord - Med L\u00e5dor och LED-lampor - \u00d6ppen Hylla - Sp\u00e5nskiva - Vit - TRUUSK - Hem, Tr\u00e4dg\u00e5rd &amp; Fritid\" \/>\n<meta property=\"og:description\" content=\"TRUUSK soffbordet med tv\u00e5 dolda l\u00e5dor ger en stilfull ordning i ditt vardagsrum. Ovanp\u00e5 skapar levande LED-lampor en varm atmosf\u00e4r...\" \/>\n<meta property=\"og:url\" content=\"https:\/\/truusk.store\/sv\/produkt\/truusk-moderna-vardagsrumsbord-med-lador-och-led-lampor-oppen-hylla-spanskiva-vit\/\" \/>\n<meta property=\"og:site_name\" content=\"TRUUSK - Hem, Tr\u00e4dg\u00e5rd &amp; Fritid\" \/>\n<meta property=\"article:modified_time\" content=\"2026-03-12T07:44:35+00:00\" \/>\n<meta property=\"og:image\" content=\"https:\/\/i0.wp.com\/truusk.se\/wp-content\/uploads\/2025\/07\/vardagsrumsbord-med-lador-och-led-lampor-modern-soffbord-med-oppen-hylla-soffbord-spanskiva-vit-1.webp?fit=2000%2C2000&ssl=1\" \/>\n\t<meta property=\"og:image:width\" content=\"2000\" \/>\n\t<meta property=\"og:image:height\" content=\"2000\" \/>\n\t<meta property=\"og:image:type\" content=\"image\/webp\" \/>\n<meta name=\"twitter:card\" content=\"summary_large_image\" \/>\n<meta name=\"twitter:label1\" content=\"Ber\u00e4knad l\u00e4stid\" \/>\n\t<meta name=\"twitter:data1\" content=\"1 minut\" \/>\n<!-- \/ Yoast SEO plugin. -->","yoast_head_json":{"title":"TRUUSK Moderna Vardagsrumsbord - Med L\u00e5dor och LED-lampor - \u00d6ppen Hylla - Sp\u00e5nskiva - Vit - TRUUSK - Hem, Tr\u00e4dg\u00e5rd &amp; Fritid","robots":{"index":"index","follow":"follow","max-snippet":"max-snippet:-1","max-image-preview":"max-image-preview:large","max-video-preview":"max-video-preview:-1"},"canonical":"https:\/\/truusk.store\/sv\/produkt\/truusk-moderna-vardagsrumsbord-med-lador-och-led-lampor-oppen-hylla-spanskiva-vit\/","og_locale":"sv_SE","og_type":"article","og_title":"TRUUSK Moderna Vardagsrumsbord - Med L\u00e5dor och LED-lampor - \u00d6ppen Hylla - Sp\u00e5nskiva - Vit - TRUUSK - Hem, Tr\u00e4dg\u00e5rd &amp; Fritid","og_description":"TRUUSK soffbordet med tv\u00e5 dolda l\u00e5dor ger en stilfull ordning i ditt vardagsrum. Ovanp\u00e5 skapar levande LED-lampor en varm atmosf\u00e4r...","og_url":"https:\/\/truusk.store\/sv\/produkt\/truusk-moderna-vardagsrumsbord-med-lador-och-led-lampor-oppen-hylla-spanskiva-vit\/","og_site_name":"TRUUSK - Hem, Tr\u00e4dg\u00e5rd &amp; Fritid","article_modified_time":"2026-03-12T07:44:35+00:00","og_image":[{"width":2000,"height":2000,"url":"https:\/\/i0.wp.com\/truusk.se\/wp-content\/uploads\/2025\/07\/vardagsrumsbord-med-lador-och-led-lampor-modern-soffbord-med-oppen-hylla-soffbord-spanskiva-vit-1.webp?fit=2000%2C2000&ssl=1","type":"image\/webp"}],"twitter_card":"summary_large_image","twitter_misc":{"Ber\u00e4knad l\u00e4stid":"1 minut"},"schema":{"@context":"https:\/\/schema.org","@graph":[{"@type":"WebPage","@id":"https:\/\/truusk.store\/sv\/produkt\/truusk-moderna-vardagsrumsbord-med-lador-och-led-lampor-oppen-hylla-spanskiva-vit\/","url":"https:\/\/truusk.store\/sv\/produkt\/truusk-moderna-vardagsrumsbord-med-lador-och-led-lampor-oppen-hylla-spanskiva-vit\/","name":"TRUUSK Moderna Vardagsrumsbord - Med L\u00e5dor och LED-lampor - \u00d6ppen Hylla - Sp\u00e5nskiva - Vit - TRUUSK - Hem, Tr\u00e4dg\u00e5rd &amp; Fritid","isPartOf":{"@id":"https:\/\/truusk.store\/sv\/#website"},"primaryImageOfPage":{"@id":"https:\/\/truusk.store\/sv\/produkt\/truusk-moderna-vardagsrumsbord-med-lador-och-led-lampor-oppen-hylla-spanskiva-vit\/#primaryimage"},"image":{"@id":"https:\/\/truusk.store\/sv\/produkt\/truusk-moderna-vardagsrumsbord-med-lador-och-led-lampor-oppen-hylla-spanskiva-vit\/#primaryimage"},"thumbnailUrl":"https:\/\/i0.wp.com\/truusk.store\/wp-content\/uploads\/2025\/07\/vardagsrumsbord-med-lador-och-led-lampor-modern-soffbord-med-oppen-hylla-soffbord-spanskiva-vit-1.webp?fit=2000%2C2000&ssl=1","datePublished":"2025-07-22T04:01:55+00:00","dateModified":"2026-03-12T07:44:35+00:00","breadcrumb":{"@id":"https:\/\/truusk.store\/sv\/produkt\/truusk-moderna-vardagsrumsbord-med-lador-och-led-lampor-oppen-hylla-spanskiva-vit\/#breadcrumb"},"inLanguage":"sv-SE","potentialAction":[{"@type":"ReadAction","target":["https:\/\/truusk.store\/sv\/produkt\/truusk-moderna-vardagsrumsbord-med-lador-och-led-lampor-oppen-hylla-spanskiva-vit\/"]}]},{"@type":"ImageObject","inLanguage":"sv-SE","@id":"https:\/\/truusk.store\/sv\/produkt\/truusk-moderna-vardagsrumsbord-med-lador-och-led-lampor-oppen-hylla-spanskiva-vit\/#primaryimage","url":"https:\/\/i0.wp.com\/truusk.store\/wp-content\/uploads\/2025\/07\/vardagsrumsbord-med-lador-och-led-lampor-modern-soffbord-med-oppen-hylla-soffbord-spanskiva-vit-1.webp?fit=2000%2C2000&ssl=1","contentUrl":"https:\/\/i0.wp.com\/truusk.store\/wp-content\/uploads\/2025\/07\/vardagsrumsbord-med-lador-och-led-lampor-modern-soffbord-med-oppen-hylla-soffbord-spanskiva-vit-1.webp?fit=2000%2C2000&ssl=1","width":2000,"height":2000},{"@type":"BreadcrumbList","@id":"https:\/\/truusk.store\/sv\/produkt\/truusk-moderna-vardagsrumsbord-med-lador-och-led-lampor-oppen-hylla-spanskiva-vit\/#breadcrumb","itemListElement":[{"@type":"ListItem","position":1,"name":"Home","item":"https:\/\/truusk.store\/sv\/"},{"@type":"ListItem","position":2,"name":"Shop","item":"https:\/\/truusk.store\/shop\/"},{"@type":"ListItem","position":3,"name":"TRUUSK Moderna Vardagsrumsbord &#8211; Med L\u00e5dor och LED-lampor &#8211; \u00d6ppen Hylla &#8211; Sp\u00e5nskiva &#8211; Vit"}]},{"@type":"WebSite","@id":"https:\/\/truusk.store\/sv\/#website","url":"https:\/\/truusk.store\/sv\/","name":"TRUUSK - Hem, Tr\u00e4dg\u00e5rd & Fritid","description":"","publisher":{"@id":"https:\/\/truusk.store\/sv\/#organization"},"potentialAction":[{"@type":"SearchAction","target":{"@type":"EntryPoint","urlTemplate":"https:\/\/truusk.store\/sv\/?s={search_term_string}"},"query-input":{"@type":"PropertyValueSpecification","valueRequired":true,"valueName":"search_term_string"}}],"inLanguage":"sv-SE"},{"@type":"Organization","@id":"https:\/\/truusk.store\/sv\/#organization","name":"TRUUSK - Hem, Tr\u00e4dg\u00e5rd & Fritid","url":"https:\/\/truusk.store\/sv\/","logo":{"@type":"ImageObject","inLanguage":"sv-SE","@id":"https:\/\/truusk.store\/sv\/#\/schema\/logo\/image\/","url":"https:\/\/i0.wp.com\/truusk.store\/wp-content\/uploads\/2026\/03\/cropped-TRUUSK.png?fit=2032%2C917&ssl=1","contentUrl":"https:\/\/i0.wp.com\/truusk.store\/wp-content\/uploads\/2026\/03\/cropped-TRUUSK.png?fit=2032%2C917&ssl=1","width":2032,"height":917,"caption":"TRUUSK - Hem, Tr\u00e4dg\u00e5rd & Fritid"},"image":{"@id":"https:\/\/truusk.store\/sv\/#\/schema\/logo\/image\/"}}]}},"jetpack_sharing_enabled":true,"_links":{"self":[{"href":"https:\/\/truusk.store\/sv\/wp-json\/wp\/v2\/product\/84145","targetHints":{"allow":["GET"]}}],"collection":[{"href":"https:\/\/truusk.store\/sv\/wp-json\/wp\/v2\/product"}],"about":[{"href":"https:\/\/truusk.store\/sv\/wp-json\/wp\/v2\/types\/product"}],"wp:featuredmedia":[{"embeddable":true,"href":"https:\/\/truusk.store\/sv\/wp-json\/wp\/v2\/media\/84136"}],"wp:attachment":[{"href":"https:\/\/truusk.store\/sv\/wp-json\/wp\/v2\/media?parent=84145"}],"wp:term":[{"taxonomy":"product_brand","embeddable":true,"href":"https:\/\/truusk.store\/sv\/wp-json\/wp\/v2\/product_brand?post=84145"},{"taxonomy":"product_cat","embeddable":true,"href":"https:\/\/truusk.store\/sv\/wp-json\/wp\/v2\/product_cat?post=84145"},{"taxonomy":"product_tag","embeddable":true,"href":"https:\/\/truusk.store\/sv\/wp-json\/wp\/v2\/product_tag?post=84145"}],"curies":[{"name":"wp","href":"https:\/\/api.w.org\/{rel}","templated":true}]}}