{"id":84215,"date":"2025-07-22T05:08:31","date_gmt":"2025-07-22T04:08:31","guid":{"rendered":"https:\/\/truusk.store\/product\/2-sits-soffa-baddsoffa-omvandlingsbar-soffa-till-sang-justerbar-ryggstod-tygkladsel-metallram-gra\/"},"modified":"2026-03-12T08:44:51","modified_gmt":"2026-03-12T07:44:51","slug":"truusk-2-sits-soffa-baddsoffa-omvandlingsbar-till-sang-justerbar-ryggstod-tygkladsel-metallram-gra","status":"publish","type":"product","link":"https:\/\/truusk.store\/sv\/produkt\/truusk-2-sits-soffa-baddsoffa-omvandlingsbar-till-sang-justerbar-ryggstod-tygkladsel-metallram-gra\/","title":{"rendered":"TRUUSK 2-sits Soffa &#8211; B\u00e4ddsoffa &#8211; Omvandlingsbar Till S\u00e4ng &#8211; Justerbar Ryggst\u00f6d &#8211; Tygkl\u00e4dsel &#8211; Metallram &#8211; Gr\u00e5"},"content":{"rendered":"<p>Detta eleganta 2-sitssoffa kan enkelt omvandlas till en bekv\u00e4m b\u00e4ddsoffa med en enkel klick-klack-mekanism. Den femst\u00e4lliga justerbara ryggst\u00f6det g\u00f6r det m\u00f6jligt att ligga avslappnat i alla positioner. Den h\u00f6gdensitets skumstoppade sitsen och den sammetsmjuka tyget p\u00e5 b\u00e4ddsoffan garanterar l\u00e5ngvarig komfort. \u00c4ven l\u00e4mplig f\u00f6r sm\u00e5 utrymmen och idealisk som g\u00e4sts\u00e4ng.<\/p>\n<p>Beskrivning:<\/p>\n<ul>\n<li> Klick-klack-mekanismen omvandlar enkelt b\u00e4ddsoffan till en chaiselong eller en s\u00e4ng<\/li>\n<li> Fem lutningsinst\u00e4llningar upp till 180\u00b0 f\u00f6r individuell komfort<\/li>\n<li> 21 cm tjock sits p\u00e5 b\u00e4ddsoffan med h\u00f6gdensitetsskum<\/li>\n<li> Hudv\u00e4nligt, mjukt tyg och tv\u00e5 kuddar<\/li>\n<li> Stabil metallram och tr\u00e4ben med justerbara fotdynor ger robust st\u00f6d<\/li>\n<li> Idealisk f\u00f6r sm\u00e5 utrymmen<\/li>\n<li> Montering kr\u00e4vs<\/li>\n<\/ul>\n<p> Tekniska data:<\/p>\n<ul>\n<li> F\u00e4rg: M\u00f6rkgr\u00e5<\/li>\n<li> Material: Sammetliknande tyg (100 % polyester), skum, metall, massivt tr\u00e4<\/li>\n<li> Stolm\u00e5tt: 120B x 75D x 87H cm<\/li>\n<li> S\u00e4ngm\u00e5tt: 190L x 120B x 28H cm<\/li>\n<li> Sitsstorlek: 120B x 60D cm<\/li>\n<li> Sitth\u00f6jd: 37 cm<\/li>\n<li> Ryggstorlek: 120B x 46H cm<\/li>\n<li> Kuddm\u00e5tt: 58L x 32B x 10D cm<\/li>\n<li> Tjocklek: 21 cm (sits), 10 cm (rygg)<\/li>\n<li> Belastningskapacitet: 220 kg<\/li>\n<\/ul>\n<p>Leveransinneh\u00e5ll:<\/p>\n<ul>\n<li> 1 x 2-sits b\u00e4ddsoffa<\/li>\n<li> 2 x kuddar<\/li>\n<li> 1 x handbok<\/li>\n<\/ul>\n","protected":false},"excerpt":{"rendered":"<p>Detta eleganta 2-sitssoffa kan enkelt omvandlas till en bekv\u00e4m b\u00e4ddsoffa med en enkel klick-klack-mekanism. Den femst\u00e4lliga justerbara ryggst\u00f6det g\u00f6r det&#8230;<\/p>\n","protected":false},"featured_media":84206,"template":"","meta":[],"product_brand":[],"product_cat":[871,943,937,910],"product_tag":[],"class_list":{"0":"post-84215","1":"product","2":"type-product","3":"status-publish","4":"has-post-thumbnail","6":"product_cat-hus-hem","7":"product_cat-schlafsofas","8":"product_cat-soffor","9":"product_cat-vardagsrum","11":"first","12":"instock","13":"sale","14":"taxable","15":"shipping-taxable","16":"purchasable","17":"product-type-simple"},"yoast_head":"<!-- This site is optimized with the Yoast SEO plugin v25.4 - https:\/\/yoast.com\/wordpress\/plugins\/seo\/ -->\n<title>TRUUSK 2-sits Soffa - B\u00e4ddsoffa - Omvandlingsbar Till S\u00e4ng - Justerbar Ryggst\u00f6d - Tygkl\u00e4dsel - Metallram - Gr\u00e5 - TRUUSK - Hem, Tr\u00e4dg\u00e5rd &amp; Fritid<\/title>\n<meta name=\"robots\" content=\"index, follow, max-snippet:-1, max-image-preview:large, max-video-preview:-1\" \/>\n<link rel=\"canonical\" href=\"https:\/\/truusk.store\/sv\/produkt\/truusk-2-sits-soffa-baddsoffa-omvandlingsbar-till-sang-justerbar-ryggstod-tygkladsel-metallram-gra\/\" \/>\n<meta property=\"og:locale\" content=\"sv_SE\" \/>\n<meta property=\"og:type\" content=\"article\" \/>\n<meta property=\"og:title\" content=\"TRUUSK 2-sits Soffa - B\u00e4ddsoffa - Omvandlingsbar Till S\u00e4ng - Justerbar Ryggst\u00f6d - Tygkl\u00e4dsel - Metallram - Gr\u00e5 - TRUUSK - Hem, Tr\u00e4dg\u00e5rd &amp; Fritid\" \/>\n<meta property=\"og:description\" content=\"Detta eleganta 2-sitssoffa kan enkelt omvandlas till en bekv\u00e4m b\u00e4ddsoffa med en enkel klick-klack-mekanism. Den femst\u00e4lliga justerbara ryggst\u00f6det g\u00f6r det...\" \/>\n<meta property=\"og:url\" content=\"https:\/\/truusk.store\/sv\/produkt\/truusk-2-sits-soffa-baddsoffa-omvandlingsbar-till-sang-justerbar-ryggstod-tygkladsel-metallram-gra\/\" \/>\n<meta property=\"og:site_name\" content=\"TRUUSK - Hem, Tr\u00e4dg\u00e5rd &amp; Fritid\" \/>\n<meta property=\"article:modified_time\" content=\"2026-03-12T07:44:51+00:00\" \/>\n<meta property=\"og:image\" content=\"https:\/\/i0.wp.com\/truusk.se\/wp-content\/uploads\/2025\/07\/2-sits-soffa-baddsoffa-omvandlingsbar-soffa-till-sang-justerbar-ryggstod-tygkladsel-metallram-gra-1.webp?fit=2000%2C2000&ssl=1\" \/>\n\t<meta property=\"og:image:width\" content=\"2000\" \/>\n\t<meta property=\"og:image:height\" content=\"2000\" \/>\n\t<meta property=\"og:image:type\" content=\"image\/webp\" \/>\n<meta name=\"twitter:card\" content=\"summary_large_image\" \/>\n<meta name=\"twitter:label1\" content=\"Ber\u00e4knad l\u00e4stid\" \/>\n\t<meta name=\"twitter:data1\" content=\"1 minut\" \/>\n<!-- \/ Yoast SEO plugin. -->","yoast_head_json":{"title":"TRUUSK 2-sits Soffa - B\u00e4ddsoffa - Omvandlingsbar Till S\u00e4ng - Justerbar Ryggst\u00f6d - Tygkl\u00e4dsel - Metallram - Gr\u00e5 - TRUUSK - Hem, Tr\u00e4dg\u00e5rd &amp; Fritid","robots":{"index":"index","follow":"follow","max-snippet":"max-snippet:-1","max-image-preview":"max-image-preview:large","max-video-preview":"max-video-preview:-1"},"canonical":"https:\/\/truusk.store\/sv\/produkt\/truusk-2-sits-soffa-baddsoffa-omvandlingsbar-till-sang-justerbar-ryggstod-tygkladsel-metallram-gra\/","og_locale":"sv_SE","og_type":"article","og_title":"TRUUSK 2-sits Soffa - B\u00e4ddsoffa - Omvandlingsbar Till S\u00e4ng - Justerbar Ryggst\u00f6d - Tygkl\u00e4dsel - Metallram - Gr\u00e5 - TRUUSK - Hem, Tr\u00e4dg\u00e5rd &amp; Fritid","og_description":"Detta eleganta 2-sitssoffa kan enkelt omvandlas till en bekv\u00e4m b\u00e4ddsoffa med en enkel klick-klack-mekanism. Den femst\u00e4lliga justerbara ryggst\u00f6det g\u00f6r det...","og_url":"https:\/\/truusk.store\/sv\/produkt\/truusk-2-sits-soffa-baddsoffa-omvandlingsbar-till-sang-justerbar-ryggstod-tygkladsel-metallram-gra\/","og_site_name":"TRUUSK - Hem, Tr\u00e4dg\u00e5rd &amp; Fritid","article_modified_time":"2026-03-12T07:44:51+00:00","og_image":[{"width":2000,"height":2000,"url":"https:\/\/i0.wp.com\/truusk.se\/wp-content\/uploads\/2025\/07\/2-sits-soffa-baddsoffa-omvandlingsbar-soffa-till-sang-justerbar-ryggstod-tygkladsel-metallram-gra-1.webp?fit=2000%2C2000&ssl=1","type":"image\/webp"}],"twitter_card":"summary_large_image","twitter_misc":{"Ber\u00e4knad l\u00e4stid":"1 minut"},"schema":{"@context":"https:\/\/schema.org","@graph":[{"@type":"WebPage","@id":"https:\/\/truusk.store\/sv\/produkt\/truusk-2-sits-soffa-baddsoffa-omvandlingsbar-till-sang-justerbar-ryggstod-tygkladsel-metallram-gra\/","url":"https:\/\/truusk.store\/sv\/produkt\/truusk-2-sits-soffa-baddsoffa-omvandlingsbar-till-sang-justerbar-ryggstod-tygkladsel-metallram-gra\/","name":"TRUUSK 2-sits Soffa - B\u00e4ddsoffa - Omvandlingsbar Till S\u00e4ng - Justerbar Ryggst\u00f6d - Tygkl\u00e4dsel - Metallram - Gr\u00e5 - TRUUSK - Hem, Tr\u00e4dg\u00e5rd &amp; Fritid","isPartOf":{"@id":"https:\/\/truusk.store\/sv\/#website"},"primaryImageOfPage":{"@id":"https:\/\/truusk.store\/sv\/produkt\/truusk-2-sits-soffa-baddsoffa-omvandlingsbar-till-sang-justerbar-ryggstod-tygkladsel-metallram-gra\/#primaryimage"},"image":{"@id":"https:\/\/truusk.store\/sv\/produkt\/truusk-2-sits-soffa-baddsoffa-omvandlingsbar-till-sang-justerbar-ryggstod-tygkladsel-metallram-gra\/#primaryimage"},"thumbnailUrl":"https:\/\/i0.wp.com\/truusk.store\/wp-content\/uploads\/2025\/07\/2-sits-soffa-baddsoffa-omvandlingsbar-soffa-till-sang-justerbar-ryggstod-tygkladsel-metallram-gra-1.webp?fit=2000%2C2000&ssl=1","datePublished":"2025-07-22T04:08:31+00:00","dateModified":"2026-03-12T07:44:51+00:00","breadcrumb":{"@id":"https:\/\/truusk.store\/sv\/produkt\/truusk-2-sits-soffa-baddsoffa-omvandlingsbar-till-sang-justerbar-ryggstod-tygkladsel-metallram-gra\/#breadcrumb"},"inLanguage":"sv-SE","potentialAction":[{"@type":"ReadAction","target":["https:\/\/truusk.store\/sv\/produkt\/truusk-2-sits-soffa-baddsoffa-omvandlingsbar-till-sang-justerbar-ryggstod-tygkladsel-metallram-gra\/"]}]},{"@type":"ImageObject","inLanguage":"sv-SE","@id":"https:\/\/truusk.store\/sv\/produkt\/truusk-2-sits-soffa-baddsoffa-omvandlingsbar-till-sang-justerbar-ryggstod-tygkladsel-metallram-gra\/#primaryimage","url":"https:\/\/i0.wp.com\/truusk.store\/wp-content\/uploads\/2025\/07\/2-sits-soffa-baddsoffa-omvandlingsbar-soffa-till-sang-justerbar-ryggstod-tygkladsel-metallram-gra-1.webp?fit=2000%2C2000&ssl=1","contentUrl":"https:\/\/i0.wp.com\/truusk.store\/wp-content\/uploads\/2025\/07\/2-sits-soffa-baddsoffa-omvandlingsbar-soffa-till-sang-justerbar-ryggstod-tygkladsel-metallram-gra-1.webp?fit=2000%2C2000&ssl=1","width":2000,"height":2000},{"@type":"BreadcrumbList","@id":"https:\/\/truusk.store\/sv\/produkt\/truusk-2-sits-soffa-baddsoffa-omvandlingsbar-till-sang-justerbar-ryggstod-tygkladsel-metallram-gra\/#breadcrumb","itemListElement":[{"@type":"ListItem","position":1,"name":"Home","item":"https:\/\/truusk.store\/sv\/"},{"@type":"ListItem","position":2,"name":"Shop","item":"https:\/\/truusk.store\/shop\/"},{"@type":"ListItem","position":3,"name":"TRUUSK 2-sits Soffa &#8211; B\u00e4ddsoffa &#8211; Omvandlingsbar Till S\u00e4ng &#8211; Justerbar Ryggst\u00f6d &#8211; Tygkl\u00e4dsel &#8211; Metallram &#8211; Gr\u00e5"}]},{"@type":"WebSite","@id":"https:\/\/truusk.store\/sv\/#website","url":"https:\/\/truusk.store\/sv\/","name":"TRUUSK - Hem, Tr\u00e4dg\u00e5rd & Fritid","description":"","publisher":{"@id":"https:\/\/truusk.store\/sv\/#organization"},"potentialAction":[{"@type":"SearchAction","target":{"@type":"EntryPoint","urlTemplate":"https:\/\/truusk.store\/sv\/?s={search_term_string}"},"query-input":{"@type":"PropertyValueSpecification","valueRequired":true,"valueName":"search_term_string"}}],"inLanguage":"sv-SE"},{"@type":"Organization","@id":"https:\/\/truusk.store\/sv\/#organization","name":"TRUUSK - Hem, Tr\u00e4dg\u00e5rd & Fritid","url":"https:\/\/truusk.store\/sv\/","logo":{"@type":"ImageObject","inLanguage":"sv-SE","@id":"https:\/\/truusk.store\/sv\/#\/schema\/logo\/image\/","url":"https:\/\/i0.wp.com\/truusk.store\/wp-content\/uploads\/2026\/03\/cropped-TRUUSK.png?fit=2032%2C917&ssl=1","contentUrl":"https:\/\/i0.wp.com\/truusk.store\/wp-content\/uploads\/2026\/03\/cropped-TRUUSK.png?fit=2032%2C917&ssl=1","width":2032,"height":917,"caption":"TRUUSK - Hem, Tr\u00e4dg\u00e5rd & Fritid"},"image":{"@id":"https:\/\/truusk.store\/sv\/#\/schema\/logo\/image\/"}}]}},"jetpack_sharing_enabled":true,"_links":{"self":[{"href":"https:\/\/truusk.store\/sv\/wp-json\/wp\/v2\/product\/84215","targetHints":{"allow":["GET"]}}],"collection":[{"href":"https:\/\/truusk.store\/sv\/wp-json\/wp\/v2\/product"}],"about":[{"href":"https:\/\/truusk.store\/sv\/wp-json\/wp\/v2\/types\/product"}],"wp:featuredmedia":[{"embeddable":true,"href":"https:\/\/truusk.store\/sv\/wp-json\/wp\/v2\/media\/84206"}],"wp:attachment":[{"href":"https:\/\/truusk.store\/sv\/wp-json\/wp\/v2\/media?parent=84215"}],"wp:term":[{"taxonomy":"product_brand","embeddable":true,"href":"https:\/\/truusk.store\/sv\/wp-json\/wp\/v2\/product_brand?post=84215"},{"taxonomy":"product_cat","embeddable":true,"href":"https:\/\/truusk.store\/sv\/wp-json\/wp\/v2\/product_cat?post=84215"},{"taxonomy":"product_tag","embeddable":true,"href":"https:\/\/truusk.store\/sv\/wp-json\/wp\/v2\/product_tag?post=84215"}],"curies":[{"name":"wp","href":"https:\/\/api.w.org\/{rel}","templated":true}]}}