{"id":8423,"date":"2024-02-13T09:18:24","date_gmt":"2024-02-13T08:18:24","guid":{"rendered":"https:\/\/truusk.store\/product\/tornflakt-med-fjarrkontroll-85-oscillerande-stativflakt-110-cm-kolumnflakt-50-w-3-lagen-3-hastigheter-pe-plast-stal-vit\/"},"modified":"2026-03-12T08:55:47","modified_gmt":"2026-03-12T07:55:47","slug":"truusk-stativflakt-med-fjarrkontroll-3-hastigheter-110-cm-vit-oscillerande-50w-pe-plast-stal","status":"publish","type":"product","link":"https:\/\/truusk.store\/sv\/produkt\/truusk-stativflakt-med-fjarrkontroll-3-hastigheter-110-cm-vit-oscillerande-50w-pe-plast-stal\/","title":{"rendered":"TRUUSK Stativfl\u00e4kt med Fj\u00e4rrkontroll &#8211; 3 Hastigheter &#8211; 110 cm &#8211; Vit &#8211; Oscillerande &#8211; 50W &#8211; PE Plast &amp; St\u00e5l"},"content":{"rendered":"<p>Denna fl\u00e4kt \u00e4r l\u00e4tt att anv\u00e4nda och det perfekta tillskottet till ditt hem och kontor. Piedestalfl\u00e4kten har 3 variabla hastighetsinst\u00e4llningar och 3 l\u00e4gen f\u00f6r att m\u00f6ta olika kylbehov. 85 graders oscillationsfunktionen riktar luftfl\u00f6det precis dit du beh\u00f6ver det. Den 12 timmar l\u00e5nga k\u00f6rtiden ger dig en svalkande bris samtidigt som du sparar energi. LED-displayen och fj\u00e4rrkontrollen g\u00f6r hanteringen enklare.<\/p>\n<h3>Beskrivning:<\/h3>\n<ul>\n<li>Frist\u00e5ende tornfl\u00e4kt i modern utseende passar i vardagsrum, sovrum, kontor<\/li>\n<li>Har 3 l\u00e4gen (Normal, Natural, Sleep) och 3 hastigheter (H\u00f6g, Medium, L\u00e5g)<\/li>\n<li>85 graders oscillationsfunktion riktar luftfl\u00f6det precis dit du beh\u00f6ver det<\/li>\n<li>12-timmarstimern l\u00e5ter dig planera kylcykeln samtidigt som du sparar energi<\/li>\n<li>LED-display visar hastighetsinst\u00e4llning, fl\u00e4ktl\u00e4ge, timer och inomhustemperatur<\/li>\n<li>Justera din fl\u00e4ktinst\u00e4llning med fj\u00e4rrkontrollen inom 3m<\/li>\n<li>Robust bas ger ett s\u00e4kert stativ<\/li>\n<li>Montering kr\u00e4vs<\/li>\n<\/ul>\n<h3>Teknisk data:<\/h3>\n<ul>\n<li>F\u00e4rg vit<\/li>\n<li>Material: PE-plast, st\u00e5l<\/li>\n<li>Totala m\u00e5tt: 30 x 110H cm<\/li>\n<li>Huvudkroppens storlek: 14,5W x 13,3D cm<\/li>\n<li>Basstorlek: 30 cm<\/li>\n<li>N\u00e4tsladdl\u00e4ngd: 1,5 m<\/li>\n<li>Sp\u00e4nning: 220-240V\/50HZ<\/li>\n<li>Effekt: 50W<\/li>\n<li>Certifiering: CE-EMC, LVD, RoHS<\/li>\n<li>Artikelnummer: 824-022<\/li>\n<\/ul>\n<h3>Leveransens omfattning:<\/h3>\n<ul>\n<li>1 x tornfl\u00e4kt<\/li>\n<li>1 x Fj\u00e4rrkontroll<\/li>\n<li>1 x Instruktioner<\/li>\n<\/ul>\n","protected":false},"excerpt":{"rendered":"<p>Denna fl\u00e4kt \u00e4r l\u00e4tt att anv\u00e4nda och det perfekta tillskottet till ditt hem och kontor. Piedestalfl\u00e4kten har 3 variabla hastighetsinst\u00e4llningar&#8230;<\/p>\n","protected":false},"featured_media":8424,"template":"","meta":[],"product_brand":[],"product_cat":[697,671,696],"product_tag":[],"class_list":{"0":"post-8423","1":"product","2":"type-product","3":"status-publish","4":"has-post-thumbnail","6":"product_cat-flaktar-och-luftkonditioneringsapparater","7":"product_cat-jarnaffar","8":"product_cat-luftkonditionering-och-flaktar","10":"first","11":"instock","12":"sale","13":"taxable","14":"shipping-taxable","15":"purchasable","16":"product-type-simple"},"yoast_head":"<!-- This site is optimized with the Yoast SEO plugin v25.4 - https:\/\/yoast.com\/wordpress\/plugins\/seo\/ -->\n<title>TRUUSK Stativfl\u00e4kt med Fj\u00e4rrkontroll - 3 Hastigheter - 110 cm - Vit - Oscillerande - 50W - PE Plast &amp; St\u00e5l - TRUUSK - Hem, Tr\u00e4dg\u00e5rd &amp; Fritid<\/title>\n<meta name=\"robots\" content=\"index, follow, max-snippet:-1, max-image-preview:large, max-video-preview:-1\" \/>\n<link rel=\"canonical\" href=\"https:\/\/truusk.store\/sv\/produkt\/truusk-stativflakt-med-fjarrkontroll-3-hastigheter-110-cm-vit-oscillerande-50w-pe-plast-stal\/\" \/>\n<meta property=\"og:locale\" content=\"sv_SE\" \/>\n<meta property=\"og:type\" content=\"article\" \/>\n<meta property=\"og:title\" content=\"TRUUSK Stativfl\u00e4kt med Fj\u00e4rrkontroll - 3 Hastigheter - 110 cm - Vit - Oscillerande - 50W - PE Plast &amp; St\u00e5l - TRUUSK - Hem, Tr\u00e4dg\u00e5rd &amp; Fritid\" \/>\n<meta property=\"og:description\" content=\"Denna fl\u00e4kt \u00e4r l\u00e4tt att anv\u00e4nda och det perfekta tillskottet till ditt hem och kontor. Piedestalfl\u00e4kten har 3 variabla hastighetsinst\u00e4llningar...\" \/>\n<meta property=\"og:url\" content=\"https:\/\/truusk.store\/sv\/produkt\/truusk-stativflakt-med-fjarrkontroll-3-hastigheter-110-cm-vit-oscillerande-50w-pe-plast-stal\/\" \/>\n<meta property=\"og:site_name\" content=\"TRUUSK - Hem, Tr\u00e4dg\u00e5rd &amp; Fritid\" \/>\n<meta property=\"article:modified_time\" content=\"2026-03-12T07:55:47+00:00\" \/>\n<meta property=\"og:image\" content=\"https:\/\/i0.wp.com\/truusk.se\/wp-content\/uploads\/2024\/02\/tornflakt-med-fjarrkontroll-85-oscillerande-stativflakt-110-cm-kolumnflakt-50-w-3-lagen-3-hastigheter-pe-plast-stal-vit.webp?fit=800%2C800&ssl=1\" \/>\n\t<meta property=\"og:image:width\" content=\"800\" \/>\n\t<meta property=\"og:image:height\" content=\"800\" \/>\n\t<meta property=\"og:image:type\" content=\"image\/webp\" \/>\n<meta name=\"twitter:card\" content=\"summary_large_image\" \/>\n<meta name=\"twitter:label1\" content=\"Ber\u00e4knad l\u00e4stid\" \/>\n\t<meta name=\"twitter:data1\" content=\"1 minut\" \/>\n<!-- \/ Yoast SEO plugin. -->","yoast_head_json":{"title":"TRUUSK Stativfl\u00e4kt med Fj\u00e4rrkontroll - 3 Hastigheter - 110 cm - Vit - Oscillerande - 50W - PE Plast &amp; St\u00e5l - TRUUSK - Hem, Tr\u00e4dg\u00e5rd &amp; Fritid","robots":{"index":"index","follow":"follow","max-snippet":"max-snippet:-1","max-image-preview":"max-image-preview:large","max-video-preview":"max-video-preview:-1"},"canonical":"https:\/\/truusk.store\/sv\/produkt\/truusk-stativflakt-med-fjarrkontroll-3-hastigheter-110-cm-vit-oscillerande-50w-pe-plast-stal\/","og_locale":"sv_SE","og_type":"article","og_title":"TRUUSK Stativfl\u00e4kt med Fj\u00e4rrkontroll - 3 Hastigheter - 110 cm - Vit - Oscillerande - 50W - PE Plast &amp; St\u00e5l - TRUUSK - Hem, Tr\u00e4dg\u00e5rd &amp; Fritid","og_description":"Denna fl\u00e4kt \u00e4r l\u00e4tt att anv\u00e4nda och det perfekta tillskottet till ditt hem och kontor. Piedestalfl\u00e4kten har 3 variabla hastighetsinst\u00e4llningar...","og_url":"https:\/\/truusk.store\/sv\/produkt\/truusk-stativflakt-med-fjarrkontroll-3-hastigheter-110-cm-vit-oscillerande-50w-pe-plast-stal\/","og_site_name":"TRUUSK - Hem, Tr\u00e4dg\u00e5rd &amp; Fritid","article_modified_time":"2026-03-12T07:55:47+00:00","og_image":[{"width":800,"height":800,"url":"https:\/\/i0.wp.com\/truusk.se\/wp-content\/uploads\/2024\/02\/tornflakt-med-fjarrkontroll-85-oscillerande-stativflakt-110-cm-kolumnflakt-50-w-3-lagen-3-hastigheter-pe-plast-stal-vit.webp?fit=800%2C800&ssl=1","type":"image\/webp"}],"twitter_card":"summary_large_image","twitter_misc":{"Ber\u00e4knad l\u00e4stid":"1 minut"},"schema":{"@context":"https:\/\/schema.org","@graph":[{"@type":"WebPage","@id":"https:\/\/truusk.store\/sv\/produkt\/truusk-stativflakt-med-fjarrkontroll-3-hastigheter-110-cm-vit-oscillerande-50w-pe-plast-stal\/","url":"https:\/\/truusk.store\/sv\/produkt\/truusk-stativflakt-med-fjarrkontroll-3-hastigheter-110-cm-vit-oscillerande-50w-pe-plast-stal\/","name":"TRUUSK Stativfl\u00e4kt med Fj\u00e4rrkontroll - 3 Hastigheter - 110 cm - Vit - Oscillerande - 50W - PE Plast &amp; St\u00e5l - TRUUSK - Hem, Tr\u00e4dg\u00e5rd &amp; Fritid","isPartOf":{"@id":"https:\/\/truusk.store\/sv\/#website"},"primaryImageOfPage":{"@id":"https:\/\/truusk.store\/sv\/produkt\/truusk-stativflakt-med-fjarrkontroll-3-hastigheter-110-cm-vit-oscillerande-50w-pe-plast-stal\/#primaryimage"},"image":{"@id":"https:\/\/truusk.store\/sv\/produkt\/truusk-stativflakt-med-fjarrkontroll-3-hastigheter-110-cm-vit-oscillerande-50w-pe-plast-stal\/#primaryimage"},"thumbnailUrl":"https:\/\/i0.wp.com\/truusk.store\/wp-content\/uploads\/2024\/02\/tornflakt-med-fjarrkontroll-85-oscillerande-stativflakt-110-cm-kolumnflakt-50-w-3-lagen-3-hastigheter-pe-plast-stal-vit.webp?fit=800%2C800&ssl=1","datePublished":"2024-02-13T08:18:24+00:00","dateModified":"2026-03-12T07:55:47+00:00","breadcrumb":{"@id":"https:\/\/truusk.store\/sv\/produkt\/truusk-stativflakt-med-fjarrkontroll-3-hastigheter-110-cm-vit-oscillerande-50w-pe-plast-stal\/#breadcrumb"},"inLanguage":"sv-SE","potentialAction":[{"@type":"ReadAction","target":["https:\/\/truusk.store\/sv\/produkt\/truusk-stativflakt-med-fjarrkontroll-3-hastigheter-110-cm-vit-oscillerande-50w-pe-plast-stal\/"]}]},{"@type":"ImageObject","inLanguage":"sv-SE","@id":"https:\/\/truusk.store\/sv\/produkt\/truusk-stativflakt-med-fjarrkontroll-3-hastigheter-110-cm-vit-oscillerande-50w-pe-plast-stal\/#primaryimage","url":"https:\/\/i0.wp.com\/truusk.store\/wp-content\/uploads\/2024\/02\/tornflakt-med-fjarrkontroll-85-oscillerande-stativflakt-110-cm-kolumnflakt-50-w-3-lagen-3-hastigheter-pe-plast-stal-vit.webp?fit=800%2C800&ssl=1","contentUrl":"https:\/\/i0.wp.com\/truusk.store\/wp-content\/uploads\/2024\/02\/tornflakt-med-fjarrkontroll-85-oscillerande-stativflakt-110-cm-kolumnflakt-50-w-3-lagen-3-hastigheter-pe-plast-stal-vit.webp?fit=800%2C800&ssl=1","width":800,"height":800,"caption":"Tornfl\u00e4kt Med Fj\u00e4rrkontroll 85 Oscillerande Stativfl\u00e4kt 110 Cm Kolumnfl\u00e4kt 50 W 3 L\u00e4gen & 3 Hastigheter PE Plast St\u00e5l Vit 1"},{"@type":"BreadcrumbList","@id":"https:\/\/truusk.store\/sv\/produkt\/truusk-stativflakt-med-fjarrkontroll-3-hastigheter-110-cm-vit-oscillerande-50w-pe-plast-stal\/#breadcrumb","itemListElement":[{"@type":"ListItem","position":1,"name":"Home","item":"https:\/\/truusk.store\/sv\/"},{"@type":"ListItem","position":2,"name":"Shop","item":"https:\/\/truusk.store\/shop\/"},{"@type":"ListItem","position":3,"name":"TRUUSK Stativfl\u00e4kt med Fj\u00e4rrkontroll &#8211; 3 Hastigheter &#8211; 110 cm &#8211; Vit &#8211; Oscillerande &#8211; 50W &#8211; PE Plast &amp; St\u00e5l"}]},{"@type":"WebSite","@id":"https:\/\/truusk.store\/sv\/#website","url":"https:\/\/truusk.store\/sv\/","name":"TRUUSK - Hem, Tr\u00e4dg\u00e5rd & Fritid","description":"","publisher":{"@id":"https:\/\/truusk.store\/sv\/#organization"},"potentialAction":[{"@type":"SearchAction","target":{"@type":"EntryPoint","urlTemplate":"https:\/\/truusk.store\/sv\/?s={search_term_string}"},"query-input":{"@type":"PropertyValueSpecification","valueRequired":true,"valueName":"search_term_string"}}],"inLanguage":"sv-SE"},{"@type":"Organization","@id":"https:\/\/truusk.store\/sv\/#organization","name":"TRUUSK - Hem, Tr\u00e4dg\u00e5rd & Fritid","url":"https:\/\/truusk.store\/sv\/","logo":{"@type":"ImageObject","inLanguage":"sv-SE","@id":"https:\/\/truusk.store\/sv\/#\/schema\/logo\/image\/","url":"https:\/\/i0.wp.com\/truusk.store\/wp-content\/uploads\/2026\/03\/cropped-TRUUSK.png?fit=2032%2C917&ssl=1","contentUrl":"https:\/\/i0.wp.com\/truusk.store\/wp-content\/uploads\/2026\/03\/cropped-TRUUSK.png?fit=2032%2C917&ssl=1","width":2032,"height":917,"caption":"TRUUSK - Hem, Tr\u00e4dg\u00e5rd & Fritid"},"image":{"@id":"https:\/\/truusk.store\/sv\/#\/schema\/logo\/image\/"}}]}},"jetpack_sharing_enabled":true,"_links":{"self":[{"href":"https:\/\/truusk.store\/sv\/wp-json\/wp\/v2\/product\/8423","targetHints":{"allow":["GET"]}}],"collection":[{"href":"https:\/\/truusk.store\/sv\/wp-json\/wp\/v2\/product"}],"about":[{"href":"https:\/\/truusk.store\/sv\/wp-json\/wp\/v2\/types\/product"}],"wp:featuredmedia":[{"embeddable":true,"href":"https:\/\/truusk.store\/sv\/wp-json\/wp\/v2\/media\/8424"}],"wp:attachment":[{"href":"https:\/\/truusk.store\/sv\/wp-json\/wp\/v2\/media?parent=8423"}],"wp:term":[{"taxonomy":"product_brand","embeddable":true,"href":"https:\/\/truusk.store\/sv\/wp-json\/wp\/v2\/product_brand?post=8423"},{"taxonomy":"product_cat","embeddable":true,"href":"https:\/\/truusk.store\/sv\/wp-json\/wp\/v2\/product_cat?post=8423"},{"taxonomy":"product_tag","embeddable":true,"href":"https:\/\/truusk.store\/sv\/wp-json\/wp\/v2\/product_tag?post=8423"}],"curies":[{"name":"wp","href":"https:\/\/api.w.org\/{rel}","templated":true}]}}