{"id":84275,"date":"2025-07-22T05:14:37","date_gmt":"2025-07-22T04:14:37","guid":{"rendered":"https:\/\/truusk.store\/product\/3-i-1-sminkbord-med-spegel-nattduksbord-rullpall-lador-vit\/"},"modified":"2026-03-12T08:45:21","modified_gmt":"2026-03-12T07:45:21","slug":"truusk-sminkbord-med-spegel-nattduksbord-rullpall-lador-vit","status":"publish","type":"product","link":"https:\/\/truusk.store\/sv\/produkt\/truusk-sminkbord-med-spegel-nattduksbord-rullpall-lador-vit\/","title":{"rendered":"TRUUSK Sminkbord med Spegel &#8211; Nattduksbord &#8211; Rullpall &#8211; L\u00e5dor &#8211; Vit"},"content":{"rendered":"<p>Uppt\u00e4ck m\u00e5ngsidigheten hos TRUUSK 3-i-1-sminkbordet, som kombinerar sminkbord, nattduksbord och pall i en kompakt design. Njut av bekv\u00e4mligheten med en uppf\u00e4llbar spegel som f\u00f6rvandlas fr\u00e5n sminkbord till nattduksbord med gott om f\u00f6rvaringsutrymme. Njut av bekv\u00e4mligheten med en vadderad pall med hjul som l\u00e4tt kan f\u00f6rvaras och optimerar ditt utrymme med detta elegant designade fris\u00f6rbord.<\/p>\n<p>Beskrivning:<\/p>\n<ul>\n<li> Tre-i-ett-design fungerar som sminkbord, nattduksbord och pall<\/li>\n<li> Den uppf\u00e4llbara spegeln f\u00f6rvandlas mellan sminkbord och nattduksbord<\/li>\n<li> Vadderad pall med hjul \u00f6kar komforten och r\u00f6rligheten<\/li>\n<li> Pallen passar under bordet f\u00f6r att spara utrymme<\/li>\n<li> Uppf\u00e4llbar organisat\u00f6r och l\u00e5dor ger gott om f\u00f6rvaringsutrymme<\/li>\n<li> Glasplatta underl\u00e4ttar snabb hittning av kosmetika eller smycken, sidohake f\u00f6r att h\u00e4nga kl\u00e4der eller v\u00e4skor<\/li>\n<li> Kipps\u00e4kert design s\u00e5 att det inte faller omkull<\/li>\n<li> Tv\u00e5 personer kan enkelt montera det inom 30 minuter<\/li>\n<\/ul>\n<p> Tekniska data:<\/p>\n<ul>\n<li> F\u00e4rg: Vit<\/li>\n<li> Material: MDF, glas, linne (100% polyester)<\/li>\n<li> Totala dimensioner: 48B x 40T x 90H cm<\/li>\n<li> Spegeldimensioner: 40B x 33H cm<\/li>\n<li> Inre m\u00e5tt p\u00e5 l\u00e5dor: 38,5B x 40,5T x 8,5H cm (\u00f6vre), 37,5B x 28,5T x 8,5H cm (nedre)<\/li>\n<li> Pallens dimensioner: 48B x 34T x 50H cm<\/li>\n<li> Kuddens dimensioner: 44B x 31,5T x 4H cm<\/li>\n<li> Benomr\u00e5de: 45,5B x 38T x 50H cm<\/li>\n<li> Belastningskapacitet: 140 kg (pall), 25 kg (bordplatta), 5 kg (l\u00e5da)<\/li>\n<\/ul>\n<p>Leverans inneh\u00e5ller:<\/p>\n<ul>\n<li> 1 x sminkbordssats<\/li>\n<li> 1 x bruksanvisning<\/li>\n<\/ul>\n","protected":false},"excerpt":{"rendered":"<p>Uppt\u00e4ck m\u00e5ngsidigheten hos TRUUSK 3-i-1-sminkbordet, som kombinerar sminkbord, nattduksbord och pall i en kompakt design. Njut av bekv\u00e4mligheten med en&#8230;<\/p>\n","protected":false},"featured_media":84266,"template":"","meta":[],"product_brand":[],"product_cat":[871,504,897],"product_tag":[],"class_list":{"0":"post-84275","1":"product","2":"type-product","3":"status-publish","4":"has-post-thumbnail","6":"product_cat-hus-hem","7":"product_cat-sminkbord-speglar","8":"product_cat-sovrum","10":"first","11":"instock","12":"sale","13":"taxable","14":"shipping-taxable","15":"purchasable","16":"product-type-simple"},"yoast_head":"<!-- This site is optimized with the Yoast SEO plugin v25.4 - https:\/\/yoast.com\/wordpress\/plugins\/seo\/ -->\n<title>TRUUSK Sminkbord med Spegel - Nattduksbord - Rullpall - L\u00e5dor - Vit - TRUUSK - Hem, Tr\u00e4dg\u00e5rd &amp; Fritid<\/title>\n<meta name=\"robots\" content=\"index, follow, max-snippet:-1, max-image-preview:large, max-video-preview:-1\" \/>\n<link rel=\"canonical\" href=\"https:\/\/truusk.store\/sv\/produkt\/truusk-sminkbord-med-spegel-nattduksbord-rullpall-lador-vit\/\" \/>\n<meta property=\"og:locale\" content=\"sv_SE\" \/>\n<meta property=\"og:type\" content=\"article\" \/>\n<meta property=\"og:title\" content=\"TRUUSK Sminkbord med Spegel - Nattduksbord - Rullpall - L\u00e5dor - Vit - TRUUSK - Hem, Tr\u00e4dg\u00e5rd &amp; Fritid\" \/>\n<meta property=\"og:description\" content=\"Uppt\u00e4ck m\u00e5ngsidigheten hos TRUUSK 3-i-1-sminkbordet, som kombinerar sminkbord, nattduksbord och pall i en kompakt design. Njut av bekv\u00e4mligheten med en...\" \/>\n<meta property=\"og:url\" content=\"https:\/\/truusk.store\/sv\/produkt\/truusk-sminkbord-med-spegel-nattduksbord-rullpall-lador-vit\/\" \/>\n<meta property=\"og:site_name\" content=\"TRUUSK - Hem, Tr\u00e4dg\u00e5rd &amp; Fritid\" \/>\n<meta property=\"article:modified_time\" content=\"2026-03-12T07:45:21+00:00\" \/>\n<meta property=\"og:image\" content=\"https:\/\/i0.wp.com\/truusk.se\/wp-content\/uploads\/2025\/07\/3-i-1-sminkbord-med-spegel-nattduksbord-rullpall-lador-vit-1.webp?fit=2000%2C2000&ssl=1\" \/>\n\t<meta property=\"og:image:width\" content=\"2000\" \/>\n\t<meta property=\"og:image:height\" content=\"2000\" \/>\n\t<meta property=\"og:image:type\" content=\"image\/webp\" \/>\n<meta name=\"twitter:card\" content=\"summary_large_image\" \/>\n<meta name=\"twitter:label1\" content=\"Ber\u00e4knad l\u00e4stid\" \/>\n\t<meta name=\"twitter:data1\" content=\"1 minut\" \/>\n<!-- \/ Yoast SEO plugin. -->","yoast_head_json":{"title":"TRUUSK Sminkbord med Spegel - Nattduksbord - Rullpall - L\u00e5dor - Vit - TRUUSK - Hem, Tr\u00e4dg\u00e5rd &amp; Fritid","robots":{"index":"index","follow":"follow","max-snippet":"max-snippet:-1","max-image-preview":"max-image-preview:large","max-video-preview":"max-video-preview:-1"},"canonical":"https:\/\/truusk.store\/sv\/produkt\/truusk-sminkbord-med-spegel-nattduksbord-rullpall-lador-vit\/","og_locale":"sv_SE","og_type":"article","og_title":"TRUUSK Sminkbord med Spegel - Nattduksbord - Rullpall - L\u00e5dor - Vit - TRUUSK - Hem, Tr\u00e4dg\u00e5rd &amp; Fritid","og_description":"Uppt\u00e4ck m\u00e5ngsidigheten hos TRUUSK 3-i-1-sminkbordet, som kombinerar sminkbord, nattduksbord och pall i en kompakt design. Njut av bekv\u00e4mligheten med en...","og_url":"https:\/\/truusk.store\/sv\/produkt\/truusk-sminkbord-med-spegel-nattduksbord-rullpall-lador-vit\/","og_site_name":"TRUUSK - Hem, Tr\u00e4dg\u00e5rd &amp; Fritid","article_modified_time":"2026-03-12T07:45:21+00:00","og_image":[{"width":2000,"height":2000,"url":"https:\/\/i0.wp.com\/truusk.se\/wp-content\/uploads\/2025\/07\/3-i-1-sminkbord-med-spegel-nattduksbord-rullpall-lador-vit-1.webp?fit=2000%2C2000&ssl=1","type":"image\/webp"}],"twitter_card":"summary_large_image","twitter_misc":{"Ber\u00e4knad l\u00e4stid":"1 minut"},"schema":{"@context":"https:\/\/schema.org","@graph":[{"@type":"WebPage","@id":"https:\/\/truusk.store\/sv\/produkt\/truusk-sminkbord-med-spegel-nattduksbord-rullpall-lador-vit\/","url":"https:\/\/truusk.store\/sv\/produkt\/truusk-sminkbord-med-spegel-nattduksbord-rullpall-lador-vit\/","name":"TRUUSK Sminkbord med Spegel - Nattduksbord - Rullpall - L\u00e5dor - Vit - TRUUSK - Hem, Tr\u00e4dg\u00e5rd &amp; Fritid","isPartOf":{"@id":"https:\/\/truusk.store\/sv\/#website"},"primaryImageOfPage":{"@id":"https:\/\/truusk.store\/sv\/produkt\/truusk-sminkbord-med-spegel-nattduksbord-rullpall-lador-vit\/#primaryimage"},"image":{"@id":"https:\/\/truusk.store\/sv\/produkt\/truusk-sminkbord-med-spegel-nattduksbord-rullpall-lador-vit\/#primaryimage"},"thumbnailUrl":"https:\/\/i0.wp.com\/truusk.store\/wp-content\/uploads\/2025\/07\/3-i-1-sminkbord-med-spegel-nattduksbord-rullpall-lador-vit-1.webp?fit=2000%2C2000&ssl=1","datePublished":"2025-07-22T04:14:37+00:00","dateModified":"2026-03-12T07:45:21+00:00","breadcrumb":{"@id":"https:\/\/truusk.store\/sv\/produkt\/truusk-sminkbord-med-spegel-nattduksbord-rullpall-lador-vit\/#breadcrumb"},"inLanguage":"sv-SE","potentialAction":[{"@type":"ReadAction","target":["https:\/\/truusk.store\/sv\/produkt\/truusk-sminkbord-med-spegel-nattduksbord-rullpall-lador-vit\/"]}]},{"@type":"ImageObject","inLanguage":"sv-SE","@id":"https:\/\/truusk.store\/sv\/produkt\/truusk-sminkbord-med-spegel-nattduksbord-rullpall-lador-vit\/#primaryimage","url":"https:\/\/i0.wp.com\/truusk.store\/wp-content\/uploads\/2025\/07\/3-i-1-sminkbord-med-spegel-nattduksbord-rullpall-lador-vit-1.webp?fit=2000%2C2000&ssl=1","contentUrl":"https:\/\/i0.wp.com\/truusk.store\/wp-content\/uploads\/2025\/07\/3-i-1-sminkbord-med-spegel-nattduksbord-rullpall-lador-vit-1.webp?fit=2000%2C2000&ssl=1","width":2000,"height":2000},{"@type":"BreadcrumbList","@id":"https:\/\/truusk.store\/sv\/produkt\/truusk-sminkbord-med-spegel-nattduksbord-rullpall-lador-vit\/#breadcrumb","itemListElement":[{"@type":"ListItem","position":1,"name":"Home","item":"https:\/\/truusk.store\/sv\/"},{"@type":"ListItem","position":2,"name":"Shop","item":"https:\/\/truusk.store\/shop\/"},{"@type":"ListItem","position":3,"name":"TRUUSK Sminkbord med Spegel &#8211; Nattduksbord &#8211; Rullpall &#8211; L\u00e5dor &#8211; Vit"}]},{"@type":"WebSite","@id":"https:\/\/truusk.store\/sv\/#website","url":"https:\/\/truusk.store\/sv\/","name":"TRUUSK - Hem, Tr\u00e4dg\u00e5rd & Fritid","description":"","publisher":{"@id":"https:\/\/truusk.store\/sv\/#organization"},"potentialAction":[{"@type":"SearchAction","target":{"@type":"EntryPoint","urlTemplate":"https:\/\/truusk.store\/sv\/?s={search_term_string}"},"query-input":{"@type":"PropertyValueSpecification","valueRequired":true,"valueName":"search_term_string"}}],"inLanguage":"sv-SE"},{"@type":"Organization","@id":"https:\/\/truusk.store\/sv\/#organization","name":"TRUUSK - Hem, Tr\u00e4dg\u00e5rd & Fritid","url":"https:\/\/truusk.store\/sv\/","logo":{"@type":"ImageObject","inLanguage":"sv-SE","@id":"https:\/\/truusk.store\/sv\/#\/schema\/logo\/image\/","url":"https:\/\/i0.wp.com\/truusk.store\/wp-content\/uploads\/2026\/03\/cropped-TRUUSK.png?fit=2032%2C917&ssl=1","contentUrl":"https:\/\/i0.wp.com\/truusk.store\/wp-content\/uploads\/2026\/03\/cropped-TRUUSK.png?fit=2032%2C917&ssl=1","width":2032,"height":917,"caption":"TRUUSK - Hem, Tr\u00e4dg\u00e5rd & Fritid"},"image":{"@id":"https:\/\/truusk.store\/sv\/#\/schema\/logo\/image\/"}}]}},"jetpack_sharing_enabled":true,"_links":{"self":[{"href":"https:\/\/truusk.store\/sv\/wp-json\/wp\/v2\/product\/84275","targetHints":{"allow":["GET"]}}],"collection":[{"href":"https:\/\/truusk.store\/sv\/wp-json\/wp\/v2\/product"}],"about":[{"href":"https:\/\/truusk.store\/sv\/wp-json\/wp\/v2\/types\/product"}],"wp:featuredmedia":[{"embeddable":true,"href":"https:\/\/truusk.store\/sv\/wp-json\/wp\/v2\/media\/84266"}],"wp:attachment":[{"href":"https:\/\/truusk.store\/sv\/wp-json\/wp\/v2\/media?parent=84275"}],"wp:term":[{"taxonomy":"product_brand","embeddable":true,"href":"https:\/\/truusk.store\/sv\/wp-json\/wp\/v2\/product_brand?post=84275"},{"taxonomy":"product_cat","embeddable":true,"href":"https:\/\/truusk.store\/sv\/wp-json\/wp\/v2\/product_cat?post=84275"},{"taxonomy":"product_tag","embeddable":true,"href":"https:\/\/truusk.store\/sv\/wp-json\/wp\/v2\/product_tag?post=84275"}],"curies":[{"name":"wp","href":"https:\/\/api.w.org\/{rel}","templated":true}]}}