{"id":84285,"date":"2025-07-22T05:15:35","date_gmt":"2025-07-22T04:15:35","guid":{"rendered":"https:\/\/truusk.store\/product\/pall-med-forvaring-traben-mjukt-tygoverdrag-kramvit\/"},"modified":"2026-03-12T08:45:23","modified_gmt":"2026-03-12T07:45:23","slug":"truusk-pall-med-forvaring-traben-mjukt-tygoverdrag-kramvit","status":"publish","type":"product","link":"https:\/\/truusk.store\/sv\/produkt\/truusk-pall-med-forvaring-traben-mjukt-tygoverdrag-kramvit\/","title":{"rendered":"TRUUSK Pall med F\u00f6rvaring &#8211; Tr\u00e4ben &#8211; Mjukt Tyg\u00f6verdrag &#8211; Kr\u00e4mvit"},"content":{"rendered":"<p>F\u00f6rest\u00e4ll dig ditt vardagsrum som ordnat och elegant funktionellt. Denna stiliga, tuftade f\u00f6rvaringspall f\u00f6rsk\u00f6nar inte bara din omgivning, utan har ocks\u00e5 84L f\u00f6rvaringsutrymme f\u00f6r filtar och tidningar. Tillverkad av mjuk sammet och gummitr\u00e4, erbjuder den en mysig sittplats och g\u00f6r ditt hem till en fridfull oas.<\/p>\n<p>Beskrivning:<\/p>\n<ul>\n<li> Stilig sammetfinish p\u00e5 sittkistan och rena linjer f\u00f6rh\u00f6jer alla rumsdekorationer<\/li>\n<li> Fungerar ocks\u00e5 som ett elegant soffbord med en bricka<\/li>\n<li> Byggd av gummitr\u00e4 och h\u00e5llbart skum, b\u00e4r den upp till 240 kg<\/li>\n<li> Tr\u00e4ben h\u00e5ller pallen stabil och f\u00f6rhindrar damm- och fuktansamlingar<\/li>\n<li> Halkskyddspads skyddar dina golv fr\u00e5n repor<\/li>\n<li> Gener\u00f6st internt utrymme p\u00e5 84L h\u00e5ller filtar, kl\u00e4der eller b\u00f6cker snyggt f\u00f6rvarade<\/li>\n<li> Med s\u00e4kerhetsh\u00e4ngsel f\u00f6r att f\u00f6rhindra att locket sl\u00e5r igen<\/li>\n<li> Enkel montering kr\u00e4vs<\/li>\n<\/ul>\n<p> Tekniska specifikationer:<\/p>\n<ul>\n<li> F\u00e4rg: Kr\u00e4mvit+Naturtr\u00e4<\/li>\n<li> Material: Sammetimitation (100% Polyester), Skum (75% Polyeter, 25% Toluendiisocyanat), Gummitr\u00e4<\/li>\n<li> Totala dimensioner: 115B x 50T x 43H cm<\/li>\n<li> F\u00f6rvaringsdimensioner: 100B x 42T x 20H cm<\/li>\n<li> Volym: 84 L<\/li>\n<li> Locktjocklek: 8 cm<\/li>\n<li> Benstorlek: \u00d85,8 x 12H cm<\/li>\n<li> Maximal belastning: 240 kg<\/li>\n<\/ul>\n<p>Leveransinneh\u00e5ll:<\/p>\n<ul>\n<li> 1 x F\u00f6rvaringsb\u00e4nk<\/li>\n<li> 1 x Bruksanvisning<\/li>\n<\/ul>\n","protected":false},"excerpt":{"rendered":"<p>F\u00f6rest\u00e4ll dig ditt vardagsrum som ordnat och elegant funktionellt. Denna stiliga, tuftade f\u00f6rvaringspall f\u00f6rsk\u00f6nar inte bara din omgivning, utan har&#8230;<\/p>\n","protected":false},"featured_media":84276,"template":"","meta":[],"product_brand":[],"product_cat":[871,897,540],"product_tag":[],"class_list":{"0":"post-84285","1":"product","2":"type-product","3":"status-publish","4":"has-post-thumbnail","6":"product_cat-hus-hem","7":"product_cat-sovrum","8":"product_cat-stoppade-bankar","10":"first","11":"instock","12":"sale","13":"taxable","14":"shipping-taxable","15":"purchasable","16":"product-type-simple"},"yoast_head":"<!-- This site is optimized with the Yoast SEO plugin v25.4 - https:\/\/yoast.com\/wordpress\/plugins\/seo\/ -->\n<title>TRUUSK Pall med F\u00f6rvaring - Tr\u00e4ben - Mjukt Tyg\u00f6verdrag - Kr\u00e4mvit - TRUUSK - Hem, Tr\u00e4dg\u00e5rd &amp; Fritid<\/title>\n<meta name=\"robots\" content=\"index, follow, max-snippet:-1, max-image-preview:large, max-video-preview:-1\" \/>\n<link rel=\"canonical\" href=\"https:\/\/truusk.store\/sv\/produkt\/truusk-pall-med-forvaring-traben-mjukt-tygoverdrag-kramvit\/\" \/>\n<meta property=\"og:locale\" content=\"sv_SE\" \/>\n<meta property=\"og:type\" content=\"article\" \/>\n<meta property=\"og:title\" content=\"TRUUSK Pall med F\u00f6rvaring - Tr\u00e4ben - Mjukt Tyg\u00f6verdrag - Kr\u00e4mvit - TRUUSK - Hem, Tr\u00e4dg\u00e5rd &amp; Fritid\" \/>\n<meta property=\"og:description\" content=\"F\u00f6rest\u00e4ll dig ditt vardagsrum som ordnat och elegant funktionellt. Denna stiliga, tuftade f\u00f6rvaringspall f\u00f6rsk\u00f6nar inte bara din omgivning, utan har...\" \/>\n<meta property=\"og:url\" content=\"https:\/\/truusk.store\/sv\/produkt\/truusk-pall-med-forvaring-traben-mjukt-tygoverdrag-kramvit\/\" \/>\n<meta property=\"og:site_name\" content=\"TRUUSK - Hem, Tr\u00e4dg\u00e5rd &amp; Fritid\" \/>\n<meta property=\"article:modified_time\" content=\"2026-03-12T07:45:23+00:00\" \/>\n<meta property=\"og:image\" content=\"https:\/\/i0.wp.com\/truusk.se\/wp-content\/uploads\/2025\/07\/pall-med-forvaring-traben-mjukt-tygoverdrag-kramvit-1.webp?fit=2000%2C2000&ssl=1\" \/>\n\t<meta property=\"og:image:width\" content=\"2000\" \/>\n\t<meta property=\"og:image:height\" content=\"2000\" \/>\n\t<meta property=\"og:image:type\" content=\"image\/webp\" \/>\n<meta name=\"twitter:card\" content=\"summary_large_image\" \/>\n<meta name=\"twitter:label1\" content=\"Ber\u00e4knad l\u00e4stid\" \/>\n\t<meta name=\"twitter:data1\" content=\"1 minut\" \/>\n<!-- \/ Yoast SEO plugin. -->","yoast_head_json":{"title":"TRUUSK Pall med F\u00f6rvaring - Tr\u00e4ben - Mjukt Tyg\u00f6verdrag - Kr\u00e4mvit - TRUUSK - Hem, Tr\u00e4dg\u00e5rd &amp; Fritid","robots":{"index":"index","follow":"follow","max-snippet":"max-snippet:-1","max-image-preview":"max-image-preview:large","max-video-preview":"max-video-preview:-1"},"canonical":"https:\/\/truusk.store\/sv\/produkt\/truusk-pall-med-forvaring-traben-mjukt-tygoverdrag-kramvit\/","og_locale":"sv_SE","og_type":"article","og_title":"TRUUSK Pall med F\u00f6rvaring - Tr\u00e4ben - Mjukt Tyg\u00f6verdrag - Kr\u00e4mvit - TRUUSK - Hem, Tr\u00e4dg\u00e5rd &amp; Fritid","og_description":"F\u00f6rest\u00e4ll dig ditt vardagsrum som ordnat och elegant funktionellt. Denna stiliga, tuftade f\u00f6rvaringspall f\u00f6rsk\u00f6nar inte bara din omgivning, utan har...","og_url":"https:\/\/truusk.store\/sv\/produkt\/truusk-pall-med-forvaring-traben-mjukt-tygoverdrag-kramvit\/","og_site_name":"TRUUSK - Hem, Tr\u00e4dg\u00e5rd &amp; Fritid","article_modified_time":"2026-03-12T07:45:23+00:00","og_image":[{"width":2000,"height":2000,"url":"https:\/\/i0.wp.com\/truusk.se\/wp-content\/uploads\/2025\/07\/pall-med-forvaring-traben-mjukt-tygoverdrag-kramvit-1.webp?fit=2000%2C2000&ssl=1","type":"image\/webp"}],"twitter_card":"summary_large_image","twitter_misc":{"Ber\u00e4knad l\u00e4stid":"1 minut"},"schema":{"@context":"https:\/\/schema.org","@graph":[{"@type":"WebPage","@id":"https:\/\/truusk.store\/sv\/produkt\/truusk-pall-med-forvaring-traben-mjukt-tygoverdrag-kramvit\/","url":"https:\/\/truusk.store\/sv\/produkt\/truusk-pall-med-forvaring-traben-mjukt-tygoverdrag-kramvit\/","name":"TRUUSK Pall med F\u00f6rvaring - Tr\u00e4ben - Mjukt Tyg\u00f6verdrag - Kr\u00e4mvit - TRUUSK - Hem, Tr\u00e4dg\u00e5rd &amp; Fritid","isPartOf":{"@id":"https:\/\/truusk.store\/sv\/#website"},"primaryImageOfPage":{"@id":"https:\/\/truusk.store\/sv\/produkt\/truusk-pall-med-forvaring-traben-mjukt-tygoverdrag-kramvit\/#primaryimage"},"image":{"@id":"https:\/\/truusk.store\/sv\/produkt\/truusk-pall-med-forvaring-traben-mjukt-tygoverdrag-kramvit\/#primaryimage"},"thumbnailUrl":"https:\/\/i0.wp.com\/truusk.store\/wp-content\/uploads\/2025\/07\/pall-med-forvaring-traben-mjukt-tygoverdrag-kramvit-1.webp?fit=2000%2C2000&ssl=1","datePublished":"2025-07-22T04:15:35+00:00","dateModified":"2026-03-12T07:45:23+00:00","breadcrumb":{"@id":"https:\/\/truusk.store\/sv\/produkt\/truusk-pall-med-forvaring-traben-mjukt-tygoverdrag-kramvit\/#breadcrumb"},"inLanguage":"sv-SE","potentialAction":[{"@type":"ReadAction","target":["https:\/\/truusk.store\/sv\/produkt\/truusk-pall-med-forvaring-traben-mjukt-tygoverdrag-kramvit\/"]}]},{"@type":"ImageObject","inLanguage":"sv-SE","@id":"https:\/\/truusk.store\/sv\/produkt\/truusk-pall-med-forvaring-traben-mjukt-tygoverdrag-kramvit\/#primaryimage","url":"https:\/\/i0.wp.com\/truusk.store\/wp-content\/uploads\/2025\/07\/pall-med-forvaring-traben-mjukt-tygoverdrag-kramvit-1.webp?fit=2000%2C2000&ssl=1","contentUrl":"https:\/\/i0.wp.com\/truusk.store\/wp-content\/uploads\/2025\/07\/pall-med-forvaring-traben-mjukt-tygoverdrag-kramvit-1.webp?fit=2000%2C2000&ssl=1","width":2000,"height":2000},{"@type":"BreadcrumbList","@id":"https:\/\/truusk.store\/sv\/produkt\/truusk-pall-med-forvaring-traben-mjukt-tygoverdrag-kramvit\/#breadcrumb","itemListElement":[{"@type":"ListItem","position":1,"name":"Home","item":"https:\/\/truusk.store\/sv\/"},{"@type":"ListItem","position":2,"name":"Shop","item":"https:\/\/truusk.store\/shop\/"},{"@type":"ListItem","position":3,"name":"TRUUSK Pall med F\u00f6rvaring &#8211; Tr\u00e4ben &#8211; Mjukt Tyg\u00f6verdrag &#8211; Kr\u00e4mvit"}]},{"@type":"WebSite","@id":"https:\/\/truusk.store\/sv\/#website","url":"https:\/\/truusk.store\/sv\/","name":"TRUUSK - Hem, Tr\u00e4dg\u00e5rd & Fritid","description":"","publisher":{"@id":"https:\/\/truusk.store\/sv\/#organization"},"potentialAction":[{"@type":"SearchAction","target":{"@type":"EntryPoint","urlTemplate":"https:\/\/truusk.store\/sv\/?s={search_term_string}"},"query-input":{"@type":"PropertyValueSpecification","valueRequired":true,"valueName":"search_term_string"}}],"inLanguage":"sv-SE"},{"@type":"Organization","@id":"https:\/\/truusk.store\/sv\/#organization","name":"TRUUSK - Hem, Tr\u00e4dg\u00e5rd & Fritid","url":"https:\/\/truusk.store\/sv\/","logo":{"@type":"ImageObject","inLanguage":"sv-SE","@id":"https:\/\/truusk.store\/sv\/#\/schema\/logo\/image\/","url":"https:\/\/i0.wp.com\/truusk.store\/wp-content\/uploads\/2026\/03\/cropped-TRUUSK.png?fit=2032%2C917&ssl=1","contentUrl":"https:\/\/i0.wp.com\/truusk.store\/wp-content\/uploads\/2026\/03\/cropped-TRUUSK.png?fit=2032%2C917&ssl=1","width":2032,"height":917,"caption":"TRUUSK - Hem, Tr\u00e4dg\u00e5rd & Fritid"},"image":{"@id":"https:\/\/truusk.store\/sv\/#\/schema\/logo\/image\/"}}]}},"jetpack_sharing_enabled":true,"_links":{"self":[{"href":"https:\/\/truusk.store\/sv\/wp-json\/wp\/v2\/product\/84285","targetHints":{"allow":["GET"]}}],"collection":[{"href":"https:\/\/truusk.store\/sv\/wp-json\/wp\/v2\/product"}],"about":[{"href":"https:\/\/truusk.store\/sv\/wp-json\/wp\/v2\/types\/product"}],"wp:featuredmedia":[{"embeddable":true,"href":"https:\/\/truusk.store\/sv\/wp-json\/wp\/v2\/media\/84276"}],"wp:attachment":[{"href":"https:\/\/truusk.store\/sv\/wp-json\/wp\/v2\/media?parent=84285"}],"wp:term":[{"taxonomy":"product_brand","embeddable":true,"href":"https:\/\/truusk.store\/sv\/wp-json\/wp\/v2\/product_brand?post=84285"},{"taxonomy":"product_cat","embeddable":true,"href":"https:\/\/truusk.store\/sv\/wp-json\/wp\/v2\/product_cat?post=84285"},{"taxonomy":"product_tag","embeddable":true,"href":"https:\/\/truusk.store\/sv\/wp-json\/wp\/v2\/product_tag?post=84285"}],"curies":[{"name":"wp","href":"https:\/\/api.w.org\/{rel}","templated":true}]}}