{"id":84305,"date":"2025-07-22T05:17:33","date_gmt":"2025-07-22T04:17:33","guid":{"rendered":"https:\/\/truusk.store\/product\/vadderad-stol-med-armstod-lutande-ryggstod-gummitraben-kramvit\/"},"modified":"2026-03-12T08:45:23","modified_gmt":"2026-03-12T07:45:23","slug":"truusk-hundstol-med-armstod-lutande-ryggstod-gummitraben-kramvit","status":"publish","type":"product","link":"https:\/\/truusk.store\/sv\/produkt\/truusk-hundstol-med-armstod-lutande-ryggstod-gummitraben-kramvit\/","title":{"rendered":"TRUUSK Hundstol med Armst\u00f6d &#8211; Lutande Ryggst\u00f6d &#8211; Gummitr\u00e4ben &#8211; Kr\u00e4mvit"},"content":{"rendered":"<p>Njut av den lyxiga komforten med TRUUSK vardagsrumsstolen, utrustad med en h\u00f6gdensitetsskumdyna och en S-fj\u00e4der som erbjuder o\u00f6vertr\u00e4ffad komfort och stabilitet. Den ergonomiska designen p\u00e5 den vadderade stolen med mjuka armst\u00f6d och en mjukt lutande ryggst\u00f6d fr\u00e4mjar avkoppling av rygg och axlar. Idealisk som en elegant sovrumsstol eller en bekv\u00e4m stol i vardagsrummet, kombinerar den bekv\u00e4mlighet med stilfull design.<\/p>\n<p> Beskrivning:<\/p>\n<ul>\n<li> S-fj\u00e4derdynan f\u00f6rb\u00e4ttrar den totala komforten och st\u00f6det<\/li>\n<li> 12 cm tjock stoppning och 17 cm h\u00f6g ryggst\u00f6d \u00f6kar sittkomforten<\/li>\n<li> Vadderade armst\u00f6d p\u00e5 armstolen omsluter armarna och lindrar axlarna<\/li>\n<li> En l\u00e4tt lutning av ryggst\u00f6det st\u00f6der och slappnar av ryggmusklerna<\/li>\n<li> Andningsbart, mjukt tyg \u00f6kar komforten vid anv\u00e4ndning<\/li>\n<li> Fyra ben av gummitr\u00e4 erbjuder robust st\u00f6d och b\u00e4r 120 kg<\/li>\n<li> Halkfria fotdynor p\u00e5 loungestolen skyddar golvet och \u00f6kar stabiliteten<\/li>\n<li> Elegant tuftad design passar b\u00e5de i vardagsrummet och i arbetsrummet.<\/li>\n<\/ul>\n<p> Tekniska data:<\/p>\n<ul>\n<li> F\u00e4rg: Kr\u00e4mvit<\/li>\n<li> Material: Sammet imitation (100% polyester), skum, gummitr\u00e4<\/li>\n<li> Totala dimensioner: 76B x 79D x 82H cm<\/li>\n<li> Sitsstorlek: 56B x 55D x 43H cm<\/li>\n<li> Ryggstorlek: 56B x 42H cm<\/li>\n<li> Sits tjocklek: 12 cm<\/li>\n<li> Rygg tjocklek: 17 cm<\/li>\n<li> Armst\u00f6dsstorlek: 66L x 10B cm<\/li>\n<li> Armst\u00f6dsh\u00f6jd: (fr\u00e5n golvet) 58 cm<\/li>\n<li> Benstorlek: \u00d85,8 x 18H cm<\/li>\n<li> B\u00e4rkapacitet: 120 kg<\/li>\n<li> Notera: Kudden skickas vakuumkomprimerad och beh\u00f6ver 48 timmar f\u00f6r att \u00e5terg\u00e5 till sin ursprungliga storlek efter uppackning.<\/li>\n<\/ul>\n<p>Leverans inneh\u00e5ller:<\/p>\n<ul>\n<li> 1 x Stol<\/li>\n<li> 1 x Bruksanvisning<\/li>\n<\/ul>\n","protected":false},"excerpt":{"rendered":"<p>Njut av den lyxiga komforten med TRUUSK vardagsrumsstolen, utrustad med en h\u00f6gdensitetsskumdyna och en S-fj\u00e4der som erbjuder o\u00f6vertr\u00e4ffad komfort och&#8230;<\/p>\n","protected":false},"featured_media":84296,"template":"","meta":[],"product_brand":[],"product_cat":[967,521,871,910],"product_tag":[],"class_list":{"0":"post-84305","1":"product","2":"type-product","3":"status-publish","4":"has-post-thumbnail","6":"product_cat-cocktailsessel","7":"product_cat-fatolj","8":"product_cat-hus-hem","9":"product_cat-vardagsrum","11":"first","12":"instock","13":"sale","14":"taxable","15":"shipping-taxable","16":"purchasable","17":"product-type-simple"},"yoast_head":"<!-- This site is optimized with the Yoast SEO plugin v25.4 - https:\/\/yoast.com\/wordpress\/plugins\/seo\/ -->\n<title>TRUUSK Hundstol med Armst\u00f6d - Lutande Ryggst\u00f6d - Gummitr\u00e4ben - Kr\u00e4mvit - TRUUSK - Hem, Tr\u00e4dg\u00e5rd &amp; Fritid<\/title>\n<meta name=\"robots\" content=\"index, follow, max-snippet:-1, max-image-preview:large, max-video-preview:-1\" \/>\n<link rel=\"canonical\" href=\"https:\/\/truusk.store\/sv\/produkt\/truusk-hundstol-med-armstod-lutande-ryggstod-gummitraben-kramvit\/\" \/>\n<meta property=\"og:locale\" content=\"sv_SE\" \/>\n<meta property=\"og:type\" content=\"article\" \/>\n<meta property=\"og:title\" content=\"TRUUSK Hundstol med Armst\u00f6d - Lutande Ryggst\u00f6d - Gummitr\u00e4ben - Kr\u00e4mvit - TRUUSK - Hem, Tr\u00e4dg\u00e5rd &amp; Fritid\" \/>\n<meta property=\"og:description\" content=\"Njut av den lyxiga komforten med TRUUSK vardagsrumsstolen, utrustad med en h\u00f6gdensitetsskumdyna och en S-fj\u00e4der som erbjuder o\u00f6vertr\u00e4ffad komfort och...\" \/>\n<meta property=\"og:url\" content=\"https:\/\/truusk.store\/sv\/produkt\/truusk-hundstol-med-armstod-lutande-ryggstod-gummitraben-kramvit\/\" \/>\n<meta property=\"og:site_name\" content=\"TRUUSK - Hem, Tr\u00e4dg\u00e5rd &amp; Fritid\" \/>\n<meta property=\"article:modified_time\" content=\"2026-03-12T07:45:23+00:00\" \/>\n<meta property=\"og:image\" content=\"https:\/\/i0.wp.com\/truusk.se\/wp-content\/uploads\/2025\/07\/vadderad-stol-med-armstod-lutande-ryggstod-gummitraben-kramvit-1.webp?fit=2000%2C2000&ssl=1\" \/>\n\t<meta property=\"og:image:width\" content=\"2000\" \/>\n\t<meta property=\"og:image:height\" content=\"2000\" \/>\n\t<meta property=\"og:image:type\" content=\"image\/webp\" \/>\n<meta name=\"twitter:card\" content=\"summary_large_image\" \/>\n<meta name=\"twitter:label1\" content=\"Ber\u00e4knad l\u00e4stid\" \/>\n\t<meta name=\"twitter:data1\" content=\"1 minut\" \/>\n<!-- \/ Yoast SEO plugin. -->","yoast_head_json":{"title":"TRUUSK Hundstol med Armst\u00f6d - Lutande Ryggst\u00f6d - Gummitr\u00e4ben - Kr\u00e4mvit - TRUUSK - Hem, Tr\u00e4dg\u00e5rd &amp; Fritid","robots":{"index":"index","follow":"follow","max-snippet":"max-snippet:-1","max-image-preview":"max-image-preview:large","max-video-preview":"max-video-preview:-1"},"canonical":"https:\/\/truusk.store\/sv\/produkt\/truusk-hundstol-med-armstod-lutande-ryggstod-gummitraben-kramvit\/","og_locale":"sv_SE","og_type":"article","og_title":"TRUUSK Hundstol med Armst\u00f6d - Lutande Ryggst\u00f6d - Gummitr\u00e4ben - Kr\u00e4mvit - TRUUSK - Hem, Tr\u00e4dg\u00e5rd &amp; Fritid","og_description":"Njut av den lyxiga komforten med TRUUSK vardagsrumsstolen, utrustad med en h\u00f6gdensitetsskumdyna och en S-fj\u00e4der som erbjuder o\u00f6vertr\u00e4ffad komfort och...","og_url":"https:\/\/truusk.store\/sv\/produkt\/truusk-hundstol-med-armstod-lutande-ryggstod-gummitraben-kramvit\/","og_site_name":"TRUUSK - Hem, Tr\u00e4dg\u00e5rd &amp; Fritid","article_modified_time":"2026-03-12T07:45:23+00:00","og_image":[{"width":2000,"height":2000,"url":"https:\/\/i0.wp.com\/truusk.se\/wp-content\/uploads\/2025\/07\/vadderad-stol-med-armstod-lutande-ryggstod-gummitraben-kramvit-1.webp?fit=2000%2C2000&ssl=1","type":"image\/webp"}],"twitter_card":"summary_large_image","twitter_misc":{"Ber\u00e4knad l\u00e4stid":"1 minut"},"schema":{"@context":"https:\/\/schema.org","@graph":[{"@type":"WebPage","@id":"https:\/\/truusk.store\/sv\/produkt\/truusk-hundstol-med-armstod-lutande-ryggstod-gummitraben-kramvit\/","url":"https:\/\/truusk.store\/sv\/produkt\/truusk-hundstol-med-armstod-lutande-ryggstod-gummitraben-kramvit\/","name":"TRUUSK Hundstol med Armst\u00f6d - Lutande Ryggst\u00f6d - Gummitr\u00e4ben - Kr\u00e4mvit - TRUUSK - Hem, Tr\u00e4dg\u00e5rd &amp; Fritid","isPartOf":{"@id":"https:\/\/truusk.store\/sv\/#website"},"primaryImageOfPage":{"@id":"https:\/\/truusk.store\/sv\/produkt\/truusk-hundstol-med-armstod-lutande-ryggstod-gummitraben-kramvit\/#primaryimage"},"image":{"@id":"https:\/\/truusk.store\/sv\/produkt\/truusk-hundstol-med-armstod-lutande-ryggstod-gummitraben-kramvit\/#primaryimage"},"thumbnailUrl":"https:\/\/i0.wp.com\/truusk.store\/wp-content\/uploads\/2025\/07\/vadderad-stol-med-armstod-lutande-ryggstod-gummitraben-kramvit-1.webp?fit=2000%2C2000&ssl=1","datePublished":"2025-07-22T04:17:33+00:00","dateModified":"2026-03-12T07:45:23+00:00","breadcrumb":{"@id":"https:\/\/truusk.store\/sv\/produkt\/truusk-hundstol-med-armstod-lutande-ryggstod-gummitraben-kramvit\/#breadcrumb"},"inLanguage":"sv-SE","potentialAction":[{"@type":"ReadAction","target":["https:\/\/truusk.store\/sv\/produkt\/truusk-hundstol-med-armstod-lutande-ryggstod-gummitraben-kramvit\/"]}]},{"@type":"ImageObject","inLanguage":"sv-SE","@id":"https:\/\/truusk.store\/sv\/produkt\/truusk-hundstol-med-armstod-lutande-ryggstod-gummitraben-kramvit\/#primaryimage","url":"https:\/\/i0.wp.com\/truusk.store\/wp-content\/uploads\/2025\/07\/vadderad-stol-med-armstod-lutande-ryggstod-gummitraben-kramvit-1.webp?fit=2000%2C2000&ssl=1","contentUrl":"https:\/\/i0.wp.com\/truusk.store\/wp-content\/uploads\/2025\/07\/vadderad-stol-med-armstod-lutande-ryggstod-gummitraben-kramvit-1.webp?fit=2000%2C2000&ssl=1","width":2000,"height":2000},{"@type":"BreadcrumbList","@id":"https:\/\/truusk.store\/sv\/produkt\/truusk-hundstol-med-armstod-lutande-ryggstod-gummitraben-kramvit\/#breadcrumb","itemListElement":[{"@type":"ListItem","position":1,"name":"Home","item":"https:\/\/truusk.store\/sv\/"},{"@type":"ListItem","position":2,"name":"Shop","item":"https:\/\/truusk.store\/shop\/"},{"@type":"ListItem","position":3,"name":"TRUUSK Hundstol med Armst\u00f6d &#8211; Lutande Ryggst\u00f6d &#8211; Gummitr\u00e4ben &#8211; Kr\u00e4mvit"}]},{"@type":"WebSite","@id":"https:\/\/truusk.store\/sv\/#website","url":"https:\/\/truusk.store\/sv\/","name":"TRUUSK - Hem, Tr\u00e4dg\u00e5rd & Fritid","description":"","publisher":{"@id":"https:\/\/truusk.store\/sv\/#organization"},"potentialAction":[{"@type":"SearchAction","target":{"@type":"EntryPoint","urlTemplate":"https:\/\/truusk.store\/sv\/?s={search_term_string}"},"query-input":{"@type":"PropertyValueSpecification","valueRequired":true,"valueName":"search_term_string"}}],"inLanguage":"sv-SE"},{"@type":"Organization","@id":"https:\/\/truusk.store\/sv\/#organization","name":"TRUUSK - Hem, Tr\u00e4dg\u00e5rd & Fritid","url":"https:\/\/truusk.store\/sv\/","logo":{"@type":"ImageObject","inLanguage":"sv-SE","@id":"https:\/\/truusk.store\/sv\/#\/schema\/logo\/image\/","url":"https:\/\/i0.wp.com\/truusk.store\/wp-content\/uploads\/2026\/03\/cropped-TRUUSK.png?fit=2032%2C917&ssl=1","contentUrl":"https:\/\/i0.wp.com\/truusk.store\/wp-content\/uploads\/2026\/03\/cropped-TRUUSK.png?fit=2032%2C917&ssl=1","width":2032,"height":917,"caption":"TRUUSK - Hem, Tr\u00e4dg\u00e5rd & Fritid"},"image":{"@id":"https:\/\/truusk.store\/sv\/#\/schema\/logo\/image\/"}}]}},"jetpack_sharing_enabled":true,"_links":{"self":[{"href":"https:\/\/truusk.store\/sv\/wp-json\/wp\/v2\/product\/84305","targetHints":{"allow":["GET"]}}],"collection":[{"href":"https:\/\/truusk.store\/sv\/wp-json\/wp\/v2\/product"}],"about":[{"href":"https:\/\/truusk.store\/sv\/wp-json\/wp\/v2\/types\/product"}],"wp:featuredmedia":[{"embeddable":true,"href":"https:\/\/truusk.store\/sv\/wp-json\/wp\/v2\/media\/84296"}],"wp:attachment":[{"href":"https:\/\/truusk.store\/sv\/wp-json\/wp\/v2\/media?parent=84305"}],"wp:term":[{"taxonomy":"product_brand","embeddable":true,"href":"https:\/\/truusk.store\/sv\/wp-json\/wp\/v2\/product_brand?post=84305"},{"taxonomy":"product_cat","embeddable":true,"href":"https:\/\/truusk.store\/sv\/wp-json\/wp\/v2\/product_cat?post=84305"},{"taxonomy":"product_tag","embeddable":true,"href":"https:\/\/truusk.store\/sv\/wp-json\/wp\/v2\/product_tag?post=84305"}],"curies":[{"name":"wp","href":"https:\/\/api.w.org\/{rel}","templated":true}]}}