{"id":84345,"date":"2025-07-22T05:21:30","date_gmt":"2025-07-22T04:21:30","guid":{"rendered":"https:\/\/truusk.store\/product\/taklampa-kronljusdesign-kristallskarm-3-glodlampor-metall-guld-fargad\/"},"modified":"2026-03-12T08:46:11","modified_gmt":"2026-03-12T07:46:11","slug":"truusk-taklampa-kronljusdesign-kristallskarm-3-glodlampor-metall-guld-fargad","status":"publish","type":"product","link":"https:\/\/truusk.store\/sv\/produkt\/truusk-taklampa-kronljusdesign-kristallskarm-3-glodlampor-metall-guld-fargad\/","title":{"rendered":"TRUUSK Taklampa &#8211; Kronljusdesign &#8211; Kristallsk\u00e4rm &#8211; 3 Gl\u00f6dlampor &#8211; Metall &#8211; Guld F\u00e4rgad"},"content":{"rendered":"<p>F\u00f6rnya ditt hem med TRUUSKs kristallkrona taklampa, som kombinerar minimalistisk design med str\u00e5lande elegans. Utrustad med en metallram och en glittrande kristallsk\u00e4rm, ger denna taklampa f\u00f6r sovrum eller vardagsrum ditt rum en glamor\u00f6s touch. Det semi-flush monteringsdesignen \u00e4r m\u00e5ngsidig och g\u00f6r det till ett utm\u00e4rkt val f\u00f6r alla rum.<\/p>\n<p>Beskrivning:<\/p>\n<ul>\n<li> Minimalistisk design ger varje rum elegant enkelhet<\/li>\n<li> Kristallsk\u00e4rm ger ett glittrande, inbjudande ljus<\/li>\n<li> Levereras med tre E14 gl\u00f6dlampor, varje max 40W, f\u00f6r ljus belysning<\/li>\n<li> Metallram med kristall lampsk\u00e4rm garanterar h\u00e5llbarhet och stil<\/li>\n<li> Semi-flush montering passar f\u00f6r vardagsrum, sovrum, korridorer och mer<\/li>\n<\/ul>\n<p> Tekniska data:<\/p>\n<ul>\n<li> F\u00e4rg: Guldton<\/li>\n<li> Material: Metall, Kristall<\/li>\n<li> Totala dimensioner: \u00d839 x 32H cm<\/li>\n<li> Basstorlek: \u00d812 x 2,5H cm<\/li>\n<li> Gl\u00f6dlampans effekt: 40 W<\/li>\n<li> Sp\u00e4nning: AC 220-240 V, 50 Hz<\/li>\n<\/ul>\n<p>Leveransinneh\u00e5ll:<\/p>\n<ul>\n<li> 1 x Kristall taklampa<\/li>\n<li> 1 x Bruksanvisning<\/li>\n<\/ul>\n","protected":false},"excerpt":{"rendered":"<p>F\u00f6rnya ditt hem med TRUUSKs kristallkrona taklampa, som kombinerar minimalistisk design med str\u00e5lande elegans. Utrustad med en metallram och en&#8230;<\/p>\n","protected":false},"featured_media":84336,"template":"","meta":[],"product_brand":[],"product_cat":[486,871,487],"product_tag":[],"class_list":{"0":"post-84345","1":"product","2":"type-product","3":"status-publish","4":"has-post-thumbnail","6":"product_cat-belysning","7":"product_cat-hus-hem","8":"product_cat-tak-lampor","10":"first","11":"instock","12":"sale","13":"taxable","14":"shipping-taxable","15":"purchasable","16":"product-type-simple"},"yoast_head":"<!-- This site is optimized with the Yoast SEO plugin v25.4 - https:\/\/yoast.com\/wordpress\/plugins\/seo\/ -->\n<title>TRUUSK Taklampa - Kronljusdesign - Kristallsk\u00e4rm - 3 Gl\u00f6dlampor - Metall - Guld F\u00e4rgad - TRUUSK - Hem, Tr\u00e4dg\u00e5rd &amp; Fritid<\/title>\n<meta name=\"robots\" content=\"index, follow, max-snippet:-1, max-image-preview:large, max-video-preview:-1\" \/>\n<link rel=\"canonical\" href=\"https:\/\/truusk.store\/sv\/produkt\/truusk-taklampa-kronljusdesign-kristallskarm-3-glodlampor-metall-guld-fargad\/\" \/>\n<meta property=\"og:locale\" content=\"sv_SE\" \/>\n<meta property=\"og:type\" content=\"article\" \/>\n<meta property=\"og:title\" content=\"TRUUSK Taklampa - Kronljusdesign - Kristallsk\u00e4rm - 3 Gl\u00f6dlampor - Metall - Guld F\u00e4rgad - TRUUSK - Hem, Tr\u00e4dg\u00e5rd &amp; Fritid\" \/>\n<meta property=\"og:description\" content=\"F\u00f6rnya ditt hem med TRUUSKs kristallkrona taklampa, som kombinerar minimalistisk design med str\u00e5lande elegans. Utrustad med en metallram och en...\" \/>\n<meta property=\"og:url\" content=\"https:\/\/truusk.store\/sv\/produkt\/truusk-taklampa-kronljusdesign-kristallskarm-3-glodlampor-metall-guld-fargad\/\" \/>\n<meta property=\"og:site_name\" content=\"TRUUSK - Hem, Tr\u00e4dg\u00e5rd &amp; Fritid\" \/>\n<meta property=\"article:modified_time\" content=\"2026-03-12T07:46:11+00:00\" \/>\n<meta property=\"og:image\" content=\"https:\/\/i0.wp.com\/truusk.se\/wp-content\/uploads\/2025\/07\/taklampa-kronljusdesign-kristallskarm-3-glodlampor-metall-guld-fargad-1.webp?fit=2000%2C2000&ssl=1\" \/>\n\t<meta property=\"og:image:width\" content=\"2000\" \/>\n\t<meta property=\"og:image:height\" content=\"2000\" \/>\n\t<meta property=\"og:image:type\" content=\"image\/webp\" \/>\n<meta name=\"twitter:card\" content=\"summary_large_image\" \/>\n<meta name=\"twitter:label1\" content=\"Ber\u00e4knad l\u00e4stid\" \/>\n\t<meta name=\"twitter:data1\" content=\"1 minut\" \/>\n<!-- \/ Yoast SEO plugin. -->","yoast_head_json":{"title":"TRUUSK Taklampa - Kronljusdesign - Kristallsk\u00e4rm - 3 Gl\u00f6dlampor - Metall - Guld F\u00e4rgad - TRUUSK - Hem, Tr\u00e4dg\u00e5rd &amp; Fritid","robots":{"index":"index","follow":"follow","max-snippet":"max-snippet:-1","max-image-preview":"max-image-preview:large","max-video-preview":"max-video-preview:-1"},"canonical":"https:\/\/truusk.store\/sv\/produkt\/truusk-taklampa-kronljusdesign-kristallskarm-3-glodlampor-metall-guld-fargad\/","og_locale":"sv_SE","og_type":"article","og_title":"TRUUSK Taklampa - Kronljusdesign - Kristallsk\u00e4rm - 3 Gl\u00f6dlampor - Metall - Guld F\u00e4rgad - TRUUSK - Hem, Tr\u00e4dg\u00e5rd &amp; Fritid","og_description":"F\u00f6rnya ditt hem med TRUUSKs kristallkrona taklampa, som kombinerar minimalistisk design med str\u00e5lande elegans. Utrustad med en metallram och en...","og_url":"https:\/\/truusk.store\/sv\/produkt\/truusk-taklampa-kronljusdesign-kristallskarm-3-glodlampor-metall-guld-fargad\/","og_site_name":"TRUUSK - Hem, Tr\u00e4dg\u00e5rd &amp; Fritid","article_modified_time":"2026-03-12T07:46:11+00:00","og_image":[{"width":2000,"height":2000,"url":"https:\/\/i0.wp.com\/truusk.se\/wp-content\/uploads\/2025\/07\/taklampa-kronljusdesign-kristallskarm-3-glodlampor-metall-guld-fargad-1.webp?fit=2000%2C2000&ssl=1","type":"image\/webp"}],"twitter_card":"summary_large_image","twitter_misc":{"Ber\u00e4knad l\u00e4stid":"1 minut"},"schema":{"@context":"https:\/\/schema.org","@graph":[{"@type":"WebPage","@id":"https:\/\/truusk.store\/sv\/produkt\/truusk-taklampa-kronljusdesign-kristallskarm-3-glodlampor-metall-guld-fargad\/","url":"https:\/\/truusk.store\/sv\/produkt\/truusk-taklampa-kronljusdesign-kristallskarm-3-glodlampor-metall-guld-fargad\/","name":"TRUUSK Taklampa - Kronljusdesign - Kristallsk\u00e4rm - 3 Gl\u00f6dlampor - Metall - Guld F\u00e4rgad - TRUUSK - Hem, Tr\u00e4dg\u00e5rd &amp; Fritid","isPartOf":{"@id":"https:\/\/truusk.store\/sv\/#website"},"primaryImageOfPage":{"@id":"https:\/\/truusk.store\/sv\/produkt\/truusk-taklampa-kronljusdesign-kristallskarm-3-glodlampor-metall-guld-fargad\/#primaryimage"},"image":{"@id":"https:\/\/truusk.store\/sv\/produkt\/truusk-taklampa-kronljusdesign-kristallskarm-3-glodlampor-metall-guld-fargad\/#primaryimage"},"thumbnailUrl":"https:\/\/i0.wp.com\/truusk.store\/wp-content\/uploads\/2025\/07\/taklampa-kronljusdesign-kristallskarm-3-glodlampor-metall-guld-fargad-1.webp?fit=2000%2C2000&ssl=1","datePublished":"2025-07-22T04:21:30+00:00","dateModified":"2026-03-12T07:46:11+00:00","breadcrumb":{"@id":"https:\/\/truusk.store\/sv\/produkt\/truusk-taklampa-kronljusdesign-kristallskarm-3-glodlampor-metall-guld-fargad\/#breadcrumb"},"inLanguage":"sv-SE","potentialAction":[{"@type":"ReadAction","target":["https:\/\/truusk.store\/sv\/produkt\/truusk-taklampa-kronljusdesign-kristallskarm-3-glodlampor-metall-guld-fargad\/"]}]},{"@type":"ImageObject","inLanguage":"sv-SE","@id":"https:\/\/truusk.store\/sv\/produkt\/truusk-taklampa-kronljusdesign-kristallskarm-3-glodlampor-metall-guld-fargad\/#primaryimage","url":"https:\/\/i0.wp.com\/truusk.store\/wp-content\/uploads\/2025\/07\/taklampa-kronljusdesign-kristallskarm-3-glodlampor-metall-guld-fargad-1.webp?fit=2000%2C2000&ssl=1","contentUrl":"https:\/\/i0.wp.com\/truusk.store\/wp-content\/uploads\/2025\/07\/taklampa-kronljusdesign-kristallskarm-3-glodlampor-metall-guld-fargad-1.webp?fit=2000%2C2000&ssl=1","width":2000,"height":2000},{"@type":"BreadcrumbList","@id":"https:\/\/truusk.store\/sv\/produkt\/truusk-taklampa-kronljusdesign-kristallskarm-3-glodlampor-metall-guld-fargad\/#breadcrumb","itemListElement":[{"@type":"ListItem","position":1,"name":"Home","item":"https:\/\/truusk.store\/sv\/"},{"@type":"ListItem","position":2,"name":"Shop","item":"https:\/\/truusk.store\/shop\/"},{"@type":"ListItem","position":3,"name":"TRUUSK Taklampa &#8211; Kronljusdesign &#8211; Kristallsk\u00e4rm &#8211; 3 Gl\u00f6dlampor &#8211; Metall &#8211; Guld F\u00e4rgad"}]},{"@type":"WebSite","@id":"https:\/\/truusk.store\/sv\/#website","url":"https:\/\/truusk.store\/sv\/","name":"TRUUSK - Hem, Tr\u00e4dg\u00e5rd & Fritid","description":"","publisher":{"@id":"https:\/\/truusk.store\/sv\/#organization"},"potentialAction":[{"@type":"SearchAction","target":{"@type":"EntryPoint","urlTemplate":"https:\/\/truusk.store\/sv\/?s={search_term_string}"},"query-input":{"@type":"PropertyValueSpecification","valueRequired":true,"valueName":"search_term_string"}}],"inLanguage":"sv-SE"},{"@type":"Organization","@id":"https:\/\/truusk.store\/sv\/#organization","name":"TRUUSK - Hem, Tr\u00e4dg\u00e5rd & Fritid","url":"https:\/\/truusk.store\/sv\/","logo":{"@type":"ImageObject","inLanguage":"sv-SE","@id":"https:\/\/truusk.store\/sv\/#\/schema\/logo\/image\/","url":"https:\/\/i0.wp.com\/truusk.store\/wp-content\/uploads\/2026\/03\/cropped-TRUUSK.png?fit=2032%2C917&ssl=1","contentUrl":"https:\/\/i0.wp.com\/truusk.store\/wp-content\/uploads\/2026\/03\/cropped-TRUUSK.png?fit=2032%2C917&ssl=1","width":2032,"height":917,"caption":"TRUUSK - Hem, Tr\u00e4dg\u00e5rd & Fritid"},"image":{"@id":"https:\/\/truusk.store\/sv\/#\/schema\/logo\/image\/"}}]}},"jetpack_sharing_enabled":true,"_links":{"self":[{"href":"https:\/\/truusk.store\/sv\/wp-json\/wp\/v2\/product\/84345","targetHints":{"allow":["GET"]}}],"collection":[{"href":"https:\/\/truusk.store\/sv\/wp-json\/wp\/v2\/product"}],"about":[{"href":"https:\/\/truusk.store\/sv\/wp-json\/wp\/v2\/types\/product"}],"wp:featuredmedia":[{"embeddable":true,"href":"https:\/\/truusk.store\/sv\/wp-json\/wp\/v2\/media\/84336"}],"wp:attachment":[{"href":"https:\/\/truusk.store\/sv\/wp-json\/wp\/v2\/media?parent=84345"}],"wp:term":[{"taxonomy":"product_brand","embeddable":true,"href":"https:\/\/truusk.store\/sv\/wp-json\/wp\/v2\/product_brand?post=84345"},{"taxonomy":"product_cat","embeddable":true,"href":"https:\/\/truusk.store\/sv\/wp-json\/wp\/v2\/product_cat?post=84345"},{"taxonomy":"product_tag","embeddable":true,"href":"https:\/\/truusk.store\/sv\/wp-json\/wp\/v2\/product_tag?post=84345"}],"curies":[{"name":"wp","href":"https:\/\/api.w.org\/{rel}","templated":true}]}}