{"id":84405,"date":"2025-07-22T05:27:41","date_gmt":"2025-07-22T04:27:41","guid":{"rendered":"https:\/\/truusk.store\/product\/garderob-multifunktionsskap-med-kladstang-hylla-soft-close-dorr-40-x-52-x-180-cm-vit\/"},"modified":"2026-03-12T08:46:15","modified_gmt":"2026-03-12T07:46:15","slug":"truusk-garderobsskap-multifunktion-kladstang-hylla-soft-close-dorr-40x52x180-cm-vit","status":"publish","type":"product","link":"https:\/\/truusk.store\/sv\/produkt\/truusk-garderobsskap-multifunktion-kladstang-hylla-soft-close-dorr-40x52x180-cm-vit\/","title":{"rendered":"TRUUSK Garderobssk\u00e5p Multifunktion &#8211; Kl\u00e4dst\u00e5ng &#8211; Hylla &#8211; Soft-Close D\u00f6rr &#8211; 40x52x180 cm &#8211; Vit"},"content":{"rendered":"<p>TRUUSK sovrumssk\u00e5pet g\u00f6r tr\u00e5nga utrymmen till praktisk f\u00f6rvaring. Endast 40 cm bred, integreras h\u00f6rngarderoben perfekt i sm\u00e5 l\u00e4genheter eller hallar. Den mjuka st\u00e4ngningen av d\u00f6rrarna ger ett tyst d\u00f6rrhandtag och skapar s\u00e5 en avslappnad atmosf\u00e4r f\u00f6r din familj, medan anti-tip-setet ger extra s\u00e4kerhet. En stilfull, genomt\u00e4nkt hallsk\u00e5p som erbjuder funktionalitet.<\/p>\n<p>Beskrivning:<\/p>\n<ul>\n<li> Tv\u00e5stegsf\u00f6rvaring med kl\u00e4dst\u00e5ng h\u00e5ller kl\u00e4der organiserade och l\u00e4ttillg\u00e4ngliga<\/li>\n<li> Mjukt st\u00e4ngande st\u00e5ngg\u00e5ngj\u00e4rn p\u00e5 garderoben garanterar en tyst, mjuk d\u00f6rrfunktion varje g\u00e5ng<\/li>\n<li> Slimmad enkeld\u00f6rrdesign p\u00e5 h\u00f6rngarderoben passar perfekt i sm\u00e5 l\u00e4genheter och entr\u00e9er<\/li>\n<li> Anti-tip-set f\u00f6r hallsk\u00e5pet f\u00f6r s\u00e4ker fasts\u00e4ttning, skyddar dina familjemedlemmar<\/li>\n<li> Minimalistisk vit stil sm\u00e4lter s\u00f6ml\u00f6st in i moderna eller klassiska interi\u00f6rer<\/li>\n<li> Upph\u00f6jd 8 cm bas f\u00f6rhindrar fukt, underl\u00e4ttar reng\u00f6ring, h\u00e5ller objekt dammfria<\/li>\n<li> Montering kr\u00e4vs<\/li>\n<\/ul>\n<p> Tekniska data:<\/p>\n<ul>\n<li> F\u00e4rg: Vit<\/li>\n<li> Material: Sp\u00e5nskiva<\/li>\n<li> Totala dimensioner: 40L x 52B x 180H cm<\/li>\n<li> Storlek p\u00e5 \u00f6vre facket: 37B x 48,7T x 34,6H cm<\/li>\n<li> Storlek p\u00e5 nedre facket: 37B x 48,7T x 132,9H cm<\/li>\n<li> L\u00e4ngd p\u00e5 kl\u00e4dst\u00e5ngen: 36,5 cm<\/li>\n<li> H\u00f6jd p\u00e5 h\u00e4ngplatsen: 126 cm<\/li>\n<li> Maximal belastning: 45 kg (totalt), 15 kg (hylla\/kl\u00e4dst\u00e5ng)<\/li>\n<\/ul>\n<p>Leveransinneh\u00e5ll:<\/p>\n<ul>\n<li> 1 x Garderob<\/li>\n<li> 1 x Bruksanvisning<\/li>\n<\/ul>\n","protected":false},"excerpt":{"rendered":"<p>TRUUSK sovrumssk\u00e5pet g\u00f6r tr\u00e5nga utrymmen till praktisk f\u00f6rvaring. Endast 40 cm bred, integreras h\u00f6rngarderoben perfekt i sm\u00e5 l\u00e4genheter eller hallar&#8230;.<\/p>\n","protected":false},"featured_media":84396,"template":"","meta":[],"product_brand":[],"product_cat":[558,871,897],"product_tag":[],"class_list":{"0":"post-84405","1":"product","2":"type-product","3":"status-publish","4":"has-post-thumbnail","6":"product_cat-garderober","7":"product_cat-hus-hem","8":"product_cat-sovrum","10":"first","11":"instock","12":"sale","13":"taxable","14":"shipping-taxable","15":"purchasable","16":"product-type-simple"},"yoast_head":"<!-- This site is optimized with the Yoast SEO plugin v25.4 - https:\/\/yoast.com\/wordpress\/plugins\/seo\/ -->\n<title>TRUUSK Garderobssk\u00e5p Multifunktion - Kl\u00e4dst\u00e5ng - Hylla - Soft-Close D\u00f6rr - 40x52x180 cm - Vit - TRUUSK - Hem, Tr\u00e4dg\u00e5rd &amp; Fritid<\/title>\n<meta name=\"robots\" content=\"index, follow, max-snippet:-1, max-image-preview:large, max-video-preview:-1\" \/>\n<link rel=\"canonical\" href=\"https:\/\/truusk.store\/sv\/produkt\/truusk-garderobsskap-multifunktion-kladstang-hylla-soft-close-dorr-40x52x180-cm-vit\/\" \/>\n<meta property=\"og:locale\" content=\"sv_SE\" \/>\n<meta property=\"og:type\" content=\"article\" \/>\n<meta property=\"og:title\" content=\"TRUUSK Garderobssk\u00e5p Multifunktion - Kl\u00e4dst\u00e5ng - Hylla - Soft-Close D\u00f6rr - 40x52x180 cm - Vit - TRUUSK - Hem, Tr\u00e4dg\u00e5rd &amp; Fritid\" \/>\n<meta property=\"og:description\" content=\"TRUUSK sovrumssk\u00e5pet g\u00f6r tr\u00e5nga utrymmen till praktisk f\u00f6rvaring. Endast 40 cm bred, integreras h\u00f6rngarderoben perfekt i sm\u00e5 l\u00e4genheter eller hallar....\" \/>\n<meta property=\"og:url\" content=\"https:\/\/truusk.store\/sv\/produkt\/truusk-garderobsskap-multifunktion-kladstang-hylla-soft-close-dorr-40x52x180-cm-vit\/\" \/>\n<meta property=\"og:site_name\" content=\"TRUUSK - Hem, Tr\u00e4dg\u00e5rd &amp; Fritid\" \/>\n<meta property=\"article:modified_time\" content=\"2026-03-12T07:46:15+00:00\" \/>\n<meta property=\"og:image\" content=\"https:\/\/i0.wp.com\/truusk.se\/wp-content\/uploads\/2025\/07\/garderob-multifunktionsskap-med-kladstang-hylla-soft-close-dorr-40-x-52-x-180-cm-vit-1.webp?fit=2000%2C2000&ssl=1\" \/>\n\t<meta property=\"og:image:width\" content=\"2000\" \/>\n\t<meta property=\"og:image:height\" content=\"2000\" \/>\n\t<meta property=\"og:image:type\" content=\"image\/webp\" \/>\n<meta name=\"twitter:card\" content=\"summary_large_image\" \/>\n<meta name=\"twitter:label1\" content=\"Ber\u00e4knad l\u00e4stid\" \/>\n\t<meta name=\"twitter:data1\" content=\"1 minut\" \/>\n<!-- \/ Yoast SEO plugin. -->","yoast_head_json":{"title":"TRUUSK Garderobssk\u00e5p Multifunktion - Kl\u00e4dst\u00e5ng - Hylla - Soft-Close D\u00f6rr - 40x52x180 cm - Vit - TRUUSK - Hem, Tr\u00e4dg\u00e5rd &amp; Fritid","robots":{"index":"index","follow":"follow","max-snippet":"max-snippet:-1","max-image-preview":"max-image-preview:large","max-video-preview":"max-video-preview:-1"},"canonical":"https:\/\/truusk.store\/sv\/produkt\/truusk-garderobsskap-multifunktion-kladstang-hylla-soft-close-dorr-40x52x180-cm-vit\/","og_locale":"sv_SE","og_type":"article","og_title":"TRUUSK Garderobssk\u00e5p Multifunktion - Kl\u00e4dst\u00e5ng - Hylla - Soft-Close D\u00f6rr - 40x52x180 cm - Vit - TRUUSK - Hem, Tr\u00e4dg\u00e5rd &amp; Fritid","og_description":"TRUUSK sovrumssk\u00e5pet g\u00f6r tr\u00e5nga utrymmen till praktisk f\u00f6rvaring. Endast 40 cm bred, integreras h\u00f6rngarderoben perfekt i sm\u00e5 l\u00e4genheter eller hallar....","og_url":"https:\/\/truusk.store\/sv\/produkt\/truusk-garderobsskap-multifunktion-kladstang-hylla-soft-close-dorr-40x52x180-cm-vit\/","og_site_name":"TRUUSK - Hem, Tr\u00e4dg\u00e5rd &amp; Fritid","article_modified_time":"2026-03-12T07:46:15+00:00","og_image":[{"width":2000,"height":2000,"url":"https:\/\/i0.wp.com\/truusk.se\/wp-content\/uploads\/2025\/07\/garderob-multifunktionsskap-med-kladstang-hylla-soft-close-dorr-40-x-52-x-180-cm-vit-1.webp?fit=2000%2C2000&ssl=1","type":"image\/webp"}],"twitter_card":"summary_large_image","twitter_misc":{"Ber\u00e4knad l\u00e4stid":"1 minut"},"schema":{"@context":"https:\/\/schema.org","@graph":[{"@type":"WebPage","@id":"https:\/\/truusk.store\/sv\/produkt\/truusk-garderobsskap-multifunktion-kladstang-hylla-soft-close-dorr-40x52x180-cm-vit\/","url":"https:\/\/truusk.store\/sv\/produkt\/truusk-garderobsskap-multifunktion-kladstang-hylla-soft-close-dorr-40x52x180-cm-vit\/","name":"TRUUSK Garderobssk\u00e5p Multifunktion - Kl\u00e4dst\u00e5ng - Hylla - Soft-Close D\u00f6rr - 40x52x180 cm - Vit - TRUUSK - Hem, Tr\u00e4dg\u00e5rd &amp; Fritid","isPartOf":{"@id":"https:\/\/truusk.store\/sv\/#website"},"primaryImageOfPage":{"@id":"https:\/\/truusk.store\/sv\/produkt\/truusk-garderobsskap-multifunktion-kladstang-hylla-soft-close-dorr-40x52x180-cm-vit\/#primaryimage"},"image":{"@id":"https:\/\/truusk.store\/sv\/produkt\/truusk-garderobsskap-multifunktion-kladstang-hylla-soft-close-dorr-40x52x180-cm-vit\/#primaryimage"},"thumbnailUrl":"https:\/\/i0.wp.com\/truusk.store\/wp-content\/uploads\/2025\/07\/garderob-multifunktionsskap-med-kladstang-hylla-soft-close-dorr-40-x-52-x-180-cm-vit-1.webp?fit=2000%2C2000&ssl=1","datePublished":"2025-07-22T04:27:41+00:00","dateModified":"2026-03-12T07:46:15+00:00","breadcrumb":{"@id":"https:\/\/truusk.store\/sv\/produkt\/truusk-garderobsskap-multifunktion-kladstang-hylla-soft-close-dorr-40x52x180-cm-vit\/#breadcrumb"},"inLanguage":"sv-SE","potentialAction":[{"@type":"ReadAction","target":["https:\/\/truusk.store\/sv\/produkt\/truusk-garderobsskap-multifunktion-kladstang-hylla-soft-close-dorr-40x52x180-cm-vit\/"]}]},{"@type":"ImageObject","inLanguage":"sv-SE","@id":"https:\/\/truusk.store\/sv\/produkt\/truusk-garderobsskap-multifunktion-kladstang-hylla-soft-close-dorr-40x52x180-cm-vit\/#primaryimage","url":"https:\/\/i0.wp.com\/truusk.store\/wp-content\/uploads\/2025\/07\/garderob-multifunktionsskap-med-kladstang-hylla-soft-close-dorr-40-x-52-x-180-cm-vit-1.webp?fit=2000%2C2000&ssl=1","contentUrl":"https:\/\/i0.wp.com\/truusk.store\/wp-content\/uploads\/2025\/07\/garderob-multifunktionsskap-med-kladstang-hylla-soft-close-dorr-40-x-52-x-180-cm-vit-1.webp?fit=2000%2C2000&ssl=1","width":2000,"height":2000},{"@type":"BreadcrumbList","@id":"https:\/\/truusk.store\/sv\/produkt\/truusk-garderobsskap-multifunktion-kladstang-hylla-soft-close-dorr-40x52x180-cm-vit\/#breadcrumb","itemListElement":[{"@type":"ListItem","position":1,"name":"Home","item":"https:\/\/truusk.store\/sv\/"},{"@type":"ListItem","position":2,"name":"Shop","item":"https:\/\/truusk.store\/shop\/"},{"@type":"ListItem","position":3,"name":"TRUUSK Garderobssk\u00e5p Multifunktion &#8211; Kl\u00e4dst\u00e5ng &#8211; Hylla &#8211; Soft-Close D\u00f6rr &#8211; 40x52x180 cm &#8211; Vit"}]},{"@type":"WebSite","@id":"https:\/\/truusk.store\/sv\/#website","url":"https:\/\/truusk.store\/sv\/","name":"TRUUSK - Hem, Tr\u00e4dg\u00e5rd & Fritid","description":"","publisher":{"@id":"https:\/\/truusk.store\/sv\/#organization"},"potentialAction":[{"@type":"SearchAction","target":{"@type":"EntryPoint","urlTemplate":"https:\/\/truusk.store\/sv\/?s={search_term_string}"},"query-input":{"@type":"PropertyValueSpecification","valueRequired":true,"valueName":"search_term_string"}}],"inLanguage":"sv-SE"},{"@type":"Organization","@id":"https:\/\/truusk.store\/sv\/#organization","name":"TRUUSK - Hem, Tr\u00e4dg\u00e5rd & Fritid","url":"https:\/\/truusk.store\/sv\/","logo":{"@type":"ImageObject","inLanguage":"sv-SE","@id":"https:\/\/truusk.store\/sv\/#\/schema\/logo\/image\/","url":"https:\/\/i0.wp.com\/truusk.store\/wp-content\/uploads\/2026\/03\/cropped-TRUUSK.png?fit=2032%2C917&ssl=1","contentUrl":"https:\/\/i0.wp.com\/truusk.store\/wp-content\/uploads\/2026\/03\/cropped-TRUUSK.png?fit=2032%2C917&ssl=1","width":2032,"height":917,"caption":"TRUUSK - Hem, Tr\u00e4dg\u00e5rd & Fritid"},"image":{"@id":"https:\/\/truusk.store\/sv\/#\/schema\/logo\/image\/"}}]}},"jetpack_sharing_enabled":true,"_links":{"self":[{"href":"https:\/\/truusk.store\/sv\/wp-json\/wp\/v2\/product\/84405","targetHints":{"allow":["GET"]}}],"collection":[{"href":"https:\/\/truusk.store\/sv\/wp-json\/wp\/v2\/product"}],"about":[{"href":"https:\/\/truusk.store\/sv\/wp-json\/wp\/v2\/types\/product"}],"wp:featuredmedia":[{"embeddable":true,"href":"https:\/\/truusk.store\/sv\/wp-json\/wp\/v2\/media\/84396"}],"wp:attachment":[{"href":"https:\/\/truusk.store\/sv\/wp-json\/wp\/v2\/media?parent=84405"}],"wp:term":[{"taxonomy":"product_brand","embeddable":true,"href":"https:\/\/truusk.store\/sv\/wp-json\/wp\/v2\/product_brand?post=84405"},{"taxonomy":"product_cat","embeddable":true,"href":"https:\/\/truusk.store\/sv\/wp-json\/wp\/v2\/product_cat?post=84405"},{"taxonomy":"product_tag","embeddable":true,"href":"https:\/\/truusk.store\/sv\/wp-json\/wp\/v2\/product_tag?post=84405"}],"curies":[{"name":"wp","href":"https:\/\/api.w.org\/{rel}","templated":true}]}}