{"id":84425,"date":"2025-07-22T05:29:42","date_gmt":"2025-07-22T04:29:42","guid":{"rendered":"https:\/\/truusk.store\/product\/aiyaplay-sminkbord-set-med-pall-for-barn-sminkspegel-bjornform-lada-mdf-rosa\/"},"modified":"2026-03-12T08:46:17","modified_gmt":"2026-03-12T07:46:17","slug":"truusk-hundvagn-och-kattvagn-2-i-1-hopfallbar-med-regnskydd-natventiler-kudde-for-husdjur-upp-till-10-kg-khaki","status":"publish","type":"product","link":"https:\/\/truusk.store\/sv\/produkt\/truusk-hundvagn-och-kattvagn-2-i-1-hopfallbar-med-regnskydd-natventiler-kudde-for-husdjur-upp-till-10-kg-khaki\/","title":{"rendered":"TRUUSK Hundvagn och Kattvagn 2-i-1 &#8211; Hopf\u00e4llbar med Regnskydd &#8211; N\u00e4tventiler &#8211; Kudde &#8211; F\u00f6r Husdjur upp till 10 kg &#8211; Khaki"},"content":{"rendered":"<p>I hj\u00e4rtat av barnrummet blir AIYAPLAY barnsminkbordet en magisk plats. Tillverkat av robust MDF av klass E1 och utrustat med rundade h\u00f6rn, erbjuder detta sminkbordssats f\u00f6r barn s\u00e4kra m\u00f6jligheter f\u00f6r att g\u00f6ra sig i ordning eller f\u00f6r kreativt spel. Den rymliga l\u00e5dan i barnsminkbordet fr\u00e4mjar ordning och struktur i vardagen, medan bj\u00f6rndesignen p\u00e5 sminkspegeln ger en s\u00f6t, lekfull accent i barnrummet.<\/p>\n<p>Beskrivning:<\/p>\n<ul>\n<li> 2-delars set inkluderar barnsminkbord och matchande pall<\/li>\n<li> Rundade h\u00f6rn och sl\u00e4ta ytor p\u00e5 sminkbordet bidrar till \u00f6kad s\u00e4kerhet<\/li>\n<li> Rymlig bordsskiva och stor l\u00e5da i sminkbordet h\u00e5ller leksaker och tillbeh\u00f6r ordnade<\/li>\n<li> Spegel och pall i s\u00f6t bj\u00f6rnform<\/li>\n<li> Enkel montering p\u00e5 30 minuter, inga speciella verktyg kr\u00e4vs<\/li>\n<\/ul>\n<p> Tekniska data:<\/p>\n<ul>\n<li> F\u00e4rg: Rosa+Vit+Naturtr\u00e4<\/li>\n<li> Material: MDF, Akryl<\/li>\n<li> Bordets dimensioner: 68L x 35B x 86H cm<\/li>\n<li> Stolens dimensioner: 33B x 32,5D x 58,5H cm<\/li>\n<li> Spegelstorlek: \u00d823 cm<\/li>\n<li> Bordsh\u00f6jd fr\u00e5n golvet: 55 cm<\/li>\n<li> Inre m\u00e5tt p\u00e5 l\u00e5dan: 50B x 26,5D x 6H cm<\/li>\n<li> Sitsstorlek: 28B x 28D cm<\/li>\n<li> Sitth\u00f6jd: 29,5 cm<\/li>\n<li> Ryggst\u00f6dets dimensioner: 24B x 18H cm<\/li>\n<li> Maximal belastning: 20 kg (bordsskiva), 10 kg (l\u00e5da), 30 kg (stol)<\/li>\n<li> Rekommenderad \u00e5lder: 3-8 \u00e5r<\/li>\n<\/ul>\n<p>Leveransinneh\u00e5ll:<\/p>\n<ul>\n<li> 1 x Sminkbord<\/li>\n<li> 1 x Stol<\/li>\n<li> 1 x Bruksanvisning<\/li>\n<\/ul>\n","protected":false},"excerpt":{"rendered":"<p>I hj\u00e4rtat av barnrummet blir AIYAPLAY barnsminkbordet en magisk plats. Tillverkat av robust MDF av klass E1 och utrustat med&#8230;<\/p>\n","protected":false},"featured_media":84416,"template":"","meta":[],"product_brand":[],"product_cat":[880,918,1064],"product_tag":[],"class_list":{"0":"post-84425","1":"product","2":"type-product","3":"status-publish","4":"has-post-thumbnail","6":"product_cat-baby-barn-2","7":"product_cat-leksaker","8":"product_cat-rollspel-for-barn","10":"first","11":"instock","12":"sale","13":"taxable","14":"shipping-taxable","15":"purchasable","16":"product-type-simple"},"yoast_head":"<!-- This site is optimized with the Yoast SEO plugin v25.4 - https:\/\/yoast.com\/wordpress\/plugins\/seo\/ -->\n<title>TRUUSK Hundvagn och Kattvagn 2-i-1 - Hopf\u00e4llbar med Regnskydd - N\u00e4tventiler - Kudde - F\u00f6r Husdjur upp till 10 kg - Khaki - TRUUSK - Hem, Tr\u00e4dg\u00e5rd &amp; Fritid<\/title>\n<meta name=\"robots\" content=\"index, follow, max-snippet:-1, max-image-preview:large, max-video-preview:-1\" \/>\n<link rel=\"canonical\" href=\"https:\/\/truusk.store\/sv\/produkt\/truusk-hundvagn-och-kattvagn-2-i-1-hopfallbar-med-regnskydd-natventiler-kudde-for-husdjur-upp-till-10-kg-khaki\/\" \/>\n<meta property=\"og:locale\" content=\"sv_SE\" \/>\n<meta property=\"og:type\" content=\"article\" \/>\n<meta property=\"og:title\" content=\"TRUUSK Hundvagn och Kattvagn 2-i-1 - Hopf\u00e4llbar med Regnskydd - N\u00e4tventiler - Kudde - F\u00f6r Husdjur upp till 10 kg - Khaki - TRUUSK - Hem, Tr\u00e4dg\u00e5rd &amp; Fritid\" \/>\n<meta property=\"og:description\" content=\"I hj\u00e4rtat av barnrummet blir AIYAPLAY barnsminkbordet en magisk plats. Tillverkat av robust MDF av klass E1 och utrustat med...\" \/>\n<meta property=\"og:url\" content=\"https:\/\/truusk.store\/sv\/produkt\/truusk-hundvagn-och-kattvagn-2-i-1-hopfallbar-med-regnskydd-natventiler-kudde-for-husdjur-upp-till-10-kg-khaki\/\" \/>\n<meta property=\"og:site_name\" content=\"TRUUSK - Hem, Tr\u00e4dg\u00e5rd &amp; Fritid\" \/>\n<meta property=\"article:modified_time\" content=\"2026-03-12T07:46:17+00:00\" \/>\n<meta property=\"og:image\" content=\"https:\/\/i0.wp.com\/truusk.se\/wp-content\/uploads\/2025\/07\/aiyaplay-sminkbord-set-med-pall-for-barn-sminkspegel-bjornform-lada-mdf-rosa-1.webp?fit=2000%2C2000&ssl=1\" \/>\n\t<meta property=\"og:image:width\" content=\"2000\" \/>\n\t<meta property=\"og:image:height\" content=\"2000\" \/>\n\t<meta property=\"og:image:type\" content=\"image\/webp\" \/>\n<meta name=\"twitter:card\" content=\"summary_large_image\" \/>\n<meta name=\"twitter:label1\" content=\"Ber\u00e4knad l\u00e4stid\" \/>\n\t<meta name=\"twitter:data1\" content=\"1 minut\" \/>\n<!-- \/ Yoast SEO plugin. -->","yoast_head_json":{"title":"TRUUSK Hundvagn och Kattvagn 2-i-1 - Hopf\u00e4llbar med Regnskydd - N\u00e4tventiler - Kudde - F\u00f6r Husdjur upp till 10 kg - Khaki - TRUUSK - Hem, Tr\u00e4dg\u00e5rd &amp; Fritid","robots":{"index":"index","follow":"follow","max-snippet":"max-snippet:-1","max-image-preview":"max-image-preview:large","max-video-preview":"max-video-preview:-1"},"canonical":"https:\/\/truusk.store\/sv\/produkt\/truusk-hundvagn-och-kattvagn-2-i-1-hopfallbar-med-regnskydd-natventiler-kudde-for-husdjur-upp-till-10-kg-khaki\/","og_locale":"sv_SE","og_type":"article","og_title":"TRUUSK Hundvagn och Kattvagn 2-i-1 - Hopf\u00e4llbar med Regnskydd - N\u00e4tventiler - Kudde - F\u00f6r Husdjur upp till 10 kg - Khaki - TRUUSK - Hem, Tr\u00e4dg\u00e5rd &amp; Fritid","og_description":"I hj\u00e4rtat av barnrummet blir AIYAPLAY barnsminkbordet en magisk plats. Tillverkat av robust MDF av klass E1 och utrustat med...","og_url":"https:\/\/truusk.store\/sv\/produkt\/truusk-hundvagn-och-kattvagn-2-i-1-hopfallbar-med-regnskydd-natventiler-kudde-for-husdjur-upp-till-10-kg-khaki\/","og_site_name":"TRUUSK - Hem, Tr\u00e4dg\u00e5rd &amp; Fritid","article_modified_time":"2026-03-12T07:46:17+00:00","og_image":[{"width":2000,"height":2000,"url":"https:\/\/i0.wp.com\/truusk.se\/wp-content\/uploads\/2025\/07\/aiyaplay-sminkbord-set-med-pall-for-barn-sminkspegel-bjornform-lada-mdf-rosa-1.webp?fit=2000%2C2000&ssl=1","type":"image\/webp"}],"twitter_card":"summary_large_image","twitter_misc":{"Ber\u00e4knad l\u00e4stid":"1 minut"},"schema":{"@context":"https:\/\/schema.org","@graph":[{"@type":"WebPage","@id":"https:\/\/truusk.store\/sv\/produkt\/truusk-hundvagn-och-kattvagn-2-i-1-hopfallbar-med-regnskydd-natventiler-kudde-for-husdjur-upp-till-10-kg-khaki\/","url":"https:\/\/truusk.store\/sv\/produkt\/truusk-hundvagn-och-kattvagn-2-i-1-hopfallbar-med-regnskydd-natventiler-kudde-for-husdjur-upp-till-10-kg-khaki\/","name":"TRUUSK Hundvagn och Kattvagn 2-i-1 - Hopf\u00e4llbar med Regnskydd - N\u00e4tventiler - Kudde - F\u00f6r Husdjur upp till 10 kg - Khaki - TRUUSK - Hem, Tr\u00e4dg\u00e5rd &amp; Fritid","isPartOf":{"@id":"https:\/\/truusk.store\/sv\/#website"},"primaryImageOfPage":{"@id":"https:\/\/truusk.store\/sv\/produkt\/truusk-hundvagn-och-kattvagn-2-i-1-hopfallbar-med-regnskydd-natventiler-kudde-for-husdjur-upp-till-10-kg-khaki\/#primaryimage"},"image":{"@id":"https:\/\/truusk.store\/sv\/produkt\/truusk-hundvagn-och-kattvagn-2-i-1-hopfallbar-med-regnskydd-natventiler-kudde-for-husdjur-upp-till-10-kg-khaki\/#primaryimage"},"thumbnailUrl":"https:\/\/i0.wp.com\/truusk.store\/wp-content\/uploads\/2025\/07\/aiyaplay-sminkbord-set-med-pall-for-barn-sminkspegel-bjornform-lada-mdf-rosa-1.webp?fit=2000%2C2000&ssl=1","datePublished":"2025-07-22T04:29:42+00:00","dateModified":"2026-03-12T07:46:17+00:00","breadcrumb":{"@id":"https:\/\/truusk.store\/sv\/produkt\/truusk-hundvagn-och-kattvagn-2-i-1-hopfallbar-med-regnskydd-natventiler-kudde-for-husdjur-upp-till-10-kg-khaki\/#breadcrumb"},"inLanguage":"sv-SE","potentialAction":[{"@type":"ReadAction","target":["https:\/\/truusk.store\/sv\/produkt\/truusk-hundvagn-och-kattvagn-2-i-1-hopfallbar-med-regnskydd-natventiler-kudde-for-husdjur-upp-till-10-kg-khaki\/"]}]},{"@type":"ImageObject","inLanguage":"sv-SE","@id":"https:\/\/truusk.store\/sv\/produkt\/truusk-hundvagn-och-kattvagn-2-i-1-hopfallbar-med-regnskydd-natventiler-kudde-for-husdjur-upp-till-10-kg-khaki\/#primaryimage","url":"https:\/\/i0.wp.com\/truusk.store\/wp-content\/uploads\/2025\/07\/aiyaplay-sminkbord-set-med-pall-for-barn-sminkspegel-bjornform-lada-mdf-rosa-1.webp?fit=2000%2C2000&ssl=1","contentUrl":"https:\/\/i0.wp.com\/truusk.store\/wp-content\/uploads\/2025\/07\/aiyaplay-sminkbord-set-med-pall-for-barn-sminkspegel-bjornform-lada-mdf-rosa-1.webp?fit=2000%2C2000&ssl=1","width":2000,"height":2000},{"@type":"BreadcrumbList","@id":"https:\/\/truusk.store\/sv\/produkt\/truusk-hundvagn-och-kattvagn-2-i-1-hopfallbar-med-regnskydd-natventiler-kudde-for-husdjur-upp-till-10-kg-khaki\/#breadcrumb","itemListElement":[{"@type":"ListItem","position":1,"name":"Home","item":"https:\/\/truusk.store\/sv\/"},{"@type":"ListItem","position":2,"name":"Shop","item":"https:\/\/truusk.store\/shop\/"},{"@type":"ListItem","position":3,"name":"TRUUSK Hundvagn och Kattvagn 2-i-1 &#8211; Hopf\u00e4llbar med Regnskydd &#8211; N\u00e4tventiler &#8211; Kudde &#8211; F\u00f6r Husdjur upp till 10 kg &#8211; Khaki"}]},{"@type":"WebSite","@id":"https:\/\/truusk.store\/sv\/#website","url":"https:\/\/truusk.store\/sv\/","name":"TRUUSK - Hem, Tr\u00e4dg\u00e5rd & Fritid","description":"","publisher":{"@id":"https:\/\/truusk.store\/sv\/#organization"},"potentialAction":[{"@type":"SearchAction","target":{"@type":"EntryPoint","urlTemplate":"https:\/\/truusk.store\/sv\/?s={search_term_string}"},"query-input":{"@type":"PropertyValueSpecification","valueRequired":true,"valueName":"search_term_string"}}],"inLanguage":"sv-SE"},{"@type":"Organization","@id":"https:\/\/truusk.store\/sv\/#organization","name":"TRUUSK - Hem, Tr\u00e4dg\u00e5rd & Fritid","url":"https:\/\/truusk.store\/sv\/","logo":{"@type":"ImageObject","inLanguage":"sv-SE","@id":"https:\/\/truusk.store\/sv\/#\/schema\/logo\/image\/","url":"https:\/\/i0.wp.com\/truusk.store\/wp-content\/uploads\/2026\/03\/cropped-TRUUSK.png?fit=2032%2C917&ssl=1","contentUrl":"https:\/\/i0.wp.com\/truusk.store\/wp-content\/uploads\/2026\/03\/cropped-TRUUSK.png?fit=2032%2C917&ssl=1","width":2032,"height":917,"caption":"TRUUSK - Hem, Tr\u00e4dg\u00e5rd & Fritid"},"image":{"@id":"https:\/\/truusk.store\/sv\/#\/schema\/logo\/image\/"}}]}},"jetpack_sharing_enabled":true,"_links":{"self":[{"href":"https:\/\/truusk.store\/sv\/wp-json\/wp\/v2\/product\/84425","targetHints":{"allow":["GET"]}}],"collection":[{"href":"https:\/\/truusk.store\/sv\/wp-json\/wp\/v2\/product"}],"about":[{"href":"https:\/\/truusk.store\/sv\/wp-json\/wp\/v2\/types\/product"}],"wp:featuredmedia":[{"embeddable":true,"href":"https:\/\/truusk.store\/sv\/wp-json\/wp\/v2\/media\/84416"}],"wp:attachment":[{"href":"https:\/\/truusk.store\/sv\/wp-json\/wp\/v2\/media?parent=84425"}],"wp:term":[{"taxonomy":"product_brand","embeddable":true,"href":"https:\/\/truusk.store\/sv\/wp-json\/wp\/v2\/product_brand?post=84425"},{"taxonomy":"product_cat","embeddable":true,"href":"https:\/\/truusk.store\/sv\/wp-json\/wp\/v2\/product_cat?post=84425"},{"taxonomy":"product_tag","embeddable":true,"href":"https:\/\/truusk.store\/sv\/wp-json\/wp\/v2\/product_tag?post=84425"}],"curies":[{"name":"wp","href":"https:\/\/api.w.org\/{rel}","templated":true}]}}