{"id":84432,"date":"2025-07-22T05:30:26","date_gmt":"2025-07-22T04:30:26","guid":{"rendered":"https:\/\/truusk.store\/product\/aiyaplay-bokhylla-for-barn-2-hyllor-2-skap-fristaende-anti-tip-design-halkfria-fotter-mdf-rosavit\/"},"modified":"2026-03-12T08:46:18","modified_gmt":"2026-03-12T07:46:18","slug":"truusk-barnbokhylla-2-hyllor-2-skap-anti-tip-design-halkfria-fotter-mdf-rosavit","status":"publish","type":"product","link":"https:\/\/truusk.store\/sv\/produkt\/truusk-barnbokhylla-2-hyllor-2-skap-anti-tip-design-halkfria-fotter-mdf-rosavit\/","title":{"rendered":"TRUUSK Barnbokhylla &#8211; 2 Hyllor &#8211; 2 Sk\u00e5p &#8211; Anti-tip Design &#8211; Halkfria F\u00f6tter &#8211; MDF &#8211; Rosa+Vit"},"content":{"rendered":"<p>I en v\u00e4rld full av oordning och kaos erbjuder AIYAPLAY barnbokhylla en s\u00e4ker plats f\u00f6r kreativitet och s\u00e4kerhet. Barnhyllan \u00e4r tillverkad av tjocka tr\u00e4plattor och har ett tippskydd, vilket garanterar en s\u00e4ker l\u00e4supplevelse. Den vackra designen i rosa och vitt stimulerar barnens fantasi och inbjuder dem att ordna sina b\u00f6cker och leksaker p\u00e5 ett snyggt och \u00f6versk\u00e5dligt s\u00e4tt. F\u00f6rvandla barnrummet till en glad oas med AIYAPLAY.<\/p>\n<p> Beskrivning:<\/p>\n<ul>\n<li> Tv\u00e5 \u00f6ppna hyllor och tv\u00e5 f\u00f6rvaringssk\u00e5p p\u00e5 leksakshyllan skapar ordning<\/li>\n<li> Tack vare en h\u00f6jd p\u00e5 endast 100 cm kan barnen enkelt n\u00e5 b\u00f6cker och leksaker<\/li>\n<li> L\u00e4tt att reng\u00f6ra. 12 cm h\u00f6ga ben minskar dammackumulering<\/li>\n<li> Denna barnbokhylla \u00e4r tillverkad av MDF<\/li>\n<li> Tippskyddssats och halkfria f\u00f6tter h\u00e5ller barnhyllan stabil<\/li>\n<li> Vacker design i rosa och vitt<\/li>\n<li> Monteringen kr\u00e4vs<\/li>\n<\/ul>\n<p> Tekniska specifikationer:<\/p>\n<ul>\n<li> F\u00e4rg: Rosa + Vit<\/li>\n<li> Material: MDF<\/li>\n<li> Totala dimensioner: 60L x 35B x 100H cm<\/li>\n<li> M\u00e5tt bokhylla (\u00f6vre): 57,6B x 31T x 23H cm<\/li>\n<li> M\u00e5tt bokhylla (nedre): 57,6B x 32,5T x 27H cm<\/li>\n<li> Sk\u00e5pm\u00e5tt: 29,5B x 29T x 30H cm<\/li>\n<li> Benh\u00f6jd: 12 cm<\/li>\n<li> Rekommenderad \u00e5lder: 3-8 \u00e5r<\/li>\n<li> Maximal belastning: 10 kg (hylla), 10 kg (sk\u00e5p), 40 kg (totalt)<\/li>\n<\/ul>\n<p>Leveransinneh\u00e5ll:<\/p>\n<ul>\n<li> 1 x Barnbokhylla<\/li>\n<li> 1 x Bruksanvisning<\/li>\n<\/ul>\n","protected":false},"excerpt":{"rendered":"<p>I en v\u00e4rld full av oordning och kaos erbjuder AIYAPLAY barnbokhylla en s\u00e4ker plats f\u00f6r kreativitet och s\u00e4kerhet. Barnhyllan \u00e4r&#8230;<\/p>\n","protected":false},"featured_media":84426,"template":"","meta":[],"product_brand":[],"product_cat":[880,636,631],"product_tag":[],"class_list":{"0":"post-84432","1":"product","2":"type-product","3":"status-publish","4":"has-post-thumbnail","6":"product_cat-baby-barn-2","7":"product_cat-barnhyllor-barnskap","8":"product_cat-barnmobler","10":"first","11":"instock","12":"sale","13":"taxable","14":"shipping-taxable","15":"purchasable","16":"product-type-simple"},"yoast_head":"<!-- This site is optimized with the Yoast SEO plugin v25.4 - https:\/\/yoast.com\/wordpress\/plugins\/seo\/ -->\n<title>TRUUSK Barnbokhylla - 2 Hyllor - 2 Sk\u00e5p - Anti-tip Design - Halkfria F\u00f6tter - MDF - Rosa+Vit - TRUUSK - Hem, Tr\u00e4dg\u00e5rd &amp; Fritid<\/title>\n<meta name=\"robots\" content=\"index, follow, max-snippet:-1, max-image-preview:large, max-video-preview:-1\" \/>\n<link rel=\"canonical\" href=\"https:\/\/truusk.store\/sv\/produkt\/truusk-barnbokhylla-2-hyllor-2-skap-anti-tip-design-halkfria-fotter-mdf-rosavit\/\" \/>\n<meta property=\"og:locale\" content=\"sv_SE\" \/>\n<meta property=\"og:type\" content=\"article\" \/>\n<meta property=\"og:title\" content=\"TRUUSK Barnbokhylla - 2 Hyllor - 2 Sk\u00e5p - Anti-tip Design - Halkfria F\u00f6tter - MDF - Rosa+Vit - TRUUSK - Hem, Tr\u00e4dg\u00e5rd &amp; Fritid\" \/>\n<meta property=\"og:description\" content=\"I en v\u00e4rld full av oordning och kaos erbjuder AIYAPLAY barnbokhylla en s\u00e4ker plats f\u00f6r kreativitet och s\u00e4kerhet. Barnhyllan \u00e4r...\" \/>\n<meta property=\"og:url\" content=\"https:\/\/truusk.store\/sv\/produkt\/truusk-barnbokhylla-2-hyllor-2-skap-anti-tip-design-halkfria-fotter-mdf-rosavit\/\" \/>\n<meta property=\"og:site_name\" content=\"TRUUSK - Hem, Tr\u00e4dg\u00e5rd &amp; Fritid\" \/>\n<meta property=\"article:modified_time\" content=\"2026-03-12T07:46:18+00:00\" \/>\n<meta property=\"og:image\" content=\"https:\/\/i0.wp.com\/truusk.se\/wp-content\/uploads\/2025\/07\/aiyaplay-bokhylla-for-barn-2-hyllor-2-skap-fristaende-anti-tip-design-halkfria-fotter-mdf-rosavit-1.webp?fit=2000%2C2000&ssl=1\" \/>\n\t<meta property=\"og:image:width\" content=\"2000\" \/>\n\t<meta property=\"og:image:height\" content=\"2000\" \/>\n\t<meta property=\"og:image:type\" content=\"image\/webp\" \/>\n<meta name=\"twitter:card\" content=\"summary_large_image\" \/>\n<meta name=\"twitter:label1\" content=\"Ber\u00e4knad l\u00e4stid\" \/>\n\t<meta name=\"twitter:data1\" content=\"1 minut\" \/>\n<!-- \/ Yoast SEO plugin. -->","yoast_head_json":{"title":"TRUUSK Barnbokhylla - 2 Hyllor - 2 Sk\u00e5p - Anti-tip Design - Halkfria F\u00f6tter - MDF - Rosa+Vit - TRUUSK - Hem, Tr\u00e4dg\u00e5rd &amp; Fritid","robots":{"index":"index","follow":"follow","max-snippet":"max-snippet:-1","max-image-preview":"max-image-preview:large","max-video-preview":"max-video-preview:-1"},"canonical":"https:\/\/truusk.store\/sv\/produkt\/truusk-barnbokhylla-2-hyllor-2-skap-anti-tip-design-halkfria-fotter-mdf-rosavit\/","og_locale":"sv_SE","og_type":"article","og_title":"TRUUSK Barnbokhylla - 2 Hyllor - 2 Sk\u00e5p - Anti-tip Design - Halkfria F\u00f6tter - MDF - Rosa+Vit - TRUUSK - Hem, Tr\u00e4dg\u00e5rd &amp; Fritid","og_description":"I en v\u00e4rld full av oordning och kaos erbjuder AIYAPLAY barnbokhylla en s\u00e4ker plats f\u00f6r kreativitet och s\u00e4kerhet. Barnhyllan \u00e4r...","og_url":"https:\/\/truusk.store\/sv\/produkt\/truusk-barnbokhylla-2-hyllor-2-skap-anti-tip-design-halkfria-fotter-mdf-rosavit\/","og_site_name":"TRUUSK - Hem, Tr\u00e4dg\u00e5rd &amp; Fritid","article_modified_time":"2026-03-12T07:46:18+00:00","og_image":[{"width":2000,"height":2000,"url":"https:\/\/i0.wp.com\/truusk.se\/wp-content\/uploads\/2025\/07\/aiyaplay-bokhylla-for-barn-2-hyllor-2-skap-fristaende-anti-tip-design-halkfria-fotter-mdf-rosavit-1.webp?fit=2000%2C2000&ssl=1","type":"image\/webp"}],"twitter_card":"summary_large_image","twitter_misc":{"Ber\u00e4knad l\u00e4stid":"1 minut"},"schema":{"@context":"https:\/\/schema.org","@graph":[{"@type":"WebPage","@id":"https:\/\/truusk.store\/sv\/produkt\/truusk-barnbokhylla-2-hyllor-2-skap-anti-tip-design-halkfria-fotter-mdf-rosavit\/","url":"https:\/\/truusk.store\/sv\/produkt\/truusk-barnbokhylla-2-hyllor-2-skap-anti-tip-design-halkfria-fotter-mdf-rosavit\/","name":"TRUUSK Barnbokhylla - 2 Hyllor - 2 Sk\u00e5p - Anti-tip Design - Halkfria F\u00f6tter - MDF - Rosa+Vit - TRUUSK - Hem, Tr\u00e4dg\u00e5rd &amp; Fritid","isPartOf":{"@id":"https:\/\/truusk.store\/sv\/#website"},"primaryImageOfPage":{"@id":"https:\/\/truusk.store\/sv\/produkt\/truusk-barnbokhylla-2-hyllor-2-skap-anti-tip-design-halkfria-fotter-mdf-rosavit\/#primaryimage"},"image":{"@id":"https:\/\/truusk.store\/sv\/produkt\/truusk-barnbokhylla-2-hyllor-2-skap-anti-tip-design-halkfria-fotter-mdf-rosavit\/#primaryimage"},"thumbnailUrl":"https:\/\/i0.wp.com\/truusk.store\/wp-content\/uploads\/2025\/07\/aiyaplay-bokhylla-for-barn-2-hyllor-2-skap-fristaende-anti-tip-design-halkfria-fotter-mdf-rosavit-1.webp?fit=2000%2C2000&ssl=1","datePublished":"2025-07-22T04:30:26+00:00","dateModified":"2026-03-12T07:46:18+00:00","breadcrumb":{"@id":"https:\/\/truusk.store\/sv\/produkt\/truusk-barnbokhylla-2-hyllor-2-skap-anti-tip-design-halkfria-fotter-mdf-rosavit\/#breadcrumb"},"inLanguage":"sv-SE","potentialAction":[{"@type":"ReadAction","target":["https:\/\/truusk.store\/sv\/produkt\/truusk-barnbokhylla-2-hyllor-2-skap-anti-tip-design-halkfria-fotter-mdf-rosavit\/"]}]},{"@type":"ImageObject","inLanguage":"sv-SE","@id":"https:\/\/truusk.store\/sv\/produkt\/truusk-barnbokhylla-2-hyllor-2-skap-anti-tip-design-halkfria-fotter-mdf-rosavit\/#primaryimage","url":"https:\/\/i0.wp.com\/truusk.store\/wp-content\/uploads\/2025\/07\/aiyaplay-bokhylla-for-barn-2-hyllor-2-skap-fristaende-anti-tip-design-halkfria-fotter-mdf-rosavit-1.webp?fit=2000%2C2000&ssl=1","contentUrl":"https:\/\/i0.wp.com\/truusk.store\/wp-content\/uploads\/2025\/07\/aiyaplay-bokhylla-for-barn-2-hyllor-2-skap-fristaende-anti-tip-design-halkfria-fotter-mdf-rosavit-1.webp?fit=2000%2C2000&ssl=1","width":2000,"height":2000},{"@type":"BreadcrumbList","@id":"https:\/\/truusk.store\/sv\/produkt\/truusk-barnbokhylla-2-hyllor-2-skap-anti-tip-design-halkfria-fotter-mdf-rosavit\/#breadcrumb","itemListElement":[{"@type":"ListItem","position":1,"name":"Home","item":"https:\/\/truusk.store\/sv\/"},{"@type":"ListItem","position":2,"name":"Shop","item":"https:\/\/truusk.store\/shop\/"},{"@type":"ListItem","position":3,"name":"TRUUSK Barnbokhylla &#8211; 2 Hyllor &#8211; 2 Sk\u00e5p &#8211; Anti-tip Design &#8211; Halkfria F\u00f6tter &#8211; MDF &#8211; Rosa+Vit"}]},{"@type":"WebSite","@id":"https:\/\/truusk.store\/sv\/#website","url":"https:\/\/truusk.store\/sv\/","name":"TRUUSK - Hem, Tr\u00e4dg\u00e5rd & Fritid","description":"","publisher":{"@id":"https:\/\/truusk.store\/sv\/#organization"},"potentialAction":[{"@type":"SearchAction","target":{"@type":"EntryPoint","urlTemplate":"https:\/\/truusk.store\/sv\/?s={search_term_string}"},"query-input":{"@type":"PropertyValueSpecification","valueRequired":true,"valueName":"search_term_string"}}],"inLanguage":"sv-SE"},{"@type":"Organization","@id":"https:\/\/truusk.store\/sv\/#organization","name":"TRUUSK - Hem, Tr\u00e4dg\u00e5rd & Fritid","url":"https:\/\/truusk.store\/sv\/","logo":{"@type":"ImageObject","inLanguage":"sv-SE","@id":"https:\/\/truusk.store\/sv\/#\/schema\/logo\/image\/","url":"https:\/\/i0.wp.com\/truusk.store\/wp-content\/uploads\/2026\/03\/cropped-TRUUSK.png?fit=2032%2C917&ssl=1","contentUrl":"https:\/\/i0.wp.com\/truusk.store\/wp-content\/uploads\/2026\/03\/cropped-TRUUSK.png?fit=2032%2C917&ssl=1","width":2032,"height":917,"caption":"TRUUSK - Hem, Tr\u00e4dg\u00e5rd & Fritid"},"image":{"@id":"https:\/\/truusk.store\/sv\/#\/schema\/logo\/image\/"}}]}},"jetpack_sharing_enabled":true,"_links":{"self":[{"href":"https:\/\/truusk.store\/sv\/wp-json\/wp\/v2\/product\/84432","targetHints":{"allow":["GET"]}}],"collection":[{"href":"https:\/\/truusk.store\/sv\/wp-json\/wp\/v2\/product"}],"about":[{"href":"https:\/\/truusk.store\/sv\/wp-json\/wp\/v2\/types\/product"}],"wp:featuredmedia":[{"embeddable":true,"href":"https:\/\/truusk.store\/sv\/wp-json\/wp\/v2\/media\/84426"}],"wp:attachment":[{"href":"https:\/\/truusk.store\/sv\/wp-json\/wp\/v2\/media?parent=84432"}],"wp:term":[{"taxonomy":"product_brand","embeddable":true,"href":"https:\/\/truusk.store\/sv\/wp-json\/wp\/v2\/product_brand?post=84432"},{"taxonomy":"product_cat","embeddable":true,"href":"https:\/\/truusk.store\/sv\/wp-json\/wp\/v2\/product_cat?post=84432"},{"taxonomy":"product_tag","embeddable":true,"href":"https:\/\/truusk.store\/sv\/wp-json\/wp\/v2\/product_tag?post=84432"}],"curies":[{"name":"wp","href":"https:\/\/api.w.org\/{rel}","templated":true}]}}