{"id":84446,"date":"2025-07-22T05:32:19","date_gmt":"2025-07-22T04:32:19","guid":{"rendered":"https:\/\/truusk.store\/product\/aiyaplay-barnkommod-med-3-lador-mdf-forvaringsskap-for-barn-rosavit\/"},"modified":"2026-03-12T08:46:19","modified_gmt":"2026-03-12T07:46:19","slug":"truusk-barnkommod-med-3-lador-mdf-forvaringsskap-for-barn-rosavit","status":"publish","type":"product","link":"https:\/\/truusk.store\/sv\/produkt\/truusk-barnkommod-med-3-lador-mdf-forvaringsskap-for-barn-rosavit\/","title":{"rendered":"TRUUSK Barnkomm\u00f6d Med 3 L\u00e5dor &#8211; MDF &#8211; F\u00f6rvaringssk\u00e5p F\u00f6r Barn &#8211; Rosa+Vit"},"content":{"rendered":"<p>I en v\u00e4rld d\u00e4r s\u00e4kerhet och kreativitet g\u00e5r hand i hand, ger AIYAPLAY byr\u00e5n med tjocka E1-klassade br\u00e4dor och barnv\u00e4nlig design en lugnande k\u00e4nsla. Barnsk\u00e5pet kommer i livliga rosa och vita toner och ger liv \u00e5t varje rum. De l\u00e4tt\u00f6ppnade l\u00e5dorna \u00e4r perfekta f\u00f6r sm\u00e5 h\u00e4nder. Denna vackra byr\u00e5 med l\u00e5dor fr\u00e4mjar tidig sj\u00e4lvst\u00e4ndighet och ordning, s\u00e5 att barn kan utveckla livsl\u00e5nga vanor och h\u00e5lla sin omgivning ren.<\/p>\n<p>Beskrivning:<\/p>\n<ul>\n<li> Tre rymliga l\u00e5dor i barnhyllan hj\u00e4lper barn att organisera kl\u00e4der, leksaker och b\u00f6cker<\/li>\n<li> Toppen av barnsk\u00e5pet b\u00e4r 15 kg och varje l\u00e5da st\u00f6der upp till 10 kg<\/li>\n<li> 60 cm h\u00f6jd, l\u00e4mplig f\u00f6r barn i \u00e5ldern 3-8 \u00e5r f\u00f6r sj\u00e4lvst\u00e4ndig \u00e5tkomst<\/li>\n<li> Tillverkad av E1-klassade br\u00e4dor<\/li>\n<li> Den kompakta storleken p\u00e5 barnrumssk\u00e5pet passar i de flesta sovrum och lekrum<\/li>\n<li> Montering kr\u00e4vs<\/li>\n<\/ul>\n<p> Tekniska specifikationer:<\/p>\n<ul>\n<li> F\u00e4rg: Rosa+Vit<\/li>\n<li> Material: MDF<\/li>\n<li> Totala dimensioner: 60L x 40B x 60H cm<\/li>\n<li> Inre storlek p\u00e5 l\u00e5dan: 52,5B x 28,5T x 7,5H cm<\/li>\n<li> Benh\u00f6jd: 12 cm<\/li>\n<li> Rekommenderad \u00e5lder: 3-8 \u00e5r<\/li>\n<li> Maximal belastning: 15 kg (Ovan), 10 kg (L\u00e5da), 45 kg (Totalt)<\/li>\n<\/ul>\n<p>Leveransinneh\u00e5ll:<\/p>\n<ul>\n<li> 1 x Barnbyr\u00e5<\/li>\n<li> 1 x Handbok<\/li>\n<\/ul>\n","protected":false},"excerpt":{"rendered":"<p>I en v\u00e4rld d\u00e4r s\u00e4kerhet och kreativitet g\u00e5r hand i hand, ger AIYAPLAY byr\u00e5n med tjocka E1-klassade br\u00e4dor och barnv\u00e4nlig&#8230;<\/p>\n","protected":false},"featured_media":84440,"template":"","meta":[],"product_brand":[],"product_cat":[880,636,631],"product_tag":[],"class_list":{"0":"post-84446","1":"product","2":"type-product","3":"status-publish","4":"has-post-thumbnail","6":"product_cat-baby-barn-2","7":"product_cat-barnhyllor-barnskap","8":"product_cat-barnmobler","10":"first","11":"instock","12":"sale","13":"taxable","14":"shipping-taxable","15":"purchasable","16":"product-type-simple"},"yoast_head":"<!-- This site is optimized with the Yoast SEO plugin v25.4 - https:\/\/yoast.com\/wordpress\/plugins\/seo\/ -->\n<title>TRUUSK Barnkomm\u00f6d Med 3 L\u00e5dor - MDF - F\u00f6rvaringssk\u00e5p F\u00f6r Barn - Rosa+Vit - TRUUSK - Hem, Tr\u00e4dg\u00e5rd &amp; Fritid<\/title>\n<meta name=\"robots\" content=\"index, follow, max-snippet:-1, max-image-preview:large, max-video-preview:-1\" \/>\n<link rel=\"canonical\" href=\"https:\/\/truusk.store\/sv\/produkt\/truusk-barnkommod-med-3-lador-mdf-forvaringsskap-for-barn-rosavit\/\" \/>\n<meta property=\"og:locale\" content=\"sv_SE\" \/>\n<meta property=\"og:type\" content=\"article\" \/>\n<meta property=\"og:title\" content=\"TRUUSK Barnkomm\u00f6d Med 3 L\u00e5dor - MDF - F\u00f6rvaringssk\u00e5p F\u00f6r Barn - Rosa+Vit - TRUUSK - Hem, Tr\u00e4dg\u00e5rd &amp; Fritid\" \/>\n<meta property=\"og:description\" content=\"I en v\u00e4rld d\u00e4r s\u00e4kerhet och kreativitet g\u00e5r hand i hand, ger AIYAPLAY byr\u00e5n med tjocka E1-klassade br\u00e4dor och barnv\u00e4nlig...\" \/>\n<meta property=\"og:url\" content=\"https:\/\/truusk.store\/sv\/produkt\/truusk-barnkommod-med-3-lador-mdf-forvaringsskap-for-barn-rosavit\/\" \/>\n<meta property=\"og:site_name\" content=\"TRUUSK - Hem, Tr\u00e4dg\u00e5rd &amp; Fritid\" \/>\n<meta property=\"article:modified_time\" content=\"2026-03-12T07:46:19+00:00\" \/>\n<meta property=\"og:image\" content=\"https:\/\/i0.wp.com\/truusk.se\/wp-content\/uploads\/2025\/07\/aiyaplay-barnkommod-med-3-lador-mdf-forvaringsskap-for-barn-rosavit-1.webp?fit=2000%2C2000&ssl=1\" \/>\n\t<meta property=\"og:image:width\" content=\"2000\" \/>\n\t<meta property=\"og:image:height\" content=\"2000\" \/>\n\t<meta property=\"og:image:type\" content=\"image\/webp\" \/>\n<meta name=\"twitter:card\" content=\"summary_large_image\" \/>\n<meta name=\"twitter:label1\" content=\"Ber\u00e4knad l\u00e4stid\" \/>\n\t<meta name=\"twitter:data1\" content=\"1 minut\" \/>\n<!-- \/ Yoast SEO plugin. -->","yoast_head_json":{"title":"TRUUSK Barnkomm\u00f6d Med 3 L\u00e5dor - MDF - F\u00f6rvaringssk\u00e5p F\u00f6r Barn - Rosa+Vit - TRUUSK - Hem, Tr\u00e4dg\u00e5rd &amp; Fritid","robots":{"index":"index","follow":"follow","max-snippet":"max-snippet:-1","max-image-preview":"max-image-preview:large","max-video-preview":"max-video-preview:-1"},"canonical":"https:\/\/truusk.store\/sv\/produkt\/truusk-barnkommod-med-3-lador-mdf-forvaringsskap-for-barn-rosavit\/","og_locale":"sv_SE","og_type":"article","og_title":"TRUUSK Barnkomm\u00f6d Med 3 L\u00e5dor - MDF - F\u00f6rvaringssk\u00e5p F\u00f6r Barn - Rosa+Vit - TRUUSK - Hem, Tr\u00e4dg\u00e5rd &amp; Fritid","og_description":"I en v\u00e4rld d\u00e4r s\u00e4kerhet och kreativitet g\u00e5r hand i hand, ger AIYAPLAY byr\u00e5n med tjocka E1-klassade br\u00e4dor och barnv\u00e4nlig...","og_url":"https:\/\/truusk.store\/sv\/produkt\/truusk-barnkommod-med-3-lador-mdf-forvaringsskap-for-barn-rosavit\/","og_site_name":"TRUUSK - Hem, Tr\u00e4dg\u00e5rd &amp; Fritid","article_modified_time":"2026-03-12T07:46:19+00:00","og_image":[{"width":2000,"height":2000,"url":"https:\/\/i0.wp.com\/truusk.se\/wp-content\/uploads\/2025\/07\/aiyaplay-barnkommod-med-3-lador-mdf-forvaringsskap-for-barn-rosavit-1.webp?fit=2000%2C2000&ssl=1","type":"image\/webp"}],"twitter_card":"summary_large_image","twitter_misc":{"Ber\u00e4knad l\u00e4stid":"1 minut"},"schema":{"@context":"https:\/\/schema.org","@graph":[{"@type":"WebPage","@id":"https:\/\/truusk.store\/sv\/produkt\/truusk-barnkommod-med-3-lador-mdf-forvaringsskap-for-barn-rosavit\/","url":"https:\/\/truusk.store\/sv\/produkt\/truusk-barnkommod-med-3-lador-mdf-forvaringsskap-for-barn-rosavit\/","name":"TRUUSK Barnkomm\u00f6d Med 3 L\u00e5dor - MDF - F\u00f6rvaringssk\u00e5p F\u00f6r Barn - Rosa+Vit - TRUUSK - Hem, Tr\u00e4dg\u00e5rd &amp; Fritid","isPartOf":{"@id":"https:\/\/truusk.store\/sv\/#website"},"primaryImageOfPage":{"@id":"https:\/\/truusk.store\/sv\/produkt\/truusk-barnkommod-med-3-lador-mdf-forvaringsskap-for-barn-rosavit\/#primaryimage"},"image":{"@id":"https:\/\/truusk.store\/sv\/produkt\/truusk-barnkommod-med-3-lador-mdf-forvaringsskap-for-barn-rosavit\/#primaryimage"},"thumbnailUrl":"https:\/\/i0.wp.com\/truusk.store\/wp-content\/uploads\/2025\/07\/aiyaplay-barnkommod-med-3-lador-mdf-forvaringsskap-for-barn-rosavit-1.webp?fit=2000%2C2000&ssl=1","datePublished":"2025-07-22T04:32:19+00:00","dateModified":"2026-03-12T07:46:19+00:00","breadcrumb":{"@id":"https:\/\/truusk.store\/sv\/produkt\/truusk-barnkommod-med-3-lador-mdf-forvaringsskap-for-barn-rosavit\/#breadcrumb"},"inLanguage":"sv-SE","potentialAction":[{"@type":"ReadAction","target":["https:\/\/truusk.store\/sv\/produkt\/truusk-barnkommod-med-3-lador-mdf-forvaringsskap-for-barn-rosavit\/"]}]},{"@type":"ImageObject","inLanguage":"sv-SE","@id":"https:\/\/truusk.store\/sv\/produkt\/truusk-barnkommod-med-3-lador-mdf-forvaringsskap-for-barn-rosavit\/#primaryimage","url":"https:\/\/i0.wp.com\/truusk.store\/wp-content\/uploads\/2025\/07\/aiyaplay-barnkommod-med-3-lador-mdf-forvaringsskap-for-barn-rosavit-1.webp?fit=2000%2C2000&ssl=1","contentUrl":"https:\/\/i0.wp.com\/truusk.store\/wp-content\/uploads\/2025\/07\/aiyaplay-barnkommod-med-3-lador-mdf-forvaringsskap-for-barn-rosavit-1.webp?fit=2000%2C2000&ssl=1","width":2000,"height":2000},{"@type":"BreadcrumbList","@id":"https:\/\/truusk.store\/sv\/produkt\/truusk-barnkommod-med-3-lador-mdf-forvaringsskap-for-barn-rosavit\/#breadcrumb","itemListElement":[{"@type":"ListItem","position":1,"name":"Home","item":"https:\/\/truusk.store\/sv\/"},{"@type":"ListItem","position":2,"name":"Shop","item":"https:\/\/truusk.store\/shop\/"},{"@type":"ListItem","position":3,"name":"TRUUSK Barnkomm\u00f6d Med 3 L\u00e5dor &#8211; MDF &#8211; F\u00f6rvaringssk\u00e5p F\u00f6r Barn &#8211; Rosa+Vit"}]},{"@type":"WebSite","@id":"https:\/\/truusk.store\/sv\/#website","url":"https:\/\/truusk.store\/sv\/","name":"TRUUSK - Hem, Tr\u00e4dg\u00e5rd & Fritid","description":"","publisher":{"@id":"https:\/\/truusk.store\/sv\/#organization"},"potentialAction":[{"@type":"SearchAction","target":{"@type":"EntryPoint","urlTemplate":"https:\/\/truusk.store\/sv\/?s={search_term_string}"},"query-input":{"@type":"PropertyValueSpecification","valueRequired":true,"valueName":"search_term_string"}}],"inLanguage":"sv-SE"},{"@type":"Organization","@id":"https:\/\/truusk.store\/sv\/#organization","name":"TRUUSK - Hem, Tr\u00e4dg\u00e5rd & Fritid","url":"https:\/\/truusk.store\/sv\/","logo":{"@type":"ImageObject","inLanguage":"sv-SE","@id":"https:\/\/truusk.store\/sv\/#\/schema\/logo\/image\/","url":"https:\/\/i0.wp.com\/truusk.store\/wp-content\/uploads\/2026\/03\/cropped-TRUUSK.png?fit=2032%2C917&ssl=1","contentUrl":"https:\/\/i0.wp.com\/truusk.store\/wp-content\/uploads\/2026\/03\/cropped-TRUUSK.png?fit=2032%2C917&ssl=1","width":2032,"height":917,"caption":"TRUUSK - Hem, Tr\u00e4dg\u00e5rd & Fritid"},"image":{"@id":"https:\/\/truusk.store\/sv\/#\/schema\/logo\/image\/"}}]}},"jetpack_sharing_enabled":true,"_links":{"self":[{"href":"https:\/\/truusk.store\/sv\/wp-json\/wp\/v2\/product\/84446","targetHints":{"allow":["GET"]}}],"collection":[{"href":"https:\/\/truusk.store\/sv\/wp-json\/wp\/v2\/product"}],"about":[{"href":"https:\/\/truusk.store\/sv\/wp-json\/wp\/v2\/types\/product"}],"wp:featuredmedia":[{"embeddable":true,"href":"https:\/\/truusk.store\/sv\/wp-json\/wp\/v2\/media\/84440"}],"wp:attachment":[{"href":"https:\/\/truusk.store\/sv\/wp-json\/wp\/v2\/media?parent=84446"}],"wp:term":[{"taxonomy":"product_brand","embeddable":true,"href":"https:\/\/truusk.store\/sv\/wp-json\/wp\/v2\/product_brand?post=84446"},{"taxonomy":"product_cat","embeddable":true,"href":"https:\/\/truusk.store\/sv\/wp-json\/wp\/v2\/product_cat?post=84446"},{"taxonomy":"product_tag","embeddable":true,"href":"https:\/\/truusk.store\/sv\/wp-json\/wp\/v2\/product_tag?post=84446"}],"curies":[{"name":"wp","href":"https:\/\/api.w.org\/{rel}","templated":true}]}}