{"id":8445,"date":"2024-02-13T09:18:54","date_gmt":"2024-02-13T08:18:54","guid":{"rendered":"https:\/\/truusk.store\/product\/kladhangare-kladbank-kladhangare-skohylla-med-sits-kladhangare-med-sits-och-2-skohyllor-metall-725x35x180cm\/"},"modified":"2026-03-12T08:55:48","modified_gmt":"2026-03-12T07:55:48","slug":"truusk-kladhangare-med-sits-och-skohylla-metall-725x35x180cm","status":"publish","type":"product","link":"https:\/\/truusk.store\/sv\/produkt\/truusk-kladhangare-med-sits-och-skohylla-metall-725x35x180cm\/","title":{"rendered":"TRUUSK Kl\u00e4dh\u00e4ngare Med Sits Och Skohylla &#8211; Metall &#8211; 72,5x35x180cm"},"content":{"rendered":"<p>Praktisk och m\u00e5ngsidig &#8211; Denna kl\u00e4dh\u00e4ngare kombinerar en kl\u00e4dst\u00e5ng, tv\u00e5 hyllor och en sits f\u00f6r bekv\u00e4mt skobyte. Tack vare sin enkla och kompakta design \u00e4r den perfekt f\u00f6r entr\u00e9er, hallar, vardagsrum och g\u00e4strum. Den pulverlackerade metallramen s\u00e4kerst\u00e4ller h\u00e5llbarhet och rostbest\u00e4ndighet. Den vadderade sitsen, kl\u00e4dd med slitstarkt syntetiskt l\u00e4der, erbjuder b\u00e5de h\u00f6g komfort och h\u00e5llbarhet.<\/p>\n<h3>Beskrivning:<\/h3>\n<ul>\n<li>Allt-i-ett skohylla, kl\u00e4dh\u00e4ngare och b\u00e4nk i ett, perfekt f\u00f6r entr\u00e9er, hallar, vardagsrum eller sovrum tack vare sin slimmade, kompakta design<\/li>\n<li>Tillverkad av pulverlackerad metallram, k\u00e4nd f\u00f6r h\u00e5llbarhet och rostbest\u00e4ndighet<\/li>\n<li>Den bekv\u00e4ma sitsen \u00e4r fylld med svamp och kl\u00e4dd med slitstarkt l\u00e4der f\u00f6r h\u00f6g komfort och h\u00e5llbarhet<\/li>\n<li>Praktisk topp med 5 krokar f\u00f6r att h\u00e4nga upp jackor, v\u00e4skor, halsdukar mm och 2 hyllor &#8211; Bekv\u00e4mt sittande och under sitsen f\u00f6r snygg skof\u00f6rvaring<\/li>\n<li>. Enkel montering och platsbesparande egenskaper g\u00f6r den extremt praktisk och platsbesparande.<\/li>\n<\/ul>\n<h3>Teknisk data:<\/h3>\n<ul>\n<li>Material: metall, konstl\u00e4der<\/li>\n<li>F\u00e4rg: Svart (ram), brun (sits)<\/li>\n<li>\u00d6vergripande m\u00e5tt: L72,5 x B35 x H180 cm<\/li>\n<li>Sitth\u00f6jd: 48 cm<\/li>\n<li>Fackh\u00f6jd p\u00e5 skost\u00e4llen: 14,5 cm<\/li>\n<li>Nettovikt: ca 10,9 kg<\/li>\n<li>Max lastkapacitet: 100 kg<\/li>\n<\/ul>\n<h3>Leveransens omfattning:<\/h3>\n<ul>\n<li>1 x kl\u00e4dh\u00e4ngare med skost\u00e4ll och b\u00e4nk<\/li>\n<\/ul>\n","protected":false},"excerpt":{"rendered":"<p>Praktisk och m\u00e5ngsidig &#8211; Denna kl\u00e4dh\u00e4ngare kombinerar en kl\u00e4dst\u00e5ng, tv\u00e5 hyllor och en sits f\u00f6r bekv\u00e4mt skobyte. Tack vare sin&#8230;<\/p>\n","protected":false},"featured_media":8446,"template":"","meta":[],"product_brand":[],"product_cat":[558,559,485],"product_tag":[],"class_list":{"0":"post-8445","1":"product","2":"type-product","3":"status-publish","4":"has-post-thumbnail","6":"product_cat-garderober","7":"product_cat-garderobsset","8":"product_cat-hus-bo","10":"first","11":"instock","12":"sale","13":"taxable","14":"shipping-taxable","15":"purchasable","16":"product-type-simple"},"yoast_head":"<!-- This site is optimized with the Yoast SEO plugin v25.4 - https:\/\/yoast.com\/wordpress\/plugins\/seo\/ -->\n<title>TRUUSK Kl\u00e4dh\u00e4ngare Med Sits Och Skohylla - Metall - 72,5x35x180cm - TRUUSK - Hem, Tr\u00e4dg\u00e5rd &amp; Fritid<\/title>\n<meta name=\"robots\" content=\"index, follow, max-snippet:-1, max-image-preview:large, max-video-preview:-1\" \/>\n<link rel=\"canonical\" href=\"https:\/\/truusk.store\/sv\/produkt\/truusk-kladhangare-med-sits-och-skohylla-metall-725x35x180cm\/\" \/>\n<meta property=\"og:locale\" content=\"sv_SE\" \/>\n<meta property=\"og:type\" content=\"article\" \/>\n<meta property=\"og:title\" content=\"TRUUSK Kl\u00e4dh\u00e4ngare Med Sits Och Skohylla - Metall - 72,5x35x180cm - TRUUSK - Hem, Tr\u00e4dg\u00e5rd &amp; Fritid\" \/>\n<meta property=\"og:description\" content=\"Praktisk och m\u00e5ngsidig &#8211; Denna kl\u00e4dh\u00e4ngare kombinerar en kl\u00e4dst\u00e5ng, tv\u00e5 hyllor och en sits f\u00f6r bekv\u00e4mt skobyte. Tack vare sin...\" \/>\n<meta property=\"og:url\" content=\"https:\/\/truusk.store\/sv\/produkt\/truusk-kladhangare-med-sits-och-skohylla-metall-725x35x180cm\/\" \/>\n<meta property=\"og:site_name\" content=\"TRUUSK - Hem, Tr\u00e4dg\u00e5rd &amp; Fritid\" \/>\n<meta property=\"article:modified_time\" content=\"2026-03-12T07:55:48+00:00\" \/>\n<meta property=\"og:image\" content=\"https:\/\/i0.wp.com\/truusk.se\/wp-content\/uploads\/2024\/02\/kladhangare-kladbank-kladhangare-skohylla-med-sits-kladhangare-med-sits-och-2-skohyllor-metall-725x35x180cm.webp?fit=800%2C800&ssl=1\" \/>\n\t<meta property=\"og:image:width\" content=\"800\" \/>\n\t<meta property=\"og:image:height\" content=\"800\" \/>\n\t<meta property=\"og:image:type\" content=\"image\/webp\" \/>\n<meta name=\"twitter:card\" content=\"summary_large_image\" \/>\n<meta name=\"twitter:label1\" content=\"Ber\u00e4knad l\u00e4stid\" \/>\n\t<meta name=\"twitter:data1\" content=\"1 minut\" \/>\n<!-- \/ Yoast SEO plugin. -->","yoast_head_json":{"title":"TRUUSK Kl\u00e4dh\u00e4ngare Med Sits Och Skohylla - Metall - 72,5x35x180cm - TRUUSK - Hem, Tr\u00e4dg\u00e5rd &amp; Fritid","robots":{"index":"index","follow":"follow","max-snippet":"max-snippet:-1","max-image-preview":"max-image-preview:large","max-video-preview":"max-video-preview:-1"},"canonical":"https:\/\/truusk.store\/sv\/produkt\/truusk-kladhangare-med-sits-och-skohylla-metall-725x35x180cm\/","og_locale":"sv_SE","og_type":"article","og_title":"TRUUSK Kl\u00e4dh\u00e4ngare Med Sits Och Skohylla - Metall - 72,5x35x180cm - TRUUSK - Hem, Tr\u00e4dg\u00e5rd &amp; Fritid","og_description":"Praktisk och m\u00e5ngsidig &#8211; Denna kl\u00e4dh\u00e4ngare kombinerar en kl\u00e4dst\u00e5ng, tv\u00e5 hyllor och en sits f\u00f6r bekv\u00e4mt skobyte. Tack vare sin...","og_url":"https:\/\/truusk.store\/sv\/produkt\/truusk-kladhangare-med-sits-och-skohylla-metall-725x35x180cm\/","og_site_name":"TRUUSK - Hem, Tr\u00e4dg\u00e5rd &amp; Fritid","article_modified_time":"2026-03-12T07:55:48+00:00","og_image":[{"width":800,"height":800,"url":"https:\/\/i0.wp.com\/truusk.se\/wp-content\/uploads\/2024\/02\/kladhangare-kladbank-kladhangare-skohylla-med-sits-kladhangare-med-sits-och-2-skohyllor-metall-725x35x180cm.webp?fit=800%2C800&ssl=1","type":"image\/webp"}],"twitter_card":"summary_large_image","twitter_misc":{"Ber\u00e4knad l\u00e4stid":"1 minut"},"schema":{"@context":"https:\/\/schema.org","@graph":[{"@type":"WebPage","@id":"https:\/\/truusk.store\/sv\/produkt\/truusk-kladhangare-med-sits-och-skohylla-metall-725x35x180cm\/","url":"https:\/\/truusk.store\/sv\/produkt\/truusk-kladhangare-med-sits-och-skohylla-metall-725x35x180cm\/","name":"TRUUSK Kl\u00e4dh\u00e4ngare Med Sits Och Skohylla - Metall - 72,5x35x180cm - TRUUSK - Hem, Tr\u00e4dg\u00e5rd &amp; Fritid","isPartOf":{"@id":"https:\/\/truusk.store\/sv\/#website"},"primaryImageOfPage":{"@id":"https:\/\/truusk.store\/sv\/produkt\/truusk-kladhangare-med-sits-och-skohylla-metall-725x35x180cm\/#primaryimage"},"image":{"@id":"https:\/\/truusk.store\/sv\/produkt\/truusk-kladhangare-med-sits-och-skohylla-metall-725x35x180cm\/#primaryimage"},"thumbnailUrl":"https:\/\/i0.wp.com\/truusk.store\/wp-content\/uploads\/2024\/02\/kladhangare-kladbank-kladhangare-skohylla-med-sits-kladhangare-med-sits-och-2-skohyllor-metall-725x35x180cm.webp?fit=800%2C800&ssl=1","datePublished":"2024-02-13T08:18:54+00:00","dateModified":"2026-03-12T07:55:48+00:00","breadcrumb":{"@id":"https:\/\/truusk.store\/sv\/produkt\/truusk-kladhangare-med-sits-och-skohylla-metall-725x35x180cm\/#breadcrumb"},"inLanguage":"sv-SE","potentialAction":[{"@type":"ReadAction","target":["https:\/\/truusk.store\/sv\/produkt\/truusk-kladhangare-med-sits-och-skohylla-metall-725x35x180cm\/"]}]},{"@type":"ImageObject","inLanguage":"sv-SE","@id":"https:\/\/truusk.store\/sv\/produkt\/truusk-kladhangare-med-sits-och-skohylla-metall-725x35x180cm\/#primaryimage","url":"https:\/\/i0.wp.com\/truusk.store\/wp-content\/uploads\/2024\/02\/kladhangare-kladbank-kladhangare-skohylla-med-sits-kladhangare-med-sits-och-2-skohyllor-metall-725x35x180cm.webp?fit=800%2C800&ssl=1","contentUrl":"https:\/\/i0.wp.com\/truusk.store\/wp-content\/uploads\/2024\/02\/kladhangare-kladbank-kladhangare-skohylla-med-sits-kladhangare-med-sits-och-2-skohyllor-metall-725x35x180cm.webp?fit=800%2C800&ssl=1","width":800,"height":800,"caption":"Kl\u00e4dh\u00e4ngare, Kl\u00e4db\u00e4nk, Kl\u00e4dh\u00e4ngare, Skohylla Med Sits, Kl\u00e4dh\u00e4ngare Med Sits Och 2 Skohyllor, Metall, 72,5x35x180cm 1"},{"@type":"BreadcrumbList","@id":"https:\/\/truusk.store\/sv\/produkt\/truusk-kladhangare-med-sits-och-skohylla-metall-725x35x180cm\/#breadcrumb","itemListElement":[{"@type":"ListItem","position":1,"name":"Home","item":"https:\/\/truusk.store\/sv\/"},{"@type":"ListItem","position":2,"name":"Shop","item":"https:\/\/truusk.store\/shop\/"},{"@type":"ListItem","position":3,"name":"TRUUSK Kl\u00e4dh\u00e4ngare Med Sits Och Skohylla &#8211; Metall &#8211; 72,5x35x180cm"}]},{"@type":"WebSite","@id":"https:\/\/truusk.store\/sv\/#website","url":"https:\/\/truusk.store\/sv\/","name":"TRUUSK - Hem, Tr\u00e4dg\u00e5rd & Fritid","description":"","publisher":{"@id":"https:\/\/truusk.store\/sv\/#organization"},"potentialAction":[{"@type":"SearchAction","target":{"@type":"EntryPoint","urlTemplate":"https:\/\/truusk.store\/sv\/?s={search_term_string}"},"query-input":{"@type":"PropertyValueSpecification","valueRequired":true,"valueName":"search_term_string"}}],"inLanguage":"sv-SE"},{"@type":"Organization","@id":"https:\/\/truusk.store\/sv\/#organization","name":"TRUUSK - Hem, Tr\u00e4dg\u00e5rd & Fritid","url":"https:\/\/truusk.store\/sv\/","logo":{"@type":"ImageObject","inLanguage":"sv-SE","@id":"https:\/\/truusk.store\/sv\/#\/schema\/logo\/image\/","url":"https:\/\/i0.wp.com\/truusk.store\/wp-content\/uploads\/2026\/03\/cropped-TRUUSK.png?fit=2032%2C917&ssl=1","contentUrl":"https:\/\/i0.wp.com\/truusk.store\/wp-content\/uploads\/2026\/03\/cropped-TRUUSK.png?fit=2032%2C917&ssl=1","width":2032,"height":917,"caption":"TRUUSK - Hem, Tr\u00e4dg\u00e5rd & Fritid"},"image":{"@id":"https:\/\/truusk.store\/sv\/#\/schema\/logo\/image\/"}}]}},"jetpack_sharing_enabled":true,"_links":{"self":[{"href":"https:\/\/truusk.store\/sv\/wp-json\/wp\/v2\/product\/8445","targetHints":{"allow":["GET"]}}],"collection":[{"href":"https:\/\/truusk.store\/sv\/wp-json\/wp\/v2\/product"}],"about":[{"href":"https:\/\/truusk.store\/sv\/wp-json\/wp\/v2\/types\/product"}],"wp:featuredmedia":[{"embeddable":true,"href":"https:\/\/truusk.store\/sv\/wp-json\/wp\/v2\/media\/8446"}],"wp:attachment":[{"href":"https:\/\/truusk.store\/sv\/wp-json\/wp\/v2\/media?parent=8445"}],"wp:term":[{"taxonomy":"product_brand","embeddable":true,"href":"https:\/\/truusk.store\/sv\/wp-json\/wp\/v2\/product_brand?post=8445"},{"taxonomy":"product_cat","embeddable":true,"href":"https:\/\/truusk.store\/sv\/wp-json\/wp\/v2\/product_cat?post=8445"},{"taxonomy":"product_tag","embeddable":true,"href":"https:\/\/truusk.store\/sv\/wp-json\/wp\/v2\/product_tag?post=8445"}],"curies":[{"name":"wp","href":"https:\/\/api.w.org\/{rel}","templated":true}]}}