{"id":84476,"date":"2025-07-22T05:35:46","date_gmt":"2025-07-22T04:35:46","guid":{"rendered":"https:\/\/truusk.store\/product\/badrumsskap-med-spegel-badskap-med-3-spegeldorrar-vaggmontering-90-x-155-x-60-cm-spanskiva-vit\/"},"modified":"2026-03-12T08:46:27","modified_gmt":"2026-03-12T07:46:27","slug":"truusk-badrumsskap-med-spegel-badskap-med-3-spegeldorrar-vaggmontering-90-x-155-x-60-cm-vit-spanskiva","status":"publish","type":"product","link":"https:\/\/truusk.store\/sv\/produkt\/truusk-badrumsskap-med-spegel-badskap-med-3-spegeldorrar-vaggmontering-90-x-155-x-60-cm-vit-spanskiva\/","title":{"rendered":"TRUUSK Badrumssk\u00e5p Med Spegel &#8211; Badsk\u00e5p Med 3 Spegeld\u00f6rrar &#8211; V\u00e4ggmontering &#8211; 90 x 15,5 x 60 cm &#8211; Vit &#8211; Sp\u00e5nskiva"},"content":{"rendered":"<p>TRUUSK badrumssk\u00e5pet med spegel v\u00e4lkomnar dig varje morgon med en ljus, vid spegelbild av dess tre d\u00f6rrar, vilket lovar en fredlig start p\u00e5 dagen. Den v\u00e4ggmonterade konstruktionen av badrumsspegelsk\u00e5pet sparar golvyta och underl\u00e4ttar reng\u00f6ring. Olika hyllor inuti ger dessutom anpassningsbara f\u00f6rvaringsm\u00f6jligheter f\u00f6r toalettartiklar av alla storlekar. F\u00f6rvandla f\u00f6rvaringssk\u00e5pet ditt badrum till ett ordnat, hemtrevligt tillflyktsort.<\/p>\n<p>Beskrivning:<\/p>\n<ul>\n<li> De tre speglade d\u00f6rrarna p\u00e5 f\u00f6rvaringssk\u00e5pet f\u00f6rstorar optiskt ditt badrum och g\u00f6r rummet ljusare<\/li>\n<li> Fem f\u00f6rvaringshyllor i spegelsk\u00e5pet organiserar toalettartiklar, kosmetika och mediciner effektivt<\/li>\n<li> V\u00e4ggmonterad design av spegelsk\u00e5pet sparar golvyta<\/li>\n<li> Robust sp\u00e5nskivekonstruktion b\u00e4r upp till 30 kg<\/li>\n<li> Enkel vit yta och handtagsl\u00f6s design<\/li>\n<li> Montering kr\u00e4vs<\/li>\n<\/ul>\n<p> Tekniska data:<\/p>\n<ul>\n<li> F\u00e4rg: Vit<\/li>\n<li> Material: Sp\u00e5nskiva, Glas<\/li>\n<li> Totala dimensioner: 90L x 15,5B x 60H cm<\/li>\n<li> Spegelstorlek: 29,4B x 59H cm (varje)<\/li>\n<li> Inre storlek p\u00e5 sk\u00e5pet: (v\u00e4nster) 58,7B x 11,7T x 17,7\/18,7\/17,7H cm (varje fack)<\/li>\n<li> Inre storlek p\u00e5 sk\u00e5pet: (h\u00f6ger) 28B x 12,5T x 27,8H cm (varje fack)<\/li>\n<li> B\u00e4rkapacitet: 30 kg (totalt), 5 kg (per fack)<\/li>\n<li> Reserverat utrymme: 110B x 80H cm (f\u00f6r v\u00e4ggmontering)<\/li>\n<\/ul>\n<p>Leveransinneh\u00e5ll:<\/p>\n<ul>\n<li> 1 x Badrumsspegelsk\u00e5p<\/li>\n<li> 1 x Bruksanvisning<\/li>\n<\/ul>\n","protected":false},"excerpt":{"rendered":"<p>TRUUSK badrumssk\u00e5pet med spegel v\u00e4lkomnar dig varje morgon med en ljus, vid spegelbild av dess tre d\u00f6rrar, vilket lovar en&#8230;<\/p>\n","protected":false},"featured_media":84467,"template":"","meta":[],"product_brand":[],"product_cat":[915,535,871],"product_tag":[],"class_list":{"0":"post-84476","1":"product","2":"type-product","3":"status-publish","4":"has-post-thumbnail","6":"product_cat-badrum","7":"product_cat-badrumsskap","8":"product_cat-hus-hem","10":"first","11":"instock","12":"sale","13":"taxable","14":"shipping-taxable","15":"purchasable","16":"product-type-simple"},"yoast_head":"<!-- This site is optimized with the Yoast SEO plugin v25.4 - https:\/\/yoast.com\/wordpress\/plugins\/seo\/ -->\n<title>TRUUSK Badrumssk\u00e5p Med Spegel - Badsk\u00e5p Med 3 Spegeld\u00f6rrar - V\u00e4ggmontering - 90 x 15,5 x 60 cm - Vit - Sp\u00e5nskiva - TRUUSK - Hem, Tr\u00e4dg\u00e5rd &amp; Fritid<\/title>\n<meta name=\"robots\" content=\"index, follow, max-snippet:-1, max-image-preview:large, max-video-preview:-1\" \/>\n<link rel=\"canonical\" href=\"https:\/\/truusk.store\/sv\/produkt\/truusk-badrumsskap-med-spegel-badskap-med-3-spegeldorrar-vaggmontering-90-x-155-x-60-cm-vit-spanskiva\/\" \/>\n<meta property=\"og:locale\" content=\"sv_SE\" \/>\n<meta property=\"og:type\" content=\"article\" \/>\n<meta property=\"og:title\" content=\"TRUUSK Badrumssk\u00e5p Med Spegel - Badsk\u00e5p Med 3 Spegeld\u00f6rrar - V\u00e4ggmontering - 90 x 15,5 x 60 cm - Vit - Sp\u00e5nskiva - TRUUSK - Hem, Tr\u00e4dg\u00e5rd &amp; Fritid\" \/>\n<meta property=\"og:description\" content=\"TRUUSK badrumssk\u00e5pet med spegel v\u00e4lkomnar dig varje morgon med en ljus, vid spegelbild av dess tre d\u00f6rrar, vilket lovar en...\" \/>\n<meta property=\"og:url\" content=\"https:\/\/truusk.store\/sv\/produkt\/truusk-badrumsskap-med-spegel-badskap-med-3-spegeldorrar-vaggmontering-90-x-155-x-60-cm-vit-spanskiva\/\" \/>\n<meta property=\"og:site_name\" content=\"TRUUSK - Hem, Tr\u00e4dg\u00e5rd &amp; Fritid\" \/>\n<meta property=\"article:modified_time\" content=\"2026-03-12T07:46:27+00:00\" \/>\n<meta property=\"og:image\" content=\"https:\/\/i0.wp.com\/truusk.se\/wp-content\/uploads\/2025\/07\/badrumsskap-med-spegel-badskap-med-3-spegeldorrar-vaggmontering-90-x-155-x-60-cm-spanskiva-vit-1.webp?fit=2000%2C2000&ssl=1\" \/>\n\t<meta property=\"og:image:width\" content=\"2000\" \/>\n\t<meta property=\"og:image:height\" content=\"2000\" \/>\n\t<meta property=\"og:image:type\" content=\"image\/webp\" \/>\n<meta name=\"twitter:card\" content=\"summary_large_image\" \/>\n<meta name=\"twitter:label1\" content=\"Ber\u00e4knad l\u00e4stid\" \/>\n\t<meta name=\"twitter:data1\" content=\"1 minut\" \/>\n<!-- \/ Yoast SEO plugin. -->","yoast_head_json":{"title":"TRUUSK Badrumssk\u00e5p Med Spegel - Badsk\u00e5p Med 3 Spegeld\u00f6rrar - V\u00e4ggmontering - 90 x 15,5 x 60 cm - Vit - Sp\u00e5nskiva - TRUUSK - Hem, Tr\u00e4dg\u00e5rd &amp; Fritid","robots":{"index":"index","follow":"follow","max-snippet":"max-snippet:-1","max-image-preview":"max-image-preview:large","max-video-preview":"max-video-preview:-1"},"canonical":"https:\/\/truusk.store\/sv\/produkt\/truusk-badrumsskap-med-spegel-badskap-med-3-spegeldorrar-vaggmontering-90-x-155-x-60-cm-vit-spanskiva\/","og_locale":"sv_SE","og_type":"article","og_title":"TRUUSK Badrumssk\u00e5p Med Spegel - Badsk\u00e5p Med 3 Spegeld\u00f6rrar - V\u00e4ggmontering - 90 x 15,5 x 60 cm - Vit - Sp\u00e5nskiva - TRUUSK - Hem, Tr\u00e4dg\u00e5rd &amp; Fritid","og_description":"TRUUSK badrumssk\u00e5pet med spegel v\u00e4lkomnar dig varje morgon med en ljus, vid spegelbild av dess tre d\u00f6rrar, vilket lovar en...","og_url":"https:\/\/truusk.store\/sv\/produkt\/truusk-badrumsskap-med-spegel-badskap-med-3-spegeldorrar-vaggmontering-90-x-155-x-60-cm-vit-spanskiva\/","og_site_name":"TRUUSK - Hem, Tr\u00e4dg\u00e5rd &amp; Fritid","article_modified_time":"2026-03-12T07:46:27+00:00","og_image":[{"width":2000,"height":2000,"url":"https:\/\/i0.wp.com\/truusk.se\/wp-content\/uploads\/2025\/07\/badrumsskap-med-spegel-badskap-med-3-spegeldorrar-vaggmontering-90-x-155-x-60-cm-spanskiva-vit-1.webp?fit=2000%2C2000&ssl=1","type":"image\/webp"}],"twitter_card":"summary_large_image","twitter_misc":{"Ber\u00e4knad l\u00e4stid":"1 minut"},"schema":{"@context":"https:\/\/schema.org","@graph":[{"@type":"WebPage","@id":"https:\/\/truusk.store\/sv\/produkt\/truusk-badrumsskap-med-spegel-badskap-med-3-spegeldorrar-vaggmontering-90-x-155-x-60-cm-vit-spanskiva\/","url":"https:\/\/truusk.store\/sv\/produkt\/truusk-badrumsskap-med-spegel-badskap-med-3-spegeldorrar-vaggmontering-90-x-155-x-60-cm-vit-spanskiva\/","name":"TRUUSK Badrumssk\u00e5p Med Spegel - Badsk\u00e5p Med 3 Spegeld\u00f6rrar - V\u00e4ggmontering - 90 x 15,5 x 60 cm - Vit - Sp\u00e5nskiva - TRUUSK - Hem, Tr\u00e4dg\u00e5rd &amp; Fritid","isPartOf":{"@id":"https:\/\/truusk.store\/sv\/#website"},"primaryImageOfPage":{"@id":"https:\/\/truusk.store\/sv\/produkt\/truusk-badrumsskap-med-spegel-badskap-med-3-spegeldorrar-vaggmontering-90-x-155-x-60-cm-vit-spanskiva\/#primaryimage"},"image":{"@id":"https:\/\/truusk.store\/sv\/produkt\/truusk-badrumsskap-med-spegel-badskap-med-3-spegeldorrar-vaggmontering-90-x-155-x-60-cm-vit-spanskiva\/#primaryimage"},"thumbnailUrl":"https:\/\/i0.wp.com\/truusk.store\/wp-content\/uploads\/2025\/07\/badrumsskap-med-spegel-badskap-med-3-spegeldorrar-vaggmontering-90-x-155-x-60-cm-spanskiva-vit-1.webp?fit=2000%2C2000&ssl=1","datePublished":"2025-07-22T04:35:46+00:00","dateModified":"2026-03-12T07:46:27+00:00","breadcrumb":{"@id":"https:\/\/truusk.store\/sv\/produkt\/truusk-badrumsskap-med-spegel-badskap-med-3-spegeldorrar-vaggmontering-90-x-155-x-60-cm-vit-spanskiva\/#breadcrumb"},"inLanguage":"sv-SE","potentialAction":[{"@type":"ReadAction","target":["https:\/\/truusk.store\/sv\/produkt\/truusk-badrumsskap-med-spegel-badskap-med-3-spegeldorrar-vaggmontering-90-x-155-x-60-cm-vit-spanskiva\/"]}]},{"@type":"ImageObject","inLanguage":"sv-SE","@id":"https:\/\/truusk.store\/sv\/produkt\/truusk-badrumsskap-med-spegel-badskap-med-3-spegeldorrar-vaggmontering-90-x-155-x-60-cm-vit-spanskiva\/#primaryimage","url":"https:\/\/i0.wp.com\/truusk.store\/wp-content\/uploads\/2025\/07\/badrumsskap-med-spegel-badskap-med-3-spegeldorrar-vaggmontering-90-x-155-x-60-cm-spanskiva-vit-1.webp?fit=2000%2C2000&ssl=1","contentUrl":"https:\/\/i0.wp.com\/truusk.store\/wp-content\/uploads\/2025\/07\/badrumsskap-med-spegel-badskap-med-3-spegeldorrar-vaggmontering-90-x-155-x-60-cm-spanskiva-vit-1.webp?fit=2000%2C2000&ssl=1","width":2000,"height":2000},{"@type":"BreadcrumbList","@id":"https:\/\/truusk.store\/sv\/produkt\/truusk-badrumsskap-med-spegel-badskap-med-3-spegeldorrar-vaggmontering-90-x-155-x-60-cm-vit-spanskiva\/#breadcrumb","itemListElement":[{"@type":"ListItem","position":1,"name":"Home","item":"https:\/\/truusk.store\/sv\/"},{"@type":"ListItem","position":2,"name":"Shop","item":"https:\/\/truusk.store\/shop\/"},{"@type":"ListItem","position":3,"name":"TRUUSK Badrumssk\u00e5p Med Spegel &#8211; Badsk\u00e5p Med 3 Spegeld\u00f6rrar &#8211; V\u00e4ggmontering &#8211; 90 x 15,5 x 60 cm &#8211; Vit &#8211; Sp\u00e5nskiva"}]},{"@type":"WebSite","@id":"https:\/\/truusk.store\/sv\/#website","url":"https:\/\/truusk.store\/sv\/","name":"TRUUSK - Hem, Tr\u00e4dg\u00e5rd & Fritid","description":"","publisher":{"@id":"https:\/\/truusk.store\/sv\/#organization"},"potentialAction":[{"@type":"SearchAction","target":{"@type":"EntryPoint","urlTemplate":"https:\/\/truusk.store\/sv\/?s={search_term_string}"},"query-input":{"@type":"PropertyValueSpecification","valueRequired":true,"valueName":"search_term_string"}}],"inLanguage":"sv-SE"},{"@type":"Organization","@id":"https:\/\/truusk.store\/sv\/#organization","name":"TRUUSK - Hem, Tr\u00e4dg\u00e5rd & Fritid","url":"https:\/\/truusk.store\/sv\/","logo":{"@type":"ImageObject","inLanguage":"sv-SE","@id":"https:\/\/truusk.store\/sv\/#\/schema\/logo\/image\/","url":"https:\/\/i0.wp.com\/truusk.store\/wp-content\/uploads\/2026\/03\/cropped-TRUUSK.png?fit=2032%2C917&ssl=1","contentUrl":"https:\/\/i0.wp.com\/truusk.store\/wp-content\/uploads\/2026\/03\/cropped-TRUUSK.png?fit=2032%2C917&ssl=1","width":2032,"height":917,"caption":"TRUUSK - Hem, Tr\u00e4dg\u00e5rd & Fritid"},"image":{"@id":"https:\/\/truusk.store\/sv\/#\/schema\/logo\/image\/"}}]}},"jetpack_sharing_enabled":true,"_links":{"self":[{"href":"https:\/\/truusk.store\/sv\/wp-json\/wp\/v2\/product\/84476","targetHints":{"allow":["GET"]}}],"collection":[{"href":"https:\/\/truusk.store\/sv\/wp-json\/wp\/v2\/product"}],"about":[{"href":"https:\/\/truusk.store\/sv\/wp-json\/wp\/v2\/types\/product"}],"wp:featuredmedia":[{"embeddable":true,"href":"https:\/\/truusk.store\/sv\/wp-json\/wp\/v2\/media\/84467"}],"wp:attachment":[{"href":"https:\/\/truusk.store\/sv\/wp-json\/wp\/v2\/media?parent=84476"}],"wp:term":[{"taxonomy":"product_brand","embeddable":true,"href":"https:\/\/truusk.store\/sv\/wp-json\/wp\/v2\/product_brand?post=84476"},{"taxonomy":"product_cat","embeddable":true,"href":"https:\/\/truusk.store\/sv\/wp-json\/wp\/v2\/product_cat?post=84476"},{"taxonomy":"product_tag","embeddable":true,"href":"https:\/\/truusk.store\/sv\/wp-json\/wp\/v2\/product_tag?post=84476"}],"curies":[{"name":"wp","href":"https:\/\/api.w.org\/{rel}","templated":true}]}}