{"id":84526,"date":"2025-07-22T05:40:36","date_gmt":"2025-07-22T04:40:36","guid":{"rendered":"https:\/\/truusk.store\/product\/tv-bank-for-65-tums-tv-tv-skap-med-mjukstangande-dorrar-justerbara-hyllor-kabelhal-for-vardagsrum-vit\/"},"modified":"2026-03-12T08:46:42","modified_gmt":"2026-03-12T07:46:42","slug":"truusk-tv-bank-for-65-tums-tv-mjukstangande-dorrar-justerbara-hyllor-kabelhal-vit","status":"publish","type":"product","link":"https:\/\/truusk.store\/sv\/produkt\/truusk-tv-bank-for-65-tums-tv-mjukstangande-dorrar-justerbara-hyllor-kabelhal-vit\/","title":{"rendered":"TRUUSK TV-b\u00e4nk f\u00f6r 65-tums TV &#8211; Mjukst\u00e4ngande d\u00f6rrar &#8211; Justerbara hyllor &#8211; Kabelh\u00e5l &#8211; Vit"},"content":{"rendered":"<p>Optimera ditt vardagsrum med den eleganta TRUUSK TV-b\u00e4nken, l\u00e4mplig f\u00f6r 65-tums TV-apparater. Den gener\u00f6sa ytan erbjuder den perfekta upps\u00e4ttningen f\u00f6r dina filmkv\u00e4llar, medan tv\u00e5 stora sk\u00e5p tydligt lagrar all elektronik och v\u00e4sentligheter. D\u00f6rrarna med mjukst\u00e4ngningsfunktion \u00f6kar s\u00e4kerheten och \u00e4r d\u00e4rf\u00f6r perfekta f\u00f6r hush\u00e5ll med barn. Denna funktionella och modiga TV-b\u00e4nk kombinerar komfort och samtida design.<\/p>\n<p>Beskrivning:<\/p>\n<ul>\n<li> Passar f\u00f6r TV-apparater upp till 65 tum, perfekt f\u00f6r filmkv\u00e4llar<\/li>\n<li> Tv\u00e5 sk\u00e5p p\u00e5 TV-b\u00e4nken erbjuder gener\u00f6st lagringsutrymme<\/li>\n<li> Trestegs justerbart hylla kan monteras i v\u00e4nster eller h\u00f6ger sk\u00e5p<\/li>\n<li> D\u00f6rrarna p\u00e5 TV-b\u00e4nken med mjukst\u00e4ngningsfunktion f\u00f6rhindrar kl\u00e4mning av fingrar, handtagsl\u00f6sa d\u00f6rrar \u00e4r l\u00e4tta att \u00f6ppna<\/li>\n<li> Modern tv\u00e5f\u00e4rgad design f\u00f6rb\u00e4ttrar din bostads samtida stil<\/li>\n<li> Tv\u00e5 inbyggda kabelgenomf\u00f6ringar p\u00e5 TV-b\u00e4nken h\u00e5ller kablarna dolda och ger ett st\u00e4dat underh\u00e5llningsomr\u00e5de<\/li>\n<li> Tillverkad av robust sp\u00e5nskivematerial, med halkfria fotdynor<\/li>\n<li> Montering kr\u00e4vs<\/li>\n<\/ul>\n<p> Tekniska data:<\/p>\n<ul>\n<li> F\u00e4rg: H\u00f6gglansvit<\/li>\n<li> Material: Sp\u00e5nskiva<\/li>\n<li> Totala dimensioner: 135B x 38D x 45H cm<\/li>\n<li> Inre sk\u00e5pm\u00e5tt: 65B x 33D x 40,7H cm<\/li>\n<li> Kabelh\u00e5lsstorlek: \u00d85 cm<\/li>\n<li> Belastningskapacitet: 70 kg (totalt), 30 kg (ovanp\u00e5), 15 kg (fast hylla), 10 kg (justerbar hylla)<\/li>\n<\/ul>\n<p>Leveransinneh\u00e5ll:<\/p>\n<ul>\n<li> 1 x TV-b\u00e4nk<\/li>\n<li> 1 x Bruksanvisning<\/li>\n<\/ul>\n","protected":false},"excerpt":{"rendered":"<p>Optimera ditt vardagsrum med den eleganta TRUUSK TV-b\u00e4nken, l\u00e4mplig f\u00f6r 65-tums TV-apparater. Den gener\u00f6sa ytan erbjuder den perfekta upps\u00e4ttningen f\u00f6r&#8230;<\/p>\n","protected":false},"featured_media":84517,"template":"","meta":[],"product_brand":[],"product_cat":[871,1007,910],"product_tag":[],"class_list":{"0":"post-84526","1":"product","2":"type-product","3":"status-publish","4":"has-post-thumbnail","6":"product_cat-hus-hem","7":"product_cat-tv-mobler","8":"product_cat-vardagsrum","10":"first","11":"instock","12":"sale","13":"taxable","14":"shipping-taxable","15":"purchasable","16":"product-type-simple"},"yoast_head":"<!-- This site is optimized with the Yoast SEO plugin v25.4 - https:\/\/yoast.com\/wordpress\/plugins\/seo\/ -->\n<title>TRUUSK TV-b\u00e4nk f\u00f6r 65-tums TV - Mjukst\u00e4ngande d\u00f6rrar - Justerbara hyllor - Kabelh\u00e5l - Vit - TRUUSK - Hem, Tr\u00e4dg\u00e5rd &amp; Fritid<\/title>\n<meta name=\"robots\" content=\"index, follow, max-snippet:-1, max-image-preview:large, max-video-preview:-1\" \/>\n<link rel=\"canonical\" href=\"https:\/\/truusk.store\/sv\/produkt\/truusk-tv-bank-for-65-tums-tv-mjukstangande-dorrar-justerbara-hyllor-kabelhal-vit\/\" \/>\n<meta property=\"og:locale\" content=\"sv_SE\" \/>\n<meta property=\"og:type\" content=\"article\" \/>\n<meta property=\"og:title\" content=\"TRUUSK TV-b\u00e4nk f\u00f6r 65-tums TV - Mjukst\u00e4ngande d\u00f6rrar - Justerbara hyllor - Kabelh\u00e5l - Vit - TRUUSK - Hem, Tr\u00e4dg\u00e5rd &amp; Fritid\" \/>\n<meta property=\"og:description\" content=\"Optimera ditt vardagsrum med den eleganta TRUUSK TV-b\u00e4nken, l\u00e4mplig f\u00f6r 65-tums TV-apparater. Den gener\u00f6sa ytan erbjuder den perfekta upps\u00e4ttningen f\u00f6r...\" \/>\n<meta property=\"og:url\" content=\"https:\/\/truusk.store\/sv\/produkt\/truusk-tv-bank-for-65-tums-tv-mjukstangande-dorrar-justerbara-hyllor-kabelhal-vit\/\" \/>\n<meta property=\"og:site_name\" content=\"TRUUSK - Hem, Tr\u00e4dg\u00e5rd &amp; Fritid\" \/>\n<meta property=\"article:modified_time\" content=\"2026-03-12T07:46:42+00:00\" \/>\n<meta property=\"og:image\" content=\"https:\/\/i0.wp.com\/truusk.se\/wp-content\/uploads\/2025\/07\/tv-bank-for-65-tums-tv-tv-skap-med-mjukstangande-dorrar-justerbara-hyllor-kabelhal-for-vardagsrum-vit-1.webp?fit=2000%2C2000&ssl=1\" \/>\n\t<meta property=\"og:image:width\" content=\"2000\" \/>\n\t<meta property=\"og:image:height\" content=\"2000\" \/>\n\t<meta property=\"og:image:type\" content=\"image\/webp\" \/>\n<meta name=\"twitter:card\" content=\"summary_large_image\" \/>\n<meta name=\"twitter:label1\" content=\"Ber\u00e4knad l\u00e4stid\" \/>\n\t<meta name=\"twitter:data1\" content=\"1 minut\" \/>\n<!-- \/ Yoast SEO plugin. -->","yoast_head_json":{"title":"TRUUSK TV-b\u00e4nk f\u00f6r 65-tums TV - Mjukst\u00e4ngande d\u00f6rrar - Justerbara hyllor - Kabelh\u00e5l - Vit - TRUUSK - Hem, Tr\u00e4dg\u00e5rd &amp; Fritid","robots":{"index":"index","follow":"follow","max-snippet":"max-snippet:-1","max-image-preview":"max-image-preview:large","max-video-preview":"max-video-preview:-1"},"canonical":"https:\/\/truusk.store\/sv\/produkt\/truusk-tv-bank-for-65-tums-tv-mjukstangande-dorrar-justerbara-hyllor-kabelhal-vit\/","og_locale":"sv_SE","og_type":"article","og_title":"TRUUSK TV-b\u00e4nk f\u00f6r 65-tums TV - Mjukst\u00e4ngande d\u00f6rrar - Justerbara hyllor - Kabelh\u00e5l - Vit - TRUUSK - Hem, Tr\u00e4dg\u00e5rd &amp; Fritid","og_description":"Optimera ditt vardagsrum med den eleganta TRUUSK TV-b\u00e4nken, l\u00e4mplig f\u00f6r 65-tums TV-apparater. Den gener\u00f6sa ytan erbjuder den perfekta upps\u00e4ttningen f\u00f6r...","og_url":"https:\/\/truusk.store\/sv\/produkt\/truusk-tv-bank-for-65-tums-tv-mjukstangande-dorrar-justerbara-hyllor-kabelhal-vit\/","og_site_name":"TRUUSK - Hem, Tr\u00e4dg\u00e5rd &amp; Fritid","article_modified_time":"2026-03-12T07:46:42+00:00","og_image":[{"width":2000,"height":2000,"url":"https:\/\/i0.wp.com\/truusk.se\/wp-content\/uploads\/2025\/07\/tv-bank-for-65-tums-tv-tv-skap-med-mjukstangande-dorrar-justerbara-hyllor-kabelhal-for-vardagsrum-vit-1.webp?fit=2000%2C2000&ssl=1","type":"image\/webp"}],"twitter_card":"summary_large_image","twitter_misc":{"Ber\u00e4knad l\u00e4stid":"1 minut"},"schema":{"@context":"https:\/\/schema.org","@graph":[{"@type":"WebPage","@id":"https:\/\/truusk.store\/sv\/produkt\/truusk-tv-bank-for-65-tums-tv-mjukstangande-dorrar-justerbara-hyllor-kabelhal-vit\/","url":"https:\/\/truusk.store\/sv\/produkt\/truusk-tv-bank-for-65-tums-tv-mjukstangande-dorrar-justerbara-hyllor-kabelhal-vit\/","name":"TRUUSK TV-b\u00e4nk f\u00f6r 65-tums TV - Mjukst\u00e4ngande d\u00f6rrar - Justerbara hyllor - Kabelh\u00e5l - Vit - TRUUSK - Hem, Tr\u00e4dg\u00e5rd &amp; Fritid","isPartOf":{"@id":"https:\/\/truusk.store\/sv\/#website"},"primaryImageOfPage":{"@id":"https:\/\/truusk.store\/sv\/produkt\/truusk-tv-bank-for-65-tums-tv-mjukstangande-dorrar-justerbara-hyllor-kabelhal-vit\/#primaryimage"},"image":{"@id":"https:\/\/truusk.store\/sv\/produkt\/truusk-tv-bank-for-65-tums-tv-mjukstangande-dorrar-justerbara-hyllor-kabelhal-vit\/#primaryimage"},"thumbnailUrl":"https:\/\/i0.wp.com\/truusk.store\/wp-content\/uploads\/2025\/07\/tv-bank-for-65-tums-tv-tv-skap-med-mjukstangande-dorrar-justerbara-hyllor-kabelhal-for-vardagsrum-vit-1.webp?fit=2000%2C2000&ssl=1","datePublished":"2025-07-22T04:40:36+00:00","dateModified":"2026-03-12T07:46:42+00:00","breadcrumb":{"@id":"https:\/\/truusk.store\/sv\/produkt\/truusk-tv-bank-for-65-tums-tv-mjukstangande-dorrar-justerbara-hyllor-kabelhal-vit\/#breadcrumb"},"inLanguage":"sv-SE","potentialAction":[{"@type":"ReadAction","target":["https:\/\/truusk.store\/sv\/produkt\/truusk-tv-bank-for-65-tums-tv-mjukstangande-dorrar-justerbara-hyllor-kabelhal-vit\/"]}]},{"@type":"ImageObject","inLanguage":"sv-SE","@id":"https:\/\/truusk.store\/sv\/produkt\/truusk-tv-bank-for-65-tums-tv-mjukstangande-dorrar-justerbara-hyllor-kabelhal-vit\/#primaryimage","url":"https:\/\/i0.wp.com\/truusk.store\/wp-content\/uploads\/2025\/07\/tv-bank-for-65-tums-tv-tv-skap-med-mjukstangande-dorrar-justerbara-hyllor-kabelhal-for-vardagsrum-vit-1.webp?fit=2000%2C2000&ssl=1","contentUrl":"https:\/\/i0.wp.com\/truusk.store\/wp-content\/uploads\/2025\/07\/tv-bank-for-65-tums-tv-tv-skap-med-mjukstangande-dorrar-justerbara-hyllor-kabelhal-for-vardagsrum-vit-1.webp?fit=2000%2C2000&ssl=1","width":2000,"height":2000},{"@type":"BreadcrumbList","@id":"https:\/\/truusk.store\/sv\/produkt\/truusk-tv-bank-for-65-tums-tv-mjukstangande-dorrar-justerbara-hyllor-kabelhal-vit\/#breadcrumb","itemListElement":[{"@type":"ListItem","position":1,"name":"Home","item":"https:\/\/truusk.store\/sv\/"},{"@type":"ListItem","position":2,"name":"Shop","item":"https:\/\/truusk.store\/shop\/"},{"@type":"ListItem","position":3,"name":"TRUUSK TV-b\u00e4nk f\u00f6r 65-tums TV &#8211; Mjukst\u00e4ngande d\u00f6rrar &#8211; Justerbara hyllor &#8211; Kabelh\u00e5l &#8211; Vit"}]},{"@type":"WebSite","@id":"https:\/\/truusk.store\/sv\/#website","url":"https:\/\/truusk.store\/sv\/","name":"TRUUSK - Hem, Tr\u00e4dg\u00e5rd & Fritid","description":"","publisher":{"@id":"https:\/\/truusk.store\/sv\/#organization"},"potentialAction":[{"@type":"SearchAction","target":{"@type":"EntryPoint","urlTemplate":"https:\/\/truusk.store\/sv\/?s={search_term_string}"},"query-input":{"@type":"PropertyValueSpecification","valueRequired":true,"valueName":"search_term_string"}}],"inLanguage":"sv-SE"},{"@type":"Organization","@id":"https:\/\/truusk.store\/sv\/#organization","name":"TRUUSK - Hem, Tr\u00e4dg\u00e5rd & Fritid","url":"https:\/\/truusk.store\/sv\/","logo":{"@type":"ImageObject","inLanguage":"sv-SE","@id":"https:\/\/truusk.store\/sv\/#\/schema\/logo\/image\/","url":"https:\/\/i0.wp.com\/truusk.store\/wp-content\/uploads\/2026\/03\/cropped-TRUUSK.png?fit=2032%2C917&ssl=1","contentUrl":"https:\/\/i0.wp.com\/truusk.store\/wp-content\/uploads\/2026\/03\/cropped-TRUUSK.png?fit=2032%2C917&ssl=1","width":2032,"height":917,"caption":"TRUUSK - Hem, Tr\u00e4dg\u00e5rd & Fritid"},"image":{"@id":"https:\/\/truusk.store\/sv\/#\/schema\/logo\/image\/"}}]}},"jetpack_sharing_enabled":true,"_links":{"self":[{"href":"https:\/\/truusk.store\/sv\/wp-json\/wp\/v2\/product\/84526","targetHints":{"allow":["GET"]}}],"collection":[{"href":"https:\/\/truusk.store\/sv\/wp-json\/wp\/v2\/product"}],"about":[{"href":"https:\/\/truusk.store\/sv\/wp-json\/wp\/v2\/types\/product"}],"wp:featuredmedia":[{"embeddable":true,"href":"https:\/\/truusk.store\/sv\/wp-json\/wp\/v2\/media\/84517"}],"wp:attachment":[{"href":"https:\/\/truusk.store\/sv\/wp-json\/wp\/v2\/media?parent=84526"}],"wp:term":[{"taxonomy":"product_brand","embeddable":true,"href":"https:\/\/truusk.store\/sv\/wp-json\/wp\/v2\/product_brand?post=84526"},{"taxonomy":"product_cat","embeddable":true,"href":"https:\/\/truusk.store\/sv\/wp-json\/wp\/v2\/product_cat?post=84526"},{"taxonomy":"product_tag","embeddable":true,"href":"https:\/\/truusk.store\/sv\/wp-json\/wp\/v2\/product_tag?post=84526"}],"curies":[{"name":"wp","href":"https:\/\/api.w.org\/{rel}","templated":true}]}}