{"id":84566,"date":"2025-07-22T05:44:36","date_gmt":"2025-07-22T04:44:36","guid":{"rendered":"https:\/\/truusk.store\/product\/bokhylla-staende-hylla-med-8-hyllfack-975-x-30-x-100-cm-vit\/"},"modified":"2026-03-12T08:46:49","modified_gmt":"2026-03-12T07:46:49","slug":"truusk-bokhylla-staende-hylla-8-hyllfack-975-x-30-x-100-cm-vit","status":"publish","type":"product","link":"https:\/\/truusk.store\/sv\/produkt\/truusk-bokhylla-staende-hylla-8-hyllfack-975-x-30-x-100-cm-vit\/","title":{"rendered":"TRUUSK Bokhylla &#8211; St\u00e5ende Hylla &#8211; 8 Hyllfack &#8211; 97,5 x 30 x 100 cm &#8211; Vit"},"content":{"rendered":"<p>Uppt\u00e4ck gl\u00e4djen i att organisera med den moderna hyllan fr\u00e5n TRUUSK! Tre gener\u00f6sa hyllplan och \u00e5tta f\u00f6rskjutna skiljev\u00e4ggar erbjuder mycket utrymme f\u00f6r b\u00f6cker, dekorationer och v\u00e4xter. Hyllans bakv\u00e4gg ser till att allt f\u00f6rblir s\u00e4kert p\u00e5 sin plats. Den enkla och moderna designen p\u00e5 denna bokhylla passar perfekt till olika inredningsstilar. Det \u00e4r den idealiska l\u00f6sningen f\u00f6r att skapa nytt utrymme f\u00f6r b\u00f6cker och dekorationer.<\/p>\n<p>Beskrivning:<\/p>\n<ul>\n<li> Den enkla och moderna designen passar i m\u00e5nga vardagsrum.<\/li>\n<li> 3 hyllor med 8 f\u00f6rskjutna fack f\u00f6r f\u00f6rvaring av vardagliga f\u00f6rem\u00e5l och dekorationer<\/li>\n<li> L\u00e4mplig f\u00f6r vardagsrum, arbetsrum och lekrum<\/li>\n<li> En hyllbakv\u00e4gg f\u00f6rhindrar att f\u00f6rem\u00e5l faller ut<\/li>\n<li> Tillverkad av MDF-tr\u00e4 f\u00f6r enkel reng\u00f6ring och underh\u00e5ll av hyllan<\/li>\n<li> Montering kr\u00e4vs<\/li>\n<\/ul>\n<p> Tekniska data:<\/p>\n<ul>\n<li> F\u00e4rg: Vit<\/li>\n<li> Material: Sp\u00e5nskiva<\/li>\n<li> Totala dimensioner: 97,5B x 30T x 100H cm<\/li>\n<li> B\u00e4rkapacitet: 50 kg (totalt), 5 kg (hyllplan)<\/li>\n<\/ul>\n<p>Leveransinneh\u00e5ll:<\/p>\n<ul>\n<li> 1 x 3-v\u00e5ningshylla<\/li>\n<li> 1 x Instruktioner<\/li>\n<\/ul>\n","protected":false},"excerpt":{"rendered":"<p>Uppt\u00e4ck gl\u00e4djen i att organisera med den moderna hyllan fr\u00e5n TRUUSK! Tre gener\u00f6sa hyllplan och \u00e5tta f\u00f6rskjutna skiljev\u00e4ggar erbjuder mycket&#8230;<\/p>\n","protected":false},"featured_media":84557,"template":"","meta":[],"product_brand":[],"product_cat":[977,872,871],"product_tag":[],"class_list":{"0":"post-84566","1":"product","2":"type-product","3":"status-publish","4":"has-post-thumbnail","6":"product_cat-bok-staende-hyllor","7":"product_cat-hemmakontor-arbetsplats","8":"product_cat-hus-hem","10":"first","11":"instock","12":"sale","13":"taxable","14":"shipping-taxable","15":"purchasable","16":"product-type-simple"},"yoast_head":"<!-- This site is optimized with the Yoast SEO plugin v25.4 - https:\/\/yoast.com\/wordpress\/plugins\/seo\/ -->\n<title>TRUUSK Bokhylla - St\u00e5ende Hylla - 8 Hyllfack - 97,5 x 30 x 100 cm - Vit - TRUUSK - Hem, Tr\u00e4dg\u00e5rd &amp; Fritid<\/title>\n<meta name=\"robots\" content=\"index, follow, max-snippet:-1, max-image-preview:large, max-video-preview:-1\" \/>\n<link rel=\"canonical\" href=\"https:\/\/truusk.store\/sv\/produkt\/truusk-bokhylla-staende-hylla-8-hyllfack-975-x-30-x-100-cm-vit\/\" \/>\n<meta property=\"og:locale\" content=\"sv_SE\" \/>\n<meta property=\"og:type\" content=\"article\" \/>\n<meta property=\"og:title\" content=\"TRUUSK Bokhylla - St\u00e5ende Hylla - 8 Hyllfack - 97,5 x 30 x 100 cm - Vit - TRUUSK - Hem, Tr\u00e4dg\u00e5rd &amp; Fritid\" \/>\n<meta property=\"og:description\" content=\"Uppt\u00e4ck gl\u00e4djen i att organisera med den moderna hyllan fr\u00e5n TRUUSK! Tre gener\u00f6sa hyllplan och \u00e5tta f\u00f6rskjutna skiljev\u00e4ggar erbjuder mycket...\" \/>\n<meta property=\"og:url\" content=\"https:\/\/truusk.store\/sv\/produkt\/truusk-bokhylla-staende-hylla-8-hyllfack-975-x-30-x-100-cm-vit\/\" \/>\n<meta property=\"og:site_name\" content=\"TRUUSK - Hem, Tr\u00e4dg\u00e5rd &amp; Fritid\" \/>\n<meta property=\"article:modified_time\" content=\"2026-03-12T07:46:49+00:00\" \/>\n<meta property=\"og:image\" content=\"https:\/\/i0.wp.com\/truusk.se\/wp-content\/uploads\/2025\/07\/bokhylla-staende-hylla-med-8-hyllfack-975-x-30-x-100-cm-vit-1.webp?fit=2000%2C2000&ssl=1\" \/>\n\t<meta property=\"og:image:width\" content=\"2000\" \/>\n\t<meta property=\"og:image:height\" content=\"2000\" \/>\n\t<meta property=\"og:image:type\" content=\"image\/webp\" \/>\n<meta name=\"twitter:card\" content=\"summary_large_image\" \/>\n<meta name=\"twitter:label1\" content=\"Ber\u00e4knad l\u00e4stid\" \/>\n\t<meta name=\"twitter:data1\" content=\"1 minut\" \/>\n<!-- \/ Yoast SEO plugin. -->","yoast_head_json":{"title":"TRUUSK Bokhylla - St\u00e5ende Hylla - 8 Hyllfack - 97,5 x 30 x 100 cm - Vit - TRUUSK - Hem, Tr\u00e4dg\u00e5rd &amp; Fritid","robots":{"index":"index","follow":"follow","max-snippet":"max-snippet:-1","max-image-preview":"max-image-preview:large","max-video-preview":"max-video-preview:-1"},"canonical":"https:\/\/truusk.store\/sv\/produkt\/truusk-bokhylla-staende-hylla-8-hyllfack-975-x-30-x-100-cm-vit\/","og_locale":"sv_SE","og_type":"article","og_title":"TRUUSK Bokhylla - St\u00e5ende Hylla - 8 Hyllfack - 97,5 x 30 x 100 cm - Vit - TRUUSK - Hem, Tr\u00e4dg\u00e5rd &amp; Fritid","og_description":"Uppt\u00e4ck gl\u00e4djen i att organisera med den moderna hyllan fr\u00e5n TRUUSK! Tre gener\u00f6sa hyllplan och \u00e5tta f\u00f6rskjutna skiljev\u00e4ggar erbjuder mycket...","og_url":"https:\/\/truusk.store\/sv\/produkt\/truusk-bokhylla-staende-hylla-8-hyllfack-975-x-30-x-100-cm-vit\/","og_site_name":"TRUUSK - Hem, Tr\u00e4dg\u00e5rd &amp; Fritid","article_modified_time":"2026-03-12T07:46:49+00:00","og_image":[{"width":2000,"height":2000,"url":"https:\/\/i0.wp.com\/truusk.se\/wp-content\/uploads\/2025\/07\/bokhylla-staende-hylla-med-8-hyllfack-975-x-30-x-100-cm-vit-1.webp?fit=2000%2C2000&ssl=1","type":"image\/webp"}],"twitter_card":"summary_large_image","twitter_misc":{"Ber\u00e4knad l\u00e4stid":"1 minut"},"schema":{"@context":"https:\/\/schema.org","@graph":[{"@type":"WebPage","@id":"https:\/\/truusk.store\/sv\/produkt\/truusk-bokhylla-staende-hylla-8-hyllfack-975-x-30-x-100-cm-vit\/","url":"https:\/\/truusk.store\/sv\/produkt\/truusk-bokhylla-staende-hylla-8-hyllfack-975-x-30-x-100-cm-vit\/","name":"TRUUSK Bokhylla - St\u00e5ende Hylla - 8 Hyllfack - 97,5 x 30 x 100 cm - Vit - TRUUSK - Hem, Tr\u00e4dg\u00e5rd &amp; Fritid","isPartOf":{"@id":"https:\/\/truusk.store\/sv\/#website"},"primaryImageOfPage":{"@id":"https:\/\/truusk.store\/sv\/produkt\/truusk-bokhylla-staende-hylla-8-hyllfack-975-x-30-x-100-cm-vit\/#primaryimage"},"image":{"@id":"https:\/\/truusk.store\/sv\/produkt\/truusk-bokhylla-staende-hylla-8-hyllfack-975-x-30-x-100-cm-vit\/#primaryimage"},"thumbnailUrl":"https:\/\/i0.wp.com\/truusk.store\/wp-content\/uploads\/2025\/07\/bokhylla-staende-hylla-med-8-hyllfack-975-x-30-x-100-cm-vit-1.webp?fit=2000%2C2000&ssl=1","datePublished":"2025-07-22T04:44:36+00:00","dateModified":"2026-03-12T07:46:49+00:00","breadcrumb":{"@id":"https:\/\/truusk.store\/sv\/produkt\/truusk-bokhylla-staende-hylla-8-hyllfack-975-x-30-x-100-cm-vit\/#breadcrumb"},"inLanguage":"sv-SE","potentialAction":[{"@type":"ReadAction","target":["https:\/\/truusk.store\/sv\/produkt\/truusk-bokhylla-staende-hylla-8-hyllfack-975-x-30-x-100-cm-vit\/"]}]},{"@type":"ImageObject","inLanguage":"sv-SE","@id":"https:\/\/truusk.store\/sv\/produkt\/truusk-bokhylla-staende-hylla-8-hyllfack-975-x-30-x-100-cm-vit\/#primaryimage","url":"https:\/\/i0.wp.com\/truusk.store\/wp-content\/uploads\/2025\/07\/bokhylla-staende-hylla-med-8-hyllfack-975-x-30-x-100-cm-vit-1.webp?fit=2000%2C2000&ssl=1","contentUrl":"https:\/\/i0.wp.com\/truusk.store\/wp-content\/uploads\/2025\/07\/bokhylla-staende-hylla-med-8-hyllfack-975-x-30-x-100-cm-vit-1.webp?fit=2000%2C2000&ssl=1","width":2000,"height":2000},{"@type":"BreadcrumbList","@id":"https:\/\/truusk.store\/sv\/produkt\/truusk-bokhylla-staende-hylla-8-hyllfack-975-x-30-x-100-cm-vit\/#breadcrumb","itemListElement":[{"@type":"ListItem","position":1,"name":"Home","item":"https:\/\/truusk.store\/sv\/"},{"@type":"ListItem","position":2,"name":"Shop","item":"https:\/\/truusk.store\/shop\/"},{"@type":"ListItem","position":3,"name":"TRUUSK Bokhylla &#8211; St\u00e5ende Hylla &#8211; 8 Hyllfack &#8211; 97,5 x 30 x 100 cm &#8211; Vit"}]},{"@type":"WebSite","@id":"https:\/\/truusk.store\/sv\/#website","url":"https:\/\/truusk.store\/sv\/","name":"TRUUSK - Hem, Tr\u00e4dg\u00e5rd & Fritid","description":"","publisher":{"@id":"https:\/\/truusk.store\/sv\/#organization"},"potentialAction":[{"@type":"SearchAction","target":{"@type":"EntryPoint","urlTemplate":"https:\/\/truusk.store\/sv\/?s={search_term_string}"},"query-input":{"@type":"PropertyValueSpecification","valueRequired":true,"valueName":"search_term_string"}}],"inLanguage":"sv-SE"},{"@type":"Organization","@id":"https:\/\/truusk.store\/sv\/#organization","name":"TRUUSK - Hem, Tr\u00e4dg\u00e5rd & Fritid","url":"https:\/\/truusk.store\/sv\/","logo":{"@type":"ImageObject","inLanguage":"sv-SE","@id":"https:\/\/truusk.store\/sv\/#\/schema\/logo\/image\/","url":"https:\/\/i0.wp.com\/truusk.store\/wp-content\/uploads\/2026\/03\/cropped-TRUUSK.png?fit=2032%2C917&ssl=1","contentUrl":"https:\/\/i0.wp.com\/truusk.store\/wp-content\/uploads\/2026\/03\/cropped-TRUUSK.png?fit=2032%2C917&ssl=1","width":2032,"height":917,"caption":"TRUUSK - Hem, Tr\u00e4dg\u00e5rd & Fritid"},"image":{"@id":"https:\/\/truusk.store\/sv\/#\/schema\/logo\/image\/"}}]}},"jetpack_sharing_enabled":true,"_links":{"self":[{"href":"https:\/\/truusk.store\/sv\/wp-json\/wp\/v2\/product\/84566","targetHints":{"allow":["GET"]}}],"collection":[{"href":"https:\/\/truusk.store\/sv\/wp-json\/wp\/v2\/product"}],"about":[{"href":"https:\/\/truusk.store\/sv\/wp-json\/wp\/v2\/types\/product"}],"wp:featuredmedia":[{"embeddable":true,"href":"https:\/\/truusk.store\/sv\/wp-json\/wp\/v2\/media\/84557"}],"wp:attachment":[{"href":"https:\/\/truusk.store\/sv\/wp-json\/wp\/v2\/media?parent=84566"}],"wp:term":[{"taxonomy":"product_brand","embeddable":true,"href":"https:\/\/truusk.store\/sv\/wp-json\/wp\/v2\/product_brand?post=84566"},{"taxonomy":"product_cat","embeddable":true,"href":"https:\/\/truusk.store\/sv\/wp-json\/wp\/v2\/product_cat?post=84566"},{"taxonomy":"product_tag","embeddable":true,"href":"https:\/\/truusk.store\/sv\/wp-json\/wp\/v2\/product_tag?post=84566"}],"curies":[{"name":"wp","href":"https:\/\/api.w.org\/{rel}","templated":true}]}}