{"id":84586,"date":"2025-07-22T05:46:41","date_gmt":"2025-07-22T04:46:41","guid":{"rendered":"https:\/\/truusk.store\/product\/gungstol-med-fotpall-mjukt-fleeceoverdrag-traben-kuddar-hog-ryggstod-gungfatolj-beige\/"},"modified":"2026-03-12T08:46:50","modified_gmt":"2026-03-12T07:46:50","slug":"truusk-gungstol-med-fotpall-mjukt-fleeceoverdrag-traben-kuddar-hog-ryggstod-beige","status":"publish","type":"product","link":"https:\/\/truusk.store\/sv\/produkt\/truusk-gungstol-med-fotpall-mjukt-fleeceoverdrag-traben-kuddar-hog-ryggstod-beige\/","title":{"rendered":"TRUUSK Gungstol Med Fotpall &#8211; Mjukt Fleece\u00f6verdrag &#8211; Tr\u00e4ben &#8211; Kuddar &#8211; H\u00f6g Ryggst\u00f6d &#8211; Beige"},"content":{"rendered":"<p>Njut av TRUUSK gungstolen, en perfekt symbios av stil och komfort. Den m\u00f6jligg\u00f6r mjuk gungning mellan 95\u2013115\u00b0, d\u00e4mpad av filtstopp f\u00f6r att skydda dina golv. Gungstolen, ergonomiskt utformad, med mjukt huvud- och fotst\u00f6d i andningsbart fleece, b\u00e4rs av en robust st\u00e5lram och eleganta boktr\u00e4ben, idealisk f\u00f6r avkopplande stunder.<\/p>\n<p>Beskrivning:<\/p>\n<ul>\n<li> Gungomr\u00e5de mellan 95-115\u00b0 erbjuder mjuk r\u00f6relse<\/li>\n<li> Inkluderar huvudst\u00f6d, kudde och fotpall f\u00f6r maximal komfort<\/li>\n<li> Bekv\u00e4mt och andningsbart fleecetyg p\u00e5 gungstolen f\u00f6r extra mysighet<\/li>\n<li> H\u00f6g ryggst\u00f6d med h\u00f6gdensitetsskum f\u00f6rb\u00e4ttrar st\u00f6det<\/li>\n<li> \u00d6ronlappsstil p\u00e5 gungstolen med tuftad design kombinerar klassisk estetik med komfort<\/li>\n<li> St\u00e5lram och boktr\u00e4ben lovar h\u00e5llbarhet<\/li>\n<li> Filtskydd skyddar golv fr\u00e5n repor<\/li>\n<li> Montering kr\u00e4vs<\/li>\n<\/ul>\n<p> Tekniska data:<\/p>\n<ul>\n<li> F\u00e4rg: Beige<\/li>\n<li> Material: Fleece-tyg (100 % polyester), skum, boktr\u00e4, st\u00e5l<\/li>\n<li> Stolens dimensioner: 70,5B x 101,5D x 99,5H cm<\/li>\n<li> Pallens dimensioner: 58L x 44B x 43,5H cm<\/li>\n<li> Sitsstorlek: 47B x 57D x 50H cm<\/li>\n<li> Ryggstorlek: 70,5B x 69H cm<\/li>\n<li> Sitsens tjocklek: 13 cm<\/li>\n<li> Armst\u00f6dsdimensioner: 46L x 7B x 68H cm (h\u00f6jd fr\u00e5n golvet)<\/li>\n<li> Huvudst\u00f6dsdimensioner: 37L x 22B x 11D cm<\/li>\n<li> Kuddens dimensioner: 46L x 30B x 12D cm<\/li>\n<li> Belastningskapacitet: 120 kg<\/li>\n<\/ul>\n<p>Leveransinneh\u00e5ll:<\/p>\n<ul>\n<li> 1 x Gungstol<\/li>\n<li> 1 x Fotpall<\/li>\n<li> 1 x Handbok<\/li>\n<\/ul>\n","protected":false},"excerpt":{"rendered":"<p>Njut av TRUUSK gungstolen, en perfekt symbios av stil och komfort. Den m\u00f6jligg\u00f6r mjuk gungning mellan 95\u2013115\u00b0, d\u00e4mpad av filtstopp&#8230;<\/p>\n","protected":false},"featured_media":84577,"template":"","meta":[],"product_brand":[],"product_cat":[520,871,910],"product_tag":[],"class_list":{"0":"post-84586","1":"product","2":"type-product","3":"status-publish","4":"has-post-thumbnail","6":"product_cat-gungstolar","7":"product_cat-hus-hem","8":"product_cat-vardagsrum","10":"first","11":"instock","12":"sale","13":"taxable","14":"shipping-taxable","15":"purchasable","16":"product-type-simple"},"yoast_head":"<!-- This site is optimized with the Yoast SEO plugin v25.4 - https:\/\/yoast.com\/wordpress\/plugins\/seo\/ -->\n<title>TRUUSK Gungstol Med Fotpall - Mjukt Fleece\u00f6verdrag - Tr\u00e4ben - Kuddar - H\u00f6g Ryggst\u00f6d - Beige - TRUUSK - Hem, Tr\u00e4dg\u00e5rd &amp; Fritid<\/title>\n<meta name=\"robots\" content=\"index, follow, max-snippet:-1, max-image-preview:large, max-video-preview:-1\" \/>\n<link rel=\"canonical\" href=\"https:\/\/truusk.store\/sv\/produkt\/truusk-gungstol-med-fotpall-mjukt-fleeceoverdrag-traben-kuddar-hog-ryggstod-beige\/\" \/>\n<meta property=\"og:locale\" content=\"sv_SE\" \/>\n<meta property=\"og:type\" content=\"article\" \/>\n<meta property=\"og:title\" content=\"TRUUSK Gungstol Med Fotpall - Mjukt Fleece\u00f6verdrag - Tr\u00e4ben - Kuddar - H\u00f6g Ryggst\u00f6d - Beige - TRUUSK - Hem, Tr\u00e4dg\u00e5rd &amp; Fritid\" \/>\n<meta property=\"og:description\" content=\"Njut av TRUUSK gungstolen, en perfekt symbios av stil och komfort. Den m\u00f6jligg\u00f6r mjuk gungning mellan 95\u2013115\u00b0, d\u00e4mpad av filtstopp...\" \/>\n<meta property=\"og:url\" content=\"https:\/\/truusk.store\/sv\/produkt\/truusk-gungstol-med-fotpall-mjukt-fleeceoverdrag-traben-kuddar-hog-ryggstod-beige\/\" \/>\n<meta property=\"og:site_name\" content=\"TRUUSK - Hem, Tr\u00e4dg\u00e5rd &amp; Fritid\" \/>\n<meta property=\"article:modified_time\" content=\"2026-03-12T07:46:50+00:00\" \/>\n<meta property=\"og:image\" content=\"https:\/\/i0.wp.com\/truusk.se\/wp-content\/uploads\/2025\/07\/gungstol-med-fotpall-mjukt-fleeceoverdrag-traben-kuddar-hog-ryggstod-gungfatolj-beige-1.webp?fit=2000%2C2000&ssl=1\" \/>\n\t<meta property=\"og:image:width\" content=\"2000\" \/>\n\t<meta property=\"og:image:height\" content=\"2000\" \/>\n\t<meta property=\"og:image:type\" content=\"image\/webp\" \/>\n<meta name=\"twitter:card\" content=\"summary_large_image\" \/>\n<meta name=\"twitter:label1\" content=\"Ber\u00e4knad l\u00e4stid\" \/>\n\t<meta name=\"twitter:data1\" content=\"1 minut\" \/>\n<!-- \/ Yoast SEO plugin. -->","yoast_head_json":{"title":"TRUUSK Gungstol Med Fotpall - Mjukt Fleece\u00f6verdrag - Tr\u00e4ben - Kuddar - H\u00f6g Ryggst\u00f6d - Beige - TRUUSK - Hem, Tr\u00e4dg\u00e5rd &amp; Fritid","robots":{"index":"index","follow":"follow","max-snippet":"max-snippet:-1","max-image-preview":"max-image-preview:large","max-video-preview":"max-video-preview:-1"},"canonical":"https:\/\/truusk.store\/sv\/produkt\/truusk-gungstol-med-fotpall-mjukt-fleeceoverdrag-traben-kuddar-hog-ryggstod-beige\/","og_locale":"sv_SE","og_type":"article","og_title":"TRUUSK Gungstol Med Fotpall - Mjukt Fleece\u00f6verdrag - Tr\u00e4ben - Kuddar - H\u00f6g Ryggst\u00f6d - Beige - TRUUSK - Hem, Tr\u00e4dg\u00e5rd &amp; Fritid","og_description":"Njut av TRUUSK gungstolen, en perfekt symbios av stil och komfort. Den m\u00f6jligg\u00f6r mjuk gungning mellan 95\u2013115\u00b0, d\u00e4mpad av filtstopp...","og_url":"https:\/\/truusk.store\/sv\/produkt\/truusk-gungstol-med-fotpall-mjukt-fleeceoverdrag-traben-kuddar-hog-ryggstod-beige\/","og_site_name":"TRUUSK - Hem, Tr\u00e4dg\u00e5rd &amp; Fritid","article_modified_time":"2026-03-12T07:46:50+00:00","og_image":[{"width":2000,"height":2000,"url":"https:\/\/i0.wp.com\/truusk.se\/wp-content\/uploads\/2025\/07\/gungstol-med-fotpall-mjukt-fleeceoverdrag-traben-kuddar-hog-ryggstod-gungfatolj-beige-1.webp?fit=2000%2C2000&ssl=1","type":"image\/webp"}],"twitter_card":"summary_large_image","twitter_misc":{"Ber\u00e4knad l\u00e4stid":"1 minut"},"schema":{"@context":"https:\/\/schema.org","@graph":[{"@type":"WebPage","@id":"https:\/\/truusk.store\/sv\/produkt\/truusk-gungstol-med-fotpall-mjukt-fleeceoverdrag-traben-kuddar-hog-ryggstod-beige\/","url":"https:\/\/truusk.store\/sv\/produkt\/truusk-gungstol-med-fotpall-mjukt-fleeceoverdrag-traben-kuddar-hog-ryggstod-beige\/","name":"TRUUSK Gungstol Med Fotpall - Mjukt Fleece\u00f6verdrag - Tr\u00e4ben - Kuddar - H\u00f6g Ryggst\u00f6d - Beige - TRUUSK - Hem, Tr\u00e4dg\u00e5rd &amp; Fritid","isPartOf":{"@id":"https:\/\/truusk.store\/sv\/#website"},"primaryImageOfPage":{"@id":"https:\/\/truusk.store\/sv\/produkt\/truusk-gungstol-med-fotpall-mjukt-fleeceoverdrag-traben-kuddar-hog-ryggstod-beige\/#primaryimage"},"image":{"@id":"https:\/\/truusk.store\/sv\/produkt\/truusk-gungstol-med-fotpall-mjukt-fleeceoverdrag-traben-kuddar-hog-ryggstod-beige\/#primaryimage"},"thumbnailUrl":"https:\/\/i0.wp.com\/truusk.store\/wp-content\/uploads\/2025\/07\/gungstol-med-fotpall-mjukt-fleeceoverdrag-traben-kuddar-hog-ryggstod-gungfatolj-beige-1.webp?fit=2000%2C2000&ssl=1","datePublished":"2025-07-22T04:46:41+00:00","dateModified":"2026-03-12T07:46:50+00:00","breadcrumb":{"@id":"https:\/\/truusk.store\/sv\/produkt\/truusk-gungstol-med-fotpall-mjukt-fleeceoverdrag-traben-kuddar-hog-ryggstod-beige\/#breadcrumb"},"inLanguage":"sv-SE","potentialAction":[{"@type":"ReadAction","target":["https:\/\/truusk.store\/sv\/produkt\/truusk-gungstol-med-fotpall-mjukt-fleeceoverdrag-traben-kuddar-hog-ryggstod-beige\/"]}]},{"@type":"ImageObject","inLanguage":"sv-SE","@id":"https:\/\/truusk.store\/sv\/produkt\/truusk-gungstol-med-fotpall-mjukt-fleeceoverdrag-traben-kuddar-hog-ryggstod-beige\/#primaryimage","url":"https:\/\/i0.wp.com\/truusk.store\/wp-content\/uploads\/2025\/07\/gungstol-med-fotpall-mjukt-fleeceoverdrag-traben-kuddar-hog-ryggstod-gungfatolj-beige-1.webp?fit=2000%2C2000&ssl=1","contentUrl":"https:\/\/i0.wp.com\/truusk.store\/wp-content\/uploads\/2025\/07\/gungstol-med-fotpall-mjukt-fleeceoverdrag-traben-kuddar-hog-ryggstod-gungfatolj-beige-1.webp?fit=2000%2C2000&ssl=1","width":2000,"height":2000},{"@type":"BreadcrumbList","@id":"https:\/\/truusk.store\/sv\/produkt\/truusk-gungstol-med-fotpall-mjukt-fleeceoverdrag-traben-kuddar-hog-ryggstod-beige\/#breadcrumb","itemListElement":[{"@type":"ListItem","position":1,"name":"Home","item":"https:\/\/truusk.store\/sv\/"},{"@type":"ListItem","position":2,"name":"Shop","item":"https:\/\/truusk.store\/shop\/"},{"@type":"ListItem","position":3,"name":"TRUUSK Gungstol Med Fotpall &#8211; Mjukt Fleece\u00f6verdrag &#8211; Tr\u00e4ben &#8211; Kuddar &#8211; H\u00f6g Ryggst\u00f6d &#8211; Beige"}]},{"@type":"WebSite","@id":"https:\/\/truusk.store\/sv\/#website","url":"https:\/\/truusk.store\/sv\/","name":"TRUUSK - Hem, Tr\u00e4dg\u00e5rd & Fritid","description":"","publisher":{"@id":"https:\/\/truusk.store\/sv\/#organization"},"potentialAction":[{"@type":"SearchAction","target":{"@type":"EntryPoint","urlTemplate":"https:\/\/truusk.store\/sv\/?s={search_term_string}"},"query-input":{"@type":"PropertyValueSpecification","valueRequired":true,"valueName":"search_term_string"}}],"inLanguage":"sv-SE"},{"@type":"Organization","@id":"https:\/\/truusk.store\/sv\/#organization","name":"TRUUSK - Hem, Tr\u00e4dg\u00e5rd & Fritid","url":"https:\/\/truusk.store\/sv\/","logo":{"@type":"ImageObject","inLanguage":"sv-SE","@id":"https:\/\/truusk.store\/sv\/#\/schema\/logo\/image\/","url":"https:\/\/i0.wp.com\/truusk.store\/wp-content\/uploads\/2026\/03\/cropped-TRUUSK.png?fit=2032%2C917&ssl=1","contentUrl":"https:\/\/i0.wp.com\/truusk.store\/wp-content\/uploads\/2026\/03\/cropped-TRUUSK.png?fit=2032%2C917&ssl=1","width":2032,"height":917,"caption":"TRUUSK - Hem, Tr\u00e4dg\u00e5rd & Fritid"},"image":{"@id":"https:\/\/truusk.store\/sv\/#\/schema\/logo\/image\/"}}]}},"jetpack_sharing_enabled":true,"_links":{"self":[{"href":"https:\/\/truusk.store\/sv\/wp-json\/wp\/v2\/product\/84586","targetHints":{"allow":["GET"]}}],"collection":[{"href":"https:\/\/truusk.store\/sv\/wp-json\/wp\/v2\/product"}],"about":[{"href":"https:\/\/truusk.store\/sv\/wp-json\/wp\/v2\/types\/product"}],"wp:featuredmedia":[{"embeddable":true,"href":"https:\/\/truusk.store\/sv\/wp-json\/wp\/v2\/media\/84577"}],"wp:attachment":[{"href":"https:\/\/truusk.store\/sv\/wp-json\/wp\/v2\/media?parent=84586"}],"wp:term":[{"taxonomy":"product_brand","embeddable":true,"href":"https:\/\/truusk.store\/sv\/wp-json\/wp\/v2\/product_brand?post=84586"},{"taxonomy":"product_cat","embeddable":true,"href":"https:\/\/truusk.store\/sv\/wp-json\/wp\/v2\/product_cat?post=84586"},{"taxonomy":"product_tag","embeddable":true,"href":"https:\/\/truusk.store\/sv\/wp-json\/wp\/v2\/product_tag?post=84586"}],"curies":[{"name":"wp","href":"https:\/\/api.w.org\/{rel}","templated":true}]}}