{"id":84602,"date":"2025-07-22T05:48:20","date_gmt":"2025-07-22T04:48:20","guid":{"rendered":"https:\/\/truusk.store\/product\/gungstol-med-fotpall-mjukt-fleeceoverdrag-traben-kuddar-hog-ryggstod-gungstol-morkgra\/"},"modified":"2026-03-12T08:46:50","modified_gmt":"2026-03-12T07:46:50","slug":"truusk-gungstol-med-fotpall-mjukt-fleeceoverdrag-traben-kuddar-hog-ryggstod-morkgra","status":"publish","type":"product","link":"https:\/\/truusk.store\/sv\/produkt\/truusk-gungstol-med-fotpall-mjukt-fleeceoverdrag-traben-kuddar-hog-ryggstod-morkgra\/","title":{"rendered":"TRUUSK Gungstol Med Fotpall &#8211; Mjukt Fleece\u00f6verdrag &#8211; Tr\u00e4ben &#8211; Kuddar &#8211; H\u00f6g Ryggst\u00f6d &#8211; M\u00f6rkgr\u00e5"},"content":{"rendered":"<p>Genie\u00dfen Sie den TRUUSK Schaukelstuhl, eine perfekte Symbiose aus Stil und Bequemlichkeit. Er erm\u00f6glicht sanftes Schaukeln zwischen 95\u2013115\u00b0, abgefedert durch Filzpolster zum Schutz Ihrer B\u00f6den. Der Schaukelsessel, gestaltet ergonomisch, mit weichem Kopf- und Fu\u00dfteil aus atmungsaktivem Fleece, getragen von einem robusten Stahlrahmen und schicken Buchenholzbeinen, ideal f\u00fcr entspannte Momente.<\/p>\n<p>Beschreibung:<\/p>\n<ul>\n<li> Schaukelbereich zwischen 95-115\u00b0 bietet sanfte Bewegung<\/li>\n<li> Inklusive Kopfst\u00fctze, Kissen und Fu\u00dfhocker f\u00fcr maximalen Komfort<\/li>\n<li> Bequemer und atmungsaktiver Fleece-Stoff des Stillstuhls f\u00fcr zus\u00e4tzliche Gem\u00fctlichkeit<\/li>\n<li> Hohe R\u00fcckenlehne mit hochdichtem Schaumstoff verbessert die Unterst\u00fctzung<\/li>\n<li> Ohrenbackenstil des Schwingsessels mit getuftetem Design vereint klassische \u00c4sthetik mit Komfort<\/li>\n<li> Stahlrahmen und Buchenholzbeine versprechen Langlebigkeit<\/li>\n<li> Filzgleiter sch\u00fctzen B\u00f6den vor Kratzern<\/li>\n<li> Montage erforderlich<\/li>\n<\/ul>\n<p> Technische Daten:<\/p>\n<ul>\n<li> Farbe: Dunkelgrau<\/li>\n<li> Materialien: Fleece-Stoff (100 % Polyester), Schaumstoff, Buchenholz, Stahl<\/li>\n<li> Stuhlabmessungen: 70,5B x 101,5T x 99,5H cm<\/li>\n<li> Hockerabmessungen: 58L x 44B x 43,5H cm<\/li>\n<li> Sitzgr\u00f6\u00dfe: 47B x 57T x 50H cm<\/li>\n<li> R\u00fcckengr\u00f6\u00dfe: 70,5B x 69H cm<\/li>\n<li> Sitzdicke: 13 cm<\/li>\n<li> Armlehnenma\u00dfe: 46L x 7B x 68H cm (H\u00f6he zum Boden)<\/li>\n<li> Kopfst\u00fctzenma\u00dfe: 37L x 22B x 11T cm<\/li>\n<li> Kissenma\u00dfe: 46L x 30B x 12T cm<\/li>\n<li> Belastbarkeit: 120 kg<\/li>\n<\/ul>\n<p>Lieferumfang:<\/p>\n<ul>\n<li> 1 x Schaukelstuhl<\/li>\n<li> 1 x Fu\u00dfhocker<\/li>\n<li> 1 x Handbuch<\/li>\n<\/ul>\n","protected":false},"excerpt":{"rendered":"<p>Genie\u00dfen Sie den TRUUSK Schaukelstuhl, eine perfekte Symbiose aus Stil und Bequemlichkeit. Er erm\u00f6glicht sanftes Schaukeln zwischen 95\u2013115\u00b0, abgefedert durch&#8230;<\/p>\n","protected":false},"featured_media":84587,"template":"","meta":[],"product_brand":[],"product_cat":[520,871,910],"product_tag":[],"class_list":{"0":"post-84602","1":"product","2":"type-product","3":"status-publish","4":"has-post-thumbnail","6":"product_cat-gungstolar","7":"product_cat-hus-hem","8":"product_cat-vardagsrum","10":"first","11":"instock","12":"sale","13":"taxable","14":"shipping-taxable","15":"purchasable","16":"product-type-simple"},"yoast_head":"<!-- This site is optimized with the Yoast SEO plugin v25.4 - https:\/\/yoast.com\/wordpress\/plugins\/seo\/ -->\n<title>TRUUSK Gungstol Med Fotpall - Mjukt Fleece\u00f6verdrag - Tr\u00e4ben - Kuddar - H\u00f6g Ryggst\u00f6d - M\u00f6rkgr\u00e5 - TRUUSK - Hem, Tr\u00e4dg\u00e5rd &amp; Fritid<\/title>\n<meta name=\"robots\" content=\"index, follow, max-snippet:-1, max-image-preview:large, max-video-preview:-1\" \/>\n<link rel=\"canonical\" href=\"https:\/\/truusk.store\/sv\/produkt\/truusk-gungstol-med-fotpall-mjukt-fleeceoverdrag-traben-kuddar-hog-ryggstod-morkgra\/\" \/>\n<meta property=\"og:locale\" content=\"sv_SE\" \/>\n<meta property=\"og:type\" content=\"article\" \/>\n<meta property=\"og:title\" content=\"TRUUSK Gungstol Med Fotpall - Mjukt Fleece\u00f6verdrag - Tr\u00e4ben - Kuddar - H\u00f6g Ryggst\u00f6d - M\u00f6rkgr\u00e5 - TRUUSK - Hem, Tr\u00e4dg\u00e5rd &amp; Fritid\" \/>\n<meta property=\"og:description\" content=\"Genie\u00dfen Sie den TRUUSK Schaukelstuhl, eine perfekte Symbiose aus Stil und Bequemlichkeit. Er erm\u00f6glicht sanftes Schaukeln zwischen 95\u2013115\u00b0, abgefedert durch...\" \/>\n<meta property=\"og:url\" content=\"https:\/\/truusk.store\/sv\/produkt\/truusk-gungstol-med-fotpall-mjukt-fleeceoverdrag-traben-kuddar-hog-ryggstod-morkgra\/\" \/>\n<meta property=\"og:site_name\" content=\"TRUUSK - Hem, Tr\u00e4dg\u00e5rd &amp; Fritid\" \/>\n<meta property=\"article:modified_time\" content=\"2026-03-12T07:46:50+00:00\" \/>\n<meta property=\"og:image\" content=\"https:\/\/i0.wp.com\/truusk.se\/wp-content\/uploads\/2025\/07\/gungstol-med-fotpall-mjukt-fleeceoverdrag-traben-kuddar-hog-ryggstod-gungstol-morkgra-1.webp?fit=2000%2C2000&ssl=1\" \/>\n\t<meta property=\"og:image:width\" content=\"2000\" \/>\n\t<meta property=\"og:image:height\" content=\"2000\" \/>\n\t<meta property=\"og:image:type\" content=\"image\/webp\" \/>\n<meta name=\"twitter:card\" content=\"summary_large_image\" \/>\n<meta name=\"twitter:label1\" content=\"Ber\u00e4knad l\u00e4stid\" \/>\n\t<meta name=\"twitter:data1\" content=\"1 minut\" \/>\n<!-- \/ Yoast SEO plugin. -->","yoast_head_json":{"title":"TRUUSK Gungstol Med Fotpall - Mjukt Fleece\u00f6verdrag - Tr\u00e4ben - Kuddar - H\u00f6g Ryggst\u00f6d - M\u00f6rkgr\u00e5 - TRUUSK - Hem, Tr\u00e4dg\u00e5rd &amp; Fritid","robots":{"index":"index","follow":"follow","max-snippet":"max-snippet:-1","max-image-preview":"max-image-preview:large","max-video-preview":"max-video-preview:-1"},"canonical":"https:\/\/truusk.store\/sv\/produkt\/truusk-gungstol-med-fotpall-mjukt-fleeceoverdrag-traben-kuddar-hog-ryggstod-morkgra\/","og_locale":"sv_SE","og_type":"article","og_title":"TRUUSK Gungstol Med Fotpall - Mjukt Fleece\u00f6verdrag - Tr\u00e4ben - Kuddar - H\u00f6g Ryggst\u00f6d - M\u00f6rkgr\u00e5 - TRUUSK - Hem, Tr\u00e4dg\u00e5rd &amp; Fritid","og_description":"Genie\u00dfen Sie den TRUUSK Schaukelstuhl, eine perfekte Symbiose aus Stil und Bequemlichkeit. Er erm\u00f6glicht sanftes Schaukeln zwischen 95\u2013115\u00b0, abgefedert durch...","og_url":"https:\/\/truusk.store\/sv\/produkt\/truusk-gungstol-med-fotpall-mjukt-fleeceoverdrag-traben-kuddar-hog-ryggstod-morkgra\/","og_site_name":"TRUUSK - Hem, Tr\u00e4dg\u00e5rd &amp; Fritid","article_modified_time":"2026-03-12T07:46:50+00:00","og_image":[{"width":2000,"height":2000,"url":"https:\/\/i0.wp.com\/truusk.se\/wp-content\/uploads\/2025\/07\/gungstol-med-fotpall-mjukt-fleeceoverdrag-traben-kuddar-hog-ryggstod-gungstol-morkgra-1.webp?fit=2000%2C2000&ssl=1","type":"image\/webp"}],"twitter_card":"summary_large_image","twitter_misc":{"Ber\u00e4knad l\u00e4stid":"1 minut"},"schema":{"@context":"https:\/\/schema.org","@graph":[{"@type":"WebPage","@id":"https:\/\/truusk.store\/sv\/produkt\/truusk-gungstol-med-fotpall-mjukt-fleeceoverdrag-traben-kuddar-hog-ryggstod-morkgra\/","url":"https:\/\/truusk.store\/sv\/produkt\/truusk-gungstol-med-fotpall-mjukt-fleeceoverdrag-traben-kuddar-hog-ryggstod-morkgra\/","name":"TRUUSK Gungstol Med Fotpall - Mjukt Fleece\u00f6verdrag - Tr\u00e4ben - Kuddar - H\u00f6g Ryggst\u00f6d - M\u00f6rkgr\u00e5 - TRUUSK - Hem, Tr\u00e4dg\u00e5rd &amp; Fritid","isPartOf":{"@id":"https:\/\/truusk.store\/sv\/#website"},"primaryImageOfPage":{"@id":"https:\/\/truusk.store\/sv\/produkt\/truusk-gungstol-med-fotpall-mjukt-fleeceoverdrag-traben-kuddar-hog-ryggstod-morkgra\/#primaryimage"},"image":{"@id":"https:\/\/truusk.store\/sv\/produkt\/truusk-gungstol-med-fotpall-mjukt-fleeceoverdrag-traben-kuddar-hog-ryggstod-morkgra\/#primaryimage"},"thumbnailUrl":"https:\/\/i0.wp.com\/truusk.store\/wp-content\/uploads\/2025\/07\/gungstol-med-fotpall-mjukt-fleeceoverdrag-traben-kuddar-hog-ryggstod-gungstol-morkgra-1.webp?fit=2000%2C2000&ssl=1","datePublished":"2025-07-22T04:48:20+00:00","dateModified":"2026-03-12T07:46:50+00:00","breadcrumb":{"@id":"https:\/\/truusk.store\/sv\/produkt\/truusk-gungstol-med-fotpall-mjukt-fleeceoverdrag-traben-kuddar-hog-ryggstod-morkgra\/#breadcrumb"},"inLanguage":"sv-SE","potentialAction":[{"@type":"ReadAction","target":["https:\/\/truusk.store\/sv\/produkt\/truusk-gungstol-med-fotpall-mjukt-fleeceoverdrag-traben-kuddar-hog-ryggstod-morkgra\/"]}]},{"@type":"ImageObject","inLanguage":"sv-SE","@id":"https:\/\/truusk.store\/sv\/produkt\/truusk-gungstol-med-fotpall-mjukt-fleeceoverdrag-traben-kuddar-hog-ryggstod-morkgra\/#primaryimage","url":"https:\/\/i0.wp.com\/truusk.store\/wp-content\/uploads\/2025\/07\/gungstol-med-fotpall-mjukt-fleeceoverdrag-traben-kuddar-hog-ryggstod-gungstol-morkgra-1.webp?fit=2000%2C2000&ssl=1","contentUrl":"https:\/\/i0.wp.com\/truusk.store\/wp-content\/uploads\/2025\/07\/gungstol-med-fotpall-mjukt-fleeceoverdrag-traben-kuddar-hog-ryggstod-gungstol-morkgra-1.webp?fit=2000%2C2000&ssl=1","width":2000,"height":2000},{"@type":"BreadcrumbList","@id":"https:\/\/truusk.store\/sv\/produkt\/truusk-gungstol-med-fotpall-mjukt-fleeceoverdrag-traben-kuddar-hog-ryggstod-morkgra\/#breadcrumb","itemListElement":[{"@type":"ListItem","position":1,"name":"Home","item":"https:\/\/truusk.store\/sv\/"},{"@type":"ListItem","position":2,"name":"Shop","item":"https:\/\/truusk.store\/shop\/"},{"@type":"ListItem","position":3,"name":"TRUUSK Gungstol Med Fotpall &#8211; Mjukt Fleece\u00f6verdrag &#8211; Tr\u00e4ben &#8211; Kuddar &#8211; H\u00f6g Ryggst\u00f6d &#8211; M\u00f6rkgr\u00e5"}]},{"@type":"WebSite","@id":"https:\/\/truusk.store\/sv\/#website","url":"https:\/\/truusk.store\/sv\/","name":"TRUUSK - Hem, Tr\u00e4dg\u00e5rd & Fritid","description":"","publisher":{"@id":"https:\/\/truusk.store\/sv\/#organization"},"potentialAction":[{"@type":"SearchAction","target":{"@type":"EntryPoint","urlTemplate":"https:\/\/truusk.store\/sv\/?s={search_term_string}"},"query-input":{"@type":"PropertyValueSpecification","valueRequired":true,"valueName":"search_term_string"}}],"inLanguage":"sv-SE"},{"@type":"Organization","@id":"https:\/\/truusk.store\/sv\/#organization","name":"TRUUSK - Hem, Tr\u00e4dg\u00e5rd & Fritid","url":"https:\/\/truusk.store\/sv\/","logo":{"@type":"ImageObject","inLanguage":"sv-SE","@id":"https:\/\/truusk.store\/sv\/#\/schema\/logo\/image\/","url":"https:\/\/i0.wp.com\/truusk.store\/wp-content\/uploads\/2026\/03\/cropped-TRUUSK.png?fit=2032%2C917&ssl=1","contentUrl":"https:\/\/i0.wp.com\/truusk.store\/wp-content\/uploads\/2026\/03\/cropped-TRUUSK.png?fit=2032%2C917&ssl=1","width":2032,"height":917,"caption":"TRUUSK - Hem, Tr\u00e4dg\u00e5rd & Fritid"},"image":{"@id":"https:\/\/truusk.store\/sv\/#\/schema\/logo\/image\/"}}]}},"jetpack_sharing_enabled":true,"_links":{"self":[{"href":"https:\/\/truusk.store\/sv\/wp-json\/wp\/v2\/product\/84602","targetHints":{"allow":["GET"]}}],"collection":[{"href":"https:\/\/truusk.store\/sv\/wp-json\/wp\/v2\/product"}],"about":[{"href":"https:\/\/truusk.store\/sv\/wp-json\/wp\/v2\/types\/product"}],"wp:featuredmedia":[{"embeddable":true,"href":"https:\/\/truusk.store\/sv\/wp-json\/wp\/v2\/media\/84587"}],"wp:attachment":[{"href":"https:\/\/truusk.store\/sv\/wp-json\/wp\/v2\/media?parent=84602"}],"wp:term":[{"taxonomy":"product_brand","embeddable":true,"href":"https:\/\/truusk.store\/sv\/wp-json\/wp\/v2\/product_brand?post=84602"},{"taxonomy":"product_cat","embeddable":true,"href":"https:\/\/truusk.store\/sv\/wp-json\/wp\/v2\/product_cat?post=84602"},{"taxonomy":"product_tag","embeddable":true,"href":"https:\/\/truusk.store\/sv\/wp-json\/wp\/v2\/product_tag?post=84602"}],"curies":[{"name":"wp","href":"https:\/\/api.w.org\/{rel}","templated":true}]}}