{"id":84616,"date":"2025-07-22T05:49:29","date_gmt":"2025-07-22T04:49:29","guid":{"rendered":"https:\/\/truusk.store\/product\/golvskyddsmatta-halkfri-15mm-tjock-90x120cm-transparent\/"},"modified":"2026-03-12T08:46:53","modified_gmt":"2026-03-12T07:46:53","slug":"truusk-golvskyddsmatta-halkfri-15mm-tjock-90x120cm-transparent","status":"publish","type":"product","link":"https:\/\/truusk.store\/sv\/produkt\/truusk-golvskyddsmatta-halkfri-15mm-tjock-90x120cm-transparent\/","title":{"rendered":"TRUUSK Golvskyddsmatta &#8211; Halkfri &#8211; 1,5mm Tjock &#8211; 90x120cm &#8211; Transparent"},"content":{"rendered":"<p>Den rektangul\u00e4ra TRUUSK skyddsmattan skyddar ditt kontorsgolv optimalt mot repor fr\u00e5n stolar. Den m\u00f6jligg\u00f6r smidig f\u00f6rflyttning av kontorsstolen utan att riskera repor eller skador. Dessutom d\u00e4mpar mattan ljud och fr\u00e4mjar en lugn arbetsmilj\u00f6. Tillverkad av robust plast, \u00e4r den l\u00e4tt att reng\u00f6ra med en fuktig trasa.<\/p>\n<p>Beskrivning:<\/p>\n<ul>\n<li> Ideal mattunderl\u00e4gg f\u00f6r att skydda golvet mot repor som orsakas av f\u00f6rflyttning av kontorsstolar<\/li>\n<li> Tillverkad av slitstark plast, idealisk f\u00f6r l\u00e5ngvarig anv\u00e4ndning<\/li>\n<li> Kan l\u00e4tt reng\u00f6ras med en fuktig trasa<\/li>\n<li> Denna kontorsstolsunderl\u00e4gg skyddar inte bara golvet, utan hj\u00e4lper ocks\u00e5 till att absorbera ljud och skapar en lugn arbetsmilj\u00f6<\/li>\n<li> Kan ocks\u00e5 anv\u00e4ndas p\u00e5 andra ytor d\u00e4r det uppst\u00e5r friktion med golvet, som arbetsbord<\/li>\n<li> Den transparenta designen passar l\u00e4tt in i alla dekorationer och bevarar det ursprungliga utseendet p\u00e5 milj\u00f6n.<\/li>\n<\/ul>\n<p> Tekniska data:<\/p>\n<ul>\n<li> F\u00e4rg: Svart<\/li>\n<li> Material: Plast<\/li>\n<li> Totala dimensioner: 90L x 120B cm<\/li>\n<li> Tjocklek: 1,5 mm<\/li>\n<\/ul>\n<p>Leveransinneh\u00e5ll:<\/p>\n<ul>\n<li> 1 x skyddsmatta;<\/li>\n<\/ul>\n","protected":false},"excerpt":{"rendered":"<p>Den rektangul\u00e4ra TRUUSK skyddsmattan skyddar ditt kontorsgolv optimalt mot repor fr\u00e5n stolar. Den m\u00f6jligg\u00f6r smidig f\u00f6rflyttning av kontorsstolen utan att&#8230;<\/p>\n","protected":false},"featured_media":84607,"template":"","meta":[],"product_brand":[],"product_cat":[1065,871,566],"product_tag":[],"class_list":{"0":"post-84616","1":"product","2":"type-product","3":"status-publish","4":"has-post-thumbnail","6":"product_cat-dorrmattor","7":"product_cat-hus-hem","8":"product_cat-mattor","10":"first","11":"instock","12":"sale","13":"taxable","14":"shipping-taxable","15":"purchasable","16":"product-type-simple"},"yoast_head":"<!-- This site is optimized with the Yoast SEO plugin v25.4 - https:\/\/yoast.com\/wordpress\/plugins\/seo\/ -->\n<title>TRUUSK Golvskyddsmatta - Halkfri - 1,5mm Tjock - 90x120cm - Transparent - TRUUSK - Hem, Tr\u00e4dg\u00e5rd &amp; Fritid<\/title>\n<meta name=\"robots\" content=\"index, follow, max-snippet:-1, max-image-preview:large, max-video-preview:-1\" \/>\n<link rel=\"canonical\" href=\"https:\/\/truusk.store\/sv\/produkt\/truusk-golvskyddsmatta-halkfri-15mm-tjock-90x120cm-transparent\/\" \/>\n<meta property=\"og:locale\" content=\"sv_SE\" \/>\n<meta property=\"og:type\" content=\"article\" \/>\n<meta property=\"og:title\" content=\"TRUUSK Golvskyddsmatta - Halkfri - 1,5mm Tjock - 90x120cm - Transparent - TRUUSK - Hem, Tr\u00e4dg\u00e5rd &amp; Fritid\" \/>\n<meta property=\"og:description\" content=\"Den rektangul\u00e4ra TRUUSK skyddsmattan skyddar ditt kontorsgolv optimalt mot repor fr\u00e5n stolar. Den m\u00f6jligg\u00f6r smidig f\u00f6rflyttning av kontorsstolen utan att...\" \/>\n<meta property=\"og:url\" content=\"https:\/\/truusk.store\/sv\/produkt\/truusk-golvskyddsmatta-halkfri-15mm-tjock-90x120cm-transparent\/\" \/>\n<meta property=\"og:site_name\" content=\"TRUUSK - Hem, Tr\u00e4dg\u00e5rd &amp; Fritid\" \/>\n<meta property=\"article:modified_time\" content=\"2026-03-12T07:46:53+00:00\" \/>\n<meta property=\"og:image\" content=\"https:\/\/i0.wp.com\/truusk.se\/wp-content\/uploads\/2025\/07\/golvskyddsmatta-halkfri-15mm-tjock-90x120cm-transparent-1.webp?fit=2000%2C2000&ssl=1\" \/>\n\t<meta property=\"og:image:width\" content=\"2000\" \/>\n\t<meta property=\"og:image:height\" content=\"2000\" \/>\n\t<meta property=\"og:image:type\" content=\"image\/webp\" \/>\n<meta name=\"twitter:card\" content=\"summary_large_image\" \/>\n<meta name=\"twitter:label1\" content=\"Ber\u00e4knad l\u00e4stid\" \/>\n\t<meta name=\"twitter:data1\" content=\"1 minut\" \/>\n<!-- \/ Yoast SEO plugin. -->","yoast_head_json":{"title":"TRUUSK Golvskyddsmatta - Halkfri - 1,5mm Tjock - 90x120cm - Transparent - TRUUSK - Hem, Tr\u00e4dg\u00e5rd &amp; Fritid","robots":{"index":"index","follow":"follow","max-snippet":"max-snippet:-1","max-image-preview":"max-image-preview:large","max-video-preview":"max-video-preview:-1"},"canonical":"https:\/\/truusk.store\/sv\/produkt\/truusk-golvskyddsmatta-halkfri-15mm-tjock-90x120cm-transparent\/","og_locale":"sv_SE","og_type":"article","og_title":"TRUUSK Golvskyddsmatta - Halkfri - 1,5mm Tjock - 90x120cm - Transparent - TRUUSK - Hem, Tr\u00e4dg\u00e5rd &amp; Fritid","og_description":"Den rektangul\u00e4ra TRUUSK skyddsmattan skyddar ditt kontorsgolv optimalt mot repor fr\u00e5n stolar. Den m\u00f6jligg\u00f6r smidig f\u00f6rflyttning av kontorsstolen utan att...","og_url":"https:\/\/truusk.store\/sv\/produkt\/truusk-golvskyddsmatta-halkfri-15mm-tjock-90x120cm-transparent\/","og_site_name":"TRUUSK - Hem, Tr\u00e4dg\u00e5rd &amp; Fritid","article_modified_time":"2026-03-12T07:46:53+00:00","og_image":[{"width":2000,"height":2000,"url":"https:\/\/i0.wp.com\/truusk.se\/wp-content\/uploads\/2025\/07\/golvskyddsmatta-halkfri-15mm-tjock-90x120cm-transparent-1.webp?fit=2000%2C2000&ssl=1","type":"image\/webp"}],"twitter_card":"summary_large_image","twitter_misc":{"Ber\u00e4knad l\u00e4stid":"1 minut"},"schema":{"@context":"https:\/\/schema.org","@graph":[{"@type":"WebPage","@id":"https:\/\/truusk.store\/sv\/produkt\/truusk-golvskyddsmatta-halkfri-15mm-tjock-90x120cm-transparent\/","url":"https:\/\/truusk.store\/sv\/produkt\/truusk-golvskyddsmatta-halkfri-15mm-tjock-90x120cm-transparent\/","name":"TRUUSK Golvskyddsmatta - Halkfri - 1,5mm Tjock - 90x120cm - Transparent - TRUUSK - Hem, Tr\u00e4dg\u00e5rd &amp; Fritid","isPartOf":{"@id":"https:\/\/truusk.store\/sv\/#website"},"primaryImageOfPage":{"@id":"https:\/\/truusk.store\/sv\/produkt\/truusk-golvskyddsmatta-halkfri-15mm-tjock-90x120cm-transparent\/#primaryimage"},"image":{"@id":"https:\/\/truusk.store\/sv\/produkt\/truusk-golvskyddsmatta-halkfri-15mm-tjock-90x120cm-transparent\/#primaryimage"},"thumbnailUrl":"https:\/\/i0.wp.com\/truusk.store\/wp-content\/uploads\/2025\/07\/golvskyddsmatta-halkfri-15mm-tjock-90x120cm-transparent-1.webp?fit=2000%2C2000&ssl=1","datePublished":"2025-07-22T04:49:29+00:00","dateModified":"2026-03-12T07:46:53+00:00","breadcrumb":{"@id":"https:\/\/truusk.store\/sv\/produkt\/truusk-golvskyddsmatta-halkfri-15mm-tjock-90x120cm-transparent\/#breadcrumb"},"inLanguage":"sv-SE","potentialAction":[{"@type":"ReadAction","target":["https:\/\/truusk.store\/sv\/produkt\/truusk-golvskyddsmatta-halkfri-15mm-tjock-90x120cm-transparent\/"]}]},{"@type":"ImageObject","inLanguage":"sv-SE","@id":"https:\/\/truusk.store\/sv\/produkt\/truusk-golvskyddsmatta-halkfri-15mm-tjock-90x120cm-transparent\/#primaryimage","url":"https:\/\/i0.wp.com\/truusk.store\/wp-content\/uploads\/2025\/07\/golvskyddsmatta-halkfri-15mm-tjock-90x120cm-transparent-1.webp?fit=2000%2C2000&ssl=1","contentUrl":"https:\/\/i0.wp.com\/truusk.store\/wp-content\/uploads\/2025\/07\/golvskyddsmatta-halkfri-15mm-tjock-90x120cm-transparent-1.webp?fit=2000%2C2000&ssl=1","width":2000,"height":2000},{"@type":"BreadcrumbList","@id":"https:\/\/truusk.store\/sv\/produkt\/truusk-golvskyddsmatta-halkfri-15mm-tjock-90x120cm-transparent\/#breadcrumb","itemListElement":[{"@type":"ListItem","position":1,"name":"Home","item":"https:\/\/truusk.store\/sv\/"},{"@type":"ListItem","position":2,"name":"Shop","item":"https:\/\/truusk.store\/shop\/"},{"@type":"ListItem","position":3,"name":"TRUUSK Golvskyddsmatta &#8211; Halkfri &#8211; 1,5mm Tjock &#8211; 90x120cm &#8211; Transparent"}]},{"@type":"WebSite","@id":"https:\/\/truusk.store\/sv\/#website","url":"https:\/\/truusk.store\/sv\/","name":"TRUUSK - Hem, Tr\u00e4dg\u00e5rd & Fritid","description":"","publisher":{"@id":"https:\/\/truusk.store\/sv\/#organization"},"potentialAction":[{"@type":"SearchAction","target":{"@type":"EntryPoint","urlTemplate":"https:\/\/truusk.store\/sv\/?s={search_term_string}"},"query-input":{"@type":"PropertyValueSpecification","valueRequired":true,"valueName":"search_term_string"}}],"inLanguage":"sv-SE"},{"@type":"Organization","@id":"https:\/\/truusk.store\/sv\/#organization","name":"TRUUSK - Hem, Tr\u00e4dg\u00e5rd & Fritid","url":"https:\/\/truusk.store\/sv\/","logo":{"@type":"ImageObject","inLanguage":"sv-SE","@id":"https:\/\/truusk.store\/sv\/#\/schema\/logo\/image\/","url":"https:\/\/i0.wp.com\/truusk.store\/wp-content\/uploads\/2026\/03\/cropped-TRUUSK.png?fit=2032%2C917&ssl=1","contentUrl":"https:\/\/i0.wp.com\/truusk.store\/wp-content\/uploads\/2026\/03\/cropped-TRUUSK.png?fit=2032%2C917&ssl=1","width":2032,"height":917,"caption":"TRUUSK - Hem, Tr\u00e4dg\u00e5rd & Fritid"},"image":{"@id":"https:\/\/truusk.store\/sv\/#\/schema\/logo\/image\/"}}]}},"jetpack_sharing_enabled":true,"_links":{"self":[{"href":"https:\/\/truusk.store\/sv\/wp-json\/wp\/v2\/product\/84616","targetHints":{"allow":["GET"]}}],"collection":[{"href":"https:\/\/truusk.store\/sv\/wp-json\/wp\/v2\/product"}],"about":[{"href":"https:\/\/truusk.store\/sv\/wp-json\/wp\/v2\/types\/product"}],"wp:featuredmedia":[{"embeddable":true,"href":"https:\/\/truusk.store\/sv\/wp-json\/wp\/v2\/media\/84607"}],"wp:attachment":[{"href":"https:\/\/truusk.store\/sv\/wp-json\/wp\/v2\/media?parent=84616"}],"wp:term":[{"taxonomy":"product_brand","embeddable":true,"href":"https:\/\/truusk.store\/sv\/wp-json\/wp\/v2\/product_brand?post=84616"},{"taxonomy":"product_cat","embeddable":true,"href":"https:\/\/truusk.store\/sv\/wp-json\/wp\/v2\/product_cat?post=84616"},{"taxonomy":"product_tag","embeddable":true,"href":"https:\/\/truusk.store\/sv\/wp-json\/wp\/v2\/product_tag?post=84616"}],"curies":[{"name":"wp","href":"https:\/\/api.w.org\/{rel}","templated":true}]}}