{"id":84636,"date":"2025-07-22T05:51:39","date_gmt":"2025-07-22T04:51:39","guid":{"rendered":"https:\/\/truusk.store\/product\/garderobsstallning-kladstallning-med-kladstang-skohylla-hylla-med-tipp-skydd-ek\/"},"modified":"2026-03-12T08:46:58","modified_gmt":"2026-03-12T07:46:58","slug":"truusk-garderobsstallning-kladstallning-med-kladstang-skohylla-med-tipp-skydd-ek","status":"publish","type":"product","link":"https:\/\/truusk.store\/sv\/produkt\/truusk-garderobsstallning-kladstallning-med-kladstang-skohylla-med-tipp-skydd-ek\/","title":{"rendered":"TRUUSK Garderobsst\u00e4llning &#8211; Kl\u00e4dst\u00e4llning med Kl\u00e4dst\u00e5ng &#8211; Skohylla med Tipp-skydd &#8211; Ek"},"content":{"rendered":"<p>I ett livligt hush\u00e5ll, d\u00e4r rockar staplas och skor ligger \u00f6verallt, erbjuder TRUUSK garderobsst\u00e4ll ett elegant l\u00f6sning. Denna multifunktionella frist\u00e5ende garderob kombinerar kl\u00e4dh\u00e4ngare, skohylla och f\u00f6rvaringsutrymme i ett. Tillverkad av sp\u00e5nskiva och en metallram, ger den s\u00e4kerhet och stabilitet med sin tippskyddsfunktion, \u00e4ven i hush\u00e5ll med barn eller husdjur. De \u00f6ppna hyllorna underl\u00e4ttar tillg\u00e5ngen till dagliga n\u00f6dv\u00e4ndigheter och skapar ordning i ditt hem.<\/p>\n<p>Beskrivning:<\/p>\n<ul>\n<li> Kombinerar kl\u00e4dst\u00e5ng, skohylla och f\u00f6rvaringsfack f\u00f6r effektiv organisering<\/li>\n<li> Stor skohylla i hallgarderoben rymmer upp till 6 par skor, passar f\u00f6r internationell storlek 280<\/li>\n<li> Pulverlackerad metallram p\u00e5 frist\u00e5ende garderob f\u00f6r \u00f6kad stabilitet<\/li>\n<li> Justerbara f\u00f6tter p\u00e5 frist\u00e5ende garderob ger stabilitet p\u00e5 oj\u00e4mna golv<\/li>\n<li> Tipp-skyddsrem f\u00f6r extra s\u00e4kerhet och lugn<\/li>\n<li> Modern design i ek och svart passar till alla inredningsstilar<\/li>\n<li> Montering kr\u00e4vs<\/li>\n<\/ul>\n<p> Tekniska data:<\/p>\n<ul>\n<li> F\u00e4rg: Ek+Svart<\/li>\n<li> Material: Sp\u00e5nskiva, Metall<\/li>\n<li> Totala dimensioner: 100L x 35B x 156H cm<\/li>\n<li> Hyllstorlek (varje): 35B x 34T cm<\/li>\n<li> Hyllh\u00f6jd: (fr\u00e5n topp till botten) 35,5H cm (f\u00f6rsta), 33,5H cm (andra till fj\u00e4rde)<\/li>\n<li> Storlek p\u00e5 plattan: 100B x 35T cm (\u00f6verst)<\/li>\n<li> Kapacitet f\u00f6r skohyllan: 6 par, max. skostorlek EU 44<\/li>\n<li> Maximal belastning: 30 kg (totalt), 5 kg (kl\u00e4dst\u00e5ng\/hylla)<\/li>\n<\/ul>\n<p>Leveransinneh\u00e5ll:<\/p>\n<ul>\n<li> 1 x Garderobsst\u00e4ll<\/li>\n<li> 1 x Bruksanvisning<\/li>\n<\/ul>\n","protected":false},"excerpt":{"rendered":"<p>I ett livligt hush\u00e5ll, d\u00e4r rockar staplas och skor ligger \u00f6verallt, erbjuder TRUUSK garderobsst\u00e4ll ett elegant l\u00f6sning. Denna multifunktionella frist\u00e5ende&#8230;<\/p>\n","protected":false},"featured_media":84627,"template":"","meta":[],"product_brand":[],"product_cat":[893,871,560],"product_tag":[],"class_list":{"0":"post-84636","1":"product","2":"type-product","3":"status-publish","4":"has-post-thumbnail","6":"product_cat-garderob-hall","7":"product_cat-hus-hem","8":"product_cat-kladhangare","10":"first","11":"instock","12":"sale","13":"taxable","14":"shipping-taxable","15":"purchasable","16":"product-type-simple"},"yoast_head":"<!-- This site is optimized with the Yoast SEO plugin v25.4 - https:\/\/yoast.com\/wordpress\/plugins\/seo\/ -->\n<title>TRUUSK Garderobsst\u00e4llning - Kl\u00e4dst\u00e4llning med Kl\u00e4dst\u00e5ng - Skohylla med Tipp-skydd - Ek - TRUUSK - Hem, Tr\u00e4dg\u00e5rd &amp; Fritid<\/title>\n<meta name=\"robots\" content=\"index, follow, max-snippet:-1, max-image-preview:large, max-video-preview:-1\" \/>\n<link rel=\"canonical\" href=\"https:\/\/truusk.store\/sv\/produkt\/truusk-garderobsstallning-kladstallning-med-kladstang-skohylla-med-tipp-skydd-ek\/\" \/>\n<meta property=\"og:locale\" content=\"sv_SE\" \/>\n<meta property=\"og:type\" content=\"article\" \/>\n<meta property=\"og:title\" content=\"TRUUSK Garderobsst\u00e4llning - Kl\u00e4dst\u00e4llning med Kl\u00e4dst\u00e5ng - Skohylla med Tipp-skydd - Ek - TRUUSK - Hem, Tr\u00e4dg\u00e5rd &amp; Fritid\" \/>\n<meta property=\"og:description\" content=\"I ett livligt hush\u00e5ll, d\u00e4r rockar staplas och skor ligger \u00f6verallt, erbjuder TRUUSK garderobsst\u00e4ll ett elegant l\u00f6sning. Denna multifunktionella frist\u00e5ende...\" \/>\n<meta property=\"og:url\" content=\"https:\/\/truusk.store\/sv\/produkt\/truusk-garderobsstallning-kladstallning-med-kladstang-skohylla-med-tipp-skydd-ek\/\" \/>\n<meta property=\"og:site_name\" content=\"TRUUSK - Hem, Tr\u00e4dg\u00e5rd &amp; Fritid\" \/>\n<meta property=\"article:modified_time\" content=\"2026-03-12T07:46:58+00:00\" \/>\n<meta property=\"og:image\" content=\"https:\/\/i0.wp.com\/truusk.se\/wp-content\/uploads\/2025\/07\/garderobsstallning-kladstallning-med-kladstang-skohylla-hylla-med-tipp-skydd-ek-1.webp?fit=2000%2C2000&ssl=1\" \/>\n\t<meta property=\"og:image:width\" content=\"2000\" \/>\n\t<meta property=\"og:image:height\" content=\"2000\" \/>\n\t<meta property=\"og:image:type\" content=\"image\/webp\" \/>\n<meta name=\"twitter:card\" content=\"summary_large_image\" \/>\n<meta name=\"twitter:label1\" content=\"Ber\u00e4knad l\u00e4stid\" \/>\n\t<meta name=\"twitter:data1\" content=\"1 minut\" \/>\n<!-- \/ Yoast SEO plugin. -->","yoast_head_json":{"title":"TRUUSK Garderobsst\u00e4llning - Kl\u00e4dst\u00e4llning med Kl\u00e4dst\u00e5ng - Skohylla med Tipp-skydd - Ek - TRUUSK - Hem, Tr\u00e4dg\u00e5rd &amp; Fritid","robots":{"index":"index","follow":"follow","max-snippet":"max-snippet:-1","max-image-preview":"max-image-preview:large","max-video-preview":"max-video-preview:-1"},"canonical":"https:\/\/truusk.store\/sv\/produkt\/truusk-garderobsstallning-kladstallning-med-kladstang-skohylla-med-tipp-skydd-ek\/","og_locale":"sv_SE","og_type":"article","og_title":"TRUUSK Garderobsst\u00e4llning - Kl\u00e4dst\u00e4llning med Kl\u00e4dst\u00e5ng - Skohylla med Tipp-skydd - Ek - TRUUSK - Hem, Tr\u00e4dg\u00e5rd &amp; Fritid","og_description":"I ett livligt hush\u00e5ll, d\u00e4r rockar staplas och skor ligger \u00f6verallt, erbjuder TRUUSK garderobsst\u00e4ll ett elegant l\u00f6sning. Denna multifunktionella frist\u00e5ende...","og_url":"https:\/\/truusk.store\/sv\/produkt\/truusk-garderobsstallning-kladstallning-med-kladstang-skohylla-med-tipp-skydd-ek\/","og_site_name":"TRUUSK - Hem, Tr\u00e4dg\u00e5rd &amp; Fritid","article_modified_time":"2026-03-12T07:46:58+00:00","og_image":[{"width":2000,"height":2000,"url":"https:\/\/i0.wp.com\/truusk.se\/wp-content\/uploads\/2025\/07\/garderobsstallning-kladstallning-med-kladstang-skohylla-hylla-med-tipp-skydd-ek-1.webp?fit=2000%2C2000&ssl=1","type":"image\/webp"}],"twitter_card":"summary_large_image","twitter_misc":{"Ber\u00e4knad l\u00e4stid":"1 minut"},"schema":{"@context":"https:\/\/schema.org","@graph":[{"@type":"WebPage","@id":"https:\/\/truusk.store\/sv\/produkt\/truusk-garderobsstallning-kladstallning-med-kladstang-skohylla-med-tipp-skydd-ek\/","url":"https:\/\/truusk.store\/sv\/produkt\/truusk-garderobsstallning-kladstallning-med-kladstang-skohylla-med-tipp-skydd-ek\/","name":"TRUUSK Garderobsst\u00e4llning - Kl\u00e4dst\u00e4llning med Kl\u00e4dst\u00e5ng - Skohylla med Tipp-skydd - Ek - TRUUSK - Hem, Tr\u00e4dg\u00e5rd &amp; Fritid","isPartOf":{"@id":"https:\/\/truusk.store\/sv\/#website"},"primaryImageOfPage":{"@id":"https:\/\/truusk.store\/sv\/produkt\/truusk-garderobsstallning-kladstallning-med-kladstang-skohylla-med-tipp-skydd-ek\/#primaryimage"},"image":{"@id":"https:\/\/truusk.store\/sv\/produkt\/truusk-garderobsstallning-kladstallning-med-kladstang-skohylla-med-tipp-skydd-ek\/#primaryimage"},"thumbnailUrl":"https:\/\/i0.wp.com\/truusk.store\/wp-content\/uploads\/2025\/07\/garderobsstallning-kladstallning-med-kladstang-skohylla-hylla-med-tipp-skydd-ek-1.webp?fit=2000%2C2000&ssl=1","datePublished":"2025-07-22T04:51:39+00:00","dateModified":"2026-03-12T07:46:58+00:00","breadcrumb":{"@id":"https:\/\/truusk.store\/sv\/produkt\/truusk-garderobsstallning-kladstallning-med-kladstang-skohylla-med-tipp-skydd-ek\/#breadcrumb"},"inLanguage":"sv-SE","potentialAction":[{"@type":"ReadAction","target":["https:\/\/truusk.store\/sv\/produkt\/truusk-garderobsstallning-kladstallning-med-kladstang-skohylla-med-tipp-skydd-ek\/"]}]},{"@type":"ImageObject","inLanguage":"sv-SE","@id":"https:\/\/truusk.store\/sv\/produkt\/truusk-garderobsstallning-kladstallning-med-kladstang-skohylla-med-tipp-skydd-ek\/#primaryimage","url":"https:\/\/i0.wp.com\/truusk.store\/wp-content\/uploads\/2025\/07\/garderobsstallning-kladstallning-med-kladstang-skohylla-hylla-med-tipp-skydd-ek-1.webp?fit=2000%2C2000&ssl=1","contentUrl":"https:\/\/i0.wp.com\/truusk.store\/wp-content\/uploads\/2025\/07\/garderobsstallning-kladstallning-med-kladstang-skohylla-hylla-med-tipp-skydd-ek-1.webp?fit=2000%2C2000&ssl=1","width":2000,"height":2000},{"@type":"BreadcrumbList","@id":"https:\/\/truusk.store\/sv\/produkt\/truusk-garderobsstallning-kladstallning-med-kladstang-skohylla-med-tipp-skydd-ek\/#breadcrumb","itemListElement":[{"@type":"ListItem","position":1,"name":"Home","item":"https:\/\/truusk.store\/sv\/"},{"@type":"ListItem","position":2,"name":"Shop","item":"https:\/\/truusk.store\/shop\/"},{"@type":"ListItem","position":3,"name":"TRUUSK Garderobsst\u00e4llning &#8211; Kl\u00e4dst\u00e4llning med Kl\u00e4dst\u00e5ng &#8211; Skohylla med Tipp-skydd &#8211; Ek"}]},{"@type":"WebSite","@id":"https:\/\/truusk.store\/sv\/#website","url":"https:\/\/truusk.store\/sv\/","name":"TRUUSK - Hem, Tr\u00e4dg\u00e5rd & Fritid","description":"","publisher":{"@id":"https:\/\/truusk.store\/sv\/#organization"},"potentialAction":[{"@type":"SearchAction","target":{"@type":"EntryPoint","urlTemplate":"https:\/\/truusk.store\/sv\/?s={search_term_string}"},"query-input":{"@type":"PropertyValueSpecification","valueRequired":true,"valueName":"search_term_string"}}],"inLanguage":"sv-SE"},{"@type":"Organization","@id":"https:\/\/truusk.store\/sv\/#organization","name":"TRUUSK - Hem, Tr\u00e4dg\u00e5rd & Fritid","url":"https:\/\/truusk.store\/sv\/","logo":{"@type":"ImageObject","inLanguage":"sv-SE","@id":"https:\/\/truusk.store\/sv\/#\/schema\/logo\/image\/","url":"https:\/\/i0.wp.com\/truusk.store\/wp-content\/uploads\/2026\/03\/cropped-TRUUSK.png?fit=2032%2C917&ssl=1","contentUrl":"https:\/\/i0.wp.com\/truusk.store\/wp-content\/uploads\/2026\/03\/cropped-TRUUSK.png?fit=2032%2C917&ssl=1","width":2032,"height":917,"caption":"TRUUSK - Hem, Tr\u00e4dg\u00e5rd & Fritid"},"image":{"@id":"https:\/\/truusk.store\/sv\/#\/schema\/logo\/image\/"}}]}},"jetpack_sharing_enabled":true,"_links":{"self":[{"href":"https:\/\/truusk.store\/sv\/wp-json\/wp\/v2\/product\/84636","targetHints":{"allow":["GET"]}}],"collection":[{"href":"https:\/\/truusk.store\/sv\/wp-json\/wp\/v2\/product"}],"about":[{"href":"https:\/\/truusk.store\/sv\/wp-json\/wp\/v2\/types\/product"}],"wp:featuredmedia":[{"embeddable":true,"href":"https:\/\/truusk.store\/sv\/wp-json\/wp\/v2\/media\/84627"}],"wp:attachment":[{"href":"https:\/\/truusk.store\/sv\/wp-json\/wp\/v2\/media?parent=84636"}],"wp:term":[{"taxonomy":"product_brand","embeddable":true,"href":"https:\/\/truusk.store\/sv\/wp-json\/wp\/v2\/product_brand?post=84636"},{"taxonomy":"product_cat","embeddable":true,"href":"https:\/\/truusk.store\/sv\/wp-json\/wp\/v2\/product_cat?post=84636"},{"taxonomy":"product_tag","embeddable":true,"href":"https:\/\/truusk.store\/sv\/wp-json\/wp\/v2\/product_tag?post=84636"}],"curies":[{"name":"wp","href":"https:\/\/api.w.org\/{rel}","templated":true}]}}