{"id":84656,"date":"2025-07-22T05:53:36","date_gmt":"2025-07-22T04:53:36","guid":{"rendered":"https:\/\/truusk.store\/product\/kokshylla-roterande-mikrovagshylla-med-3-nivaer-industriell-staende-metallhylla-40-x-18-x-365-cm\/"},"modified":"2026-03-12T08:47:01","modified_gmt":"2026-03-12T07:47:01","slug":"truusk-roterande-mikrovagshylla-med-3-nivaer-industriell-metallhylla-40-x-18-x-365-cm","status":"publish","type":"product","link":"https:\/\/truusk.store\/sv\/produkt\/truusk-roterande-mikrovagshylla-med-3-nivaer-industriell-metallhylla-40-x-18-x-365-cm\/","title":{"rendered":"TRUUSK Roterande Mikrov\u00e5gshylla Med 3 Niv\u00e5er &#8211; Industriell Metallhylla &#8211; 40 x 18 x 36,5 cm"},"content":{"rendered":"<p>F\u00f6rvandla \u00f6verfulla arbetsytor till en stilfull, organiserad omr\u00e5de med TRUUSK k\u00f6kshylla. Varje frist\u00e5ende hylla kan riktas p\u00e5 olika s\u00e4tt, passar perfekt i h\u00f6rn eller l\u00e4ngs v\u00e4ggarna och g\u00f6r s\u00e4llan anv\u00e4nda h\u00f6rn till effektiva f\u00f6rvaringsutrymmen. Perfekt f\u00f6r att inr\u00e4tta en kaffeh\u00f6rna, sortera kryddor eller visa sm\u00e5 k\u00f6ksredskap, allt \u00e4r \u00f6versiktligt och snabbt tillg\u00e4ngligt.<\/p>\n<p>Beskrivning:<\/p>\n<ul>\n<li> Det 3-stegs, stegvisa designen av den frist\u00e5ende hyllan maximerar det vertikala f\u00f6rvaringsutrymmet<\/li>\n<li> Roterande frist\u00e5ende hyllor passar snyggt i h\u00f6rn och tr\u00e5nga utrymmen<\/li>\n<li> Solid sp\u00e5nskiva och metallram garanterar l\u00e5ngvarig h\u00e5llbarhet<\/li>\n<li> M\u00e5lad yta p\u00e5 k\u00f6kshyllan \u00e4r vattenresistent och l\u00e4tt att reng\u00f6ra<\/li>\n<li> Fotdynor skyddar arbetsytor och \u00f6kar stabiliteten<\/li>\n<li> Modern minimalistisk look passar till alla k\u00f6ks- eller heminredningar<\/li>\n<li> Idealisk f\u00f6r f\u00f6rvaring av kryddor, k\u00f6ksredskap eller dagliga n\u00f6dv\u00e4ndigheter<\/li>\n<li> Montering kr\u00e4vs<\/li>\n<\/ul>\n<p> Tekniska data:<\/p>\n<ul>\n<li> F\u00e4rg: Rustik Brun+Svart<\/li>\n<li> Material: Sp\u00e5nskiva, Metall<\/li>\n<li> Totala dimensioner: 40L x 18B x 36,5H cm<\/li>\n<li> Hyllm\u00e5tt: 18B x 18T cm, 40B x 18T cm<\/li>\n<li> B\u00e4rkapacitet: 2 kg (per niv\u00e5), 8 kg (totalt)<\/li>\n<\/ul>\n<p>Leveransinneh\u00e5ll:<\/p>\n<ul>\n<li> 1 x K\u00f6ksf\u00f6rvaringsenhet<\/li>\n<li> 1 x Bruksanvisning<\/li>\n<\/ul>\n","protected":false},"excerpt":{"rendered":"<p>F\u00f6rvandla \u00f6verfulla arbetsytor till en stilfull, organiserad omr\u00e5de med TRUUSK k\u00f6kshylla. Varje frist\u00e5ende hylla kan riktas p\u00e5 olika s\u00e4tt, passar&#8230;<\/p>\n","protected":false},"featured_media":84647,"template":"","meta":[],"product_brand":[],"product_cat":[977,872,871],"product_tag":[],"class_list":{"0":"post-84656","1":"product","2":"type-product","3":"status-publish","4":"has-post-thumbnail","6":"product_cat-bok-staende-hyllor","7":"product_cat-hemmakontor-arbetsplats","8":"product_cat-hus-hem","10":"first","11":"instock","12":"sale","13":"taxable","14":"shipping-taxable","15":"purchasable","16":"product-type-simple"},"yoast_head":"<!-- This site is optimized with the Yoast SEO plugin v25.4 - https:\/\/yoast.com\/wordpress\/plugins\/seo\/ -->\n<title>TRUUSK Roterande Mikrov\u00e5gshylla Med 3 Niv\u00e5er - Industriell Metallhylla - 40 x 18 x 36,5 cm - TRUUSK - Hem, Tr\u00e4dg\u00e5rd &amp; Fritid<\/title>\n<meta name=\"robots\" content=\"index, follow, max-snippet:-1, max-image-preview:large, max-video-preview:-1\" \/>\n<link rel=\"canonical\" href=\"https:\/\/truusk.store\/sv\/produkt\/truusk-roterande-mikrovagshylla-med-3-nivaer-industriell-metallhylla-40-x-18-x-365-cm\/\" \/>\n<meta property=\"og:locale\" content=\"sv_SE\" \/>\n<meta property=\"og:type\" content=\"article\" \/>\n<meta property=\"og:title\" content=\"TRUUSK Roterande Mikrov\u00e5gshylla Med 3 Niv\u00e5er - Industriell Metallhylla - 40 x 18 x 36,5 cm - TRUUSK - Hem, Tr\u00e4dg\u00e5rd &amp; Fritid\" \/>\n<meta property=\"og:description\" content=\"F\u00f6rvandla \u00f6verfulla arbetsytor till en stilfull, organiserad omr\u00e5de med TRUUSK k\u00f6kshylla. Varje frist\u00e5ende hylla kan riktas p\u00e5 olika s\u00e4tt, passar...\" \/>\n<meta property=\"og:url\" content=\"https:\/\/truusk.store\/sv\/produkt\/truusk-roterande-mikrovagshylla-med-3-nivaer-industriell-metallhylla-40-x-18-x-365-cm\/\" \/>\n<meta property=\"og:site_name\" content=\"TRUUSK - Hem, Tr\u00e4dg\u00e5rd &amp; Fritid\" \/>\n<meta property=\"article:modified_time\" content=\"2026-03-12T07:47:01+00:00\" \/>\n<meta property=\"og:image\" content=\"https:\/\/i0.wp.com\/truusk.se\/wp-content\/uploads\/2025\/07\/kokshylla-roterande-mikrovagshylla-med-3-nivaer-industriell-staende-metallhylla-40-x-18-x-365-cm-1.webp?fit=2000%2C2000&ssl=1\" \/>\n\t<meta property=\"og:image:width\" content=\"2000\" \/>\n\t<meta property=\"og:image:height\" content=\"2000\" \/>\n\t<meta property=\"og:image:type\" content=\"image\/webp\" \/>\n<meta name=\"twitter:card\" content=\"summary_large_image\" \/>\n<meta name=\"twitter:label1\" content=\"Ber\u00e4knad l\u00e4stid\" \/>\n\t<meta name=\"twitter:data1\" content=\"1 minut\" \/>\n<!-- \/ Yoast SEO plugin. -->","yoast_head_json":{"title":"TRUUSK Roterande Mikrov\u00e5gshylla Med 3 Niv\u00e5er - Industriell Metallhylla - 40 x 18 x 36,5 cm - TRUUSK - Hem, Tr\u00e4dg\u00e5rd &amp; Fritid","robots":{"index":"index","follow":"follow","max-snippet":"max-snippet:-1","max-image-preview":"max-image-preview:large","max-video-preview":"max-video-preview:-1"},"canonical":"https:\/\/truusk.store\/sv\/produkt\/truusk-roterande-mikrovagshylla-med-3-nivaer-industriell-metallhylla-40-x-18-x-365-cm\/","og_locale":"sv_SE","og_type":"article","og_title":"TRUUSK Roterande Mikrov\u00e5gshylla Med 3 Niv\u00e5er - Industriell Metallhylla - 40 x 18 x 36,5 cm - TRUUSK - Hem, Tr\u00e4dg\u00e5rd &amp; Fritid","og_description":"F\u00f6rvandla \u00f6verfulla arbetsytor till en stilfull, organiserad omr\u00e5de med TRUUSK k\u00f6kshylla. Varje frist\u00e5ende hylla kan riktas p\u00e5 olika s\u00e4tt, passar...","og_url":"https:\/\/truusk.store\/sv\/produkt\/truusk-roterande-mikrovagshylla-med-3-nivaer-industriell-metallhylla-40-x-18-x-365-cm\/","og_site_name":"TRUUSK - Hem, Tr\u00e4dg\u00e5rd &amp; Fritid","article_modified_time":"2026-03-12T07:47:01+00:00","og_image":[{"width":2000,"height":2000,"url":"https:\/\/i0.wp.com\/truusk.se\/wp-content\/uploads\/2025\/07\/kokshylla-roterande-mikrovagshylla-med-3-nivaer-industriell-staende-metallhylla-40-x-18-x-365-cm-1.webp?fit=2000%2C2000&ssl=1","type":"image\/webp"}],"twitter_card":"summary_large_image","twitter_misc":{"Ber\u00e4knad l\u00e4stid":"1 minut"},"schema":{"@context":"https:\/\/schema.org","@graph":[{"@type":"WebPage","@id":"https:\/\/truusk.store\/sv\/produkt\/truusk-roterande-mikrovagshylla-med-3-nivaer-industriell-metallhylla-40-x-18-x-365-cm\/","url":"https:\/\/truusk.store\/sv\/produkt\/truusk-roterande-mikrovagshylla-med-3-nivaer-industriell-metallhylla-40-x-18-x-365-cm\/","name":"TRUUSK Roterande Mikrov\u00e5gshylla Med 3 Niv\u00e5er - Industriell Metallhylla - 40 x 18 x 36,5 cm - TRUUSK - Hem, Tr\u00e4dg\u00e5rd &amp; Fritid","isPartOf":{"@id":"https:\/\/truusk.store\/sv\/#website"},"primaryImageOfPage":{"@id":"https:\/\/truusk.store\/sv\/produkt\/truusk-roterande-mikrovagshylla-med-3-nivaer-industriell-metallhylla-40-x-18-x-365-cm\/#primaryimage"},"image":{"@id":"https:\/\/truusk.store\/sv\/produkt\/truusk-roterande-mikrovagshylla-med-3-nivaer-industriell-metallhylla-40-x-18-x-365-cm\/#primaryimage"},"thumbnailUrl":"https:\/\/i0.wp.com\/truusk.store\/wp-content\/uploads\/2025\/07\/kokshylla-roterande-mikrovagshylla-med-3-nivaer-industriell-staende-metallhylla-40-x-18-x-365-cm-1.webp?fit=2000%2C2000&ssl=1","datePublished":"2025-07-22T04:53:36+00:00","dateModified":"2026-03-12T07:47:01+00:00","breadcrumb":{"@id":"https:\/\/truusk.store\/sv\/produkt\/truusk-roterande-mikrovagshylla-med-3-nivaer-industriell-metallhylla-40-x-18-x-365-cm\/#breadcrumb"},"inLanguage":"sv-SE","potentialAction":[{"@type":"ReadAction","target":["https:\/\/truusk.store\/sv\/produkt\/truusk-roterande-mikrovagshylla-med-3-nivaer-industriell-metallhylla-40-x-18-x-365-cm\/"]}]},{"@type":"ImageObject","inLanguage":"sv-SE","@id":"https:\/\/truusk.store\/sv\/produkt\/truusk-roterande-mikrovagshylla-med-3-nivaer-industriell-metallhylla-40-x-18-x-365-cm\/#primaryimage","url":"https:\/\/i0.wp.com\/truusk.store\/wp-content\/uploads\/2025\/07\/kokshylla-roterande-mikrovagshylla-med-3-nivaer-industriell-staende-metallhylla-40-x-18-x-365-cm-1.webp?fit=2000%2C2000&ssl=1","contentUrl":"https:\/\/i0.wp.com\/truusk.store\/wp-content\/uploads\/2025\/07\/kokshylla-roterande-mikrovagshylla-med-3-nivaer-industriell-staende-metallhylla-40-x-18-x-365-cm-1.webp?fit=2000%2C2000&ssl=1","width":2000,"height":2000},{"@type":"BreadcrumbList","@id":"https:\/\/truusk.store\/sv\/produkt\/truusk-roterande-mikrovagshylla-med-3-nivaer-industriell-metallhylla-40-x-18-x-365-cm\/#breadcrumb","itemListElement":[{"@type":"ListItem","position":1,"name":"Home","item":"https:\/\/truusk.store\/sv\/"},{"@type":"ListItem","position":2,"name":"Shop","item":"https:\/\/truusk.store\/shop\/"},{"@type":"ListItem","position":3,"name":"TRUUSK Roterande Mikrov\u00e5gshylla Med 3 Niv\u00e5er &#8211; Industriell Metallhylla &#8211; 40 x 18 x 36,5 cm"}]},{"@type":"WebSite","@id":"https:\/\/truusk.store\/sv\/#website","url":"https:\/\/truusk.store\/sv\/","name":"TRUUSK - Hem, Tr\u00e4dg\u00e5rd & Fritid","description":"","publisher":{"@id":"https:\/\/truusk.store\/sv\/#organization"},"potentialAction":[{"@type":"SearchAction","target":{"@type":"EntryPoint","urlTemplate":"https:\/\/truusk.store\/sv\/?s={search_term_string}"},"query-input":{"@type":"PropertyValueSpecification","valueRequired":true,"valueName":"search_term_string"}}],"inLanguage":"sv-SE"},{"@type":"Organization","@id":"https:\/\/truusk.store\/sv\/#organization","name":"TRUUSK - Hem, Tr\u00e4dg\u00e5rd & Fritid","url":"https:\/\/truusk.store\/sv\/","logo":{"@type":"ImageObject","inLanguage":"sv-SE","@id":"https:\/\/truusk.store\/sv\/#\/schema\/logo\/image\/","url":"https:\/\/i0.wp.com\/truusk.store\/wp-content\/uploads\/2026\/03\/cropped-TRUUSK.png?fit=2032%2C917&ssl=1","contentUrl":"https:\/\/i0.wp.com\/truusk.store\/wp-content\/uploads\/2026\/03\/cropped-TRUUSK.png?fit=2032%2C917&ssl=1","width":2032,"height":917,"caption":"TRUUSK - Hem, Tr\u00e4dg\u00e5rd & Fritid"},"image":{"@id":"https:\/\/truusk.store\/sv\/#\/schema\/logo\/image\/"}}]}},"jetpack_sharing_enabled":true,"_links":{"self":[{"href":"https:\/\/truusk.store\/sv\/wp-json\/wp\/v2\/product\/84656","targetHints":{"allow":["GET"]}}],"collection":[{"href":"https:\/\/truusk.store\/sv\/wp-json\/wp\/v2\/product"}],"about":[{"href":"https:\/\/truusk.store\/sv\/wp-json\/wp\/v2\/types\/product"}],"wp:featuredmedia":[{"embeddable":true,"href":"https:\/\/truusk.store\/sv\/wp-json\/wp\/v2\/media\/84647"}],"wp:attachment":[{"href":"https:\/\/truusk.store\/sv\/wp-json\/wp\/v2\/media?parent=84656"}],"wp:term":[{"taxonomy":"product_brand","embeddable":true,"href":"https:\/\/truusk.store\/sv\/wp-json\/wp\/v2\/product_brand?post=84656"},{"taxonomy":"product_cat","embeddable":true,"href":"https:\/\/truusk.store\/sv\/wp-json\/wp\/v2\/product_cat?post=84656"},{"taxonomy":"product_tag","embeddable":true,"href":"https:\/\/truusk.store\/sv\/wp-json\/wp\/v2\/product_tag?post=84656"}],"curies":[{"name":"wp","href":"https:\/\/api.w.org\/{rel}","templated":true}]}}