{"id":8467,"date":"2024-02-13T09:19:28","date_gmt":"2024-02-13T08:19:28","guid":{"rendered":"https:\/\/truusk.store\/product\/vaxttrappa-blomsterbank-blomtrappa-blomhylla-vaxthylla-blomsterstall-3-steg-grantra-morkbrun-60-x-37-x-93-cm\/"},"modified":"2026-03-12T08:55:48","modified_gmt":"2026-03-12T07:55:48","slug":"truusk-blomsterbank-vaxttrappa-grantra-3-steg-morkbrun-60x37x93-cm","status":"publish","type":"product","link":"https:\/\/truusk.store\/sv\/produkt\/truusk-blomsterbank-vaxttrappa-grantra-3-steg-morkbrun-60x37x93-cm\/","title":{"rendered":"TRUUSK Blomsterb\u00e4nk &#8211; V\u00e4xttrappa &#8211; Grantr\u00e4 &#8211; 3 Steg &#8211; M\u00f6rkbrun &#8211; 60x37x93 cm"},"content":{"rendered":"<p>Denna v\u00e4xttrappa med totalt tre trappsteg passar perfekt p\u00e5 balkongen, terrassen eller till och med i vardagsrummet. Tr\u00e4trappans tre steg \u00e4r olika i storlek, s\u00e5 att b\u00e5de mindre och st\u00f6rre blomkrukor kan rymmas p\u00e5 dem. Blomsterhyllan \u00e4r gjord av massivt, robust grantr\u00e4, vilket g\u00f6r den stabil och h\u00e5llbar. N\u00e4r den inte anv\u00e4nds kan v\u00e4xtstegen enkelt f\u00e4llas ner och kr\u00e4ver lite utrymme.<\/p>\n<h3>Beskrivning:<\/h3>\n<ul>\n<li>Planttrappa idealisk f\u00f6r balkonger, terrasser, vardagsrum eller entr\u00e9er<\/li>\n<li>Tillverkad av massivt, r\u00f6tbest\u00e4ndigt grantr\u00e4, robust och b\u00e4rande<\/li>\n<li>3 steg i olika storlekar ger tillr\u00e4ckligt med utrymme<\/li>\n<li>Med skyddande skydd f\u00f6r att skydda krukorna fr\u00e5n att v\u00e4lta<\/li>\n<li>Vikbar f\u00f6r platsbesparande f\u00f6rvaring<\/li>\n<li>Flexibel att flytta tack vare sin l\u00e5ga vikt<\/li>\n<li>lite utrymmesbehov<\/li>\n<\/ul>\n<h3>Teknisk data:<\/h3>\n<ul>\n<li>Material: gran<\/li>\n<li>F\u00e4rg: M\u00f6rkbrun<\/li>\n<li>Vikt: 4 kg<\/li>\n<li>Upps\u00e4ttningsm\u00e5tt: L60 x B37 x H93 cm<\/li>\n<li>Vikm\u00e5tt: L60 x B6,5 x H99 cm<\/li>\n<li>M\u00e5tt per fack (uppifr\u00e5n och ned): L51,5 x B14\/23\/36 cm<\/li>\n<li>Max lastkapacitet: 50 kg<\/li>\n<\/ul>\n<h3>Leveransens omfattning:<\/h3>\n<ul>\n<li>1 x Planttrappa<\/li>\n<\/ul>\n","protected":false},"excerpt":{"rendered":"<p>Denna v\u00e4xttrappa med totalt tre trappsteg passar perfekt p\u00e5 balkongen, terrassen eller till och med i vardagsrummet. Tr\u00e4trappans tre steg&#8230;<\/p>\n","protected":false},"featured_media":8468,"template":"","meta":[],"product_brand":[],"product_cat":[448,733,435,443],"product_tag":[],"class_list":{"0":"post-8467","1":"product","2":"type-product","3":"status-publish","4":"has-post-thumbnail","6":"product_cat-plantera-trappor-hyllor","7":"product_cat-planttrappa","8":"product_cat-tradgard-och-terrass","9":"product_cat-vaxthus-tradgardsskotsel","11":"first","12":"instock","13":"sale","14":"taxable","15":"shipping-taxable","16":"purchasable","17":"product-type-simple"},"yoast_head":"<!-- This site is optimized with the Yoast SEO plugin v25.4 - https:\/\/yoast.com\/wordpress\/plugins\/seo\/ -->\n<title>TRUUSK Blomsterb\u00e4nk - V\u00e4xttrappa - Grantr\u00e4 - 3 Steg - M\u00f6rkbrun - 60x37x93 cm - TRUUSK - Hem, Tr\u00e4dg\u00e5rd &amp; Fritid<\/title>\n<meta name=\"robots\" content=\"index, follow, max-snippet:-1, max-image-preview:large, max-video-preview:-1\" \/>\n<link rel=\"canonical\" href=\"https:\/\/truusk.store\/sv\/produkt\/truusk-blomsterbank-vaxttrappa-grantra-3-steg-morkbrun-60x37x93-cm\/\" \/>\n<meta property=\"og:locale\" content=\"sv_SE\" \/>\n<meta property=\"og:type\" content=\"article\" \/>\n<meta property=\"og:title\" content=\"TRUUSK Blomsterb\u00e4nk - V\u00e4xttrappa - Grantr\u00e4 - 3 Steg - M\u00f6rkbrun - 60x37x93 cm - TRUUSK - Hem, Tr\u00e4dg\u00e5rd &amp; Fritid\" \/>\n<meta property=\"og:description\" content=\"Denna v\u00e4xttrappa med totalt tre trappsteg passar perfekt p\u00e5 balkongen, terrassen eller till och med i vardagsrummet. Tr\u00e4trappans tre steg...\" \/>\n<meta property=\"og:url\" content=\"https:\/\/truusk.store\/sv\/produkt\/truusk-blomsterbank-vaxttrappa-grantra-3-steg-morkbrun-60x37x93-cm\/\" \/>\n<meta property=\"og:site_name\" content=\"TRUUSK - Hem, Tr\u00e4dg\u00e5rd &amp; Fritid\" \/>\n<meta property=\"article:modified_time\" content=\"2026-03-12T07:55:48+00:00\" \/>\n<meta property=\"og:image\" content=\"https:\/\/i0.wp.com\/truusk.se\/wp-content\/uploads\/2024\/02\/vaxttrappa-blomsterbank-blomtrappa-blomhylla-vaxthylla-blomsterstall-3-steg-grantra-morkbrun-60-x-37-x-93-cm.webp?fit=800%2C800&ssl=1\" \/>\n\t<meta property=\"og:image:width\" content=\"800\" \/>\n\t<meta property=\"og:image:height\" content=\"800\" \/>\n\t<meta property=\"og:image:type\" content=\"image\/webp\" \/>\n<meta name=\"twitter:card\" content=\"summary_large_image\" \/>\n<meta name=\"twitter:label1\" content=\"Ber\u00e4knad l\u00e4stid\" \/>\n\t<meta name=\"twitter:data1\" content=\"1 minut\" \/>\n<!-- \/ Yoast SEO plugin. -->","yoast_head_json":{"title":"TRUUSK Blomsterb\u00e4nk - V\u00e4xttrappa - Grantr\u00e4 - 3 Steg - M\u00f6rkbrun - 60x37x93 cm - TRUUSK - Hem, Tr\u00e4dg\u00e5rd &amp; Fritid","robots":{"index":"index","follow":"follow","max-snippet":"max-snippet:-1","max-image-preview":"max-image-preview:large","max-video-preview":"max-video-preview:-1"},"canonical":"https:\/\/truusk.store\/sv\/produkt\/truusk-blomsterbank-vaxttrappa-grantra-3-steg-morkbrun-60x37x93-cm\/","og_locale":"sv_SE","og_type":"article","og_title":"TRUUSK Blomsterb\u00e4nk - V\u00e4xttrappa - Grantr\u00e4 - 3 Steg - M\u00f6rkbrun - 60x37x93 cm - TRUUSK - Hem, Tr\u00e4dg\u00e5rd &amp; Fritid","og_description":"Denna v\u00e4xttrappa med totalt tre trappsteg passar perfekt p\u00e5 balkongen, terrassen eller till och med i vardagsrummet. Tr\u00e4trappans tre steg...","og_url":"https:\/\/truusk.store\/sv\/produkt\/truusk-blomsterbank-vaxttrappa-grantra-3-steg-morkbrun-60x37x93-cm\/","og_site_name":"TRUUSK - Hem, Tr\u00e4dg\u00e5rd &amp; Fritid","article_modified_time":"2026-03-12T07:55:48+00:00","og_image":[{"width":800,"height":800,"url":"https:\/\/i0.wp.com\/truusk.se\/wp-content\/uploads\/2024\/02\/vaxttrappa-blomsterbank-blomtrappa-blomhylla-vaxthylla-blomsterstall-3-steg-grantra-morkbrun-60-x-37-x-93-cm.webp?fit=800%2C800&ssl=1","type":"image\/webp"}],"twitter_card":"summary_large_image","twitter_misc":{"Ber\u00e4knad l\u00e4stid":"1 minut"},"schema":{"@context":"https:\/\/schema.org","@graph":[{"@type":"WebPage","@id":"https:\/\/truusk.store\/sv\/produkt\/truusk-blomsterbank-vaxttrappa-grantra-3-steg-morkbrun-60x37x93-cm\/","url":"https:\/\/truusk.store\/sv\/produkt\/truusk-blomsterbank-vaxttrappa-grantra-3-steg-morkbrun-60x37x93-cm\/","name":"TRUUSK Blomsterb\u00e4nk - V\u00e4xttrappa - Grantr\u00e4 - 3 Steg - M\u00f6rkbrun - 60x37x93 cm - TRUUSK - Hem, Tr\u00e4dg\u00e5rd &amp; Fritid","isPartOf":{"@id":"https:\/\/truusk.store\/sv\/#website"},"primaryImageOfPage":{"@id":"https:\/\/truusk.store\/sv\/produkt\/truusk-blomsterbank-vaxttrappa-grantra-3-steg-morkbrun-60x37x93-cm\/#primaryimage"},"image":{"@id":"https:\/\/truusk.store\/sv\/produkt\/truusk-blomsterbank-vaxttrappa-grantra-3-steg-morkbrun-60x37x93-cm\/#primaryimage"},"thumbnailUrl":"https:\/\/i0.wp.com\/truusk.store\/wp-content\/uploads\/2024\/02\/vaxttrappa-blomsterbank-blomtrappa-blomhylla-vaxthylla-blomsterstall-3-steg-grantra-morkbrun-60-x-37-x-93-cm.webp?fit=800%2C800&ssl=1","datePublished":"2024-02-13T08:19:28+00:00","dateModified":"2026-03-12T07:55:48+00:00","breadcrumb":{"@id":"https:\/\/truusk.store\/sv\/produkt\/truusk-blomsterbank-vaxttrappa-grantra-3-steg-morkbrun-60x37x93-cm\/#breadcrumb"},"inLanguage":"sv-SE","potentialAction":[{"@type":"ReadAction","target":["https:\/\/truusk.store\/sv\/produkt\/truusk-blomsterbank-vaxttrappa-grantra-3-steg-morkbrun-60x37x93-cm\/"]}]},{"@type":"ImageObject","inLanguage":"sv-SE","@id":"https:\/\/truusk.store\/sv\/produkt\/truusk-blomsterbank-vaxttrappa-grantra-3-steg-morkbrun-60x37x93-cm\/#primaryimage","url":"https:\/\/i0.wp.com\/truusk.store\/wp-content\/uploads\/2024\/02\/vaxttrappa-blomsterbank-blomtrappa-blomhylla-vaxthylla-blomsterstall-3-steg-grantra-morkbrun-60-x-37-x-93-cm.webp?fit=800%2C800&ssl=1","contentUrl":"https:\/\/i0.wp.com\/truusk.store\/wp-content\/uploads\/2024\/02\/vaxttrappa-blomsterbank-blomtrappa-blomhylla-vaxthylla-blomsterstall-3-steg-grantra-morkbrun-60-x-37-x-93-cm.webp?fit=800%2C800&ssl=1","width":800,"height":800,"caption":"V\u00e4xttrappa, Blomsterb\u00e4nk, Blomtrappa, Blomhylla, V\u00e4xthylla, Blomsterst\u00e4ll, 3 Steg, Grantr\u00e4, M\u00f6rkbrun, 60 X 37 X 93 Cm 1"},{"@type":"BreadcrumbList","@id":"https:\/\/truusk.store\/sv\/produkt\/truusk-blomsterbank-vaxttrappa-grantra-3-steg-morkbrun-60x37x93-cm\/#breadcrumb","itemListElement":[{"@type":"ListItem","position":1,"name":"Home","item":"https:\/\/truusk.store\/sv\/"},{"@type":"ListItem","position":2,"name":"Shop","item":"https:\/\/truusk.store\/shop\/"},{"@type":"ListItem","position":3,"name":"TRUUSK Blomsterb\u00e4nk &#8211; V\u00e4xttrappa &#8211; Grantr\u00e4 &#8211; 3 Steg &#8211; M\u00f6rkbrun &#8211; 60x37x93 cm"}]},{"@type":"WebSite","@id":"https:\/\/truusk.store\/sv\/#website","url":"https:\/\/truusk.store\/sv\/","name":"TRUUSK - Hem, Tr\u00e4dg\u00e5rd & Fritid","description":"","publisher":{"@id":"https:\/\/truusk.store\/sv\/#organization"},"potentialAction":[{"@type":"SearchAction","target":{"@type":"EntryPoint","urlTemplate":"https:\/\/truusk.store\/sv\/?s={search_term_string}"},"query-input":{"@type":"PropertyValueSpecification","valueRequired":true,"valueName":"search_term_string"}}],"inLanguage":"sv-SE"},{"@type":"Organization","@id":"https:\/\/truusk.store\/sv\/#organization","name":"TRUUSK - Hem, Tr\u00e4dg\u00e5rd & Fritid","url":"https:\/\/truusk.store\/sv\/","logo":{"@type":"ImageObject","inLanguage":"sv-SE","@id":"https:\/\/truusk.store\/sv\/#\/schema\/logo\/image\/","url":"https:\/\/i0.wp.com\/truusk.store\/wp-content\/uploads\/2026\/03\/cropped-TRUUSK.png?fit=2032%2C917&ssl=1","contentUrl":"https:\/\/i0.wp.com\/truusk.store\/wp-content\/uploads\/2026\/03\/cropped-TRUUSK.png?fit=2032%2C917&ssl=1","width":2032,"height":917,"caption":"TRUUSK - Hem, Tr\u00e4dg\u00e5rd & Fritid"},"image":{"@id":"https:\/\/truusk.store\/sv\/#\/schema\/logo\/image\/"}}]}},"jetpack_sharing_enabled":true,"_links":{"self":[{"href":"https:\/\/truusk.store\/sv\/wp-json\/wp\/v2\/product\/8467","targetHints":{"allow":["GET"]}}],"collection":[{"href":"https:\/\/truusk.store\/sv\/wp-json\/wp\/v2\/product"}],"about":[{"href":"https:\/\/truusk.store\/sv\/wp-json\/wp\/v2\/types\/product"}],"wp:featuredmedia":[{"embeddable":true,"href":"https:\/\/truusk.store\/sv\/wp-json\/wp\/v2\/media\/8468"}],"wp:attachment":[{"href":"https:\/\/truusk.store\/sv\/wp-json\/wp\/v2\/media?parent=8467"}],"wp:term":[{"taxonomy":"product_brand","embeddable":true,"href":"https:\/\/truusk.store\/sv\/wp-json\/wp\/v2\/product_brand?post=8467"},{"taxonomy":"product_cat","embeddable":true,"href":"https:\/\/truusk.store\/sv\/wp-json\/wp\/v2\/product_cat?post=8467"},{"taxonomy":"product_tag","embeddable":true,"href":"https:\/\/truusk.store\/sv\/wp-json\/wp\/v2\/product_tag?post=8467"}],"curies":[{"name":"wp","href":"https:\/\/api.w.org\/{rel}","templated":true}]}}