{"id":84676,"date":"2025-07-22T05:55:41","date_gmt":"2025-07-22T04:55:41","guid":{"rendered":"https:\/\/truusk.store\/product\/borddiskmaskin-mini-diskmaskin-med-6-liters-tank-5-program-led-display-torkfunktion-vit\/"},"modified":"2026-03-12T08:47:05","modified_gmt":"2026-03-12T07:47:05","slug":"truusk-mini-diskmaskin-med-6-liters-tank-5-program-led-display-torkfunktion-vit","status":"publish","type":"product","link":"https:\/\/truusk.store\/sv\/produkt\/truusk-mini-diskmaskin-med-6-liters-tank-5-program-led-display-torkfunktion-vit\/","title":{"rendered":"TRUUSK Mini-diskmaskin med 6-liters tank &#8211; 5 program &#8211; LED-display &#8211; Torkfunktion &#8211; Vit"},"content":{"rendered":"<p>Tr\u00f6tt p\u00e5 att diska l\u00e4nge efter varje m\u00e5ltid? Den kompakta TRUUSK Mini diskmaskinen med sitt snabba 29-minutersprogram ger dig mer tid p\u00e5 kv\u00e4llen f\u00f6r familj och avkoppling! Perfekt f\u00f6r k\u00f6k, kontor eller husbil, erbjuder bordsdiskmaskinen plats f\u00f6r upp till fyra personers disk och h\u00e5ller dina arbetsytor fria. Ingen vattenanslutning beh\u00f6vs: Anslut bara till kranen eller fyll tanken och njut av enkel reng\u00f6ring.<\/p>\n<p>Beskrivning:<\/p>\n<ul>\n<li> Uppn\u00e5 perfekt diskreng\u00f6ring med 70\u00b0C \u00e5nga och dubbla sprayarmar<\/li>\n<li> Diskmaskinens kompakta design erbjuder plats f\u00f6r fyra kuvert i sm\u00e5 utrymmen<\/li>\n<li> Mini diskmaskinens fem diskprogram t\u00e4cker alla behov, fr\u00e5n snabb till intensiv<\/li>\n<li> Erbjuder b\u00e5de slanganslutning och en \u00f6vre p\u00e5fyllningstank f\u00f6r enkel installation<\/li>\n<li> H\u00f6gtemperaturtorkning ger hygieniska, omedelbart anv\u00e4ndbara diskgods<\/li>\n<li> Ingen vattenanslutning kr\u00e4vs, idealisk som mini-bordsdiskmaskin<\/li>\n<li> Transparent front och LED-display f\u00f6r enkel \u00f6vervakning<\/li>\n<li> Energisn\u00e5l, f\u00f6rbrukar endast 0,5 kWh\/h och 4,5 liter vatten per cykel<\/li>\n<\/ul>\n<p> Tekniska data:<\/p>\n<ul>\n<li> F\u00e4rg: Vit+Svart<\/li>\n<li> Material: Plast, h\u00e4rdat glas<\/li>\n<li> Totala dimensioner: 45L x 44B x 45,8H cm<\/li>\n<li> Intern tv\u00e4ttrumsstorlek: 37,5B x 34T x 28H cm<\/li>\n<li> Maximal tallriksdiameter: 20 cm<\/li>\n<li> Dubbelglasd\u00f6rrstorlek: 44,7L x 33,3B x 0,3T cm<\/li>\n<li> Brickstorlek: 36,5B x 33,3T x 9,9H cm<\/li>\n<li> Sk\u00e5lst\u00e4llstorlek: 36,5B x 33,3T x 9,9H cm<\/li>\n<li> Kabell\u00e4ngd: 1,5 m<\/li>\n<li> Nominell effekt: 840 W<\/li>\n<li> Ljudniv\u00e5:<br \/>\n","protected":false},"excerpt":{"rendered":"<p>Tr\u00f6tt p\u00e5 att diska l\u00e4nge efter varje m\u00e5ltid? Den kompakta TRUUSK Mini diskmaskinen med sitt snabba 29-minutersprogram ger dig mer&#8230;<\/p>\n","protected":false},"featured_media":84667,"template":"","meta":[],"product_brand":[],"product_cat":[871,498,984,933],"product_tag":[],"class_list":{"0":"post-84676","1":"product","2":"type-product","3":"status-publish","4":"has-post-thumbnail","6":"product_cat-hus-hem","7":"product_cat-hushallsapparater","8":"product_cat-kleingerate","9":"product_cat-koksapparater","11":"first","12":"instock","13":"sale","14":"taxable","15":"shipping-taxable","16":"purchasable","17":"product-type-simple"},"yoast_head":"<!-- This site is optimized with the Yoast SEO plugin v25.4 - https:\/\/yoast.com\/wordpress\/plugins\/seo\/ -->\n<title>TRUUSK Mini-diskmaskin med 6-liters tank - 5 program - LED-display - Torkfunktion - Vit - TRUUSK - Hem, Tr\u00e4dg\u00e5rd &amp; Fritid<\/title>\n<meta name=\"robots\" content=\"index, follow, max-snippet:-1, max-image-preview:large, max-video-preview:-1\" \/>\n<link rel=\"canonical\" href=\"https:\/\/truusk.store\/sv\/produkt\/truusk-mini-diskmaskin-med-6-liters-tank-5-program-led-display-torkfunktion-vit\/\" \/>\n<meta property=\"og:locale\" content=\"sv_SE\" \/>\n<meta property=\"og:type\" content=\"article\" \/>\n<meta property=\"og:title\" content=\"TRUUSK Mini-diskmaskin med 6-liters tank - 5 program - LED-display - Torkfunktion - Vit - TRUUSK - Hem, Tr\u00e4dg\u00e5rd &amp; Fritid\" \/>\n<meta property=\"og:description\" content=\"Tr\u00f6tt p\u00e5 att diska l\u00e4nge efter varje m\u00e5ltid? Den kompakta TRUUSK Mini diskmaskinen med sitt snabba 29-minutersprogram ger dig mer...\" \/>\n<meta property=\"og:url\" content=\"https:\/\/truusk.store\/sv\/produkt\/truusk-mini-diskmaskin-med-6-liters-tank-5-program-led-display-torkfunktion-vit\/\" \/>\n<meta property=\"og:site_name\" content=\"TRUUSK - Hem, Tr\u00e4dg\u00e5rd &amp; Fritid\" \/>\n<meta property=\"article:modified_time\" content=\"2026-03-12T07:47:05+00:00\" \/>\n<meta property=\"og:image\" content=\"https:\/\/i0.wp.com\/truusk.se\/wp-content\/uploads\/2025\/07\/borddiskmaskin-mini-diskmaskin-med-6-liters-tank-5-program-led-display-torkfunktion-vit-1.webp?fit=2000%2C2000&ssl=1\" \/>\n\t<meta property=\"og:image:width\" content=\"2000\" \/>\n\t<meta property=\"og:image:height\" content=\"2000\" \/>\n\t<meta property=\"og:image:type\" content=\"image\/webp\" \/>\n<meta name=\"twitter:card\" content=\"summary_large_image\" \/>\n<meta name=\"twitter:label1\" content=\"Ber\u00e4knad l\u00e4stid\" \/>\n\t<meta name=\"twitter:data1\" content=\"1 minut\" \/>\n<!-- \/ Yoast SEO plugin. -->","yoast_head_json":{"title":"TRUUSK Mini-diskmaskin med 6-liters tank - 5 program - LED-display - Torkfunktion - Vit - TRUUSK - Hem, Tr\u00e4dg\u00e5rd &amp; Fritid","robots":{"index":"index","follow":"follow","max-snippet":"max-snippet:-1","max-image-preview":"max-image-preview:large","max-video-preview":"max-video-preview:-1"},"canonical":"https:\/\/truusk.store\/sv\/produkt\/truusk-mini-diskmaskin-med-6-liters-tank-5-program-led-display-torkfunktion-vit\/","og_locale":"sv_SE","og_type":"article","og_title":"TRUUSK Mini-diskmaskin med 6-liters tank - 5 program - LED-display - Torkfunktion - Vit - TRUUSK - Hem, Tr\u00e4dg\u00e5rd &amp; Fritid","og_description":"Tr\u00f6tt p\u00e5 att diska l\u00e4nge efter varje m\u00e5ltid? Den kompakta TRUUSK Mini diskmaskinen med sitt snabba 29-minutersprogram ger dig mer...","og_url":"https:\/\/truusk.store\/sv\/produkt\/truusk-mini-diskmaskin-med-6-liters-tank-5-program-led-display-torkfunktion-vit\/","og_site_name":"TRUUSK - Hem, Tr\u00e4dg\u00e5rd &amp; Fritid","article_modified_time":"2026-03-12T07:47:05+00:00","og_image":[{"width":2000,"height":2000,"url":"https:\/\/i0.wp.com\/truusk.se\/wp-content\/uploads\/2025\/07\/borddiskmaskin-mini-diskmaskin-med-6-liters-tank-5-program-led-display-torkfunktion-vit-1.webp?fit=2000%2C2000&ssl=1","type":"image\/webp"}],"twitter_card":"summary_large_image","twitter_misc":{"Ber\u00e4knad l\u00e4stid":"1 minut"},"schema":{"@context":"https:\/\/schema.org","@graph":[{"@type":"WebPage","@id":"https:\/\/truusk.store\/sv\/produkt\/truusk-mini-diskmaskin-med-6-liters-tank-5-program-led-display-torkfunktion-vit\/","url":"https:\/\/truusk.store\/sv\/produkt\/truusk-mini-diskmaskin-med-6-liters-tank-5-program-led-display-torkfunktion-vit\/","name":"TRUUSK Mini-diskmaskin med 6-liters tank - 5 program - LED-display - Torkfunktion - Vit - TRUUSK - Hem, Tr\u00e4dg\u00e5rd &amp; Fritid","isPartOf":{"@id":"https:\/\/truusk.store\/sv\/#website"},"primaryImageOfPage":{"@id":"https:\/\/truusk.store\/sv\/produkt\/truusk-mini-diskmaskin-med-6-liters-tank-5-program-led-display-torkfunktion-vit\/#primaryimage"},"image":{"@id":"https:\/\/truusk.store\/sv\/produkt\/truusk-mini-diskmaskin-med-6-liters-tank-5-program-led-display-torkfunktion-vit\/#primaryimage"},"thumbnailUrl":"https:\/\/i0.wp.com\/truusk.store\/wp-content\/uploads\/2025\/07\/borddiskmaskin-mini-diskmaskin-med-6-liters-tank-5-program-led-display-torkfunktion-vit-1.webp?fit=2000%2C2000&ssl=1","datePublished":"2025-07-22T04:55:41+00:00","dateModified":"2026-03-12T07:47:05+00:00","breadcrumb":{"@id":"https:\/\/truusk.store\/sv\/produkt\/truusk-mini-diskmaskin-med-6-liters-tank-5-program-led-display-torkfunktion-vit\/#breadcrumb"},"inLanguage":"sv-SE","potentialAction":[{"@type":"ReadAction","target":["https:\/\/truusk.store\/sv\/produkt\/truusk-mini-diskmaskin-med-6-liters-tank-5-program-led-display-torkfunktion-vit\/"]}]},{"@type":"ImageObject","inLanguage":"sv-SE","@id":"https:\/\/truusk.store\/sv\/produkt\/truusk-mini-diskmaskin-med-6-liters-tank-5-program-led-display-torkfunktion-vit\/#primaryimage","url":"https:\/\/i0.wp.com\/truusk.store\/wp-content\/uploads\/2025\/07\/borddiskmaskin-mini-diskmaskin-med-6-liters-tank-5-program-led-display-torkfunktion-vit-1.webp?fit=2000%2C2000&ssl=1","contentUrl":"https:\/\/i0.wp.com\/truusk.store\/wp-content\/uploads\/2025\/07\/borddiskmaskin-mini-diskmaskin-med-6-liters-tank-5-program-led-display-torkfunktion-vit-1.webp?fit=2000%2C2000&ssl=1","width":2000,"height":2000},{"@type":"BreadcrumbList","@id":"https:\/\/truusk.store\/sv\/produkt\/truusk-mini-diskmaskin-med-6-liters-tank-5-program-led-display-torkfunktion-vit\/#breadcrumb","itemListElement":[{"@type":"ListItem","position":1,"name":"Home","item":"https:\/\/truusk.store\/sv\/"},{"@type":"ListItem","position":2,"name":"Shop","item":"https:\/\/truusk.store\/shop\/"},{"@type":"ListItem","position":3,"name":"TRUUSK Mini-diskmaskin med 6-liters tank &#8211; 5 program &#8211; LED-display &#8211; Torkfunktion &#8211; Vit"}]},{"@type":"WebSite","@id":"https:\/\/truusk.store\/sv\/#website","url":"https:\/\/truusk.store\/sv\/","name":"TRUUSK - Hem, Tr\u00e4dg\u00e5rd & Fritid","description":"","publisher":{"@id":"https:\/\/truusk.store\/sv\/#organization"},"potentialAction":[{"@type":"SearchAction","target":{"@type":"EntryPoint","urlTemplate":"https:\/\/truusk.store\/sv\/?s={search_term_string}"},"query-input":{"@type":"PropertyValueSpecification","valueRequired":true,"valueName":"search_term_string"}}],"inLanguage":"sv-SE"},{"@type":"Organization","@id":"https:\/\/truusk.store\/sv\/#organization","name":"TRUUSK - Hem, Tr\u00e4dg\u00e5rd & Fritid","url":"https:\/\/truusk.store\/sv\/","logo":{"@type":"ImageObject","inLanguage":"sv-SE","@id":"https:\/\/truusk.store\/sv\/#\/schema\/logo\/image\/","url":"https:\/\/i0.wp.com\/truusk.store\/wp-content\/uploads\/2026\/03\/cropped-TRUUSK.png?fit=2032%2C917&ssl=1","contentUrl":"https:\/\/i0.wp.com\/truusk.store\/wp-content\/uploads\/2026\/03\/cropped-TRUUSK.png?fit=2032%2C917&ssl=1","width":2032,"height":917,"caption":"TRUUSK - Hem, Tr\u00e4dg\u00e5rd & Fritid"},"image":{"@id":"https:\/\/truusk.store\/sv\/#\/schema\/logo\/image\/"}}]}},"jetpack_sharing_enabled":true,"_links":{"self":[{"href":"https:\/\/truusk.store\/sv\/wp-json\/wp\/v2\/product\/84676","targetHints":{"allow":["GET"]}}],"collection":[{"href":"https:\/\/truusk.store\/sv\/wp-json\/wp\/v2\/product"}],"about":[{"href":"https:\/\/truusk.store\/sv\/wp-json\/wp\/v2\/types\/product"}],"wp:featuredmedia":[{"embeddable":true,"href":"https:\/\/truusk.store\/sv\/wp-json\/wp\/v2\/media\/84667"}],"wp:attachment":[{"href":"https:\/\/truusk.store\/sv\/wp-json\/wp\/v2\/media?parent=84676"}],"wp:term":[{"taxonomy":"product_brand","embeddable":true,"href":"https:\/\/truusk.store\/sv\/wp-json\/wp\/v2\/product_brand?post=84676"},{"taxonomy":"product_cat","embeddable":true,"href":"https:\/\/truusk.store\/sv\/wp-json\/wp\/v2\/product_cat?post=84676"},{"taxonomy":"product_tag","embeddable":true,"href":"https:\/\/truusk.store\/sv\/wp-json\/wp\/v2\/product_tag?post=84676"}],"curies":[{"name":"wp","href":"https:\/\/api.w.org\/{rel}","templated":true}]}}